{"id":1236,"date":"2023-03-08T23:54:41","date_gmt":"2023-03-08T23:54:41","guid":{"rendered":"https:\/\/abaa.mx\/tienda\/?post_type=product&#038;p=1236"},"modified":"2024-01-04T15:59:02","modified_gmt":"2024-01-04T15:59:02","slug":"elitech-rc-4-registrador-de-datos-de-temperatura","status":"publish","type":"product","link":"https:\/\/abaa.mx\/tienda\/elitech-rc-4-registrador-de-datos-de-temperatura\/","title":{"rendered":"Elitech rc-4 registrador de datos de temperatura"},"content":{"rendered":"<p>Elitech RC-4 USB LCD Registrador\/registrador de datos de temperatura Sensor doble Amplio rango de medici\u00f3n se utiliza principalmente para el registro de temperatura durante el almacenamiento y el transporte mar\u00edtimo\/a\u00e9reo\/por carretera de alimentos, medicamentos, productos qu\u00edmicos y otros productos, especialmente ampliamente utilizado en todo tipo de almacenamiento, log\u00edstica y cadena de fr\u00edo, como contenedores refrigerados, camiones refrigerados, paquete refrigerado, almacenamiento en fr\u00edo, laboratorio, etc. o en negocios de cadena de suministro global de gran tama\u00f1o. LCD para mostrar datos y configuraciones. Mostrar temperatura, hora, alarma de temperatura excesiva, l\u00edmite superior\/inferior de temperatura, temperatura m\u00e1x.\/m\u00edn. valor en la pantalla LCD.<\/p>\n<p>&nbsp;<\/p>\n<p><strong>Caracter\u00edsticas:\u00a0<\/strong><\/p>\n<ul>\n<li>Rango de medici\u00f3n: -30\u00b0C a 70\u00b0C (-22\u00b0F a 158\u00b0F).<\/li>\n<li>Resoluci\u00f3n: 0,1\u00b0C Precisi\u00f3n: \u00b10,5\u00b0C (-20\u00b0C a 40\u00b0C), \u00b11\u00b0C (resto del rango).<\/li>\n<li>Intervalo de registro: programable, desde 10 segundos hasta 24 h.<\/li>\n<li>Capacidad de almacenaje : 16000 registros.<\/li>\n<li>Sensor de temperatura: de adentro, incorporado en el dispositivo.<\/li>\n<\/ul>\n","protected":false},"excerpt":{"rendered":"<p>El dispositivo se configura f\u00e1cilmente mediante un software para PC que permite establecer el intervalo de registro y descargar los datos registrados a trav\u00e9s de la interfaz USB. Los datos pueden ser exportados a diferentes formatos para su an\u00e1lisis y seguimiento. M\u00e1s de un a\u00f1o de duraci\u00f3n de la bater\u00eda. Se utiliza para registrar datos de temperatura durante un largo per\u00edodo de tiempo.<\/p>\n","protected":false},"featured_media":10031,"comment_status":"open","ping_status":"closed","template":"","meta":{"_joinchat":[]},"product_brand":[],"product_cat":[79],"product_tag":[],"class_list":{"0":"post-1236","1":"product","2":"type-product","3":"status-publish","4":"has-post-thumbnail","6":"product_cat-datalogger","8":"first","9":"instock","10":"shipping-taxable","11":"product-type-simple"},"yoast_head":"<!-- This site is optimized with the Yoast SEO plugin v26.4 - https:\/\/yoast.com\/wordpress\/plugins\/seo\/ -->\n<title>Elitech rc-4 registrador de datos de temperatura - Abaa tienda online<\/title>\n<meta name=\"description\" content=\"Elitech RC-4 datalogger de temperatura\" \/>\n<meta name=\"robots\" content=\"index, follow, max-snippet:-1, max-image-preview:large, max-video-preview:-1\" \/>\n<link rel=\"canonical\" href=\"https:\/\/abaa.mx\/tienda\/elitech-rc-4-registrador-de-datos-de-temperatura\/\" \/>\n<meta property=\"og:locale\" content=\"es_MX\" \/>\n<meta property=\"og:type\" content=\"article\" \/>\n<meta property=\"og:title\" content=\"Elitech rc-4 registrador de datos de temperatura - Abaa tienda online\" \/>\n<meta property=\"og:description\" content=\"Elitech RC-4 datalogger de temperatura\" \/>\n<meta property=\"og:url\" content=\"https:\/\/abaa.mx\/tienda\/elitech-rc-4-registrador-de-datos-de-temperatura\/\" \/>\n<meta property=\"og:site_name\" content=\"Abaa tienda online\" \/>\n<meta property=\"article:modified_time\" content=\"2024-01-04T15:59:02+00:00\" \/>\n<meta property=\"og:image\" content=\"https:\/\/abaa.mx\/tienda\/wp-content\/uploads\/2023\/03\/elitech-rc-4.webp\" \/>\n\t<meta property=\"og:image:width\" content=\"800\" \/>\n\t<meta property=\"og:image:height\" content=\"800\" \/>\n\t<meta property=\"og:image:type\" content=\"image\/webp\" \/>\n<meta name=\"twitter:card\" content=\"summary_large_image\" \/>\n<meta name=\"twitter:label1\" content=\"Tiempo de lectura\" \/>\n\t<meta name=\"twitter:data1\" content=\"1 minuto\" \/>\n<script type=\"application\/ld+json\" class=\"yoast-schema-graph\">{\"@context\":\"https:\/\/schema.org\",\"@graph\":[{\"@type\":\"WebPage\",\"@id\":\"https:\/\/abaa.mx\/tienda\/elitech-rc-4-registrador-de-datos-de-temperatura\/\",\"url\":\"https:\/\/abaa.mx\/tienda\/elitech-rc-4-registrador-de-datos-de-temperatura\/\",\"name\":\"Elitech rc-4 registrador de datos de temperatura - Abaa tienda online\",\"isPartOf\":{\"@id\":\"https:\/\/abaa.mx\/tienda\/#website\"},\"primaryImageOfPage\":{\"@id\":\"https:\/\/abaa.mx\/tienda\/elitech-rc-4-registrador-de-datos-de-temperatura\/#primaryimage\"},\"image\":{\"@id\":\"https:\/\/abaa.mx\/tienda\/elitech-rc-4-registrador-de-datos-de-temperatura\/#primaryimage\"},\"thumbnailUrl\":\"https:\/\/abaa.mx\/tienda\/wp-content\/uploads\/2023\/03\/elitech-rc-4.webp\",\"datePublished\":\"2023-03-08T23:54:41+00:00\",\"dateModified\":\"2024-01-04T15:59:02+00:00\",\"description\":\"Elitech RC-4 datalogger de temperatura\",\"breadcrumb\":{\"@id\":\"https:\/\/abaa.mx\/tienda\/elitech-rc-4-registrador-de-datos-de-temperatura\/#breadcrumb\"},\"inLanguage\":\"es\",\"potentialAction\":[{\"@type\":\"ReadAction\",\"target\":[\"https:\/\/abaa.mx\/tienda\/elitech-rc-4-registrador-de-datos-de-temperatura\/\"]}]},{\"@type\":\"ImageObject\",\"inLanguage\":\"es\",\"@id\":\"https:\/\/abaa.mx\/tienda\/elitech-rc-4-registrador-de-datos-de-temperatura\/#primaryimage\",\"url\":\"https:\/\/abaa.mx\/tienda\/wp-content\/uploads\/2023\/03\/elitech-rc-4.webp\",\"contentUrl\":\"https:\/\/abaa.mx\/tienda\/wp-content\/uploads\/2023\/03\/elitech-rc-4.webp\",\"width\":800,\"height\":800,\"caption\":\"elitech-rc-4\"},{\"@type\":\"BreadcrumbList\",\"@id\":\"https:\/\/abaa.mx\/tienda\/elitech-rc-4-registrador-de-datos-de-temperatura\/#breadcrumb\",\"itemListElement\":[{\"@type\":\"ListItem\",\"position\":1,\"name\":\"Inicio\",\"item\":\"https:\/\/abaa.mx\/tienda\/\"},{\"@type\":\"ListItem\",\"position\":2,\"name\":\"Tienda\",\"item\":\"https:\/\/abaa.mx\/tienda\/\"},{\"@type\":\"ListItem\",\"position\":3,\"name\":\"Elitech rc-4 registrador de datos de temperatura\"}]},{\"@type\":\"WebSite\",\"@id\":\"https:\/\/abaa.mx\/tienda\/#website\",\"url\":\"https:\/\/abaa.mx\/tienda\/\",\"name\":\"Abaa tienda online\",\"description\":\"Instrumentos de medici\u00f3n\",\"publisher\":{\"@id\":\"https:\/\/abaa.mx\/tienda\/#organization\"},\"potentialAction\":[{\"@type\":\"SearchAction\",\"target\":{\"@type\":\"EntryPoint\",\"urlTemplate\":\"https:\/\/abaa.mx\/tienda\/?s={search_term_string}\"},\"query-input\":{\"@type\":\"PropertyValueSpecification\",\"valueRequired\":true,\"valueName\":\"search_term_string\"}}],\"inLanguage\":\"es\"},{\"@type\":\"Organization\",\"@id\":\"https:\/\/abaa.mx\/tienda\/#organization\",\"name\":\"Abaa tienda online\",\"url\":\"https:\/\/abaa.mx\/tienda\/\",\"logo\":{\"@type\":\"ImageObject\",\"inLanguage\":\"es\",\"@id\":\"https:\/\/abaa.mx\/tienda\/#\/schema\/logo\/image\/\",\"url\":\"https:\/\/abaa.mx\/tienda\/wp-content\/uploads\/2024\/01\/abaa-metrologia-tienda.png\",\"contentUrl\":\"https:\/\/abaa.mx\/tienda\/wp-content\/uploads\/2024\/01\/abaa-metrologia-tienda.png\",\"width\":300,\"height\":141,\"caption\":\"Abaa tienda online\"},\"image\":{\"@id\":\"https:\/\/abaa.mx\/tienda\/#\/schema\/logo\/image\/\"}}]}<\/script>\n<!-- \/ Yoast SEO plugin. -->","yoast_head_json":{"title":"Elitech rc-4 registrador de datos de temperatura - Abaa tienda online","description":"Elitech RC-4 datalogger de temperatura","robots":{"index":"index","follow":"follow","max-snippet":"max-snippet:-1","max-image-preview":"max-image-preview:large","max-video-preview":"max-video-preview:-1"},"canonical":"https:\/\/abaa.mx\/tienda\/elitech-rc-4-registrador-de-datos-de-temperatura\/","og_locale":"es_MX","og_type":"article","og_title":"Elitech rc-4 registrador de datos de temperatura - Abaa tienda online","og_description":"Elitech RC-4 datalogger de temperatura","og_url":"https:\/\/abaa.mx\/tienda\/elitech-rc-4-registrador-de-datos-de-temperatura\/","og_site_name":"Abaa tienda online","article_modified_time":"2024-01-04T15:59:02+00:00","og_image":[{"width":800,"height":800,"url":"https:\/\/abaa.mx\/tienda\/wp-content\/uploads\/2023\/03\/elitech-rc-4.webp","type":"image\/webp"}],"twitter_card":"summary_large_image","twitter_misc":{"Tiempo de lectura":"1 minuto"},"schema":{"@context":"https:\/\/schema.org","@graph":[{"@type":"WebPage","@id":"https:\/\/abaa.mx\/tienda\/elitech-rc-4-registrador-de-datos-de-temperatura\/","url":"https:\/\/abaa.mx\/tienda\/elitech-rc-4-registrador-de-datos-de-temperatura\/","name":"Elitech rc-4 registrador de datos de temperatura - Abaa tienda online","isPartOf":{"@id":"https:\/\/abaa.mx\/tienda\/#website"},"primaryImageOfPage":{"@id":"https:\/\/abaa.mx\/tienda\/elitech-rc-4-registrador-de-datos-de-temperatura\/#primaryimage"},"image":{"@id":"https:\/\/abaa.mx\/tienda\/elitech-rc-4-registrador-de-datos-de-temperatura\/#primaryimage"},"thumbnailUrl":"https:\/\/abaa.mx\/tienda\/wp-content\/uploads\/2023\/03\/elitech-rc-4.webp","datePublished":"2023-03-08T23:54:41+00:00","dateModified":"2024-01-04T15:59:02+00:00","description":"Elitech RC-4 datalogger de temperatura","breadcrumb":{"@id":"https:\/\/abaa.mx\/tienda\/elitech-rc-4-registrador-de-datos-de-temperatura\/#breadcrumb"},"inLanguage":"es","potentialAction":[{"@type":"ReadAction","target":["https:\/\/abaa.mx\/tienda\/elitech-rc-4-registrador-de-datos-de-temperatura\/"]}]},{"@type":"ImageObject","inLanguage":"es","@id":"https:\/\/abaa.mx\/tienda\/elitech-rc-4-registrador-de-datos-de-temperatura\/#primaryimage","url":"https:\/\/abaa.mx\/tienda\/wp-content\/uploads\/2023\/03\/elitech-rc-4.webp","contentUrl":"https:\/\/abaa.mx\/tienda\/wp-content\/uploads\/2023\/03\/elitech-rc-4.webp","width":800,"height":800,"caption":"elitech-rc-4"},{"@type":"BreadcrumbList","@id":"https:\/\/abaa.mx\/tienda\/elitech-rc-4-registrador-de-datos-de-temperatura\/#breadcrumb","itemListElement":[{"@type":"ListItem","position":1,"name":"Inicio","item":"https:\/\/abaa.mx\/tienda\/"},{"@type":"ListItem","position":2,"name":"Tienda","item":"https:\/\/abaa.mx\/tienda\/"},{"@type":"ListItem","position":3,"name":"Elitech rc-4 registrador de datos de temperatura"}]},{"@type":"WebSite","@id":"https:\/\/abaa.mx\/tienda\/#website","url":"https:\/\/abaa.mx\/tienda\/","name":"Abaa tienda online","description":"Instrumentos de medici\u00f3n","publisher":{"@id":"https:\/\/abaa.mx\/tienda\/#organization"},"potentialAction":[{"@type":"SearchAction","target":{"@type":"EntryPoint","urlTemplate":"https:\/\/abaa.mx\/tienda\/?s={search_term_string}"},"query-input":{"@type":"PropertyValueSpecification","valueRequired":true,"valueName":"search_term_string"}}],"inLanguage":"es"},{"@type":"Organization","@id":"https:\/\/abaa.mx\/tienda\/#organization","name":"Abaa tienda online","url":"https:\/\/abaa.mx\/tienda\/","logo":{"@type":"ImageObject","inLanguage":"es","@id":"https:\/\/abaa.mx\/tienda\/#\/schema\/logo\/image\/","url":"https:\/\/abaa.mx\/tienda\/wp-content\/uploads\/2024\/01\/abaa-metrologia-tienda.png","contentUrl":"https:\/\/abaa.mx\/tienda\/wp-content\/uploads\/2024\/01\/abaa-metrologia-tienda.png","width":300,"height":141,"caption":"Abaa tienda online"},"image":{"@id":"https:\/\/abaa.mx\/tienda\/#\/schema\/logo\/image\/"}}]}},"_links":{"self":[{"href":"https:\/\/abaa.mx\/tienda\/wp-json\/wp\/v2\/product\/1236","targetHints":{"allow":["GET"]}}],"collection":[{"href":"https:\/\/abaa.mx\/tienda\/wp-json\/wp\/v2\/product"}],"about":[{"href":"https:\/\/abaa.mx\/tienda\/wp-json\/wp\/v2\/types\/product"}],"replies":[{"embeddable":true,"href":"https:\/\/abaa.mx\/tienda\/wp-json\/wp\/v2\/comments?post=1236"}],"wp:featuredmedia":[{"embeddable":true,"href":"https:\/\/abaa.mx\/tienda\/wp-json\/wp\/v2\/media\/10031"}],"wp:attachment":[{"href":"https:\/\/abaa.mx\/tienda\/wp-json\/wp\/v2\/media?parent=1236"}],"wp:term":[{"taxonomy":"product_brand","embeddable":true,"href":"https:\/\/abaa.mx\/tienda\/wp-json\/wp\/v2\/product_brand?post=1236"},{"taxonomy":"product_cat","embeddable":true,"href":"https:\/\/abaa.mx\/tienda\/wp-json\/wp\/v2\/product_cat?post=1236"},{"taxonomy":"product_tag","embeddable":true,"href":"https:\/\/abaa.mx\/tienda\/wp-json\/wp\/v2\/product_tag?post=1236"}],"curies":[{"name":"wp","href":"https:\/\/api.w.org\/{rel}","templated":true}]}}