{"id":1232,"date":"2023-03-08T23:45:46","date_gmt":"2023-03-08T23:45:46","guid":{"rendered":"https:\/\/abaa.mx\/tienda\/?post_type=product&#038;p=1232"},"modified":"2023-11-16T17:10:27","modified_gmt":"2023-11-16T17:10:27","slug":"elitech-rcw-600-datalogger-de-temperatura-wifi-dual","status":"publish","type":"product","link":"https:\/\/abaa.mx\/tienda\/elitech-rcw-600-datalogger-de-temperatura-wifi-dual\/","title":{"rendered":"Elitech RCW-600 datalogger de temperatura wifi dual"},"content":{"rendered":"<p>&nbsp;<\/p>\n<p><strong>Caracter\u00edsticas:<\/strong><\/p>\n<ul>\n<li>Doble sonda de temperatura para control de dos ambientes diferentes.<\/li>\n<li>Funci\u00f3n de registro de datos en tiempo real y almacenamiento en la nube.<\/li>\n<li>Funci\u00f3n de alarma sonora y visual en caso de temperatura fuera del rango establecido.<\/li>\n<li>Pantalla LCD de lectura de temperatura en grados Celsius o Fahrenheit.<\/li>\n<li>Funci\u00f3n de calibraci\u00f3n de temperatura.<\/li>\n<\/ul>\n<p>&nbsp;<\/p>\n<p><strong>Especificaciones t\u00e9cnicas:<\/strong><\/p>\n<ul>\n<li>Rango de medici\u00f3n de temperatura: -40\u00b0C a 70\u00b0C.<\/li>\n<li>Precisi\u00f3n de la medici\u00f3n de temperatura: +\/- 0.5\u00b0C.<\/li>\n<li>Resoluci\u00f3n de la pantalla: 0.1\u00b0C.<\/li>\n<li>Capacidad de registro de datos: 4,000 puntos por canal.<\/li>\n<li>Conectividad WiFi: 2.4GHz.<\/li>\n<li>Alimentaci\u00f3n: 2 pilas AAA (no incluidas).<\/li>\n<li>Dimensiones: 83mm x 53mm x 23mm.<\/li>\n<li>Peso: 70g.<\/li>\n<\/ul>\n","protected":false},"excerpt":{"rendered":"<p>La aplicaci\u00f3n Elitech Cloud es una herramienta muy \u00fatil para la visualizaci\u00f3n, descarga y an\u00e1lisis de los datos registrados por el datalogger RCW-600.<\/p>\n","protected":false},"featured_media":1255,"comment_status":"open","ping_status":"closed","template":"","meta":{"_joinchat":[]},"product_brand":[],"product_cat":[79],"product_tag":[],"class_list":{"0":"post-1232","1":"product","2":"type-product","3":"status-publish","4":"has-post-thumbnail","6":"product_cat-datalogger","8":"first","9":"instock","10":"shipping-taxable","11":"product-type-simple"},"yoast_head":"<!-- This site is optimized with the Yoast SEO plugin v26.4 - https:\/\/yoast.com\/wordpress\/plugins\/seo\/ -->\n<title>Elitech RCW-600 datalogger de temperatura wifi dual - Abaa tienda online<\/title>\n<meta name=\"description\" content=\"Elitech RCW-600 datalogger de temperatura wifi dual\" \/>\n<meta name=\"robots\" content=\"index, follow, max-snippet:-1, max-image-preview:large, max-video-preview:-1\" \/>\n<link rel=\"canonical\" href=\"https:\/\/abaa.mx\/tienda\/elitech-rcw-600-datalogger-de-temperatura-wifi-dual\/\" \/>\n<meta property=\"og:locale\" content=\"es_MX\" \/>\n<meta property=\"og:type\" content=\"article\" \/>\n<meta property=\"og:title\" content=\"Elitech RCW-600 datalogger de temperatura wifi dual - Abaa tienda online\" \/>\n<meta property=\"og:description\" content=\"Elitech RCW-600 datalogger de temperatura wifi dual\" \/>\n<meta property=\"og:url\" content=\"https:\/\/abaa.mx\/tienda\/elitech-rcw-600-datalogger-de-temperatura-wifi-dual\/\" \/>\n<meta property=\"og:site_name\" content=\"Abaa tienda online\" \/>\n<meta property=\"article:modified_time\" content=\"2023-11-16T17:10:27+00:00\" \/>\n<meta property=\"og:image\" content=\"https:\/\/abaa.mx\/tienda\/wp-content\/uploads\/2023\/03\/elitech-rcw-600-datalogger-de-temperatura-wifi-dual.jpg\" \/>\n\t<meta property=\"og:image:width\" content=\"1000\" \/>\n\t<meta property=\"og:image:height\" content=\"1000\" \/>\n\t<meta property=\"og:image:type\" content=\"image\/jpeg\" \/>\n<meta name=\"twitter:card\" content=\"summary_large_image\" \/>\n<meta name=\"twitter:label1\" content=\"Tiempo de lectura\" \/>\n\t<meta name=\"twitter:data1\" content=\"1 minuto\" \/>\n<script type=\"application\/ld+json\" class=\"yoast-schema-graph\">{\"@context\":\"https:\/\/schema.org\",\"@graph\":[{\"@type\":\"WebPage\",\"@id\":\"https:\/\/abaa.mx\/tienda\/elitech-rcw-600-datalogger-de-temperatura-wifi-dual\/\",\"url\":\"https:\/\/abaa.mx\/tienda\/elitech-rcw-600-datalogger-de-temperatura-wifi-dual\/\",\"name\":\"Elitech RCW-600 datalogger de temperatura wifi dual - Abaa tienda online\",\"isPartOf\":{\"@id\":\"https:\/\/abaa.mx\/tienda\/#website\"},\"primaryImageOfPage\":{\"@id\":\"https:\/\/abaa.mx\/tienda\/elitech-rcw-600-datalogger-de-temperatura-wifi-dual\/#primaryimage\"},\"image\":{\"@id\":\"https:\/\/abaa.mx\/tienda\/elitech-rcw-600-datalogger-de-temperatura-wifi-dual\/#primaryimage\"},\"thumbnailUrl\":\"https:\/\/abaa.mx\/tienda\/wp-content\/uploads\/2023\/03\/elitech-rcw-600-datalogger-de-temperatura-wifi-dual.jpg\",\"datePublished\":\"2023-03-08T23:45:46+00:00\",\"dateModified\":\"2023-11-16T17:10:27+00:00\",\"description\":\"Elitech RCW-600 datalogger de temperatura wifi dual\",\"breadcrumb\":{\"@id\":\"https:\/\/abaa.mx\/tienda\/elitech-rcw-600-datalogger-de-temperatura-wifi-dual\/#breadcrumb\"},\"inLanguage\":\"es\",\"potentialAction\":[{\"@type\":\"ReadAction\",\"target\":[\"https:\/\/abaa.mx\/tienda\/elitech-rcw-600-datalogger-de-temperatura-wifi-dual\/\"]}]},{\"@type\":\"ImageObject\",\"inLanguage\":\"es\",\"@id\":\"https:\/\/abaa.mx\/tienda\/elitech-rcw-600-datalogger-de-temperatura-wifi-dual\/#primaryimage\",\"url\":\"https:\/\/abaa.mx\/tienda\/wp-content\/uploads\/2023\/03\/elitech-rcw-600-datalogger-de-temperatura-wifi-dual.jpg\",\"contentUrl\":\"https:\/\/abaa.mx\/tienda\/wp-content\/uploads\/2023\/03\/elitech-rcw-600-datalogger-de-temperatura-wifi-dual.jpg\",\"width\":1000,\"height\":1000,\"caption\":\"Elitech RCW-600\"},{\"@type\":\"BreadcrumbList\",\"@id\":\"https:\/\/abaa.mx\/tienda\/elitech-rcw-600-datalogger-de-temperatura-wifi-dual\/#breadcrumb\",\"itemListElement\":[{\"@type\":\"ListItem\",\"position\":1,\"name\":\"Inicio\",\"item\":\"https:\/\/abaa.mx\/tienda\/\"},{\"@type\":\"ListItem\",\"position\":2,\"name\":\"Tienda\",\"item\":\"https:\/\/abaa.mx\/tienda\/\"},{\"@type\":\"ListItem\",\"position\":3,\"name\":\"Elitech RCW-600 datalogger de temperatura wifi dual\"}]},{\"@type\":\"WebSite\",\"@id\":\"https:\/\/abaa.mx\/tienda\/#website\",\"url\":\"https:\/\/abaa.mx\/tienda\/\",\"name\":\"Abaa tienda online\",\"description\":\"Instrumentos de medici\u00f3n\",\"publisher\":{\"@id\":\"https:\/\/abaa.mx\/tienda\/#organization\"},\"potentialAction\":[{\"@type\":\"SearchAction\",\"target\":{\"@type\":\"EntryPoint\",\"urlTemplate\":\"https:\/\/abaa.mx\/tienda\/?s={search_term_string}\"},\"query-input\":{\"@type\":\"PropertyValueSpecification\",\"valueRequired\":true,\"valueName\":\"search_term_string\"}}],\"inLanguage\":\"es\"},{\"@type\":\"Organization\",\"@id\":\"https:\/\/abaa.mx\/tienda\/#organization\",\"name\":\"Abaa tienda online\",\"url\":\"https:\/\/abaa.mx\/tienda\/\",\"logo\":{\"@type\":\"ImageObject\",\"inLanguage\":\"es\",\"@id\":\"https:\/\/abaa.mx\/tienda\/#\/schema\/logo\/image\/\",\"url\":\"https:\/\/abaa.mx\/tienda\/wp-content\/uploads\/2024\/01\/abaa-metrologia-tienda.png\",\"contentUrl\":\"https:\/\/abaa.mx\/tienda\/wp-content\/uploads\/2024\/01\/abaa-metrologia-tienda.png\",\"width\":300,\"height\":141,\"caption\":\"Abaa tienda online\"},\"image\":{\"@id\":\"https:\/\/abaa.mx\/tienda\/#\/schema\/logo\/image\/\"}}]}<\/script>\n<!-- \/ Yoast SEO plugin. -->","yoast_head_json":{"title":"Elitech RCW-600 datalogger de temperatura wifi dual - Abaa tienda online","description":"Elitech RCW-600 datalogger de temperatura wifi dual","robots":{"index":"index","follow":"follow","max-snippet":"max-snippet:-1","max-image-preview":"max-image-preview:large","max-video-preview":"max-video-preview:-1"},"canonical":"https:\/\/abaa.mx\/tienda\/elitech-rcw-600-datalogger-de-temperatura-wifi-dual\/","og_locale":"es_MX","og_type":"article","og_title":"Elitech RCW-600 datalogger de temperatura wifi dual - Abaa tienda online","og_description":"Elitech RCW-600 datalogger de temperatura wifi dual","og_url":"https:\/\/abaa.mx\/tienda\/elitech-rcw-600-datalogger-de-temperatura-wifi-dual\/","og_site_name":"Abaa tienda online","article_modified_time":"2023-11-16T17:10:27+00:00","og_image":[{"width":1000,"height":1000,"url":"https:\/\/abaa.mx\/tienda\/wp-content\/uploads\/2023\/03\/elitech-rcw-600-datalogger-de-temperatura-wifi-dual.jpg","type":"image\/jpeg"}],"twitter_card":"summary_large_image","twitter_misc":{"Tiempo de lectura":"1 minuto"},"schema":{"@context":"https:\/\/schema.org","@graph":[{"@type":"WebPage","@id":"https:\/\/abaa.mx\/tienda\/elitech-rcw-600-datalogger-de-temperatura-wifi-dual\/","url":"https:\/\/abaa.mx\/tienda\/elitech-rcw-600-datalogger-de-temperatura-wifi-dual\/","name":"Elitech RCW-600 datalogger de temperatura wifi dual - Abaa tienda online","isPartOf":{"@id":"https:\/\/abaa.mx\/tienda\/#website"},"primaryImageOfPage":{"@id":"https:\/\/abaa.mx\/tienda\/elitech-rcw-600-datalogger-de-temperatura-wifi-dual\/#primaryimage"},"image":{"@id":"https:\/\/abaa.mx\/tienda\/elitech-rcw-600-datalogger-de-temperatura-wifi-dual\/#primaryimage"},"thumbnailUrl":"https:\/\/abaa.mx\/tienda\/wp-content\/uploads\/2023\/03\/elitech-rcw-600-datalogger-de-temperatura-wifi-dual.jpg","datePublished":"2023-03-08T23:45:46+00:00","dateModified":"2023-11-16T17:10:27+00:00","description":"Elitech RCW-600 datalogger de temperatura wifi dual","breadcrumb":{"@id":"https:\/\/abaa.mx\/tienda\/elitech-rcw-600-datalogger-de-temperatura-wifi-dual\/#breadcrumb"},"inLanguage":"es","potentialAction":[{"@type":"ReadAction","target":["https:\/\/abaa.mx\/tienda\/elitech-rcw-600-datalogger-de-temperatura-wifi-dual\/"]}]},{"@type":"ImageObject","inLanguage":"es","@id":"https:\/\/abaa.mx\/tienda\/elitech-rcw-600-datalogger-de-temperatura-wifi-dual\/#primaryimage","url":"https:\/\/abaa.mx\/tienda\/wp-content\/uploads\/2023\/03\/elitech-rcw-600-datalogger-de-temperatura-wifi-dual.jpg","contentUrl":"https:\/\/abaa.mx\/tienda\/wp-content\/uploads\/2023\/03\/elitech-rcw-600-datalogger-de-temperatura-wifi-dual.jpg","width":1000,"height":1000,"caption":"Elitech RCW-600"},{"@type":"BreadcrumbList","@id":"https:\/\/abaa.mx\/tienda\/elitech-rcw-600-datalogger-de-temperatura-wifi-dual\/#breadcrumb","itemListElement":[{"@type":"ListItem","position":1,"name":"Inicio","item":"https:\/\/abaa.mx\/tienda\/"},{"@type":"ListItem","position":2,"name":"Tienda","item":"https:\/\/abaa.mx\/tienda\/"},{"@type":"ListItem","position":3,"name":"Elitech RCW-600 datalogger de temperatura wifi dual"}]},{"@type":"WebSite","@id":"https:\/\/abaa.mx\/tienda\/#website","url":"https:\/\/abaa.mx\/tienda\/","name":"Abaa tienda online","description":"Instrumentos de medici\u00f3n","publisher":{"@id":"https:\/\/abaa.mx\/tienda\/#organization"},"potentialAction":[{"@type":"SearchAction","target":{"@type":"EntryPoint","urlTemplate":"https:\/\/abaa.mx\/tienda\/?s={search_term_string}"},"query-input":{"@type":"PropertyValueSpecification","valueRequired":true,"valueName":"search_term_string"}}],"inLanguage":"es"},{"@type":"Organization","@id":"https:\/\/abaa.mx\/tienda\/#organization","name":"Abaa tienda online","url":"https:\/\/abaa.mx\/tienda\/","logo":{"@type":"ImageObject","inLanguage":"es","@id":"https:\/\/abaa.mx\/tienda\/#\/schema\/logo\/image\/","url":"https:\/\/abaa.mx\/tienda\/wp-content\/uploads\/2024\/01\/abaa-metrologia-tienda.png","contentUrl":"https:\/\/abaa.mx\/tienda\/wp-content\/uploads\/2024\/01\/abaa-metrologia-tienda.png","width":300,"height":141,"caption":"Abaa tienda online"},"image":{"@id":"https:\/\/abaa.mx\/tienda\/#\/schema\/logo\/image\/"}}]}},"_links":{"self":[{"href":"https:\/\/abaa.mx\/tienda\/wp-json\/wp\/v2\/product\/1232","targetHints":{"allow":["GET"]}}],"collection":[{"href":"https:\/\/abaa.mx\/tienda\/wp-json\/wp\/v2\/product"}],"about":[{"href":"https:\/\/abaa.mx\/tienda\/wp-json\/wp\/v2\/types\/product"}],"replies":[{"embeddable":true,"href":"https:\/\/abaa.mx\/tienda\/wp-json\/wp\/v2\/comments?post=1232"}],"wp:featuredmedia":[{"embeddable":true,"href":"https:\/\/abaa.mx\/tienda\/wp-json\/wp\/v2\/media\/1255"}],"wp:attachment":[{"href":"https:\/\/abaa.mx\/tienda\/wp-json\/wp\/v2\/media?parent=1232"}],"wp:term":[{"taxonomy":"product_brand","embeddable":true,"href":"https:\/\/abaa.mx\/tienda\/wp-json\/wp\/v2\/product_brand?post=1232"},{"taxonomy":"product_cat","embeddable":true,"href":"https:\/\/abaa.mx\/tienda\/wp-json\/wp\/v2\/product_cat?post=1232"},{"taxonomy":"product_tag","embeddable":true,"href":"https:\/\/abaa.mx\/tienda\/wp-json\/wp\/v2\/product_tag?post=1232"}],"curies":[{"name":"wp","href":"https:\/\/api.w.org\/{rel}","templated":true}]}}