{"id":1229,"date":"2023-03-08T23:37:21","date_gmt":"2023-03-08T23:37:21","guid":{"rendered":"https:\/\/abaa.mx\/tienda\/?post_type=product&#038;p=1229"},"modified":"2023-11-17T14:31:19","modified_gmt":"2023-11-17T14:31:19","slug":"rc-5-datalogger-de-temperatura","status":"publish","type":"product","link":"https:\/\/abaa.mx\/tienda\/rc-5-datalogger-de-temperatura\/","title":{"rendered":"Elitech Rc-5+ datalogger de temperatura"},"content":{"rendered":"<p>La capacidad de bajar y producir reportes en formato PDF posibilita el an\u00e1lisis de datos y la presentaci\u00f3n de informes , lo que lo realiza perfecto para su empleo en la investigaci\u00f3n cient\u00edfica y la calidad del control en la industria.<\/p>\n<p>La alarma sonora y visual en el caso de temperatura fuera de rango asimismo lo convierte en una herramienta valiosa en la prevenci\u00f3n de da\u00f1os a los art\u00edculos y equipos debido a la exposici\u00f3n a temperaturas extremas.<\/p>\n<p>Es en especial \u00fatil en el monitoreo y registro de la temperatura en almacenes , laboratorios, transporte de alimentos y modelos farmac\u00e9uticos, refrigeraci\u00f3n y sistemas de calefacci\u00f3n, entre otros.<\/p>\n<p>&nbsp;<\/p>\n<p><strong>Funciones principales:<\/strong><\/p>\n<ul>\n<li>Registrador de datos de temperatura de usos m\u00faltiples con amplio rango de medici\u00f3n (-22 \u2109 ~ 158 \u2109) y alta precisi\u00f3n (\u00b1 0.9 \u2109).<\/li>\n<li>Versi\u00f3n actualizada de RC-5 con nuevas funciones de informe.<\/li>\n<li>Auto PDF (encriptable a trav\u00e9s de PC o tel\u00e9fonos Android).<\/li>\n<li>Reinicie el registrador presionando el bot\u00f3n; doble duraci\u00f3n de la bater\u00eda hasta 12 meses; sensor de temperatura externo disponible para la compra.<\/li>\n<li>Puerto USB incorporado, sin cable, sin lector, incluso sin software para descargar datos.<\/li>\n<li>Menor consumo de energ\u00eda y bater\u00eda reemplazable; registra hasta\u00a0 \u00a0 32,000 puntos.<\/li>\n<li>M\u00e1s funciones como protecci\u00f3n a prueba de agua IP 67, 5 rangos de alarma, opciones \u2103 \/ \u2109, formatos de informe Excel \/ PDF, software gratuito para Windows y macOS, etc.<\/li>\n<li>Con\u00e9ctelo a una computadora o tel\u00e9fono Android (requiere un convertidor OTG), lea el informe en PDF f\u00e1cilmente. Reinicie presionando prolongadamente el trasero izquierdo.<\/li>\n<\/ul>\n","protected":false},"excerpt":{"rendered":"<p>Es en especial \u00fatil en el monitoreo y registro de la temperatura en almacenes , laboratorios, transporte de alimentos y modelos farmac\u00e9uticos, refrigeraci\u00f3n y sistemas de calefacci\u00f3n, entre otros.<\/p>\n","protected":false},"featured_media":8996,"comment_status":"open","ping_status":"closed","template":"","meta":{"_joinchat":[]},"product_brand":[],"product_cat":[79],"product_tag":[],"class_list":{"0":"post-1229","1":"product","2":"type-product","3":"status-publish","4":"has-post-thumbnail","6":"product_cat-datalogger","8":"first","9":"instock","10":"shipping-taxable","11":"product-type-simple"},"yoast_head":"<!-- This site is optimized with the Yoast SEO plugin v26.4 - https:\/\/yoast.com\/wordpress\/plugins\/seo\/ -->\n<title>Elitech Rc-5+ datalogger de temperatura - Abaa tienda online<\/title>\n<meta name=\"description\" content=\"Elitech RC-5+ datalogger de temperatura auto PDF\" \/>\n<meta name=\"robots\" content=\"index, follow, max-snippet:-1, max-image-preview:large, max-video-preview:-1\" \/>\n<link rel=\"canonical\" href=\"https:\/\/abaa.mx\/tienda\/rc-5-datalogger-de-temperatura\/\" \/>\n<meta property=\"og:locale\" content=\"es_MX\" \/>\n<meta property=\"og:type\" content=\"article\" \/>\n<meta property=\"og:title\" content=\"Elitech Rc-5+ datalogger de temperatura - Abaa tienda online\" \/>\n<meta property=\"og:description\" content=\"Elitech RC-5+ datalogger de temperatura auto PDF\" \/>\n<meta property=\"og:url\" content=\"https:\/\/abaa.mx\/tienda\/rc-5-datalogger-de-temperatura\/\" \/>\n<meta property=\"og:site_name\" content=\"Abaa tienda online\" \/>\n<meta property=\"article:modified_time\" content=\"2023-11-17T14:31:19+00:00\" \/>\n<meta property=\"og:image\" content=\"https:\/\/abaa.mx\/tienda\/wp-content\/uploads\/2023\/03\/Elitech-rc-5.jpg\" \/>\n\t<meta property=\"og:image:width\" content=\"350\" \/>\n\t<meta property=\"og:image:height\" content=\"350\" \/>\n\t<meta property=\"og:image:type\" content=\"image\/jpeg\" \/>\n<meta name=\"twitter:card\" content=\"summary_large_image\" \/>\n<meta name=\"twitter:label1\" content=\"Tiempo de lectura\" \/>\n\t<meta name=\"twitter:data1\" content=\"2 minutos\" \/>\n<script type=\"application\/ld+json\" class=\"yoast-schema-graph\">{\"@context\":\"https:\/\/schema.org\",\"@graph\":[{\"@type\":\"WebPage\",\"@id\":\"https:\/\/abaa.mx\/tienda\/rc-5-datalogger-de-temperatura\/\",\"url\":\"https:\/\/abaa.mx\/tienda\/rc-5-datalogger-de-temperatura\/\",\"name\":\"Elitech Rc-5+ datalogger de temperatura - Abaa tienda online\",\"isPartOf\":{\"@id\":\"https:\/\/abaa.mx\/tienda\/#website\"},\"primaryImageOfPage\":{\"@id\":\"https:\/\/abaa.mx\/tienda\/rc-5-datalogger-de-temperatura\/#primaryimage\"},\"image\":{\"@id\":\"https:\/\/abaa.mx\/tienda\/rc-5-datalogger-de-temperatura\/#primaryimage\"},\"thumbnailUrl\":\"https:\/\/abaa.mx\/tienda\/wp-content\/uploads\/2023\/03\/Elitech-rc-5.jpg\",\"datePublished\":\"2023-03-08T23:37:21+00:00\",\"dateModified\":\"2023-11-17T14:31:19+00:00\",\"description\":\"Elitech RC-5+ datalogger de temperatura auto PDF\",\"breadcrumb\":{\"@id\":\"https:\/\/abaa.mx\/tienda\/rc-5-datalogger-de-temperatura\/#breadcrumb\"},\"inLanguage\":\"es\",\"potentialAction\":[{\"@type\":\"ReadAction\",\"target\":[\"https:\/\/abaa.mx\/tienda\/rc-5-datalogger-de-temperatura\/\"]}]},{\"@type\":\"ImageObject\",\"inLanguage\":\"es\",\"@id\":\"https:\/\/abaa.mx\/tienda\/rc-5-datalogger-de-temperatura\/#primaryimage\",\"url\":\"https:\/\/abaa.mx\/tienda\/wp-content\/uploads\/2023\/03\/Elitech-rc-5.jpg\",\"contentUrl\":\"https:\/\/abaa.mx\/tienda\/wp-content\/uploads\/2023\/03\/Elitech-rc-5.jpg\",\"width\":350,\"height\":350,\"caption\":\"Elitech rc-5+\"},{\"@type\":\"BreadcrumbList\",\"@id\":\"https:\/\/abaa.mx\/tienda\/rc-5-datalogger-de-temperatura\/#breadcrumb\",\"itemListElement\":[{\"@type\":\"ListItem\",\"position\":1,\"name\":\"Inicio\",\"item\":\"https:\/\/abaa.mx\/tienda\/\"},{\"@type\":\"ListItem\",\"position\":2,\"name\":\"Tienda\",\"item\":\"https:\/\/abaa.mx\/tienda\/\"},{\"@type\":\"ListItem\",\"position\":3,\"name\":\"Elitech Rc-5+ datalogger de temperatura\"}]},{\"@type\":\"WebSite\",\"@id\":\"https:\/\/abaa.mx\/tienda\/#website\",\"url\":\"https:\/\/abaa.mx\/tienda\/\",\"name\":\"Abaa tienda online\",\"description\":\"Instrumentos de medici\u00f3n\",\"publisher\":{\"@id\":\"https:\/\/abaa.mx\/tienda\/#organization\"},\"potentialAction\":[{\"@type\":\"SearchAction\",\"target\":{\"@type\":\"EntryPoint\",\"urlTemplate\":\"https:\/\/abaa.mx\/tienda\/?s={search_term_string}\"},\"query-input\":{\"@type\":\"PropertyValueSpecification\",\"valueRequired\":true,\"valueName\":\"search_term_string\"}}],\"inLanguage\":\"es\"},{\"@type\":\"Organization\",\"@id\":\"https:\/\/abaa.mx\/tienda\/#organization\",\"name\":\"Abaa tienda online\",\"url\":\"https:\/\/abaa.mx\/tienda\/\",\"logo\":{\"@type\":\"ImageObject\",\"inLanguage\":\"es\",\"@id\":\"https:\/\/abaa.mx\/tienda\/#\/schema\/logo\/image\/\",\"url\":\"https:\/\/abaa.mx\/tienda\/wp-content\/uploads\/2024\/01\/abaa-metrologia-tienda.png\",\"contentUrl\":\"https:\/\/abaa.mx\/tienda\/wp-content\/uploads\/2024\/01\/abaa-metrologia-tienda.png\",\"width\":300,\"height\":141,\"caption\":\"Abaa tienda online\"},\"image\":{\"@id\":\"https:\/\/abaa.mx\/tienda\/#\/schema\/logo\/image\/\"}}]}<\/script>\n<!-- \/ Yoast SEO plugin. -->","yoast_head_json":{"title":"Elitech Rc-5+ datalogger de temperatura - Abaa tienda online","description":"Elitech RC-5+ datalogger de temperatura auto PDF","robots":{"index":"index","follow":"follow","max-snippet":"max-snippet:-1","max-image-preview":"max-image-preview:large","max-video-preview":"max-video-preview:-1"},"canonical":"https:\/\/abaa.mx\/tienda\/rc-5-datalogger-de-temperatura\/","og_locale":"es_MX","og_type":"article","og_title":"Elitech Rc-5+ datalogger de temperatura - Abaa tienda online","og_description":"Elitech RC-5+ datalogger de temperatura auto PDF","og_url":"https:\/\/abaa.mx\/tienda\/rc-5-datalogger-de-temperatura\/","og_site_name":"Abaa tienda online","article_modified_time":"2023-11-17T14:31:19+00:00","og_image":[{"width":350,"height":350,"url":"https:\/\/abaa.mx\/tienda\/wp-content\/uploads\/2023\/03\/Elitech-rc-5.jpg","type":"image\/jpeg"}],"twitter_card":"summary_large_image","twitter_misc":{"Tiempo de lectura":"2 minutos"},"schema":{"@context":"https:\/\/schema.org","@graph":[{"@type":"WebPage","@id":"https:\/\/abaa.mx\/tienda\/rc-5-datalogger-de-temperatura\/","url":"https:\/\/abaa.mx\/tienda\/rc-5-datalogger-de-temperatura\/","name":"Elitech Rc-5+ datalogger de temperatura - Abaa tienda online","isPartOf":{"@id":"https:\/\/abaa.mx\/tienda\/#website"},"primaryImageOfPage":{"@id":"https:\/\/abaa.mx\/tienda\/rc-5-datalogger-de-temperatura\/#primaryimage"},"image":{"@id":"https:\/\/abaa.mx\/tienda\/rc-5-datalogger-de-temperatura\/#primaryimage"},"thumbnailUrl":"https:\/\/abaa.mx\/tienda\/wp-content\/uploads\/2023\/03\/Elitech-rc-5.jpg","datePublished":"2023-03-08T23:37:21+00:00","dateModified":"2023-11-17T14:31:19+00:00","description":"Elitech RC-5+ datalogger de temperatura auto PDF","breadcrumb":{"@id":"https:\/\/abaa.mx\/tienda\/rc-5-datalogger-de-temperatura\/#breadcrumb"},"inLanguage":"es","potentialAction":[{"@type":"ReadAction","target":["https:\/\/abaa.mx\/tienda\/rc-5-datalogger-de-temperatura\/"]}]},{"@type":"ImageObject","inLanguage":"es","@id":"https:\/\/abaa.mx\/tienda\/rc-5-datalogger-de-temperatura\/#primaryimage","url":"https:\/\/abaa.mx\/tienda\/wp-content\/uploads\/2023\/03\/Elitech-rc-5.jpg","contentUrl":"https:\/\/abaa.mx\/tienda\/wp-content\/uploads\/2023\/03\/Elitech-rc-5.jpg","width":350,"height":350,"caption":"Elitech rc-5+"},{"@type":"BreadcrumbList","@id":"https:\/\/abaa.mx\/tienda\/rc-5-datalogger-de-temperatura\/#breadcrumb","itemListElement":[{"@type":"ListItem","position":1,"name":"Inicio","item":"https:\/\/abaa.mx\/tienda\/"},{"@type":"ListItem","position":2,"name":"Tienda","item":"https:\/\/abaa.mx\/tienda\/"},{"@type":"ListItem","position":3,"name":"Elitech Rc-5+ datalogger de temperatura"}]},{"@type":"WebSite","@id":"https:\/\/abaa.mx\/tienda\/#website","url":"https:\/\/abaa.mx\/tienda\/","name":"Abaa tienda online","description":"Instrumentos de medici\u00f3n","publisher":{"@id":"https:\/\/abaa.mx\/tienda\/#organization"},"potentialAction":[{"@type":"SearchAction","target":{"@type":"EntryPoint","urlTemplate":"https:\/\/abaa.mx\/tienda\/?s={search_term_string}"},"query-input":{"@type":"PropertyValueSpecification","valueRequired":true,"valueName":"search_term_string"}}],"inLanguage":"es"},{"@type":"Organization","@id":"https:\/\/abaa.mx\/tienda\/#organization","name":"Abaa tienda online","url":"https:\/\/abaa.mx\/tienda\/","logo":{"@type":"ImageObject","inLanguage":"es","@id":"https:\/\/abaa.mx\/tienda\/#\/schema\/logo\/image\/","url":"https:\/\/abaa.mx\/tienda\/wp-content\/uploads\/2024\/01\/abaa-metrologia-tienda.png","contentUrl":"https:\/\/abaa.mx\/tienda\/wp-content\/uploads\/2024\/01\/abaa-metrologia-tienda.png","width":300,"height":141,"caption":"Abaa tienda online"},"image":{"@id":"https:\/\/abaa.mx\/tienda\/#\/schema\/logo\/image\/"}}]}},"_links":{"self":[{"href":"https:\/\/abaa.mx\/tienda\/wp-json\/wp\/v2\/product\/1229","targetHints":{"allow":["GET"]}}],"collection":[{"href":"https:\/\/abaa.mx\/tienda\/wp-json\/wp\/v2\/product"}],"about":[{"href":"https:\/\/abaa.mx\/tienda\/wp-json\/wp\/v2\/types\/product"}],"replies":[{"embeddable":true,"href":"https:\/\/abaa.mx\/tienda\/wp-json\/wp\/v2\/comments?post=1229"}],"wp:featuredmedia":[{"embeddable":true,"href":"https:\/\/abaa.mx\/tienda\/wp-json\/wp\/v2\/media\/8996"}],"wp:attachment":[{"href":"https:\/\/abaa.mx\/tienda\/wp-json\/wp\/v2\/media?parent=1229"}],"wp:term":[{"taxonomy":"product_brand","embeddable":true,"href":"https:\/\/abaa.mx\/tienda\/wp-json\/wp\/v2\/product_brand?post=1229"},{"taxonomy":"product_cat","embeddable":true,"href":"https:\/\/abaa.mx\/tienda\/wp-json\/wp\/v2\/product_cat?post=1229"},{"taxonomy":"product_tag","embeddable":true,"href":"https:\/\/abaa.mx\/tienda\/wp-json\/wp\/v2\/product_tag?post=1229"}],"curies":[{"name":"wp","href":"https:\/\/api.w.org\/{rel}","templated":true}]}}