{"id":1227,"date":"2023-03-08T23:33:04","date_gmt":"2023-03-08T23:33:04","guid":{"rendered":"https:\/\/abaa.mx\/tienda\/?post_type=product&#038;p=1227"},"modified":"2023-11-17T15:51:22","modified_gmt":"2023-11-17T15:51:22","slug":"elitech-rc-4-cal-datalogger-de-temperatura-certificado","status":"publish","type":"product","link":"https:\/\/abaa.mx\/tienda\/elitech-rc-4-cal-datalogger-de-temperatura-certificado\/","title":{"rendered":"Elitech rc-4-cal datalogger de temperatura certificado"},"content":{"rendered":"<p>El dispositivo es con la capacidad de registrar datos de temperatura y humedad en el mismo instante y almacenarlos en su memoria interna. Los datos pueden ser descargados a trav\u00e9s del puerto USB y analizados con el software incluido. La precisi\u00f3n de la medici\u00f3n de la temperatura y la humedad, as\u00ed como el certificado EMA, garantizan la calidad y precisi\u00f3n de los datos registrados.<\/p>\n<p>Las alarmas programables para la temperatura y la humedad dejan a los clientes configurar alertas para advertir y corregir problemas de forma r\u00e1pida y eficiente. La funci\u00f3n de memoria tambi\u00e9n es \u00fatil en el mantenimiento de la configuraci\u00f3n anterior tras un corte de energ\u00eda, lo que garantiza la continuidad del registro de datos.<\/p>\n<p>Es conveniente para su empleo en la industria alimenticia , farmac\u00e9utica, m\u00e9dica, de laboratorio, de almacenaje y distribuci\u00f3n de modelos caducos , por ejemplo aplicaciones.<\/p>\n<p>&nbsp;<\/p>\n<p><strong>Especificaciones:\u00a0<\/strong><\/p>\n<ul>\n<li>Rango de medici\u00f3n de la temperatura: -30 \u00b0 C ~ + 60 \u00b0 C; para sensor externo opcional: -40 \u00b0 C ~ + 85 \u00b0 C.<\/li>\n<li>Temperatura ambiente ambiental: -30 \u00b0 C ~ + 60 \u00b0 C.<\/li>\n<li>Precisi\u00f3n: -20 \u2103 ~ + 40 \u2103, \u00b1 0.5 \u2103; otros, \u00b1 1 \u2103.<\/li>\n<li>Resoluci\u00f3n: 0.1 \u00b0 C.<\/li>\n<li>Capacidad de registro: 16000 puntos (MAX).<\/li>\n<li>Intervalo de registro: 10 s ~ 24 horas ajustable.<\/li>\n<li>Sensor: resistencia t\u00e9rmica interna NTC.<\/li>\n<li>Interfaz de comunicaci\u00f3n: interfaz USB.<\/li>\n<li>Fuente de alimentaci\u00f3n: bater\u00eda CR2450 o fuente de alimentaci\u00f3n a trav\u00e9s de la interfaz USB.<\/li>\n<li>Tama\u00f1o: aprox. 84 (L) x 44 (W) x 20 (H) mm (3.3 x 1.73 x 0.79 pulgada).<\/li>\n<li>Peso aproximado. 60 g.<\/li>\n<\/ul>\n","protected":false},"excerpt":{"rendered":"<div class=\"wp-block-post-excerpt\">\n<p class=\"wp-block-post-excerpt__excerpt\">El Elitech RC-4-CAL datalogger de temperatura certificado se emplea en una extensa selecci\u00f3n de aplicaciones que necesitan una medici\u00f3n precisa de la temperatura y la humedad.<\/p>\n<\/div>\n<div class=\"wp-block-woocommerce-product-meta\" data-block-name=\"woocommerce\/product-meta\">\n<div class=\"wp-block-group is-nowrap is-layout-flex wp-container-core-group-layout-3 wp-block-group-is-layout-flex\"><\/div>\n<\/div>\n","protected":false},"featured_media":9002,"comment_status":"open","ping_status":"closed","template":"","meta":{"_joinchat":[]},"product_brand":[],"product_cat":[79],"product_tag":[],"class_list":{"0":"post-1227","1":"product","2":"type-product","3":"status-publish","4":"has-post-thumbnail","6":"product_cat-datalogger","8":"first","9":"instock","10":"shipping-taxable","11":"product-type-simple"},"yoast_head":"<!-- This site is optimized with the Yoast SEO plugin v26.4 - https:\/\/yoast.com\/wordpress\/plugins\/seo\/ -->\n<title>Elitech rc-4-cal datalogger de temperatura certificado - Abaa tienda online<\/title>\n<meta name=\"description\" content=\"Elitech RC-4-CAL datalogger de temperatura certificado\" \/>\n<meta name=\"robots\" content=\"index, follow, max-snippet:-1, max-image-preview:large, max-video-preview:-1\" \/>\n<link rel=\"canonical\" href=\"https:\/\/abaa.mx\/tienda\/elitech-rc-4-cal-datalogger-de-temperatura-certificado\/\" \/>\n<meta property=\"og:locale\" content=\"es_MX\" \/>\n<meta property=\"og:type\" content=\"article\" \/>\n<meta property=\"og:title\" content=\"Elitech rc-4-cal datalogger de temperatura certificado - Abaa tienda online\" \/>\n<meta property=\"og:description\" content=\"Elitech RC-4-CAL datalogger de temperatura certificado\" \/>\n<meta property=\"og:url\" content=\"https:\/\/abaa.mx\/tienda\/elitech-rc-4-cal-datalogger-de-temperatura-certificado\/\" \/>\n<meta property=\"og:site_name\" content=\"Abaa tienda online\" \/>\n<meta property=\"article:modified_time\" content=\"2023-11-17T15:51:22+00:00\" \/>\n<meta property=\"og:image\" content=\"https:\/\/abaa.mx\/tienda\/wp-content\/uploads\/2023\/03\/Elitech-RC-4-CAL.jpg\" \/>\n\t<meta property=\"og:image:width\" content=\"1100\" \/>\n\t<meta property=\"og:image:height\" content=\"1100\" \/>\n\t<meta property=\"og:image:type\" content=\"image\/jpeg\" \/>\n<meta name=\"twitter:card\" content=\"summary_large_image\" \/>\n<meta name=\"twitter:label1\" content=\"Tiempo de lectura\" \/>\n\t<meta name=\"twitter:data1\" content=\"2 minutos\" \/>\n<script type=\"application\/ld+json\" class=\"yoast-schema-graph\">{\"@context\":\"https:\/\/schema.org\",\"@graph\":[{\"@type\":\"WebPage\",\"@id\":\"https:\/\/abaa.mx\/tienda\/elitech-rc-4-cal-datalogger-de-temperatura-certificado\/\",\"url\":\"https:\/\/abaa.mx\/tienda\/elitech-rc-4-cal-datalogger-de-temperatura-certificado\/\",\"name\":\"Elitech rc-4-cal datalogger de temperatura certificado - Abaa tienda online\",\"isPartOf\":{\"@id\":\"https:\/\/abaa.mx\/tienda\/#website\"},\"primaryImageOfPage\":{\"@id\":\"https:\/\/abaa.mx\/tienda\/elitech-rc-4-cal-datalogger-de-temperatura-certificado\/#primaryimage\"},\"image\":{\"@id\":\"https:\/\/abaa.mx\/tienda\/elitech-rc-4-cal-datalogger-de-temperatura-certificado\/#primaryimage\"},\"thumbnailUrl\":\"https:\/\/abaa.mx\/tienda\/wp-content\/uploads\/2023\/03\/Elitech-RC-4-CAL.jpg\",\"datePublished\":\"2023-03-08T23:33:04+00:00\",\"dateModified\":\"2023-11-17T15:51:22+00:00\",\"description\":\"Elitech RC-4-CAL datalogger de temperatura certificado\",\"breadcrumb\":{\"@id\":\"https:\/\/abaa.mx\/tienda\/elitech-rc-4-cal-datalogger-de-temperatura-certificado\/#breadcrumb\"},\"inLanguage\":\"es\",\"potentialAction\":[{\"@type\":\"ReadAction\",\"target\":[\"https:\/\/abaa.mx\/tienda\/elitech-rc-4-cal-datalogger-de-temperatura-certificado\/\"]}]},{\"@type\":\"ImageObject\",\"inLanguage\":\"es\",\"@id\":\"https:\/\/abaa.mx\/tienda\/elitech-rc-4-cal-datalogger-de-temperatura-certificado\/#primaryimage\",\"url\":\"https:\/\/abaa.mx\/tienda\/wp-content\/uploads\/2023\/03\/Elitech-RC-4-CAL.jpg\",\"contentUrl\":\"https:\/\/abaa.mx\/tienda\/wp-content\/uploads\/2023\/03\/Elitech-RC-4-CAL.jpg\",\"width\":1100,\"height\":1100,\"caption\":\"Elitech RC-4-CAL\"},{\"@type\":\"BreadcrumbList\",\"@id\":\"https:\/\/abaa.mx\/tienda\/elitech-rc-4-cal-datalogger-de-temperatura-certificado\/#breadcrumb\",\"itemListElement\":[{\"@type\":\"ListItem\",\"position\":1,\"name\":\"Inicio\",\"item\":\"https:\/\/abaa.mx\/tienda\/\"},{\"@type\":\"ListItem\",\"position\":2,\"name\":\"Tienda\",\"item\":\"https:\/\/abaa.mx\/tienda\/\"},{\"@type\":\"ListItem\",\"position\":3,\"name\":\"Elitech rc-4-cal datalogger de temperatura certificado\"}]},{\"@type\":\"WebSite\",\"@id\":\"https:\/\/abaa.mx\/tienda\/#website\",\"url\":\"https:\/\/abaa.mx\/tienda\/\",\"name\":\"Abaa tienda online\",\"description\":\"Instrumentos de medici\u00f3n\",\"publisher\":{\"@id\":\"https:\/\/abaa.mx\/tienda\/#organization\"},\"potentialAction\":[{\"@type\":\"SearchAction\",\"target\":{\"@type\":\"EntryPoint\",\"urlTemplate\":\"https:\/\/abaa.mx\/tienda\/?s={search_term_string}\"},\"query-input\":{\"@type\":\"PropertyValueSpecification\",\"valueRequired\":true,\"valueName\":\"search_term_string\"}}],\"inLanguage\":\"es\"},{\"@type\":\"Organization\",\"@id\":\"https:\/\/abaa.mx\/tienda\/#organization\",\"name\":\"Abaa tienda online\",\"url\":\"https:\/\/abaa.mx\/tienda\/\",\"logo\":{\"@type\":\"ImageObject\",\"inLanguage\":\"es\",\"@id\":\"https:\/\/abaa.mx\/tienda\/#\/schema\/logo\/image\/\",\"url\":\"https:\/\/abaa.mx\/tienda\/wp-content\/uploads\/2024\/01\/abaa-metrologia-tienda.png\",\"contentUrl\":\"https:\/\/abaa.mx\/tienda\/wp-content\/uploads\/2024\/01\/abaa-metrologia-tienda.png\",\"width\":300,\"height\":141,\"caption\":\"Abaa tienda online\"},\"image\":{\"@id\":\"https:\/\/abaa.mx\/tienda\/#\/schema\/logo\/image\/\"}}]}<\/script>\n<!-- \/ Yoast SEO plugin. -->","yoast_head_json":{"title":"Elitech rc-4-cal datalogger de temperatura certificado - Abaa tienda online","description":"Elitech RC-4-CAL datalogger de temperatura certificado","robots":{"index":"index","follow":"follow","max-snippet":"max-snippet:-1","max-image-preview":"max-image-preview:large","max-video-preview":"max-video-preview:-1"},"canonical":"https:\/\/abaa.mx\/tienda\/elitech-rc-4-cal-datalogger-de-temperatura-certificado\/","og_locale":"es_MX","og_type":"article","og_title":"Elitech rc-4-cal datalogger de temperatura certificado - Abaa tienda online","og_description":"Elitech RC-4-CAL datalogger de temperatura certificado","og_url":"https:\/\/abaa.mx\/tienda\/elitech-rc-4-cal-datalogger-de-temperatura-certificado\/","og_site_name":"Abaa tienda online","article_modified_time":"2023-11-17T15:51:22+00:00","og_image":[{"width":1100,"height":1100,"url":"https:\/\/abaa.mx\/tienda\/wp-content\/uploads\/2023\/03\/Elitech-RC-4-CAL.jpg","type":"image\/jpeg"}],"twitter_card":"summary_large_image","twitter_misc":{"Tiempo de lectura":"2 minutos"},"schema":{"@context":"https:\/\/schema.org","@graph":[{"@type":"WebPage","@id":"https:\/\/abaa.mx\/tienda\/elitech-rc-4-cal-datalogger-de-temperatura-certificado\/","url":"https:\/\/abaa.mx\/tienda\/elitech-rc-4-cal-datalogger-de-temperatura-certificado\/","name":"Elitech rc-4-cal datalogger de temperatura certificado - Abaa tienda online","isPartOf":{"@id":"https:\/\/abaa.mx\/tienda\/#website"},"primaryImageOfPage":{"@id":"https:\/\/abaa.mx\/tienda\/elitech-rc-4-cal-datalogger-de-temperatura-certificado\/#primaryimage"},"image":{"@id":"https:\/\/abaa.mx\/tienda\/elitech-rc-4-cal-datalogger-de-temperatura-certificado\/#primaryimage"},"thumbnailUrl":"https:\/\/abaa.mx\/tienda\/wp-content\/uploads\/2023\/03\/Elitech-RC-4-CAL.jpg","datePublished":"2023-03-08T23:33:04+00:00","dateModified":"2023-11-17T15:51:22+00:00","description":"Elitech RC-4-CAL datalogger de temperatura certificado","breadcrumb":{"@id":"https:\/\/abaa.mx\/tienda\/elitech-rc-4-cal-datalogger-de-temperatura-certificado\/#breadcrumb"},"inLanguage":"es","potentialAction":[{"@type":"ReadAction","target":["https:\/\/abaa.mx\/tienda\/elitech-rc-4-cal-datalogger-de-temperatura-certificado\/"]}]},{"@type":"ImageObject","inLanguage":"es","@id":"https:\/\/abaa.mx\/tienda\/elitech-rc-4-cal-datalogger-de-temperatura-certificado\/#primaryimage","url":"https:\/\/abaa.mx\/tienda\/wp-content\/uploads\/2023\/03\/Elitech-RC-4-CAL.jpg","contentUrl":"https:\/\/abaa.mx\/tienda\/wp-content\/uploads\/2023\/03\/Elitech-RC-4-CAL.jpg","width":1100,"height":1100,"caption":"Elitech RC-4-CAL"},{"@type":"BreadcrumbList","@id":"https:\/\/abaa.mx\/tienda\/elitech-rc-4-cal-datalogger-de-temperatura-certificado\/#breadcrumb","itemListElement":[{"@type":"ListItem","position":1,"name":"Inicio","item":"https:\/\/abaa.mx\/tienda\/"},{"@type":"ListItem","position":2,"name":"Tienda","item":"https:\/\/abaa.mx\/tienda\/"},{"@type":"ListItem","position":3,"name":"Elitech rc-4-cal datalogger de temperatura certificado"}]},{"@type":"WebSite","@id":"https:\/\/abaa.mx\/tienda\/#website","url":"https:\/\/abaa.mx\/tienda\/","name":"Abaa tienda online","description":"Instrumentos de medici\u00f3n","publisher":{"@id":"https:\/\/abaa.mx\/tienda\/#organization"},"potentialAction":[{"@type":"SearchAction","target":{"@type":"EntryPoint","urlTemplate":"https:\/\/abaa.mx\/tienda\/?s={search_term_string}"},"query-input":{"@type":"PropertyValueSpecification","valueRequired":true,"valueName":"search_term_string"}}],"inLanguage":"es"},{"@type":"Organization","@id":"https:\/\/abaa.mx\/tienda\/#organization","name":"Abaa tienda online","url":"https:\/\/abaa.mx\/tienda\/","logo":{"@type":"ImageObject","inLanguage":"es","@id":"https:\/\/abaa.mx\/tienda\/#\/schema\/logo\/image\/","url":"https:\/\/abaa.mx\/tienda\/wp-content\/uploads\/2024\/01\/abaa-metrologia-tienda.png","contentUrl":"https:\/\/abaa.mx\/tienda\/wp-content\/uploads\/2024\/01\/abaa-metrologia-tienda.png","width":300,"height":141,"caption":"Abaa tienda online"},"image":{"@id":"https:\/\/abaa.mx\/tienda\/#\/schema\/logo\/image\/"}}]}},"_links":{"self":[{"href":"https:\/\/abaa.mx\/tienda\/wp-json\/wp\/v2\/product\/1227","targetHints":{"allow":["GET"]}}],"collection":[{"href":"https:\/\/abaa.mx\/tienda\/wp-json\/wp\/v2\/product"}],"about":[{"href":"https:\/\/abaa.mx\/tienda\/wp-json\/wp\/v2\/types\/product"}],"replies":[{"embeddable":true,"href":"https:\/\/abaa.mx\/tienda\/wp-json\/wp\/v2\/comments?post=1227"}],"wp:featuredmedia":[{"embeddable":true,"href":"https:\/\/abaa.mx\/tienda\/wp-json\/wp\/v2\/media\/9002"}],"wp:attachment":[{"href":"https:\/\/abaa.mx\/tienda\/wp-json\/wp\/v2\/media?parent=1227"}],"wp:term":[{"taxonomy":"product_brand","embeddable":true,"href":"https:\/\/abaa.mx\/tienda\/wp-json\/wp\/v2\/product_brand?post=1227"},{"taxonomy":"product_cat","embeddable":true,"href":"https:\/\/abaa.mx\/tienda\/wp-json\/wp\/v2\/product_cat?post=1227"},{"taxonomy":"product_tag","embeddable":true,"href":"https:\/\/abaa.mx\/tienda\/wp-json\/wp\/v2\/product_tag?post=1227"}],"curies":[{"name":"wp","href":"https:\/\/api.w.org\/{rel}","templated":true}]}}