{"id":1225,"date":"2023-03-08T23:28:58","date_gmt":"2023-03-08T23:28:58","guid":{"rendered":"https:\/\/abaa.mx\/tienda\/?post_type=product&#038;p=1225"},"modified":"2023-11-17T16:28:23","modified_gmt":"2023-11-17T16:28:23","slug":"elitech-rc-51-datalogger-de-temperatura","status":"publish","type":"product","link":"https:\/\/abaa.mx\/tienda\/elitech-rc-51-datalogger-de-temperatura\/","title":{"rendered":"Elitech RC-51 datalogger de temperatura"},"content":{"rendered":"<p>El registrador de datos de temperatura USB a prueba de agua Elitech RC &#8211; 51 es ideal para productos farmac\u00e9uticos, gabinetes m\u00e9dicos, gabinetes de alimentos frescos, laboratorios, etc. Puede usarlo para monitorear y registrar la temperatura en la gesti\u00f3n de la cadena de fr\u00edo que requiere un registrador de datos de respuesta r\u00e1pida.<\/p>\n<p>Todos los registradores de datos de temperatura USB a prueba de agua Elitech son duraderos y resistentes debido a su carcasa de PC transparente, impermeable y a prueba de choques. Cada pieza est\u00e1 sujeta a una estricta inspecci\u00f3n de calidad seg\u00fan los est\u00e1ndares de la FDA y la CE.<\/p>\n<p>El dise\u00f1o estilo bol\u00edgrafo, m\u00faltiples estad\u00edsticas de zonas de temperatura y m\u00faltiples opciones de zonas horarias; lo convierte en un equipo adaptable y vers\u00e1til en todas las industrias. Un dise\u00f1o compacto, m\u00faltiples tiempos de arranque y parada y operaci\u00f3n con un solo bot\u00f3n hacen que sea f\u00e1cil de usar. Este registrador de datos Elitech cuenta con una bater\u00eda reemplazable, un algoritmo MKT \u00fanico, un alto grado de protecci\u00f3n IP67 y operaci\u00f3n con un solo bot\u00f3n.<\/p>\n<p>&nbsp;<\/p>\n<p><strong>Caracter\u00edsticas:\u00a0<\/strong><\/p>\n<ul class=\"a-unordered-list a-vertical a-spacing-mini\">\n<li class=\"a-spacing-mini\"><span class=\"a-list-item\">Registrador de temperatura reutilizable con sensor de alta precisi\u00f3n para hasta 32,000 datos de temperatura. Bater\u00eda con 2 a\u00f1os de duraci\u00f3n, certificado CE y FDA, a prueba de agua IP7.<\/span><\/li>\n<li class=\"a-spacing-mini\"><span class=\"a-list-item\">Dise\u00f1o de disco U, sin necesidad de cable USB, sin software para ver el informe de datos PDF, Excel Report es accesible a trav\u00e9s de software.<\/span><\/li>\n<li class=\"a-spacing-mini\"><span class=\"a-list-item\">Software compatible con Mac \/ Win, intervalo de registro ajustable de 10s-24h, El rango de temperatura del sensor de temperatura incorporado es de -30 \u00b0 C a +70 \u00b0 C, la precisi\u00f3n m\u00e1s alta puede alcanzar \u00b1 0.5 \u00b0 C.<\/span><\/li>\n<li class=\"a-spacing-mini\"><span class=\"a-list-item\">Pantalla LCD y luces LED dobles para la visualizaci\u00f3n visual del estado de la grabadora, datos de temperatura cr\u00edtica e informaci\u00f3n de alarma.<\/span><\/li>\n<li class=\"a-spacing-mini\"><span class=\"a-list-item\">Se utiliza para registrar los datos de temperatura de alimentos, medicamentos y productos qu\u00edmicos durante el almacenamiento y el transporte, especialmente para el transporte de contenedores y camiones (transporte mar\u00edtimo, a\u00e9reo, por carretera).<\/span><\/li>\n<\/ul>\n","protected":false},"excerpt":{"rendered":"<p>El Elitech RC-51 datalogger de temperatura auto PDF es una herramienta \u00fatil en cualquier aplicaci\u00f3n que requiera el registro y monitoreo continuo de la temperatura.<\/p>\n","protected":false},"featured_media":1263,"comment_status":"open","ping_status":"closed","template":"","meta":{"_joinchat":[]},"product_brand":[],"product_cat":[79],"product_tag":[],"class_list":{"0":"post-1225","1":"product","2":"type-product","3":"status-publish","4":"has-post-thumbnail","6":"product_cat-datalogger","8":"first","9":"instock","10":"shipping-taxable","11":"product-type-simple"},"yoast_head":"<!-- This site is optimized with the Yoast SEO plugin v26.4 - https:\/\/yoast.com\/wordpress\/plugins\/seo\/ -->\n<title>Elitech RC-51 datalogger de temperatura - Abaa tienda online<\/title>\n<meta name=\"description\" content=\"Elitech RC-51 datalogger de temperatura auto PDF\" \/>\n<meta name=\"robots\" content=\"index, follow, max-snippet:-1, max-image-preview:large, max-video-preview:-1\" \/>\n<link rel=\"canonical\" href=\"https:\/\/abaa.mx\/tienda\/elitech-rc-51-datalogger-de-temperatura\/\" \/>\n<meta property=\"og:locale\" content=\"es_MX\" \/>\n<meta property=\"og:type\" content=\"article\" \/>\n<meta property=\"og:title\" content=\"Elitech RC-51 datalogger de temperatura - Abaa tienda online\" \/>\n<meta property=\"og:description\" content=\"Elitech RC-51 datalogger de temperatura auto PDF\" \/>\n<meta property=\"og:url\" content=\"https:\/\/abaa.mx\/tienda\/elitech-rc-51-datalogger-de-temperatura\/\" \/>\n<meta property=\"og:site_name\" content=\"Abaa tienda online\" \/>\n<meta property=\"article:modified_time\" content=\"2023-11-17T16:28:23+00:00\" \/>\n<meta property=\"og:image\" content=\"https:\/\/abaa.mx\/tienda\/wp-content\/uploads\/2023\/03\/elitech-rc-51-datalogger-de-temperatura-auto-pdf.jpg\" \/>\n\t<meta property=\"og:image:width\" content=\"1200\" \/>\n\t<meta property=\"og:image:height\" content=\"1200\" \/>\n\t<meta property=\"og:image:type\" content=\"image\/jpeg\" \/>\n<meta name=\"twitter:card\" content=\"summary_large_image\" \/>\n<meta name=\"twitter:label1\" content=\"Tiempo de lectura\" \/>\n\t<meta name=\"twitter:data1\" content=\"2 minutos\" \/>\n<script type=\"application\/ld+json\" class=\"yoast-schema-graph\">{\"@context\":\"https:\/\/schema.org\",\"@graph\":[{\"@type\":\"WebPage\",\"@id\":\"https:\/\/abaa.mx\/tienda\/elitech-rc-51-datalogger-de-temperatura\/\",\"url\":\"https:\/\/abaa.mx\/tienda\/elitech-rc-51-datalogger-de-temperatura\/\",\"name\":\"Elitech RC-51 datalogger de temperatura - Abaa tienda online\",\"isPartOf\":{\"@id\":\"https:\/\/abaa.mx\/tienda\/#website\"},\"primaryImageOfPage\":{\"@id\":\"https:\/\/abaa.mx\/tienda\/elitech-rc-51-datalogger-de-temperatura\/#primaryimage\"},\"image\":{\"@id\":\"https:\/\/abaa.mx\/tienda\/elitech-rc-51-datalogger-de-temperatura\/#primaryimage\"},\"thumbnailUrl\":\"https:\/\/abaa.mx\/tienda\/wp-content\/uploads\/2023\/03\/elitech-rc-51-datalogger-de-temperatura-auto-pdf.jpg\",\"datePublished\":\"2023-03-08T23:28:58+00:00\",\"dateModified\":\"2023-11-17T16:28:23+00:00\",\"description\":\"Elitech RC-51 datalogger de temperatura auto PDF\",\"breadcrumb\":{\"@id\":\"https:\/\/abaa.mx\/tienda\/elitech-rc-51-datalogger-de-temperatura\/#breadcrumb\"},\"inLanguage\":\"es\",\"potentialAction\":[{\"@type\":\"ReadAction\",\"target\":[\"https:\/\/abaa.mx\/tienda\/elitech-rc-51-datalogger-de-temperatura\/\"]}]},{\"@type\":\"ImageObject\",\"inLanguage\":\"es\",\"@id\":\"https:\/\/abaa.mx\/tienda\/elitech-rc-51-datalogger-de-temperatura\/#primaryimage\",\"url\":\"https:\/\/abaa.mx\/tienda\/wp-content\/uploads\/2023\/03\/elitech-rc-51-datalogger-de-temperatura-auto-pdf.jpg\",\"contentUrl\":\"https:\/\/abaa.mx\/tienda\/wp-content\/uploads\/2023\/03\/elitech-rc-51-datalogger-de-temperatura-auto-pdf.jpg\",\"width\":1200,\"height\":1200,\"caption\":\"Elitech RC-51 datalogger de temperatura auto PDF\"},{\"@type\":\"BreadcrumbList\",\"@id\":\"https:\/\/abaa.mx\/tienda\/elitech-rc-51-datalogger-de-temperatura\/#breadcrumb\",\"itemListElement\":[{\"@type\":\"ListItem\",\"position\":1,\"name\":\"Inicio\",\"item\":\"https:\/\/abaa.mx\/tienda\/\"},{\"@type\":\"ListItem\",\"position\":2,\"name\":\"Tienda\",\"item\":\"https:\/\/abaa.mx\/tienda\/\"},{\"@type\":\"ListItem\",\"position\":3,\"name\":\"Elitech RC-51 datalogger de temperatura\"}]},{\"@type\":\"WebSite\",\"@id\":\"https:\/\/abaa.mx\/tienda\/#website\",\"url\":\"https:\/\/abaa.mx\/tienda\/\",\"name\":\"Abaa tienda online\",\"description\":\"Instrumentos de medici\u00f3n\",\"publisher\":{\"@id\":\"https:\/\/abaa.mx\/tienda\/#organization\"},\"potentialAction\":[{\"@type\":\"SearchAction\",\"target\":{\"@type\":\"EntryPoint\",\"urlTemplate\":\"https:\/\/abaa.mx\/tienda\/?s={search_term_string}\"},\"query-input\":{\"@type\":\"PropertyValueSpecification\",\"valueRequired\":true,\"valueName\":\"search_term_string\"}}],\"inLanguage\":\"es\"},{\"@type\":\"Organization\",\"@id\":\"https:\/\/abaa.mx\/tienda\/#organization\",\"name\":\"Abaa tienda online\",\"url\":\"https:\/\/abaa.mx\/tienda\/\",\"logo\":{\"@type\":\"ImageObject\",\"inLanguage\":\"es\",\"@id\":\"https:\/\/abaa.mx\/tienda\/#\/schema\/logo\/image\/\",\"url\":\"https:\/\/abaa.mx\/tienda\/wp-content\/uploads\/2024\/01\/abaa-metrologia-tienda.png\",\"contentUrl\":\"https:\/\/abaa.mx\/tienda\/wp-content\/uploads\/2024\/01\/abaa-metrologia-tienda.png\",\"width\":300,\"height\":141,\"caption\":\"Abaa tienda online\"},\"image\":{\"@id\":\"https:\/\/abaa.mx\/tienda\/#\/schema\/logo\/image\/\"}}]}<\/script>\n<!-- \/ Yoast SEO plugin. -->","yoast_head_json":{"title":"Elitech RC-51 datalogger de temperatura - Abaa tienda online","description":"Elitech RC-51 datalogger de temperatura auto PDF","robots":{"index":"index","follow":"follow","max-snippet":"max-snippet:-1","max-image-preview":"max-image-preview:large","max-video-preview":"max-video-preview:-1"},"canonical":"https:\/\/abaa.mx\/tienda\/elitech-rc-51-datalogger-de-temperatura\/","og_locale":"es_MX","og_type":"article","og_title":"Elitech RC-51 datalogger de temperatura - Abaa tienda online","og_description":"Elitech RC-51 datalogger de temperatura auto PDF","og_url":"https:\/\/abaa.mx\/tienda\/elitech-rc-51-datalogger-de-temperatura\/","og_site_name":"Abaa tienda online","article_modified_time":"2023-11-17T16:28:23+00:00","og_image":[{"width":1200,"height":1200,"url":"https:\/\/abaa.mx\/tienda\/wp-content\/uploads\/2023\/03\/elitech-rc-51-datalogger-de-temperatura-auto-pdf.jpg","type":"image\/jpeg"}],"twitter_card":"summary_large_image","twitter_misc":{"Tiempo de lectura":"2 minutos"},"schema":{"@context":"https:\/\/schema.org","@graph":[{"@type":"WebPage","@id":"https:\/\/abaa.mx\/tienda\/elitech-rc-51-datalogger-de-temperatura\/","url":"https:\/\/abaa.mx\/tienda\/elitech-rc-51-datalogger-de-temperatura\/","name":"Elitech RC-51 datalogger de temperatura - Abaa tienda online","isPartOf":{"@id":"https:\/\/abaa.mx\/tienda\/#website"},"primaryImageOfPage":{"@id":"https:\/\/abaa.mx\/tienda\/elitech-rc-51-datalogger-de-temperatura\/#primaryimage"},"image":{"@id":"https:\/\/abaa.mx\/tienda\/elitech-rc-51-datalogger-de-temperatura\/#primaryimage"},"thumbnailUrl":"https:\/\/abaa.mx\/tienda\/wp-content\/uploads\/2023\/03\/elitech-rc-51-datalogger-de-temperatura-auto-pdf.jpg","datePublished":"2023-03-08T23:28:58+00:00","dateModified":"2023-11-17T16:28:23+00:00","description":"Elitech RC-51 datalogger de temperatura auto PDF","breadcrumb":{"@id":"https:\/\/abaa.mx\/tienda\/elitech-rc-51-datalogger-de-temperatura\/#breadcrumb"},"inLanguage":"es","potentialAction":[{"@type":"ReadAction","target":["https:\/\/abaa.mx\/tienda\/elitech-rc-51-datalogger-de-temperatura\/"]}]},{"@type":"ImageObject","inLanguage":"es","@id":"https:\/\/abaa.mx\/tienda\/elitech-rc-51-datalogger-de-temperatura\/#primaryimage","url":"https:\/\/abaa.mx\/tienda\/wp-content\/uploads\/2023\/03\/elitech-rc-51-datalogger-de-temperatura-auto-pdf.jpg","contentUrl":"https:\/\/abaa.mx\/tienda\/wp-content\/uploads\/2023\/03\/elitech-rc-51-datalogger-de-temperatura-auto-pdf.jpg","width":1200,"height":1200,"caption":"Elitech RC-51 datalogger de temperatura auto PDF"},{"@type":"BreadcrumbList","@id":"https:\/\/abaa.mx\/tienda\/elitech-rc-51-datalogger-de-temperatura\/#breadcrumb","itemListElement":[{"@type":"ListItem","position":1,"name":"Inicio","item":"https:\/\/abaa.mx\/tienda\/"},{"@type":"ListItem","position":2,"name":"Tienda","item":"https:\/\/abaa.mx\/tienda\/"},{"@type":"ListItem","position":3,"name":"Elitech RC-51 datalogger de temperatura"}]},{"@type":"WebSite","@id":"https:\/\/abaa.mx\/tienda\/#website","url":"https:\/\/abaa.mx\/tienda\/","name":"Abaa tienda online","description":"Instrumentos de medici\u00f3n","publisher":{"@id":"https:\/\/abaa.mx\/tienda\/#organization"},"potentialAction":[{"@type":"SearchAction","target":{"@type":"EntryPoint","urlTemplate":"https:\/\/abaa.mx\/tienda\/?s={search_term_string}"},"query-input":{"@type":"PropertyValueSpecification","valueRequired":true,"valueName":"search_term_string"}}],"inLanguage":"es"},{"@type":"Organization","@id":"https:\/\/abaa.mx\/tienda\/#organization","name":"Abaa tienda online","url":"https:\/\/abaa.mx\/tienda\/","logo":{"@type":"ImageObject","inLanguage":"es","@id":"https:\/\/abaa.mx\/tienda\/#\/schema\/logo\/image\/","url":"https:\/\/abaa.mx\/tienda\/wp-content\/uploads\/2024\/01\/abaa-metrologia-tienda.png","contentUrl":"https:\/\/abaa.mx\/tienda\/wp-content\/uploads\/2024\/01\/abaa-metrologia-tienda.png","width":300,"height":141,"caption":"Abaa tienda online"},"image":{"@id":"https:\/\/abaa.mx\/tienda\/#\/schema\/logo\/image\/"}}]}},"_links":{"self":[{"href":"https:\/\/abaa.mx\/tienda\/wp-json\/wp\/v2\/product\/1225","targetHints":{"allow":["GET"]}}],"collection":[{"href":"https:\/\/abaa.mx\/tienda\/wp-json\/wp\/v2\/product"}],"about":[{"href":"https:\/\/abaa.mx\/tienda\/wp-json\/wp\/v2\/types\/product"}],"replies":[{"embeddable":true,"href":"https:\/\/abaa.mx\/tienda\/wp-json\/wp\/v2\/comments?post=1225"}],"wp:featuredmedia":[{"embeddable":true,"href":"https:\/\/abaa.mx\/tienda\/wp-json\/wp\/v2\/media\/1263"}],"wp:attachment":[{"href":"https:\/\/abaa.mx\/tienda\/wp-json\/wp\/v2\/media?parent=1225"}],"wp:term":[{"taxonomy":"product_brand","embeddable":true,"href":"https:\/\/abaa.mx\/tienda\/wp-json\/wp\/v2\/product_brand?post=1225"},{"taxonomy":"product_cat","embeddable":true,"href":"https:\/\/abaa.mx\/tienda\/wp-json\/wp\/v2\/product_cat?post=1225"},{"taxonomy":"product_tag","embeddable":true,"href":"https:\/\/abaa.mx\/tienda\/wp-json\/wp\/v2\/product_tag?post=1225"}],"curies":[{"name":"wp","href":"https:\/\/api.w.org\/{rel}","templated":true}]}}