{"id":1217,"date":"2023-03-08T21:57:40","date_gmt":"2023-03-08T21:57:40","guid":{"rendered":"https:\/\/abaa.mx\/tienda\/?post_type=product&#038;p=1217"},"modified":"2023-11-21T17:38:43","modified_gmt":"2023-11-21T17:38:43","slug":"elitech-ek-3010-controlador-de-temperatura","status":"publish","type":"product","link":"https:\/\/abaa.mx\/tienda\/elitech-ek-3010-controlador-de-temperatura\/","title":{"rendered":"Elitech el-3010 controlador de temperatura"},"content":{"rendered":"<p>Elitech EK-3010 es un controlador de temperatura con botones de pantalla t\u00e1ctil. Es adecuado para el control de temperatura de equipos de refrigeraci\u00f3n o calefacci\u00f3n. Debido a sus botones t\u00e1ctiles, Elitech equip\u00f3 la serie EK con una funci\u00f3n de bloqueo de teclas para evitar toques accidentales que puedan causar cambios en los par\u00e1metros. El bot\u00f3n t\u00e1ctil adopta tecnolog\u00eda de medici\u00f3n de capacitancia digital de alta precisi\u00f3n, que puede evitar diversas interferencias, como gotas de agua; en comparaci\u00f3n con los botones mec\u00e1nicos, no hay acci\u00f3n mec\u00e1nica, larga vida \u00fatil y rendimiento estable. Entrada de sensor unidireccional: sensor de sonda de temperatura. Salida de control unidireccional: equipo de refrigeraci\u00f3n\/calefacci\u00f3n.<\/p>\n<p>Con medici\u00f3n de temperatura, visualizaci\u00f3n de temperatura, control de temperatura, calibraci\u00f3n de temperatura, alarma de sobrecalentamiento y funci\u00f3n de alarma de falla del sensor. Restauraci\u00f3n con un solo toque de los valores de configuraci\u00f3n originales para un f\u00e1cil reajuste de los par\u00e1metros.<\/p>\n<p>&nbsp;<\/p>\n<p><strong>Especificaciones:\u00a0<\/strong><\/p>\n<ul>\n<li>Tensi\u00f3n de funcionamiento: 220 V CA \u00b1 10 %; 50\/60 Hz.<\/li>\n<li>Consumo de energ\u00eda total: &lt;5W.<\/li>\n<li>Rango de medici\u00f3n de temperatura: -40 \u2103-99 \u2103.<\/li>\n<li>Rango de control de temperatura: -40 \u2103-85 \u2103.<\/li>\n<li>Precisi\u00f3n de medici\u00f3n de temperatura: \u00b11 \u2103(- 30 \u2103 ~ 50 \u2103), \u00b1 2 \u2103 (Otros).<\/li>\n<li>Resoluci\u00f3n de pantalla: 0,1 \u2103.<\/li>\n<li>Humedad de trabajo: 10 %~90 % (sin condensaci\u00f3n).<\/li>\n<li>Tama\u00f1o del producto: 78,5 \u00d7 34,5 \u00d7 82 (mm).<\/li>\n<li>Dimensi\u00f3n de montaje: 71 \u00d7 29 (mm).<\/li>\n<li>Corriente nominal del rel\u00e9 de salida (calefacci\u00f3n\/refrigeraci\u00f3n): 16 A\/220 VCA.<\/li>\n<li>Corriente nominal del rel\u00e9 de salida (iluminaci\u00f3n): 10 A\/220 VCA.<\/li>\n<li>Tipo de sensor: NTC (10KQ\/25 \u2103, valor B 3435K).<\/li>\n<\/ul>\n","protected":false},"excerpt":{"rendered":"<p>El controlador de temperatura Elitech EK-3010 es adecuado para el control de temperatura de almacenamiento en fr\u00edo, congeladores, equipos de refrigeraci\u00f3n de consolas operativas y equipos de calefacci\u00f3n.<\/p>\n","protected":false},"featured_media":1271,"comment_status":"open","ping_status":"closed","template":"","meta":{"_joinchat":[]},"product_brand":[],"product_cat":[62],"product_tag":[],"class_list":{"0":"post-1217","1":"product","2":"type-product","3":"status-publish","4":"has-post-thumbnail","6":"product_cat-controladores-de-temperatura","8":"first","9":"instock","10":"shipping-taxable","11":"product-type-simple"},"yoast_head":"<!-- This site is optimized with the Yoast SEO plugin v26.4 - https:\/\/yoast.com\/wordpress\/plugins\/seo\/ -->\n<title>Elitech el-3010 controlador de temperatura - Abaa tienda online<\/title>\n<meta name=\"description\" content=\"Elitech Ek-3010 controlador de temperatura\" \/>\n<meta name=\"robots\" content=\"index, follow, max-snippet:-1, max-image-preview:large, max-video-preview:-1\" \/>\n<link rel=\"canonical\" href=\"https:\/\/abaa.mx\/tienda\/elitech-ek-3010-controlador-de-temperatura\/\" \/>\n<meta property=\"og:locale\" content=\"es_MX\" \/>\n<meta property=\"og:type\" content=\"article\" \/>\n<meta property=\"og:title\" content=\"Elitech el-3010 controlador de temperatura - Abaa tienda online\" \/>\n<meta property=\"og:description\" content=\"Elitech Ek-3010 controlador de temperatura\" \/>\n<meta property=\"og:url\" content=\"https:\/\/abaa.mx\/tienda\/elitech-ek-3010-controlador-de-temperatura\/\" \/>\n<meta property=\"og:site_name\" content=\"Abaa tienda online\" \/>\n<meta property=\"article:modified_time\" content=\"2023-11-21T17:38:43+00:00\" \/>\n<meta property=\"og:image\" content=\"https:\/\/abaa.mx\/tienda\/wp-content\/uploads\/2023\/03\/elitech-ek-3010-controlador-de-temperatura.jpg\" \/>\n\t<meta property=\"og:image:width\" content=\"600\" \/>\n\t<meta property=\"og:image:height\" content=\"600\" \/>\n\t<meta property=\"og:image:type\" content=\"image\/jpeg\" \/>\n<meta name=\"twitter:card\" content=\"summary_large_image\" \/>\n<meta name=\"twitter:label1\" content=\"Tiempo de lectura\" \/>\n\t<meta name=\"twitter:data1\" content=\"2 minutos\" \/>\n<script type=\"application\/ld+json\" class=\"yoast-schema-graph\">{\"@context\":\"https:\/\/schema.org\",\"@graph\":[{\"@type\":\"WebPage\",\"@id\":\"https:\/\/abaa.mx\/tienda\/elitech-ek-3010-controlador-de-temperatura\/\",\"url\":\"https:\/\/abaa.mx\/tienda\/elitech-ek-3010-controlador-de-temperatura\/\",\"name\":\"Elitech el-3010 controlador de temperatura - Abaa tienda online\",\"isPartOf\":{\"@id\":\"https:\/\/abaa.mx\/tienda\/#website\"},\"primaryImageOfPage\":{\"@id\":\"https:\/\/abaa.mx\/tienda\/elitech-ek-3010-controlador-de-temperatura\/#primaryimage\"},\"image\":{\"@id\":\"https:\/\/abaa.mx\/tienda\/elitech-ek-3010-controlador-de-temperatura\/#primaryimage\"},\"thumbnailUrl\":\"https:\/\/abaa.mx\/tienda\/wp-content\/uploads\/2023\/03\/elitech-ek-3010-controlador-de-temperatura.jpg\",\"datePublished\":\"2023-03-08T21:57:40+00:00\",\"dateModified\":\"2023-11-21T17:38:43+00:00\",\"description\":\"Elitech Ek-3010 controlador de temperatura\",\"breadcrumb\":{\"@id\":\"https:\/\/abaa.mx\/tienda\/elitech-ek-3010-controlador-de-temperatura\/#breadcrumb\"},\"inLanguage\":\"es\",\"potentialAction\":[{\"@type\":\"ReadAction\",\"target\":[\"https:\/\/abaa.mx\/tienda\/elitech-ek-3010-controlador-de-temperatura\/\"]}]},{\"@type\":\"ImageObject\",\"inLanguage\":\"es\",\"@id\":\"https:\/\/abaa.mx\/tienda\/elitech-ek-3010-controlador-de-temperatura\/#primaryimage\",\"url\":\"https:\/\/abaa.mx\/tienda\/wp-content\/uploads\/2023\/03\/elitech-ek-3010-controlador-de-temperatura.jpg\",\"contentUrl\":\"https:\/\/abaa.mx\/tienda\/wp-content\/uploads\/2023\/03\/elitech-ek-3010-controlador-de-temperatura.jpg\",\"width\":600,\"height\":600,\"caption\":\"Elitech Ek-3010\"},{\"@type\":\"BreadcrumbList\",\"@id\":\"https:\/\/abaa.mx\/tienda\/elitech-ek-3010-controlador-de-temperatura\/#breadcrumb\",\"itemListElement\":[{\"@type\":\"ListItem\",\"position\":1,\"name\":\"Inicio\",\"item\":\"https:\/\/abaa.mx\/tienda\/\"},{\"@type\":\"ListItem\",\"position\":2,\"name\":\"Tienda\",\"item\":\"https:\/\/abaa.mx\/tienda\/\"},{\"@type\":\"ListItem\",\"position\":3,\"name\":\"Elitech el-3010 controlador de temperatura\"}]},{\"@type\":\"WebSite\",\"@id\":\"https:\/\/abaa.mx\/tienda\/#website\",\"url\":\"https:\/\/abaa.mx\/tienda\/\",\"name\":\"Abaa tienda online\",\"description\":\"Instrumentos de medici\u00f3n\",\"publisher\":{\"@id\":\"https:\/\/abaa.mx\/tienda\/#organization\"},\"potentialAction\":[{\"@type\":\"SearchAction\",\"target\":{\"@type\":\"EntryPoint\",\"urlTemplate\":\"https:\/\/abaa.mx\/tienda\/?s={search_term_string}\"},\"query-input\":{\"@type\":\"PropertyValueSpecification\",\"valueRequired\":true,\"valueName\":\"search_term_string\"}}],\"inLanguage\":\"es\"},{\"@type\":\"Organization\",\"@id\":\"https:\/\/abaa.mx\/tienda\/#organization\",\"name\":\"Abaa tienda online\",\"url\":\"https:\/\/abaa.mx\/tienda\/\",\"logo\":{\"@type\":\"ImageObject\",\"inLanguage\":\"es\",\"@id\":\"https:\/\/abaa.mx\/tienda\/#\/schema\/logo\/image\/\",\"url\":\"https:\/\/abaa.mx\/tienda\/wp-content\/uploads\/2024\/01\/abaa-metrologia-tienda.png\",\"contentUrl\":\"https:\/\/abaa.mx\/tienda\/wp-content\/uploads\/2024\/01\/abaa-metrologia-tienda.png\",\"width\":300,\"height\":141,\"caption\":\"Abaa tienda online\"},\"image\":{\"@id\":\"https:\/\/abaa.mx\/tienda\/#\/schema\/logo\/image\/\"}}]}<\/script>\n<!-- \/ Yoast SEO plugin. -->","yoast_head_json":{"title":"Elitech el-3010 controlador de temperatura - Abaa tienda online","description":"Elitech Ek-3010 controlador de temperatura","robots":{"index":"index","follow":"follow","max-snippet":"max-snippet:-1","max-image-preview":"max-image-preview:large","max-video-preview":"max-video-preview:-1"},"canonical":"https:\/\/abaa.mx\/tienda\/elitech-ek-3010-controlador-de-temperatura\/","og_locale":"es_MX","og_type":"article","og_title":"Elitech el-3010 controlador de temperatura - Abaa tienda online","og_description":"Elitech Ek-3010 controlador de temperatura","og_url":"https:\/\/abaa.mx\/tienda\/elitech-ek-3010-controlador-de-temperatura\/","og_site_name":"Abaa tienda online","article_modified_time":"2023-11-21T17:38:43+00:00","og_image":[{"width":600,"height":600,"url":"https:\/\/abaa.mx\/tienda\/wp-content\/uploads\/2023\/03\/elitech-ek-3010-controlador-de-temperatura.jpg","type":"image\/jpeg"}],"twitter_card":"summary_large_image","twitter_misc":{"Tiempo de lectura":"2 minutos"},"schema":{"@context":"https:\/\/schema.org","@graph":[{"@type":"WebPage","@id":"https:\/\/abaa.mx\/tienda\/elitech-ek-3010-controlador-de-temperatura\/","url":"https:\/\/abaa.mx\/tienda\/elitech-ek-3010-controlador-de-temperatura\/","name":"Elitech el-3010 controlador de temperatura - Abaa tienda online","isPartOf":{"@id":"https:\/\/abaa.mx\/tienda\/#website"},"primaryImageOfPage":{"@id":"https:\/\/abaa.mx\/tienda\/elitech-ek-3010-controlador-de-temperatura\/#primaryimage"},"image":{"@id":"https:\/\/abaa.mx\/tienda\/elitech-ek-3010-controlador-de-temperatura\/#primaryimage"},"thumbnailUrl":"https:\/\/abaa.mx\/tienda\/wp-content\/uploads\/2023\/03\/elitech-ek-3010-controlador-de-temperatura.jpg","datePublished":"2023-03-08T21:57:40+00:00","dateModified":"2023-11-21T17:38:43+00:00","description":"Elitech Ek-3010 controlador de temperatura","breadcrumb":{"@id":"https:\/\/abaa.mx\/tienda\/elitech-ek-3010-controlador-de-temperatura\/#breadcrumb"},"inLanguage":"es","potentialAction":[{"@type":"ReadAction","target":["https:\/\/abaa.mx\/tienda\/elitech-ek-3010-controlador-de-temperatura\/"]}]},{"@type":"ImageObject","inLanguage":"es","@id":"https:\/\/abaa.mx\/tienda\/elitech-ek-3010-controlador-de-temperatura\/#primaryimage","url":"https:\/\/abaa.mx\/tienda\/wp-content\/uploads\/2023\/03\/elitech-ek-3010-controlador-de-temperatura.jpg","contentUrl":"https:\/\/abaa.mx\/tienda\/wp-content\/uploads\/2023\/03\/elitech-ek-3010-controlador-de-temperatura.jpg","width":600,"height":600,"caption":"Elitech Ek-3010"},{"@type":"BreadcrumbList","@id":"https:\/\/abaa.mx\/tienda\/elitech-ek-3010-controlador-de-temperatura\/#breadcrumb","itemListElement":[{"@type":"ListItem","position":1,"name":"Inicio","item":"https:\/\/abaa.mx\/tienda\/"},{"@type":"ListItem","position":2,"name":"Tienda","item":"https:\/\/abaa.mx\/tienda\/"},{"@type":"ListItem","position":3,"name":"Elitech el-3010 controlador de temperatura"}]},{"@type":"WebSite","@id":"https:\/\/abaa.mx\/tienda\/#website","url":"https:\/\/abaa.mx\/tienda\/","name":"Abaa tienda online","description":"Instrumentos de medici\u00f3n","publisher":{"@id":"https:\/\/abaa.mx\/tienda\/#organization"},"potentialAction":[{"@type":"SearchAction","target":{"@type":"EntryPoint","urlTemplate":"https:\/\/abaa.mx\/tienda\/?s={search_term_string}"},"query-input":{"@type":"PropertyValueSpecification","valueRequired":true,"valueName":"search_term_string"}}],"inLanguage":"es"},{"@type":"Organization","@id":"https:\/\/abaa.mx\/tienda\/#organization","name":"Abaa tienda online","url":"https:\/\/abaa.mx\/tienda\/","logo":{"@type":"ImageObject","inLanguage":"es","@id":"https:\/\/abaa.mx\/tienda\/#\/schema\/logo\/image\/","url":"https:\/\/abaa.mx\/tienda\/wp-content\/uploads\/2024\/01\/abaa-metrologia-tienda.png","contentUrl":"https:\/\/abaa.mx\/tienda\/wp-content\/uploads\/2024\/01\/abaa-metrologia-tienda.png","width":300,"height":141,"caption":"Abaa tienda online"},"image":{"@id":"https:\/\/abaa.mx\/tienda\/#\/schema\/logo\/image\/"}}]}},"_links":{"self":[{"href":"https:\/\/abaa.mx\/tienda\/wp-json\/wp\/v2\/product\/1217","targetHints":{"allow":["GET"]}}],"collection":[{"href":"https:\/\/abaa.mx\/tienda\/wp-json\/wp\/v2\/product"}],"about":[{"href":"https:\/\/abaa.mx\/tienda\/wp-json\/wp\/v2\/types\/product"}],"replies":[{"embeddable":true,"href":"https:\/\/abaa.mx\/tienda\/wp-json\/wp\/v2\/comments?post=1217"}],"wp:featuredmedia":[{"embeddable":true,"href":"https:\/\/abaa.mx\/tienda\/wp-json\/wp\/v2\/media\/1271"}],"wp:attachment":[{"href":"https:\/\/abaa.mx\/tienda\/wp-json\/wp\/v2\/media?parent=1217"}],"wp:term":[{"taxonomy":"product_brand","embeddable":true,"href":"https:\/\/abaa.mx\/tienda\/wp-json\/wp\/v2\/product_brand?post=1217"},{"taxonomy":"product_cat","embeddable":true,"href":"https:\/\/abaa.mx\/tienda\/wp-json\/wp\/v2\/product_cat?post=1217"},{"taxonomy":"product_tag","embeddable":true,"href":"https:\/\/abaa.mx\/tienda\/wp-json\/wp\/v2\/product_tag?post=1217"}],"curies":[{"name":"wp","href":"https:\/\/api.w.org\/{rel}","templated":true}]}}