{"id":1212,"date":"2023-03-08T21:27:02","date_gmt":"2023-03-08T21:27:02","guid":{"rendered":"https:\/\/abaa.mx\/tienda\/?post_type=product&#038;p=1212"},"modified":"2023-11-21T20:01:02","modified_gmt":"2023-11-21T20:01:02","slug":"elitech-ecs-961neo-controlador-de-temperatura","status":"publish","type":"product","link":"https:\/\/abaa.mx\/tienda\/elitech-ecs-961neo-controlador-de-temperatura\/","title":{"rendered":"Elitech ECS-961neo controlador de temperatura"},"content":{"rendered":"<div id=\"shopify-section-template--16776426422531__e1c9b482-bcb0-4d59-8469-972d15ed19f9\" class=\"shopify-section rich-text--section pxu-lia-section--play\">\n<section class=\" rich-text--container rich-text-regular \">\n<div class=\"rich-text-block rich-text-alignment-left pxu-lia-block pxu-lia-block--play\">\n<div class=\"rich-text-content rte\" data-rte=\"\">\n<p>El controlador de temperatura Elitech ECS-961neo (ECS961neo) es un controlador de temperatura peque\u00f1o, de alta precisi\u00f3n y f\u00e1cil de operar, adecuado para el control de temperatura con salida de refrigeraci\u00f3n\/calefacci\u00f3n. Con medici\u00f3n de temperatura, visualizaci\u00f3n de temperatura, control de temperatura, correcci\u00f3n de temperatura, alarma de falla del sensor, descongelaci\u00f3n de apagado y otras funciones.<\/p>\n<p>La configuraci\u00f3n de par\u00e1metros de ECS-961 se divide en el men\u00fa de usuario y el men\u00fa de administrador. Si es una empresa de equipos, puede configurar los par\u00e1metros del men\u00fa del administrador. El usuario final solo configura el men\u00fa de par\u00e1metros del usuario, que es conveniente para que los usuarios operen. El men\u00fa del administrador tiene una funci\u00f3n de protecci\u00f3n de contrase\u00f1a para evitar que los usuarios hagan un mal uso de la configuraci\u00f3n.<\/p>\n<p>Tiene una funci\u00f3n Copycard, que es conveniente para configurar el mismo par\u00e1metro para una gran cantidad de controladores de temperatura. Si usted es una empresa de fabricaci\u00f3n de equipos o de servicio posventa, esto le ahorrar\u00e1 tiempo.<\/p>\n<p>El controlador de temperatura ECS-961neo de Elitech es adecuado para almacenamiento en fr\u00edo, congeladores, enfriadores, equipos de refrigeraci\u00f3n de consolas operativas y equipos de calefacci\u00f3n. Entrada de sensor unidireccional: sensor de sonda de temperatura.<br \/>\nSalida de control unidireccional: equipo de refrigeraci\u00f3n\/calefacci\u00f3n.<\/p>\n<p>&nbsp;<\/p>\n<\/div>\n<\/div>\n<\/section>\n<\/div>\n<div id=\"shopify-section-template--16776426422531__4a5e6335-ab5e-4009-a204-f8408eb2fc5f\" class=\"shopify-section rich-text--section pxu-lia-section--play\">\n<section class=\" rich-text--container rich-text-regular \">\n<div class=\"rich-text-block rich-text-alignment-left pxu-lia-block pxu-lia-block--play\">\n<div class=\"rich-text-content rte\" data-rte=\"\">\n<p><strong>Par\u00e1metro:<\/strong><\/p>\n<ul>\n<li>Tensi\u00f3n de funcionamiento: 220 V CA \u00b1 10 %; 50\/60 Hz.<\/li>\n<li>Consumo de energ\u00eda general: &lt;3W.<\/li>\n<li>Rango de medici\u00f3n de temperatura: -50 \u2103~99 \u2103.<\/li>\n<li>Rango de control de temperatura: -50 \u2103~99 \u2103.<\/li>\n<li>Precisi\u00f3n de medici\u00f3n de temperatura: \u00b11 \u2103(- 40 \u2103 ~ 50 \u2103 ), \u00b1. 2 \u2103 (51 \u2103 ~ 70 \u2103), Otros \u00b1 3 \u2103.<\/li>\n<li>Resoluci\u00f3n de pantalla: 0,1 \u2103\/1 \u2103.<\/li>\n<li>Tama\u00f1o del producto: 78,5 \u00d7 34,5 \u00d7 82 (mm).<\/li>\n<li>Dimensi\u00f3n de montaje: 71\u00d729 (mm).<\/li>\n<li>Corriente nominal del rel\u00e9 de salida (refrigeraci\u00f3n\/calefacci\u00f3n): 17A\/220VAC.<\/li>\n<\/ul>\n<p>&nbsp;<\/p>\n<p><strong>Caracter\u00edstica:<\/strong><\/p>\n<ul>\n<li>Salida de rel\u00e9 de refrigeraci\u00f3n: 17A\/240V.<\/li>\n<li>Funci\u00f3n de copia de tarjeta para configuraci\u00f3n r\u00e1pida de par\u00e1metros.<\/li>\n<li>Salida de refrigeraci\u00f3n o calefacci\u00f3n.<\/li>\n<\/ul>\n<p>&nbsp;<\/p>\n<p><strong>Aplicaci\u00f3n:<\/strong><\/p>\n<ul>\n<li>Almacenamiento en fr\u00edo.<\/li>\n<li>Congelador.<\/li>\n<li>Refrigerador.<\/li>\n<li>Refrigerador comercial.<\/li>\n<li>Equipo de calefacci\u00f3n.<\/li>\n<\/ul>\n<\/div>\n<\/div>\n<\/section>\n<\/div>\n","protected":false},"excerpt":{"rendered":"<p>La capacidad de trabajar con diferentes tipos de termopares permite adaptarse a diversas aplicaciones y requisitos de control de temperatura. Los modos de control vers\u00e1tiles y las funciones de alarma garantizan un control preciso y seguro del proceso.<\/p>\n","protected":false},"featured_media":9132,"comment_status":"open","ping_status":"closed","template":"","meta":{"_joinchat":[]},"product_brand":[],"product_cat":[62],"product_tag":[],"class_list":{"0":"post-1212","1":"product","2":"type-product","3":"status-publish","4":"has-post-thumbnail","6":"product_cat-controladores-de-temperatura","8":"first","9":"instock","10":"shipping-taxable","11":"product-type-simple"},"yoast_head":"<!-- This site is optimized with the Yoast SEO plugin v26.4 - https:\/\/yoast.com\/wordpress\/plugins\/seo\/ -->\n<title>Elitech ECS-961neo controlador de temperatura - Abaa tienda online<\/title>\n<meta name=\"description\" content=\"Elitech ECS-961neo controlador de temperatura\" \/>\n<meta name=\"robots\" content=\"index, follow, max-snippet:-1, max-image-preview:large, max-video-preview:-1\" \/>\n<link rel=\"canonical\" href=\"https:\/\/abaa.mx\/tienda\/elitech-ecs-961neo-controlador-de-temperatura\/\" \/>\n<meta property=\"og:locale\" content=\"es_MX\" \/>\n<meta property=\"og:type\" content=\"article\" \/>\n<meta property=\"og:title\" content=\"Elitech ECS-961neo controlador de temperatura - Abaa tienda online\" \/>\n<meta property=\"og:description\" content=\"Elitech ECS-961neo controlador de temperatura\" \/>\n<meta property=\"og:url\" content=\"https:\/\/abaa.mx\/tienda\/elitech-ecs-961neo-controlador-de-temperatura\/\" \/>\n<meta property=\"og:site_name\" content=\"Abaa tienda online\" \/>\n<meta property=\"article:modified_time\" content=\"2023-11-21T20:01:02+00:00\" \/>\n<meta property=\"og:image\" content=\"https:\/\/abaa.mx\/tienda\/wp-content\/uploads\/2023\/03\/Elitech-ECS-961neo.webp\" \/>\n\t<meta property=\"og:image:width\" content=\"1000\" \/>\n\t<meta property=\"og:image:height\" content=\"1000\" \/>\n\t<meta property=\"og:image:type\" content=\"image\/webp\" \/>\n<meta name=\"twitter:card\" content=\"summary_large_image\" \/>\n<meta name=\"twitter:label1\" content=\"Tiempo de lectura\" \/>\n\t<meta name=\"twitter:data1\" content=\"2 minutos\" \/>\n<script type=\"application\/ld+json\" class=\"yoast-schema-graph\">{\"@context\":\"https:\/\/schema.org\",\"@graph\":[{\"@type\":\"WebPage\",\"@id\":\"https:\/\/abaa.mx\/tienda\/elitech-ecs-961neo-controlador-de-temperatura\/\",\"url\":\"https:\/\/abaa.mx\/tienda\/elitech-ecs-961neo-controlador-de-temperatura\/\",\"name\":\"Elitech ECS-961neo controlador de temperatura - Abaa tienda online\",\"isPartOf\":{\"@id\":\"https:\/\/abaa.mx\/tienda\/#website\"},\"primaryImageOfPage\":{\"@id\":\"https:\/\/abaa.mx\/tienda\/elitech-ecs-961neo-controlador-de-temperatura\/#primaryimage\"},\"image\":{\"@id\":\"https:\/\/abaa.mx\/tienda\/elitech-ecs-961neo-controlador-de-temperatura\/#primaryimage\"},\"thumbnailUrl\":\"https:\/\/abaa.mx\/tienda\/wp-content\/uploads\/2023\/03\/Elitech-ECS-961neo.webp\",\"datePublished\":\"2023-03-08T21:27:02+00:00\",\"dateModified\":\"2023-11-21T20:01:02+00:00\",\"description\":\"Elitech ECS-961neo controlador de temperatura\",\"breadcrumb\":{\"@id\":\"https:\/\/abaa.mx\/tienda\/elitech-ecs-961neo-controlador-de-temperatura\/#breadcrumb\"},\"inLanguage\":\"es\",\"potentialAction\":[{\"@type\":\"ReadAction\",\"target\":[\"https:\/\/abaa.mx\/tienda\/elitech-ecs-961neo-controlador-de-temperatura\/\"]}]},{\"@type\":\"ImageObject\",\"inLanguage\":\"es\",\"@id\":\"https:\/\/abaa.mx\/tienda\/elitech-ecs-961neo-controlador-de-temperatura\/#primaryimage\",\"url\":\"https:\/\/abaa.mx\/tienda\/wp-content\/uploads\/2023\/03\/Elitech-ECS-961neo.webp\",\"contentUrl\":\"https:\/\/abaa.mx\/tienda\/wp-content\/uploads\/2023\/03\/Elitech-ECS-961neo.webp\",\"width\":1000,\"height\":1000,\"caption\":\"Elitech ECS-961neo\"},{\"@type\":\"BreadcrumbList\",\"@id\":\"https:\/\/abaa.mx\/tienda\/elitech-ecs-961neo-controlador-de-temperatura\/#breadcrumb\",\"itemListElement\":[{\"@type\":\"ListItem\",\"position\":1,\"name\":\"Inicio\",\"item\":\"https:\/\/abaa.mx\/tienda\/\"},{\"@type\":\"ListItem\",\"position\":2,\"name\":\"Tienda\",\"item\":\"https:\/\/abaa.mx\/tienda\/\"},{\"@type\":\"ListItem\",\"position\":3,\"name\":\"Elitech ECS-961neo controlador de temperatura\"}]},{\"@type\":\"WebSite\",\"@id\":\"https:\/\/abaa.mx\/tienda\/#website\",\"url\":\"https:\/\/abaa.mx\/tienda\/\",\"name\":\"Abaa tienda online\",\"description\":\"Instrumentos de medici\u00f3n\",\"publisher\":{\"@id\":\"https:\/\/abaa.mx\/tienda\/#organization\"},\"potentialAction\":[{\"@type\":\"SearchAction\",\"target\":{\"@type\":\"EntryPoint\",\"urlTemplate\":\"https:\/\/abaa.mx\/tienda\/?s={search_term_string}\"},\"query-input\":{\"@type\":\"PropertyValueSpecification\",\"valueRequired\":true,\"valueName\":\"search_term_string\"}}],\"inLanguage\":\"es\"},{\"@type\":\"Organization\",\"@id\":\"https:\/\/abaa.mx\/tienda\/#organization\",\"name\":\"Abaa tienda online\",\"url\":\"https:\/\/abaa.mx\/tienda\/\",\"logo\":{\"@type\":\"ImageObject\",\"inLanguage\":\"es\",\"@id\":\"https:\/\/abaa.mx\/tienda\/#\/schema\/logo\/image\/\",\"url\":\"https:\/\/abaa.mx\/tienda\/wp-content\/uploads\/2024\/01\/abaa-metrologia-tienda.png\",\"contentUrl\":\"https:\/\/abaa.mx\/tienda\/wp-content\/uploads\/2024\/01\/abaa-metrologia-tienda.png\",\"width\":300,\"height\":141,\"caption\":\"Abaa tienda online\"},\"image\":{\"@id\":\"https:\/\/abaa.mx\/tienda\/#\/schema\/logo\/image\/\"}}]}<\/script>\n<!-- \/ Yoast SEO plugin. -->","yoast_head_json":{"title":"Elitech ECS-961neo controlador de temperatura - Abaa tienda online","description":"Elitech ECS-961neo controlador de temperatura","robots":{"index":"index","follow":"follow","max-snippet":"max-snippet:-1","max-image-preview":"max-image-preview:large","max-video-preview":"max-video-preview:-1"},"canonical":"https:\/\/abaa.mx\/tienda\/elitech-ecs-961neo-controlador-de-temperatura\/","og_locale":"es_MX","og_type":"article","og_title":"Elitech ECS-961neo controlador de temperatura - Abaa tienda online","og_description":"Elitech ECS-961neo controlador de temperatura","og_url":"https:\/\/abaa.mx\/tienda\/elitech-ecs-961neo-controlador-de-temperatura\/","og_site_name":"Abaa tienda online","article_modified_time":"2023-11-21T20:01:02+00:00","og_image":[{"width":1000,"height":1000,"url":"https:\/\/abaa.mx\/tienda\/wp-content\/uploads\/2023\/03\/Elitech-ECS-961neo.webp","type":"image\/webp"}],"twitter_card":"summary_large_image","twitter_misc":{"Tiempo de lectura":"2 minutos"},"schema":{"@context":"https:\/\/schema.org","@graph":[{"@type":"WebPage","@id":"https:\/\/abaa.mx\/tienda\/elitech-ecs-961neo-controlador-de-temperatura\/","url":"https:\/\/abaa.mx\/tienda\/elitech-ecs-961neo-controlador-de-temperatura\/","name":"Elitech ECS-961neo controlador de temperatura - Abaa tienda online","isPartOf":{"@id":"https:\/\/abaa.mx\/tienda\/#website"},"primaryImageOfPage":{"@id":"https:\/\/abaa.mx\/tienda\/elitech-ecs-961neo-controlador-de-temperatura\/#primaryimage"},"image":{"@id":"https:\/\/abaa.mx\/tienda\/elitech-ecs-961neo-controlador-de-temperatura\/#primaryimage"},"thumbnailUrl":"https:\/\/abaa.mx\/tienda\/wp-content\/uploads\/2023\/03\/Elitech-ECS-961neo.webp","datePublished":"2023-03-08T21:27:02+00:00","dateModified":"2023-11-21T20:01:02+00:00","description":"Elitech ECS-961neo controlador de temperatura","breadcrumb":{"@id":"https:\/\/abaa.mx\/tienda\/elitech-ecs-961neo-controlador-de-temperatura\/#breadcrumb"},"inLanguage":"es","potentialAction":[{"@type":"ReadAction","target":["https:\/\/abaa.mx\/tienda\/elitech-ecs-961neo-controlador-de-temperatura\/"]}]},{"@type":"ImageObject","inLanguage":"es","@id":"https:\/\/abaa.mx\/tienda\/elitech-ecs-961neo-controlador-de-temperatura\/#primaryimage","url":"https:\/\/abaa.mx\/tienda\/wp-content\/uploads\/2023\/03\/Elitech-ECS-961neo.webp","contentUrl":"https:\/\/abaa.mx\/tienda\/wp-content\/uploads\/2023\/03\/Elitech-ECS-961neo.webp","width":1000,"height":1000,"caption":"Elitech ECS-961neo"},{"@type":"BreadcrumbList","@id":"https:\/\/abaa.mx\/tienda\/elitech-ecs-961neo-controlador-de-temperatura\/#breadcrumb","itemListElement":[{"@type":"ListItem","position":1,"name":"Inicio","item":"https:\/\/abaa.mx\/tienda\/"},{"@type":"ListItem","position":2,"name":"Tienda","item":"https:\/\/abaa.mx\/tienda\/"},{"@type":"ListItem","position":3,"name":"Elitech ECS-961neo controlador de temperatura"}]},{"@type":"WebSite","@id":"https:\/\/abaa.mx\/tienda\/#website","url":"https:\/\/abaa.mx\/tienda\/","name":"Abaa tienda online","description":"Instrumentos de medici\u00f3n","publisher":{"@id":"https:\/\/abaa.mx\/tienda\/#organization"},"potentialAction":[{"@type":"SearchAction","target":{"@type":"EntryPoint","urlTemplate":"https:\/\/abaa.mx\/tienda\/?s={search_term_string}"},"query-input":{"@type":"PropertyValueSpecification","valueRequired":true,"valueName":"search_term_string"}}],"inLanguage":"es"},{"@type":"Organization","@id":"https:\/\/abaa.mx\/tienda\/#organization","name":"Abaa tienda online","url":"https:\/\/abaa.mx\/tienda\/","logo":{"@type":"ImageObject","inLanguage":"es","@id":"https:\/\/abaa.mx\/tienda\/#\/schema\/logo\/image\/","url":"https:\/\/abaa.mx\/tienda\/wp-content\/uploads\/2024\/01\/abaa-metrologia-tienda.png","contentUrl":"https:\/\/abaa.mx\/tienda\/wp-content\/uploads\/2024\/01\/abaa-metrologia-tienda.png","width":300,"height":141,"caption":"Abaa tienda online"},"image":{"@id":"https:\/\/abaa.mx\/tienda\/#\/schema\/logo\/image\/"}}]}},"_links":{"self":[{"href":"https:\/\/abaa.mx\/tienda\/wp-json\/wp\/v2\/product\/1212","targetHints":{"allow":["GET"]}}],"collection":[{"href":"https:\/\/abaa.mx\/tienda\/wp-json\/wp\/v2\/product"}],"about":[{"href":"https:\/\/abaa.mx\/tienda\/wp-json\/wp\/v2\/types\/product"}],"replies":[{"embeddable":true,"href":"https:\/\/abaa.mx\/tienda\/wp-json\/wp\/v2\/comments?post=1212"}],"wp:featuredmedia":[{"embeddable":true,"href":"https:\/\/abaa.mx\/tienda\/wp-json\/wp\/v2\/media\/9132"}],"wp:attachment":[{"href":"https:\/\/abaa.mx\/tienda\/wp-json\/wp\/v2\/media?parent=1212"}],"wp:term":[{"taxonomy":"product_brand","embeddable":true,"href":"https:\/\/abaa.mx\/tienda\/wp-json\/wp\/v2\/product_brand?post=1212"},{"taxonomy":"product_cat","embeddable":true,"href":"https:\/\/abaa.mx\/tienda\/wp-json\/wp\/v2\/product_cat?post=1212"},{"taxonomy":"product_tag","embeddable":true,"href":"https:\/\/abaa.mx\/tienda\/wp-json\/wp\/v2\/product_tag?post=1212"}],"curies":[{"name":"wp","href":"https:\/\/api.w.org\/{rel}","templated":true}]}}