{"id":1208,"date":"2023-03-08T21:05:49","date_gmt":"2023-03-08T21:05:49","guid":{"rendered":"https:\/\/abaa.mx\/tienda\/?post_type=product&#038;p=1208"},"modified":"2023-11-22T14:29:29","modified_gmt":"2023-11-22T14:29:29","slug":"elitech-gsp-6-registrador-de-datos-de-temperatura-y-humedad","status":"publish","type":"product","link":"https:\/\/abaa.mx\/tienda\/elitech-gsp-6-registrador-de-datos-de-temperatura-y-humedad\/","title":{"rendered":"Elitech GSP-6 Registrador de datos de temperatura y humedad"},"content":{"rendered":"<p>El registrador de datos Elitech GPS6 se utiliza principalmente para registrar la temperatura y la humedad de alimentos, productos farmac\u00e9uticos y qu\u00edmicos, etc. Es ampliamente aplicable a cada eslab\u00f3n en almacenamiento y log\u00edstica de cadena de fr\u00edo, como contenedores refrigerados, camiones refrigeradores, bolsas refrigeradoras, gabinetes de coo, gabinetes de medicamentos, almacenamiento en fr\u00edo, laboratorios, etc.<\/p>\n<p>Este registrador de datos cumple con el est\u00e1ndar GSP de la nueva edici\u00f3n. Tiene una gran pantalla LCD, un bot\u00f3n, un sensor de temperatura externo y un sensor de humedad externo.<br \/>\nCon dos modos para guardar datos: parada de grabaci\u00f3n completa y registro c\u00edclico, el registrador de datos tiene la funci\u00f3n de alarma de luz de sonido de l\u00edmite excesivo. Tambi\u00e9n puede acortar autom\u00e1ticamente el registro, intervalo en caso de exceso de temperatura y l\u00edmite de humedad. Dos piezas de imanes integrados son convenientes para fijar el registrador de datos en la superficie del material met\u00e1lico.<\/p>\n<p>&nbsp;<\/p>\n<p><strong>Par\u00e1metros:<\/strong><\/p>\n<ul>\n<li>Rango de medici\u00f3n de temperatura: -40 \u2103 ~ 85 \u2103.<\/li>\n<li>Precisi\u00f3n de temperatura: \u00b10.5\u2103(-20\u2103~40\u2103; \u00b10.1\u2103(otro).<\/li>\n<li>Rango de humedad: 10% ~ 99%.<\/li>\n<li>Precisi\u00f3n de humedad: \u00b13% HR (25\u2103, 20%~90%RH); \u00b15%HR (otro).<\/li>\n<li>Resoluci\u00f3n: temperatura 0.1 \u2103, humedad 0.1 % HR.<\/li>\n<li>Capacidad de registro: 16000 puntos (m\u00e1x.).<\/li>\n<li>Intervalo de registro: 10 segundos ~ 24 horas configurado continuamente.<\/li>\n<li>Interfaz de datos: USB.<\/li>\n<li>Fuente de alimentaci\u00f3n: bater\u00eda de litio de 3,6 V sigle o alimentada a trav\u00e9s de USB.<\/li>\n<li>Duraci\u00f3n de la bater\u00eda: dos a\u00f1os a temperatura ambiente con intervalo de registro de 15 minutos y alarma de timbre desactivada.<\/li>\n<li>Temperatura ambiente: -30 \u2103 ~ 70 \u2103. En entornos de baja temperatura, la pantalla LCD muestra un registro normal pero un poco lento. Mostrar\u00e1 los datos normalmente cuando la temperatura ambiente vuelva a la normalidad.<\/li>\n<\/ul>\n","protected":false},"excerpt":{"rendered":"<p>El registrador de datos Elitech GPS6 se utiliza principalmente para registrar la temperatura y la humedad de alimentos, productos farmac\u00e9uticos y qu\u00edmicos, etc.<\/p>\n","protected":false},"featured_media":1209,"comment_status":"open","ping_status":"closed","template":"","meta":{"_joinchat":[]},"product_brand":[],"product_cat":[79],"product_tag":[],"class_list":{"0":"post-1208","1":"product","2":"type-product","3":"status-publish","4":"has-post-thumbnail","6":"product_cat-datalogger","8":"first","9":"instock","10":"shipping-taxable","11":"product-type-simple"},"yoast_head":"<!-- This site is optimized with the Yoast SEO plugin v26.4 - https:\/\/yoast.com\/wordpress\/plugins\/seo\/ -->\n<title>Elitech GSP-6 Registrador de datos de temperatura y humedad - Abaa tienda online<\/title>\n<meta name=\"description\" content=\"Elitech GSP-6G Datalogger\" \/>\n<meta name=\"robots\" content=\"index, follow, max-snippet:-1, max-image-preview:large, max-video-preview:-1\" \/>\n<link rel=\"canonical\" href=\"https:\/\/abaa.mx\/tienda\/elitech-gsp-6-registrador-de-datos-de-temperatura-y-humedad\/\" \/>\n<meta property=\"og:locale\" content=\"es_MX\" \/>\n<meta property=\"og:type\" content=\"article\" \/>\n<meta property=\"og:title\" content=\"Elitech GSP-6 Registrador de datos de temperatura y humedad - Abaa tienda online\" \/>\n<meta property=\"og:description\" content=\"Elitech GSP-6G Datalogger\" \/>\n<meta property=\"og:url\" content=\"https:\/\/abaa.mx\/tienda\/elitech-gsp-6-registrador-de-datos-de-temperatura-y-humedad\/\" \/>\n<meta property=\"og:site_name\" content=\"Abaa tienda online\" \/>\n<meta property=\"article:modified_time\" content=\"2023-11-22T14:29:29+00:00\" \/>\n<meta property=\"og:image\" content=\"https:\/\/abaa.mx\/tienda\/wp-content\/uploads\/2023\/03\/datalogger-elitech-gsp-6g.jpeg\" \/>\n\t<meta property=\"og:image:width\" content=\"1000\" \/>\n\t<meta property=\"og:image:height\" content=\"1000\" \/>\n\t<meta property=\"og:image:type\" content=\"image\/jpeg\" \/>\n<meta name=\"twitter:card\" content=\"summary_large_image\" \/>\n<meta name=\"twitter:label1\" content=\"Tiempo de lectura\" \/>\n\t<meta name=\"twitter:data1\" content=\"2 minutos\" \/>\n<script type=\"application\/ld+json\" class=\"yoast-schema-graph\">{\"@context\":\"https:\/\/schema.org\",\"@graph\":[{\"@type\":\"WebPage\",\"@id\":\"https:\/\/abaa.mx\/tienda\/elitech-gsp-6-registrador-de-datos-de-temperatura-y-humedad\/\",\"url\":\"https:\/\/abaa.mx\/tienda\/elitech-gsp-6-registrador-de-datos-de-temperatura-y-humedad\/\",\"name\":\"Elitech GSP-6 Registrador de datos de temperatura y humedad - Abaa tienda online\",\"isPartOf\":{\"@id\":\"https:\/\/abaa.mx\/tienda\/#website\"},\"primaryImageOfPage\":{\"@id\":\"https:\/\/abaa.mx\/tienda\/elitech-gsp-6-registrador-de-datos-de-temperatura-y-humedad\/#primaryimage\"},\"image\":{\"@id\":\"https:\/\/abaa.mx\/tienda\/elitech-gsp-6-registrador-de-datos-de-temperatura-y-humedad\/#primaryimage\"},\"thumbnailUrl\":\"https:\/\/abaa.mx\/tienda\/wp-content\/uploads\/2023\/03\/datalogger-elitech-gsp-6g.jpeg\",\"datePublished\":\"2023-03-08T21:05:49+00:00\",\"dateModified\":\"2023-11-22T14:29:29+00:00\",\"description\":\"Elitech GSP-6G Datalogger\",\"breadcrumb\":{\"@id\":\"https:\/\/abaa.mx\/tienda\/elitech-gsp-6-registrador-de-datos-de-temperatura-y-humedad\/#breadcrumb\"},\"inLanguage\":\"es\",\"potentialAction\":[{\"@type\":\"ReadAction\",\"target\":[\"https:\/\/abaa.mx\/tienda\/elitech-gsp-6-registrador-de-datos-de-temperatura-y-humedad\/\"]}]},{\"@type\":\"ImageObject\",\"inLanguage\":\"es\",\"@id\":\"https:\/\/abaa.mx\/tienda\/elitech-gsp-6-registrador-de-datos-de-temperatura-y-humedad\/#primaryimage\",\"url\":\"https:\/\/abaa.mx\/tienda\/wp-content\/uploads\/2023\/03\/datalogger-elitech-gsp-6g.jpeg\",\"contentUrl\":\"https:\/\/abaa.mx\/tienda\/wp-content\/uploads\/2023\/03\/datalogger-elitech-gsp-6g.jpeg\",\"width\":1000,\"height\":1000,\"caption\":\"Elitech GSP-6G\"},{\"@type\":\"BreadcrumbList\",\"@id\":\"https:\/\/abaa.mx\/tienda\/elitech-gsp-6-registrador-de-datos-de-temperatura-y-humedad\/#breadcrumb\",\"itemListElement\":[{\"@type\":\"ListItem\",\"position\":1,\"name\":\"Inicio\",\"item\":\"https:\/\/abaa.mx\/tienda\/\"},{\"@type\":\"ListItem\",\"position\":2,\"name\":\"Tienda\",\"item\":\"https:\/\/abaa.mx\/tienda\/\"},{\"@type\":\"ListItem\",\"position\":3,\"name\":\"Elitech GSP-6 Registrador de datos de temperatura y humedad\"}]},{\"@type\":\"WebSite\",\"@id\":\"https:\/\/abaa.mx\/tienda\/#website\",\"url\":\"https:\/\/abaa.mx\/tienda\/\",\"name\":\"Abaa tienda online\",\"description\":\"Instrumentos de medici\u00f3n\",\"publisher\":{\"@id\":\"https:\/\/abaa.mx\/tienda\/#organization\"},\"potentialAction\":[{\"@type\":\"SearchAction\",\"target\":{\"@type\":\"EntryPoint\",\"urlTemplate\":\"https:\/\/abaa.mx\/tienda\/?s={search_term_string}\"},\"query-input\":{\"@type\":\"PropertyValueSpecification\",\"valueRequired\":true,\"valueName\":\"search_term_string\"}}],\"inLanguage\":\"es\"},{\"@type\":\"Organization\",\"@id\":\"https:\/\/abaa.mx\/tienda\/#organization\",\"name\":\"Abaa tienda online\",\"url\":\"https:\/\/abaa.mx\/tienda\/\",\"logo\":{\"@type\":\"ImageObject\",\"inLanguage\":\"es\",\"@id\":\"https:\/\/abaa.mx\/tienda\/#\/schema\/logo\/image\/\",\"url\":\"https:\/\/abaa.mx\/tienda\/wp-content\/uploads\/2024\/01\/abaa-metrologia-tienda.png\",\"contentUrl\":\"https:\/\/abaa.mx\/tienda\/wp-content\/uploads\/2024\/01\/abaa-metrologia-tienda.png\",\"width\":300,\"height\":141,\"caption\":\"Abaa tienda online\"},\"image\":{\"@id\":\"https:\/\/abaa.mx\/tienda\/#\/schema\/logo\/image\/\"}}]}<\/script>\n<!-- \/ Yoast SEO plugin. -->","yoast_head_json":{"title":"Elitech GSP-6 Registrador de datos de temperatura y humedad - Abaa tienda online","description":"Elitech GSP-6G Datalogger","robots":{"index":"index","follow":"follow","max-snippet":"max-snippet:-1","max-image-preview":"max-image-preview:large","max-video-preview":"max-video-preview:-1"},"canonical":"https:\/\/abaa.mx\/tienda\/elitech-gsp-6-registrador-de-datos-de-temperatura-y-humedad\/","og_locale":"es_MX","og_type":"article","og_title":"Elitech GSP-6 Registrador de datos de temperatura y humedad - Abaa tienda online","og_description":"Elitech GSP-6G Datalogger","og_url":"https:\/\/abaa.mx\/tienda\/elitech-gsp-6-registrador-de-datos-de-temperatura-y-humedad\/","og_site_name":"Abaa tienda online","article_modified_time":"2023-11-22T14:29:29+00:00","og_image":[{"width":1000,"height":1000,"url":"https:\/\/abaa.mx\/tienda\/wp-content\/uploads\/2023\/03\/datalogger-elitech-gsp-6g.jpeg","type":"image\/jpeg"}],"twitter_card":"summary_large_image","twitter_misc":{"Tiempo de lectura":"2 minutos"},"schema":{"@context":"https:\/\/schema.org","@graph":[{"@type":"WebPage","@id":"https:\/\/abaa.mx\/tienda\/elitech-gsp-6-registrador-de-datos-de-temperatura-y-humedad\/","url":"https:\/\/abaa.mx\/tienda\/elitech-gsp-6-registrador-de-datos-de-temperatura-y-humedad\/","name":"Elitech GSP-6 Registrador de datos de temperatura y humedad - Abaa tienda online","isPartOf":{"@id":"https:\/\/abaa.mx\/tienda\/#website"},"primaryImageOfPage":{"@id":"https:\/\/abaa.mx\/tienda\/elitech-gsp-6-registrador-de-datos-de-temperatura-y-humedad\/#primaryimage"},"image":{"@id":"https:\/\/abaa.mx\/tienda\/elitech-gsp-6-registrador-de-datos-de-temperatura-y-humedad\/#primaryimage"},"thumbnailUrl":"https:\/\/abaa.mx\/tienda\/wp-content\/uploads\/2023\/03\/datalogger-elitech-gsp-6g.jpeg","datePublished":"2023-03-08T21:05:49+00:00","dateModified":"2023-11-22T14:29:29+00:00","description":"Elitech GSP-6G Datalogger","breadcrumb":{"@id":"https:\/\/abaa.mx\/tienda\/elitech-gsp-6-registrador-de-datos-de-temperatura-y-humedad\/#breadcrumb"},"inLanguage":"es","potentialAction":[{"@type":"ReadAction","target":["https:\/\/abaa.mx\/tienda\/elitech-gsp-6-registrador-de-datos-de-temperatura-y-humedad\/"]}]},{"@type":"ImageObject","inLanguage":"es","@id":"https:\/\/abaa.mx\/tienda\/elitech-gsp-6-registrador-de-datos-de-temperatura-y-humedad\/#primaryimage","url":"https:\/\/abaa.mx\/tienda\/wp-content\/uploads\/2023\/03\/datalogger-elitech-gsp-6g.jpeg","contentUrl":"https:\/\/abaa.mx\/tienda\/wp-content\/uploads\/2023\/03\/datalogger-elitech-gsp-6g.jpeg","width":1000,"height":1000,"caption":"Elitech GSP-6G"},{"@type":"BreadcrumbList","@id":"https:\/\/abaa.mx\/tienda\/elitech-gsp-6-registrador-de-datos-de-temperatura-y-humedad\/#breadcrumb","itemListElement":[{"@type":"ListItem","position":1,"name":"Inicio","item":"https:\/\/abaa.mx\/tienda\/"},{"@type":"ListItem","position":2,"name":"Tienda","item":"https:\/\/abaa.mx\/tienda\/"},{"@type":"ListItem","position":3,"name":"Elitech GSP-6 Registrador de datos de temperatura y humedad"}]},{"@type":"WebSite","@id":"https:\/\/abaa.mx\/tienda\/#website","url":"https:\/\/abaa.mx\/tienda\/","name":"Abaa tienda online","description":"Instrumentos de medici\u00f3n","publisher":{"@id":"https:\/\/abaa.mx\/tienda\/#organization"},"potentialAction":[{"@type":"SearchAction","target":{"@type":"EntryPoint","urlTemplate":"https:\/\/abaa.mx\/tienda\/?s={search_term_string}"},"query-input":{"@type":"PropertyValueSpecification","valueRequired":true,"valueName":"search_term_string"}}],"inLanguage":"es"},{"@type":"Organization","@id":"https:\/\/abaa.mx\/tienda\/#organization","name":"Abaa tienda online","url":"https:\/\/abaa.mx\/tienda\/","logo":{"@type":"ImageObject","inLanguage":"es","@id":"https:\/\/abaa.mx\/tienda\/#\/schema\/logo\/image\/","url":"https:\/\/abaa.mx\/tienda\/wp-content\/uploads\/2024\/01\/abaa-metrologia-tienda.png","contentUrl":"https:\/\/abaa.mx\/tienda\/wp-content\/uploads\/2024\/01\/abaa-metrologia-tienda.png","width":300,"height":141,"caption":"Abaa tienda online"},"image":{"@id":"https:\/\/abaa.mx\/tienda\/#\/schema\/logo\/image\/"}}]}},"_links":{"self":[{"href":"https:\/\/abaa.mx\/tienda\/wp-json\/wp\/v2\/product\/1208","targetHints":{"allow":["GET"]}}],"collection":[{"href":"https:\/\/abaa.mx\/tienda\/wp-json\/wp\/v2\/product"}],"about":[{"href":"https:\/\/abaa.mx\/tienda\/wp-json\/wp\/v2\/types\/product"}],"replies":[{"embeddable":true,"href":"https:\/\/abaa.mx\/tienda\/wp-json\/wp\/v2\/comments?post=1208"}],"wp:featuredmedia":[{"embeddable":true,"href":"https:\/\/abaa.mx\/tienda\/wp-json\/wp\/v2\/media\/1209"}],"wp:attachment":[{"href":"https:\/\/abaa.mx\/tienda\/wp-json\/wp\/v2\/media?parent=1208"}],"wp:term":[{"taxonomy":"product_brand","embeddable":true,"href":"https:\/\/abaa.mx\/tienda\/wp-json\/wp\/v2\/product_brand?post=1208"},{"taxonomy":"product_cat","embeddable":true,"href":"https:\/\/abaa.mx\/tienda\/wp-json\/wp\/v2\/product_cat?post=1208"},{"taxonomy":"product_tag","embeddable":true,"href":"https:\/\/abaa.mx\/tienda\/wp-json\/wp\/v2\/product_tag?post=1208"}],"curies":[{"name":"wp","href":"https:\/\/api.w.org\/{rel}","templated":true}]}}