{"id":1202,"date":"2023-03-08T20:27:56","date_gmt":"2023-03-08T20:27:56","guid":{"rendered":"https:\/\/abaa.mx\/tienda\/?post_type=product&#038;p=1202"},"modified":"2023-03-08T20:27:56","modified_gmt":"2023-03-08T20:27:56","slug":"termohigrometro-steren-ter-150","status":"publish","type":"product","link":"https:\/\/abaa.mx\/tienda\/termohigrometro-steren-ter-150\/","title":{"rendered":"TERMOHIGROMETRO STEREN TER-150"},"content":{"rendered":"<p>CARACTER\u00cdSTICAS GENERALES:<\/p>\n<ul>\n<li>Marca: Steren<\/li>\n<li>Modelo: TER-150<\/li>\n<li>Tipo: Termohigr\u00f3metro digital<\/li>\n<li>Rango de temperatura: -10\u00b0C a 60\u00b0C (14\u00b0F a 140\u00b0F)<\/li>\n<li>Rango de humedad relativa: 10% a 99% HR<\/li>\n<li>Precisi\u00f3n de la temperatura: \u00b11\u00b0C (\u00b11.8\u00b0F)<\/li>\n<li>Precisi\u00f3n de la humedad relativa: \u00b15% HR<\/li>\n<li>Resoluci\u00f3n de la temperatura: 0.1\u00b0C (0.1\u00b0F)<\/li>\n<li>Resoluci\u00f3n de la humedad relativa: 1% HR<\/li>\n<li>Funci\u00f3n de lectura m\u00ednima\/m\u00e1xima: S\u00ed<\/li>\n<li>Funci\u00f3n de retenci\u00f3n de datos: S\u00ed<\/li>\n<li>Funci\u00f3n de apagado autom\u00e1tico: S\u00ed<\/li>\n<li>Alimentaci\u00f3n: 1 bater\u00eda de litio CR2032 (incluida)<\/li>\n<\/ul>\n<p>CARACTER\u00cdSTICAS F\u00cdSICAS:<\/p>\n<ul>\n<li>Dimensiones: 58 x 37 x 14 mm<\/li>\n<li>Peso: 22 g<\/li>\n<li>Pantalla: LCD de 3 d\u00edgitos<\/li>\n<li>Conexi\u00f3n: No aplica<\/li>\n<li>Certificaciones: CE, RoHS<\/li>\n<\/ul>\n<p>CARACTER\u00cdSTICAS ESPECIALES:<\/p>\n<ul>\n<li>Indicador de bater\u00eda baja: S\u00ed<\/li>\n<li>Selecci\u00f3n de unidades de medida: \u00b0C o \u00b0F para la temperatura, % o HR para la humedad relativa<\/li>\n<li>Dise\u00f1o compacto y port\u00e1til: permite llevarlo a cualquier lugar y utilizarlo en diversos ambientes.<\/li>\n<li>F\u00e1cil de usar: con s\u00f3lo presionar un bot\u00f3n se puede acceder a todas las funciones.<\/li>\n<\/ul>\n<p>CONTENIDO DEL PAQUETE:<\/p>\n<ul>\n<li>Termohigr\u00f3metro Steren TER-150<\/li>\n<li>1 bater\u00eda de litio CR2032<\/li>\n<li>Manual de usuario<\/li>\n<\/ul>\n<p>APLICACIONES: El termohigr\u00f3metro Steren TER-150 es un instrumento de medici\u00f3n de bajo costo y alta precisi\u00f3n, ideal para el monitoreo de la temperatura y la humedad relativa en interiores, en lugares como hogares, oficinas, salones de clases, entre otros. Tambi\u00e9n puede ser utilizado en \u00e1reas de producci\u00f3n y almacenamiento de alimentos, medicamentos y productos electr\u00f3nicos, as\u00ed como en procesos de fabricaci\u00f3n de materiales sensibles a la humedad. Su dise\u00f1o compacto y port\u00e1til lo hace ideal para llevarlo a cualquier lugar y su facilidad de uso lo hace apto para cualquier persona, ya sea en entornos dom\u00e9sticos o profesionales.<\/p>\n","protected":false},"excerpt":{"rendered":"<h3>CARACTERISTICAS TERMOHIGROMETRO STEREN TER-150<\/h3>\n<p>El termohigr\u00f3metro Steren TER-150 es un instrumento de medici\u00f3n de bajo costo y alta precisi\u00f3n, ideal para el monitoreo de la temperatura y la humedad relativa en interiores, en lugares como hogares, oficinas, salones de clases, entre otros. Tambi\u00e9n puede ser utilizado en \u00e1reas de producci\u00f3n y almacenamiento de alimentos, medicamentos y productos electr\u00f3nicos, as\u00ed como en procesos de fabricaci\u00f3n de materiales sensibles a la humedad. Su dise\u00f1o compacto y port\u00e1til lo hace ideal para llevarlo a cualquier lugar y su facilidad de uso lo hace apto para cualquier persona, ya sea en entornos dom\u00e9sticos o profesionales.<\/p>\n","protected":false},"featured_media":1203,"comment_status":"open","ping_status":"closed","template":"","meta":{"_joinchat":[]},"product_brand":[],"product_cat":[58],"product_tag":[],"class_list":{"0":"post-1202","1":"product","2":"type-product","3":"status-publish","4":"has-post-thumbnail","6":"product_cat-termohigrometros","8":"first","9":"instock","10":"shipping-taxable","11":"product-type-simple"},"yoast_head":"<!-- This site is optimized with the Yoast SEO plugin v26.4 - https:\/\/yoast.com\/wordpress\/plugins\/seo\/ -->\n<title>TERMOHIGROMETRO STEREN TER-150 - Abaa tienda online<\/title>\n<meta name=\"description\" content=\"TERMOHIGROMETRO STEREN TER-150 equipo de precio accesible listo para usarse, cuenta con certificado de calibracion valido ema cofepris\" \/>\n<meta name=\"robots\" content=\"index, follow, max-snippet:-1, max-image-preview:large, max-video-preview:-1\" \/>\n<link rel=\"canonical\" href=\"https:\/\/abaa.mx\/tienda\/termohigrometro-steren-ter-150\/\" \/>\n<meta property=\"og:locale\" content=\"es_MX\" \/>\n<meta property=\"og:type\" content=\"article\" \/>\n<meta property=\"og:title\" content=\"TERMOHIGROMETRO STEREN TER-150 - Abaa tienda online\" \/>\n<meta property=\"og:description\" content=\"TERMOHIGROMETRO STEREN TER-150 equipo de precio accesible listo para usarse, cuenta con certificado de calibracion valido ema cofepris\" \/>\n<meta property=\"og:url\" content=\"https:\/\/abaa.mx\/tienda\/termohigrometro-steren-ter-150\/\" \/>\n<meta property=\"og:site_name\" content=\"Abaa tienda online\" \/>\n<meta property=\"og:image\" content=\"https:\/\/abaa.mx\/tienda\/wp-content\/uploads\/2023\/03\/termohigrometro-steren-ter-150.jpg\" \/>\n\t<meta property=\"og:image:width\" content=\"560\" \/>\n\t<meta property=\"og:image:height\" content=\"560\" \/>\n\t<meta property=\"og:image:type\" content=\"image\/jpeg\" \/>\n<meta name=\"twitter:card\" content=\"summary_large_image\" \/>\n<meta name=\"twitter:label1\" content=\"Tiempo de lectura\" \/>\n\t<meta name=\"twitter:data1\" content=\"1 minuto\" \/>\n<script type=\"application\/ld+json\" class=\"yoast-schema-graph\">{\"@context\":\"https:\/\/schema.org\",\"@graph\":[{\"@type\":\"WebPage\",\"@id\":\"https:\/\/abaa.mx\/tienda\/termohigrometro-steren-ter-150\/\",\"url\":\"https:\/\/abaa.mx\/tienda\/termohigrometro-steren-ter-150\/\",\"name\":\"TERMOHIGROMETRO STEREN TER-150 - Abaa tienda online\",\"isPartOf\":{\"@id\":\"https:\/\/abaa.mx\/tienda\/#website\"},\"primaryImageOfPage\":{\"@id\":\"https:\/\/abaa.mx\/tienda\/termohigrometro-steren-ter-150\/#primaryimage\"},\"image\":{\"@id\":\"https:\/\/abaa.mx\/tienda\/termohigrometro-steren-ter-150\/#primaryimage\"},\"thumbnailUrl\":\"https:\/\/abaa.mx\/tienda\/wp-content\/uploads\/2023\/03\/termohigrometro-steren-ter-150.jpg\",\"datePublished\":\"2023-03-08T20:27:56+00:00\",\"description\":\"TERMOHIGROMETRO STEREN TER-150 equipo de precio accesible listo para usarse, cuenta con certificado de calibracion valido ema cofepris\",\"breadcrumb\":{\"@id\":\"https:\/\/abaa.mx\/tienda\/termohigrometro-steren-ter-150\/#breadcrumb\"},\"inLanguage\":\"es\",\"potentialAction\":[{\"@type\":\"ReadAction\",\"target\":[\"https:\/\/abaa.mx\/tienda\/termohigrometro-steren-ter-150\/\"]}]},{\"@type\":\"ImageObject\",\"inLanguage\":\"es\",\"@id\":\"https:\/\/abaa.mx\/tienda\/termohigrometro-steren-ter-150\/#primaryimage\",\"url\":\"https:\/\/abaa.mx\/tienda\/wp-content\/uploads\/2023\/03\/termohigrometro-steren-ter-150.jpg\",\"contentUrl\":\"https:\/\/abaa.mx\/tienda\/wp-content\/uploads\/2023\/03\/termohigrometro-steren-ter-150.jpg\",\"width\":560,\"height\":560,\"caption\":\"TERMOHIGROMETRO STEREN TER-150\"},{\"@type\":\"BreadcrumbList\",\"@id\":\"https:\/\/abaa.mx\/tienda\/termohigrometro-steren-ter-150\/#breadcrumb\",\"itemListElement\":[{\"@type\":\"ListItem\",\"position\":1,\"name\":\"Inicio\",\"item\":\"https:\/\/abaa.mx\/tienda\/\"},{\"@type\":\"ListItem\",\"position\":2,\"name\":\"Tienda\",\"item\":\"https:\/\/abaa.mx\/tienda\/\"},{\"@type\":\"ListItem\",\"position\":3,\"name\":\"TERMOHIGROMETRO STEREN TER-150\"}]},{\"@type\":\"WebSite\",\"@id\":\"https:\/\/abaa.mx\/tienda\/#website\",\"url\":\"https:\/\/abaa.mx\/tienda\/\",\"name\":\"Abaa tienda online\",\"description\":\"Instrumentos de medici\u00f3n\",\"publisher\":{\"@id\":\"https:\/\/abaa.mx\/tienda\/#organization\"},\"potentialAction\":[{\"@type\":\"SearchAction\",\"target\":{\"@type\":\"EntryPoint\",\"urlTemplate\":\"https:\/\/abaa.mx\/tienda\/?s={search_term_string}\"},\"query-input\":{\"@type\":\"PropertyValueSpecification\",\"valueRequired\":true,\"valueName\":\"search_term_string\"}}],\"inLanguage\":\"es\"},{\"@type\":\"Organization\",\"@id\":\"https:\/\/abaa.mx\/tienda\/#organization\",\"name\":\"Abaa tienda online\",\"url\":\"https:\/\/abaa.mx\/tienda\/\",\"logo\":{\"@type\":\"ImageObject\",\"inLanguage\":\"es\",\"@id\":\"https:\/\/abaa.mx\/tienda\/#\/schema\/logo\/image\/\",\"url\":\"https:\/\/abaa.mx\/tienda\/wp-content\/uploads\/2024\/01\/abaa-metrologia-tienda.png\",\"contentUrl\":\"https:\/\/abaa.mx\/tienda\/wp-content\/uploads\/2024\/01\/abaa-metrologia-tienda.png\",\"width\":300,\"height\":141,\"caption\":\"Abaa tienda online\"},\"image\":{\"@id\":\"https:\/\/abaa.mx\/tienda\/#\/schema\/logo\/image\/\"}}]}<\/script>\n<!-- \/ Yoast SEO plugin. -->","yoast_head_json":{"title":"TERMOHIGROMETRO STEREN TER-150 - Abaa tienda online","description":"TERMOHIGROMETRO STEREN TER-150 equipo de precio accesible listo para usarse, cuenta con certificado de calibracion valido ema cofepris","robots":{"index":"index","follow":"follow","max-snippet":"max-snippet:-1","max-image-preview":"max-image-preview:large","max-video-preview":"max-video-preview:-1"},"canonical":"https:\/\/abaa.mx\/tienda\/termohigrometro-steren-ter-150\/","og_locale":"es_MX","og_type":"article","og_title":"TERMOHIGROMETRO STEREN TER-150 - Abaa tienda online","og_description":"TERMOHIGROMETRO STEREN TER-150 equipo de precio accesible listo para usarse, cuenta con certificado de calibracion valido ema cofepris","og_url":"https:\/\/abaa.mx\/tienda\/termohigrometro-steren-ter-150\/","og_site_name":"Abaa tienda online","og_image":[{"width":560,"height":560,"url":"https:\/\/abaa.mx\/tienda\/wp-content\/uploads\/2023\/03\/termohigrometro-steren-ter-150.jpg","type":"image\/jpeg"}],"twitter_card":"summary_large_image","twitter_misc":{"Tiempo de lectura":"1 minuto"},"schema":{"@context":"https:\/\/schema.org","@graph":[{"@type":"WebPage","@id":"https:\/\/abaa.mx\/tienda\/termohigrometro-steren-ter-150\/","url":"https:\/\/abaa.mx\/tienda\/termohigrometro-steren-ter-150\/","name":"TERMOHIGROMETRO STEREN TER-150 - Abaa tienda online","isPartOf":{"@id":"https:\/\/abaa.mx\/tienda\/#website"},"primaryImageOfPage":{"@id":"https:\/\/abaa.mx\/tienda\/termohigrometro-steren-ter-150\/#primaryimage"},"image":{"@id":"https:\/\/abaa.mx\/tienda\/termohigrometro-steren-ter-150\/#primaryimage"},"thumbnailUrl":"https:\/\/abaa.mx\/tienda\/wp-content\/uploads\/2023\/03\/termohigrometro-steren-ter-150.jpg","datePublished":"2023-03-08T20:27:56+00:00","description":"TERMOHIGROMETRO STEREN TER-150 equipo de precio accesible listo para usarse, cuenta con certificado de calibracion valido ema cofepris","breadcrumb":{"@id":"https:\/\/abaa.mx\/tienda\/termohigrometro-steren-ter-150\/#breadcrumb"},"inLanguage":"es","potentialAction":[{"@type":"ReadAction","target":["https:\/\/abaa.mx\/tienda\/termohigrometro-steren-ter-150\/"]}]},{"@type":"ImageObject","inLanguage":"es","@id":"https:\/\/abaa.mx\/tienda\/termohigrometro-steren-ter-150\/#primaryimage","url":"https:\/\/abaa.mx\/tienda\/wp-content\/uploads\/2023\/03\/termohigrometro-steren-ter-150.jpg","contentUrl":"https:\/\/abaa.mx\/tienda\/wp-content\/uploads\/2023\/03\/termohigrometro-steren-ter-150.jpg","width":560,"height":560,"caption":"TERMOHIGROMETRO STEREN TER-150"},{"@type":"BreadcrumbList","@id":"https:\/\/abaa.mx\/tienda\/termohigrometro-steren-ter-150\/#breadcrumb","itemListElement":[{"@type":"ListItem","position":1,"name":"Inicio","item":"https:\/\/abaa.mx\/tienda\/"},{"@type":"ListItem","position":2,"name":"Tienda","item":"https:\/\/abaa.mx\/tienda\/"},{"@type":"ListItem","position":3,"name":"TERMOHIGROMETRO STEREN TER-150"}]},{"@type":"WebSite","@id":"https:\/\/abaa.mx\/tienda\/#website","url":"https:\/\/abaa.mx\/tienda\/","name":"Abaa tienda online","description":"Instrumentos de medici\u00f3n","publisher":{"@id":"https:\/\/abaa.mx\/tienda\/#organization"},"potentialAction":[{"@type":"SearchAction","target":{"@type":"EntryPoint","urlTemplate":"https:\/\/abaa.mx\/tienda\/?s={search_term_string}"},"query-input":{"@type":"PropertyValueSpecification","valueRequired":true,"valueName":"search_term_string"}}],"inLanguage":"es"},{"@type":"Organization","@id":"https:\/\/abaa.mx\/tienda\/#organization","name":"Abaa tienda online","url":"https:\/\/abaa.mx\/tienda\/","logo":{"@type":"ImageObject","inLanguage":"es","@id":"https:\/\/abaa.mx\/tienda\/#\/schema\/logo\/image\/","url":"https:\/\/abaa.mx\/tienda\/wp-content\/uploads\/2024\/01\/abaa-metrologia-tienda.png","contentUrl":"https:\/\/abaa.mx\/tienda\/wp-content\/uploads\/2024\/01\/abaa-metrologia-tienda.png","width":300,"height":141,"caption":"Abaa tienda online"},"image":{"@id":"https:\/\/abaa.mx\/tienda\/#\/schema\/logo\/image\/"}}]}},"_links":{"self":[{"href":"https:\/\/abaa.mx\/tienda\/wp-json\/wp\/v2\/product\/1202","targetHints":{"allow":["GET"]}}],"collection":[{"href":"https:\/\/abaa.mx\/tienda\/wp-json\/wp\/v2\/product"}],"about":[{"href":"https:\/\/abaa.mx\/tienda\/wp-json\/wp\/v2\/types\/product"}],"replies":[{"embeddable":true,"href":"https:\/\/abaa.mx\/tienda\/wp-json\/wp\/v2\/comments?post=1202"}],"wp:featuredmedia":[{"embeddable":true,"href":"https:\/\/abaa.mx\/tienda\/wp-json\/wp\/v2\/media\/1203"}],"wp:attachment":[{"href":"https:\/\/abaa.mx\/tienda\/wp-json\/wp\/v2\/media?parent=1202"}],"wp:term":[{"taxonomy":"product_brand","embeddable":true,"href":"https:\/\/abaa.mx\/tienda\/wp-json\/wp\/v2\/product_brand?post=1202"},{"taxonomy":"product_cat","embeddable":true,"href":"https:\/\/abaa.mx\/tienda\/wp-json\/wp\/v2\/product_cat?post=1202"},{"taxonomy":"product_tag","embeddable":true,"href":"https:\/\/abaa.mx\/tienda\/wp-json\/wp\/v2\/product_tag?post=1202"}],"curies":[{"name":"wp","href":"https:\/\/api.w.org\/{rel}","templated":true}]}}