{"id":1198,"date":"2023-03-08T20:17:19","date_gmt":"2023-03-08T20:17:19","guid":{"rendered":"https:\/\/abaa.mx\/tienda\/?post_type=product&#038;p=1198"},"modified":"2025-08-08T18:21:18","modified_gmt":"2025-08-08T18:21:18","slug":"termohigrometro-log-tag-haxo-8","status":"publish","type":"product","link":"https:\/\/abaa.mx\/tienda\/termohigrometro-log-tag-haxo-8\/","title":{"rendered":"Termohigrometro log tag haxo-8"},"content":{"rendered":"<p>El datalogger dispone de un sensor interno que trabaja a temperaturas entre -40\u00b0C ~ +85\u00b0C y otro que mide la Humedad relativa desde 0 a 100%. Los sensores son muy precisos y proporcionan una r\u00e1pida respuesta ante los cambios de condiciones de temperatura y humedad. El LogTag HAXO-8 incluye dos LED para indicar el estado del datalogger (LED OK y LED de Alarmas) y un bot\u00f3n para iniciar el registro. El registro se puede iniciar con el bot\u00f3n o programando un delay. El mismo bot\u00f3n permite registrar marcas durante el proceso de toma de temperaturas.<\/p>\n<p>Permite registrar hasta 8.032 muestras y la frecuencia de muestreo es configurable a partir de 30 segundos. Para configurar y descargar los datos es necesario utilizar un interface que no viene incluido. Se trata de una base en la que se acopla el datalogger y se conecta a trav\u00e9s de un cable USB al PC. El software permite visualizar los datos gr\u00e1ficamente para analizar los datos. Tambi\u00e9n permite exportar los datos para que se puedan utilizar con otras herramientas. Permite la visualizaci\u00f3n de multigr\u00e1ficas consolidando las lecturas de varios datalogger. Es compatible con los sistemas operativos Windows y cumple la FDA 21 CFR Part 11.<\/p>\n<p>&nbsp;<\/p>\n<p><strong>Caracter\u00edsticas T\u00e9cnicas:<\/strong><\/p>\n<ul>\n<li>Rango de temperatura: -40\u00b0C a 85\u00b0C (-40\u00b0F a 185\u00b0F).<\/li>\n<li>Rango de humedad relativa: 0% a 100% HR.<\/li>\n<li>Precisi\u00f3n de la temperatura: \u00b10.5\u00b0C (\u00b10.9\u00b0F) de -20\u00b0C a 40\u00b0C (-4\u00b0F a 104\u00b0F), \u00b10.8\u00b0C (\u00b11.5\u00b0F) en el rango restante.<\/li>\n<li>Precisi\u00f3n de la humedad relativa: \u00b13% HR (10% a 90% HR); \u00b15%. HR (0% a 10% HR, 90% a 100% HR).<\/li>\n<li>Resoluci\u00f3n de la temperatura: 0.1\u00b0C (0.2\u00b0F).<\/li>\n<li>Resoluci\u00f3n de la humedad relativa: 0.1% HR.<\/li>\n<li>Funci\u00f3n de lectura m\u00ednima\/m\u00e1xima: S\u00ed.<\/li>\n<li>Funci\u00f3n de retenci\u00f3n de datos: S\u00ed.<\/li>\n<li>Funci\u00f3n de apagado autom\u00e1tico: S\u00ed.<\/li>\n<li>Alimentaci\u00f3n: Bater\u00eda de litio reemplazable CR2032.<\/li>\n<\/ul>\n<p>&nbsp;<\/p>\n<p>&nbsp;<\/p>\n","protected":false},"excerpt":{"rendered":"<p>El Registrador de Humedad y Temperatura LogTag mide y almacena hasta 8000 conjuntos de lecturas de humedad y temperatura de alta resoluci\u00f3n en los rangos de medici\u00f3n de 0 a 100%HR y -40 \u00b0C a +85 \u00b0C.<\/p>\n","protected":false},"featured_media":9289,"comment_status":"open","ping_status":"closed","template":"","meta":{"_joinchat":[]},"product_brand":[],"product_cat":[58],"product_tag":[],"class_list":{"0":"post-1198","1":"product","2":"type-product","3":"status-publish","4":"has-post-thumbnail","6":"product_cat-termohigrometros","8":"first","9":"instock","10":"shipping-taxable","11":"product-type-simple"},"yoast_head":"<!-- This site is optimized with the Yoast SEO plugin v26.4 - https:\/\/yoast.com\/wordpress\/plugins\/seo\/ -->\n<title>Termohigrometro log tag haxo-8 - Abaa tienda online<\/title>\n<meta name=\"description\" content=\"TERMOHIGROMETRO LOG TAG HAXO-8 totalmente nuevo y calibrado con certificado valido ema y cofepris, cont\u00e1ctenos y adquiera un LOG TAG HAXO-8\" \/>\n<meta name=\"robots\" content=\"index, follow, max-snippet:-1, max-image-preview:large, max-video-preview:-1\" \/>\n<link rel=\"canonical\" href=\"https:\/\/abaa.mx\/tienda\/termohigrometro-log-tag-haxo-8\/\" \/>\n<meta property=\"og:locale\" content=\"es_MX\" \/>\n<meta property=\"og:type\" content=\"article\" \/>\n<meta property=\"og:title\" content=\"Termohigrometro log tag haxo-8 - Abaa tienda online\" \/>\n<meta property=\"og:description\" content=\"TERMOHIGROMETRO LOG TAG HAXO-8 totalmente nuevo y calibrado con certificado valido ema y cofepris, cont\u00e1ctenos y adquiera un LOG TAG HAXO-8\" \/>\n<meta property=\"og:url\" content=\"https:\/\/abaa.mx\/tienda\/termohigrometro-log-tag-haxo-8\/\" \/>\n<meta property=\"og:site_name\" content=\"Abaa tienda online\" \/>\n<meta property=\"article:modified_time\" content=\"2025-08-08T18:21:18+00:00\" \/>\n<meta property=\"og:image\" content=\"https:\/\/abaa.mx\/tienda\/wp-content\/uploads\/2023\/03\/log-tag-haxo-8.jpg\" \/>\n\t<meta property=\"og:image:width\" content=\"474\" \/>\n\t<meta property=\"og:image:height\" content=\"474\" \/>\n\t<meta property=\"og:image:type\" content=\"image\/jpeg\" \/>\n<meta name=\"twitter:card\" content=\"summary_large_image\" \/>\n<meta name=\"twitter:label1\" content=\"Tiempo de lectura\" \/>\n\t<meta name=\"twitter:data1\" content=\"2 minutos\" \/>\n<script type=\"application\/ld+json\" class=\"yoast-schema-graph\">{\"@context\":\"https:\/\/schema.org\",\"@graph\":[{\"@type\":\"WebPage\",\"@id\":\"https:\/\/abaa.mx\/tienda\/termohigrometro-log-tag-haxo-8\/\",\"url\":\"https:\/\/abaa.mx\/tienda\/termohigrometro-log-tag-haxo-8\/\",\"name\":\"Termohigrometro log tag haxo-8 - Abaa tienda online\",\"isPartOf\":{\"@id\":\"https:\/\/abaa.mx\/tienda\/#website\"},\"primaryImageOfPage\":{\"@id\":\"https:\/\/abaa.mx\/tienda\/termohigrometro-log-tag-haxo-8\/#primaryimage\"},\"image\":{\"@id\":\"https:\/\/abaa.mx\/tienda\/termohigrometro-log-tag-haxo-8\/#primaryimage\"},\"thumbnailUrl\":\"https:\/\/abaa.mx\/tienda\/wp-content\/uploads\/2023\/03\/log-tag-haxo-8.jpg\",\"datePublished\":\"2023-03-08T20:17:19+00:00\",\"dateModified\":\"2025-08-08T18:21:18+00:00\",\"description\":\"TERMOHIGROMETRO LOG TAG HAXO-8 totalmente nuevo y calibrado con certificado valido ema y cofepris, cont\u00e1ctenos y adquiera un LOG TAG HAXO-8\",\"breadcrumb\":{\"@id\":\"https:\/\/abaa.mx\/tienda\/termohigrometro-log-tag-haxo-8\/#breadcrumb\"},\"inLanguage\":\"es\",\"potentialAction\":[{\"@type\":\"ReadAction\",\"target\":[\"https:\/\/abaa.mx\/tienda\/termohigrometro-log-tag-haxo-8\/\"]}]},{\"@type\":\"ImageObject\",\"inLanguage\":\"es\",\"@id\":\"https:\/\/abaa.mx\/tienda\/termohigrometro-log-tag-haxo-8\/#primaryimage\",\"url\":\"https:\/\/abaa.mx\/tienda\/wp-content\/uploads\/2023\/03\/log-tag-haxo-8.jpg\",\"contentUrl\":\"https:\/\/abaa.mx\/tienda\/wp-content\/uploads\/2023\/03\/log-tag-haxo-8.jpg\",\"width\":474,\"height\":474,\"caption\":\"log tag haxo-8\"},{\"@type\":\"BreadcrumbList\",\"@id\":\"https:\/\/abaa.mx\/tienda\/termohigrometro-log-tag-haxo-8\/#breadcrumb\",\"itemListElement\":[{\"@type\":\"ListItem\",\"position\":1,\"name\":\"Inicio\",\"item\":\"https:\/\/abaa.mx\/tienda\/\"},{\"@type\":\"ListItem\",\"position\":2,\"name\":\"Tienda\",\"item\":\"https:\/\/abaa.mx\/tienda\/\"},{\"@type\":\"ListItem\",\"position\":3,\"name\":\"Termohigrometro log tag haxo-8\"}]},{\"@type\":\"WebSite\",\"@id\":\"https:\/\/abaa.mx\/tienda\/#website\",\"url\":\"https:\/\/abaa.mx\/tienda\/\",\"name\":\"Abaa tienda online\",\"description\":\"Instrumentos de medici\u00f3n\",\"publisher\":{\"@id\":\"https:\/\/abaa.mx\/tienda\/#organization\"},\"potentialAction\":[{\"@type\":\"SearchAction\",\"target\":{\"@type\":\"EntryPoint\",\"urlTemplate\":\"https:\/\/abaa.mx\/tienda\/?s={search_term_string}\"},\"query-input\":{\"@type\":\"PropertyValueSpecification\",\"valueRequired\":true,\"valueName\":\"search_term_string\"}}],\"inLanguage\":\"es\"},{\"@type\":\"Organization\",\"@id\":\"https:\/\/abaa.mx\/tienda\/#organization\",\"name\":\"Abaa tienda online\",\"url\":\"https:\/\/abaa.mx\/tienda\/\",\"logo\":{\"@type\":\"ImageObject\",\"inLanguage\":\"es\",\"@id\":\"https:\/\/abaa.mx\/tienda\/#\/schema\/logo\/image\/\",\"url\":\"https:\/\/abaa.mx\/tienda\/wp-content\/uploads\/2024\/01\/abaa-metrologia-tienda.png\",\"contentUrl\":\"https:\/\/abaa.mx\/tienda\/wp-content\/uploads\/2024\/01\/abaa-metrologia-tienda.png\",\"width\":300,\"height\":141,\"caption\":\"Abaa tienda online\"},\"image\":{\"@id\":\"https:\/\/abaa.mx\/tienda\/#\/schema\/logo\/image\/\"}}]}<\/script>\n<!-- \/ Yoast SEO plugin. -->","yoast_head_json":{"title":"Termohigrometro log tag haxo-8 - Abaa tienda online","description":"TERMOHIGROMETRO LOG TAG HAXO-8 totalmente nuevo y calibrado con certificado valido ema y cofepris, cont\u00e1ctenos y adquiera un LOG TAG HAXO-8","robots":{"index":"index","follow":"follow","max-snippet":"max-snippet:-1","max-image-preview":"max-image-preview:large","max-video-preview":"max-video-preview:-1"},"canonical":"https:\/\/abaa.mx\/tienda\/termohigrometro-log-tag-haxo-8\/","og_locale":"es_MX","og_type":"article","og_title":"Termohigrometro log tag haxo-8 - Abaa tienda online","og_description":"TERMOHIGROMETRO LOG TAG HAXO-8 totalmente nuevo y calibrado con certificado valido ema y cofepris, cont\u00e1ctenos y adquiera un LOG TAG HAXO-8","og_url":"https:\/\/abaa.mx\/tienda\/termohigrometro-log-tag-haxo-8\/","og_site_name":"Abaa tienda online","article_modified_time":"2025-08-08T18:21:18+00:00","og_image":[{"width":474,"height":474,"url":"https:\/\/abaa.mx\/tienda\/wp-content\/uploads\/2023\/03\/log-tag-haxo-8.jpg","type":"image\/jpeg"}],"twitter_card":"summary_large_image","twitter_misc":{"Tiempo de lectura":"2 minutos"},"schema":{"@context":"https:\/\/schema.org","@graph":[{"@type":"WebPage","@id":"https:\/\/abaa.mx\/tienda\/termohigrometro-log-tag-haxo-8\/","url":"https:\/\/abaa.mx\/tienda\/termohigrometro-log-tag-haxo-8\/","name":"Termohigrometro log tag haxo-8 - Abaa tienda online","isPartOf":{"@id":"https:\/\/abaa.mx\/tienda\/#website"},"primaryImageOfPage":{"@id":"https:\/\/abaa.mx\/tienda\/termohigrometro-log-tag-haxo-8\/#primaryimage"},"image":{"@id":"https:\/\/abaa.mx\/tienda\/termohigrometro-log-tag-haxo-8\/#primaryimage"},"thumbnailUrl":"https:\/\/abaa.mx\/tienda\/wp-content\/uploads\/2023\/03\/log-tag-haxo-8.jpg","datePublished":"2023-03-08T20:17:19+00:00","dateModified":"2025-08-08T18:21:18+00:00","description":"TERMOHIGROMETRO LOG TAG HAXO-8 totalmente nuevo y calibrado con certificado valido ema y cofepris, cont\u00e1ctenos y adquiera un LOG TAG HAXO-8","breadcrumb":{"@id":"https:\/\/abaa.mx\/tienda\/termohigrometro-log-tag-haxo-8\/#breadcrumb"},"inLanguage":"es","potentialAction":[{"@type":"ReadAction","target":["https:\/\/abaa.mx\/tienda\/termohigrometro-log-tag-haxo-8\/"]}]},{"@type":"ImageObject","inLanguage":"es","@id":"https:\/\/abaa.mx\/tienda\/termohigrometro-log-tag-haxo-8\/#primaryimage","url":"https:\/\/abaa.mx\/tienda\/wp-content\/uploads\/2023\/03\/log-tag-haxo-8.jpg","contentUrl":"https:\/\/abaa.mx\/tienda\/wp-content\/uploads\/2023\/03\/log-tag-haxo-8.jpg","width":474,"height":474,"caption":"log tag haxo-8"},{"@type":"BreadcrumbList","@id":"https:\/\/abaa.mx\/tienda\/termohigrometro-log-tag-haxo-8\/#breadcrumb","itemListElement":[{"@type":"ListItem","position":1,"name":"Inicio","item":"https:\/\/abaa.mx\/tienda\/"},{"@type":"ListItem","position":2,"name":"Tienda","item":"https:\/\/abaa.mx\/tienda\/"},{"@type":"ListItem","position":3,"name":"Termohigrometro log tag haxo-8"}]},{"@type":"WebSite","@id":"https:\/\/abaa.mx\/tienda\/#website","url":"https:\/\/abaa.mx\/tienda\/","name":"Abaa tienda online","description":"Instrumentos de medici\u00f3n","publisher":{"@id":"https:\/\/abaa.mx\/tienda\/#organization"},"potentialAction":[{"@type":"SearchAction","target":{"@type":"EntryPoint","urlTemplate":"https:\/\/abaa.mx\/tienda\/?s={search_term_string}"},"query-input":{"@type":"PropertyValueSpecification","valueRequired":true,"valueName":"search_term_string"}}],"inLanguage":"es"},{"@type":"Organization","@id":"https:\/\/abaa.mx\/tienda\/#organization","name":"Abaa tienda online","url":"https:\/\/abaa.mx\/tienda\/","logo":{"@type":"ImageObject","inLanguage":"es","@id":"https:\/\/abaa.mx\/tienda\/#\/schema\/logo\/image\/","url":"https:\/\/abaa.mx\/tienda\/wp-content\/uploads\/2024\/01\/abaa-metrologia-tienda.png","contentUrl":"https:\/\/abaa.mx\/tienda\/wp-content\/uploads\/2024\/01\/abaa-metrologia-tienda.png","width":300,"height":141,"caption":"Abaa tienda online"},"image":{"@id":"https:\/\/abaa.mx\/tienda\/#\/schema\/logo\/image\/"}}]}},"_links":{"self":[{"href":"https:\/\/abaa.mx\/tienda\/wp-json\/wp\/v2\/product\/1198","targetHints":{"allow":["GET"]}}],"collection":[{"href":"https:\/\/abaa.mx\/tienda\/wp-json\/wp\/v2\/product"}],"about":[{"href":"https:\/\/abaa.mx\/tienda\/wp-json\/wp\/v2\/types\/product"}],"replies":[{"embeddable":true,"href":"https:\/\/abaa.mx\/tienda\/wp-json\/wp\/v2\/comments?post=1198"}],"wp:featuredmedia":[{"embeddable":true,"href":"https:\/\/abaa.mx\/tienda\/wp-json\/wp\/v2\/media\/9289"}],"wp:attachment":[{"href":"https:\/\/abaa.mx\/tienda\/wp-json\/wp\/v2\/media?parent=1198"}],"wp:term":[{"taxonomy":"product_brand","embeddable":true,"href":"https:\/\/abaa.mx\/tienda\/wp-json\/wp\/v2\/product_brand?post=1198"},{"taxonomy":"product_cat","embeddable":true,"href":"https:\/\/abaa.mx\/tienda\/wp-json\/wp\/v2\/product_cat?post=1198"},{"taxonomy":"product_tag","embeddable":true,"href":"https:\/\/abaa.mx\/tienda\/wp-json\/wp\/v2\/product_tag?post=1198"}],"curies":[{"name":"wp","href":"https:\/\/api.w.org\/{rel}","templated":true}]}}