{"id":1196,"date":"2023-03-08T20:09:36","date_gmt":"2023-03-08T20:09:36","guid":{"rendered":"https:\/\/abaa.mx\/tienda\/?post_type=product&#038;p=1196"},"modified":"2023-12-21T17:20:28","modified_gmt":"2023-12-21T17:20:28","slug":"termohigrometro-extech-instruments-445815","status":"publish","type":"product","link":"https:\/\/abaa.mx\/tienda\/termohigrometro-extech-instruments-445815\/","title":{"rendered":"TERMOHIGROMETRO EXTECH INSTRUMENTS 445815"},"content":{"rendered":"<ul>\n<li>La alarma de porcentaje de HR sonora y visual<br \/>\nalerta cuando la humedad es m\u00e1s alta o baja<br \/>\nque los puntos de ajuste alto\/bajo y m\u00e1x.\/m\u00edn. con<br \/>\nfunci\u00f3n de restablecimiento.<\/li>\n<li>Muestra de forma simult\u00e1nea la temperatura (de \u2013<br \/>\n10 a 60 \u00b0C\/de 14 a 140 \u00b0F) y la humedad relativa (de<br \/>\n10 a 99 % de HR).<br \/>\nM\u00e1x. resoluci\u00f3n: 0,1\u00b0, 1 %; precisi\u00f3n b\u00e1sica: \u00b11<br \/>\n\u00b0C\/1,8 \u00b0F y \u00b14 % de HR.<\/li>\n<li>Muestra la temperatura de punto de<br \/>\ncondensaci\u00f3n.<\/li>\n<li>Control trasero de ajuste de calibraci\u00f3n para<br \/>\nhumedad y temperatura.<\/li>\n<li>Avisa cuando hay condiciones de crecimiento de<br \/>\nmoho (perjudicial para la salud) o el aire<br \/>\nes demasiado seco (electricidad est\u00e1tica).<\/li>\n<li>Dimensiones: 109 \u00d7 99 \u00d7 20 mm (4,3 \u00d7 3,9 \u00d7 0,78&#8243;)<br \/>\nPeso: 169 g (6 oz).<\/li>\n<li>Incluye pie integrado, abrazadera para montaje en<br \/>\npared, sensor y una pila AAA; 2 a\u00f1os de garant\u00eda;<br \/>\nbotellas de sal de calibraci\u00f3n opcionales (RH300-<br \/>\nCAL).<\/li>\n<li>El modelo 445815 incluye sonda remota con cable de 457 mm (18\u00bb), que se sujeta en el lateral del medidor, y<br \/>\nofrece certificado de calibraci\u00f3n rastreable conforme a NIST.<\/li>\n<\/ul>\n","protected":false},"excerpt":{"rendered":"<h4>CARACTERISTICAS:<\/h4>\n<h5>TERMOHIGROMETRO EXTECH INSTRUMENTS 445815.<\/h5>\n<p>Hidro-Term\u00f3metro Humidity Alert II de Extech.<br \/>\nSensor remoto con montaje en el medidor o extendido para medidas en conductos o sitios alejados.<br \/>\nAjustes de humedad y temperatura.<br \/>\nPuede montarse la unidad sobre la pared o colocarse sobre una superficie plana con el soporte plegable.<\/p>\n","protected":false},"featured_media":1197,"comment_status":"open","ping_status":"closed","template":"","meta":{"_joinchat":[]},"product_brand":[],"product_cat":[58],"product_tag":[],"class_list":{"0":"post-1196","1":"product","2":"type-product","3":"status-publish","4":"has-post-thumbnail","6":"product_cat-termohigrometros","8":"first","9":"instock","10":"shipping-taxable","11":"product-type-simple"},"yoast_head":"<!-- This site is optimized with the Yoast SEO plugin v26.4 - https:\/\/yoast.com\/wordpress\/plugins\/seo\/ -->\n<title>TERMOHIGROMETRO EXTECH INSTRUMENTS 445815 - Abaa tienda online<\/title>\n<meta name=\"description\" content=\"TERMOHIGROMETRO EXTECH INSTRUMENTS 445815 con certificado de calibraci\u00f3n, totalmente calibrado y certificado listo para su uso inmediato\" \/>\n<meta name=\"robots\" content=\"index, follow, max-snippet:-1, max-image-preview:large, max-video-preview:-1\" \/>\n<link rel=\"canonical\" href=\"https:\/\/abaa.mx\/tienda\/termohigrometro-extech-instruments-445815\/\" \/>\n<meta property=\"og:locale\" content=\"es_MX\" \/>\n<meta property=\"og:type\" content=\"article\" \/>\n<meta property=\"og:title\" content=\"TERMOHIGROMETRO EXTECH INSTRUMENTS 445815 - Abaa tienda online\" \/>\n<meta property=\"og:description\" content=\"TERMOHIGROMETRO EXTECH INSTRUMENTS 445815 con certificado de calibraci\u00f3n, totalmente calibrado y certificado listo para su uso inmediato\" \/>\n<meta property=\"og:url\" content=\"https:\/\/abaa.mx\/tienda\/termohigrometro-extech-instruments-445815\/\" \/>\n<meta property=\"og:site_name\" content=\"Abaa tienda online\" \/>\n<meta property=\"article:modified_time\" content=\"2023-12-21T17:20:28+00:00\" \/>\n<meta property=\"og:image\" content=\"https:\/\/abaa.mx\/tienda\/wp-content\/uploads\/2023\/03\/termohigrometro-extech-instruments-445815.jpeg\" \/>\n\t<meta property=\"og:image:width\" content=\"474\" \/>\n\t<meta property=\"og:image:height\" content=\"460\" \/>\n\t<meta property=\"og:image:type\" content=\"image\/jpeg\" \/>\n<meta name=\"twitter:card\" content=\"summary_large_image\" \/>\n<meta name=\"twitter:label1\" content=\"Tiempo de lectura\" \/>\n\t<meta name=\"twitter:data1\" content=\"1 minuto\" \/>\n<script type=\"application\/ld+json\" class=\"yoast-schema-graph\">{\"@context\":\"https:\/\/schema.org\",\"@graph\":[{\"@type\":\"WebPage\",\"@id\":\"https:\/\/abaa.mx\/tienda\/termohigrometro-extech-instruments-445815\/\",\"url\":\"https:\/\/abaa.mx\/tienda\/termohigrometro-extech-instruments-445815\/\",\"name\":\"TERMOHIGROMETRO EXTECH INSTRUMENTS 445815 - Abaa tienda online\",\"isPartOf\":{\"@id\":\"https:\/\/abaa.mx\/tienda\/#website\"},\"primaryImageOfPage\":{\"@id\":\"https:\/\/abaa.mx\/tienda\/termohigrometro-extech-instruments-445815\/#primaryimage\"},\"image\":{\"@id\":\"https:\/\/abaa.mx\/tienda\/termohigrometro-extech-instruments-445815\/#primaryimage\"},\"thumbnailUrl\":\"https:\/\/abaa.mx\/tienda\/wp-content\/uploads\/2023\/03\/termohigrometro-extech-instruments-445815.jpeg\",\"datePublished\":\"2023-03-08T20:09:36+00:00\",\"dateModified\":\"2023-12-21T17:20:28+00:00\",\"description\":\"TERMOHIGROMETRO EXTECH INSTRUMENTS 445815 con certificado de calibraci\u00f3n, totalmente calibrado y certificado listo para su uso inmediato\",\"breadcrumb\":{\"@id\":\"https:\/\/abaa.mx\/tienda\/termohigrometro-extech-instruments-445815\/#breadcrumb\"},\"inLanguage\":\"es\",\"potentialAction\":[{\"@type\":\"ReadAction\",\"target\":[\"https:\/\/abaa.mx\/tienda\/termohigrometro-extech-instruments-445815\/\"]}]},{\"@type\":\"ImageObject\",\"inLanguage\":\"es\",\"@id\":\"https:\/\/abaa.mx\/tienda\/termohigrometro-extech-instruments-445815\/#primaryimage\",\"url\":\"https:\/\/abaa.mx\/tienda\/wp-content\/uploads\/2023\/03\/termohigrometro-extech-instruments-445815.jpeg\",\"contentUrl\":\"https:\/\/abaa.mx\/tienda\/wp-content\/uploads\/2023\/03\/termohigrometro-extech-instruments-445815.jpeg\",\"width\":474,\"height\":460,\"caption\":\"TERMOHIGROMETRO EXTECH INSTRUMENTS 445815\"},{\"@type\":\"BreadcrumbList\",\"@id\":\"https:\/\/abaa.mx\/tienda\/termohigrometro-extech-instruments-445815\/#breadcrumb\",\"itemListElement\":[{\"@type\":\"ListItem\",\"position\":1,\"name\":\"Inicio\",\"item\":\"https:\/\/abaa.mx\/tienda\/\"},{\"@type\":\"ListItem\",\"position\":2,\"name\":\"Tienda\",\"item\":\"https:\/\/abaa.mx\/tienda\/\"},{\"@type\":\"ListItem\",\"position\":3,\"name\":\"TERMOHIGROMETRO EXTECH INSTRUMENTS 445815\"}]},{\"@type\":\"WebSite\",\"@id\":\"https:\/\/abaa.mx\/tienda\/#website\",\"url\":\"https:\/\/abaa.mx\/tienda\/\",\"name\":\"Abaa tienda online\",\"description\":\"Instrumentos de medici\u00f3n\",\"publisher\":{\"@id\":\"https:\/\/abaa.mx\/tienda\/#organization\"},\"potentialAction\":[{\"@type\":\"SearchAction\",\"target\":{\"@type\":\"EntryPoint\",\"urlTemplate\":\"https:\/\/abaa.mx\/tienda\/?s={search_term_string}\"},\"query-input\":{\"@type\":\"PropertyValueSpecification\",\"valueRequired\":true,\"valueName\":\"search_term_string\"}}],\"inLanguage\":\"es\"},{\"@type\":\"Organization\",\"@id\":\"https:\/\/abaa.mx\/tienda\/#organization\",\"name\":\"Abaa tienda online\",\"url\":\"https:\/\/abaa.mx\/tienda\/\",\"logo\":{\"@type\":\"ImageObject\",\"inLanguage\":\"es\",\"@id\":\"https:\/\/abaa.mx\/tienda\/#\/schema\/logo\/image\/\",\"url\":\"https:\/\/abaa.mx\/tienda\/wp-content\/uploads\/2024\/01\/abaa-metrologia-tienda.png\",\"contentUrl\":\"https:\/\/abaa.mx\/tienda\/wp-content\/uploads\/2024\/01\/abaa-metrologia-tienda.png\",\"width\":300,\"height\":141,\"caption\":\"Abaa tienda online\"},\"image\":{\"@id\":\"https:\/\/abaa.mx\/tienda\/#\/schema\/logo\/image\/\"}}]}<\/script>\n<!-- \/ Yoast SEO plugin. -->","yoast_head_json":{"title":"TERMOHIGROMETRO EXTECH INSTRUMENTS 445815 - Abaa tienda online","description":"TERMOHIGROMETRO EXTECH INSTRUMENTS 445815 con certificado de calibraci\u00f3n, totalmente calibrado y certificado listo para su uso inmediato","robots":{"index":"index","follow":"follow","max-snippet":"max-snippet:-1","max-image-preview":"max-image-preview:large","max-video-preview":"max-video-preview:-1"},"canonical":"https:\/\/abaa.mx\/tienda\/termohigrometro-extech-instruments-445815\/","og_locale":"es_MX","og_type":"article","og_title":"TERMOHIGROMETRO EXTECH INSTRUMENTS 445815 - Abaa tienda online","og_description":"TERMOHIGROMETRO EXTECH INSTRUMENTS 445815 con certificado de calibraci\u00f3n, totalmente calibrado y certificado listo para su uso inmediato","og_url":"https:\/\/abaa.mx\/tienda\/termohigrometro-extech-instruments-445815\/","og_site_name":"Abaa tienda online","article_modified_time":"2023-12-21T17:20:28+00:00","og_image":[{"width":474,"height":460,"url":"https:\/\/abaa.mx\/tienda\/wp-content\/uploads\/2023\/03\/termohigrometro-extech-instruments-445815.jpeg","type":"image\/jpeg"}],"twitter_card":"summary_large_image","twitter_misc":{"Tiempo de lectura":"1 minuto"},"schema":{"@context":"https:\/\/schema.org","@graph":[{"@type":"WebPage","@id":"https:\/\/abaa.mx\/tienda\/termohigrometro-extech-instruments-445815\/","url":"https:\/\/abaa.mx\/tienda\/termohigrometro-extech-instruments-445815\/","name":"TERMOHIGROMETRO EXTECH INSTRUMENTS 445815 - Abaa tienda online","isPartOf":{"@id":"https:\/\/abaa.mx\/tienda\/#website"},"primaryImageOfPage":{"@id":"https:\/\/abaa.mx\/tienda\/termohigrometro-extech-instruments-445815\/#primaryimage"},"image":{"@id":"https:\/\/abaa.mx\/tienda\/termohigrometro-extech-instruments-445815\/#primaryimage"},"thumbnailUrl":"https:\/\/abaa.mx\/tienda\/wp-content\/uploads\/2023\/03\/termohigrometro-extech-instruments-445815.jpeg","datePublished":"2023-03-08T20:09:36+00:00","dateModified":"2023-12-21T17:20:28+00:00","description":"TERMOHIGROMETRO EXTECH INSTRUMENTS 445815 con certificado de calibraci\u00f3n, totalmente calibrado y certificado listo para su uso inmediato","breadcrumb":{"@id":"https:\/\/abaa.mx\/tienda\/termohigrometro-extech-instruments-445815\/#breadcrumb"},"inLanguage":"es","potentialAction":[{"@type":"ReadAction","target":["https:\/\/abaa.mx\/tienda\/termohigrometro-extech-instruments-445815\/"]}]},{"@type":"ImageObject","inLanguage":"es","@id":"https:\/\/abaa.mx\/tienda\/termohigrometro-extech-instruments-445815\/#primaryimage","url":"https:\/\/abaa.mx\/tienda\/wp-content\/uploads\/2023\/03\/termohigrometro-extech-instruments-445815.jpeg","contentUrl":"https:\/\/abaa.mx\/tienda\/wp-content\/uploads\/2023\/03\/termohigrometro-extech-instruments-445815.jpeg","width":474,"height":460,"caption":"TERMOHIGROMETRO EXTECH INSTRUMENTS 445815"},{"@type":"BreadcrumbList","@id":"https:\/\/abaa.mx\/tienda\/termohigrometro-extech-instruments-445815\/#breadcrumb","itemListElement":[{"@type":"ListItem","position":1,"name":"Inicio","item":"https:\/\/abaa.mx\/tienda\/"},{"@type":"ListItem","position":2,"name":"Tienda","item":"https:\/\/abaa.mx\/tienda\/"},{"@type":"ListItem","position":3,"name":"TERMOHIGROMETRO EXTECH INSTRUMENTS 445815"}]},{"@type":"WebSite","@id":"https:\/\/abaa.mx\/tienda\/#website","url":"https:\/\/abaa.mx\/tienda\/","name":"Abaa tienda online","description":"Instrumentos de medici\u00f3n","publisher":{"@id":"https:\/\/abaa.mx\/tienda\/#organization"},"potentialAction":[{"@type":"SearchAction","target":{"@type":"EntryPoint","urlTemplate":"https:\/\/abaa.mx\/tienda\/?s={search_term_string}"},"query-input":{"@type":"PropertyValueSpecification","valueRequired":true,"valueName":"search_term_string"}}],"inLanguage":"es"},{"@type":"Organization","@id":"https:\/\/abaa.mx\/tienda\/#organization","name":"Abaa tienda online","url":"https:\/\/abaa.mx\/tienda\/","logo":{"@type":"ImageObject","inLanguage":"es","@id":"https:\/\/abaa.mx\/tienda\/#\/schema\/logo\/image\/","url":"https:\/\/abaa.mx\/tienda\/wp-content\/uploads\/2024\/01\/abaa-metrologia-tienda.png","contentUrl":"https:\/\/abaa.mx\/tienda\/wp-content\/uploads\/2024\/01\/abaa-metrologia-tienda.png","width":300,"height":141,"caption":"Abaa tienda online"},"image":{"@id":"https:\/\/abaa.mx\/tienda\/#\/schema\/logo\/image\/"}}]}},"_links":{"self":[{"href":"https:\/\/abaa.mx\/tienda\/wp-json\/wp\/v2\/product\/1196","targetHints":{"allow":["GET"]}}],"collection":[{"href":"https:\/\/abaa.mx\/tienda\/wp-json\/wp\/v2\/product"}],"about":[{"href":"https:\/\/abaa.mx\/tienda\/wp-json\/wp\/v2\/types\/product"}],"replies":[{"embeddable":true,"href":"https:\/\/abaa.mx\/tienda\/wp-json\/wp\/v2\/comments?post=1196"}],"wp:featuredmedia":[{"embeddable":true,"href":"https:\/\/abaa.mx\/tienda\/wp-json\/wp\/v2\/media\/1197"}],"wp:attachment":[{"href":"https:\/\/abaa.mx\/tienda\/wp-json\/wp\/v2\/media?parent=1196"}],"wp:term":[{"taxonomy":"product_brand","embeddable":true,"href":"https:\/\/abaa.mx\/tienda\/wp-json\/wp\/v2\/product_brand?post=1196"},{"taxonomy":"product_cat","embeddable":true,"href":"https:\/\/abaa.mx\/tienda\/wp-json\/wp\/v2\/product_cat?post=1196"},{"taxonomy":"product_tag","embeddable":true,"href":"https:\/\/abaa.mx\/tienda\/wp-json\/wp\/v2\/product_tag?post=1196"}],"curies":[{"name":"wp","href":"https:\/\/api.w.org\/{rel}","templated":true}]}}