{"id":1186,"date":"2022-02-08T17:01:01","date_gmt":"2022-02-08T17:01:01","guid":{"rendered":"https:\/\/abaa.mx\/tienda\/?post_type=product&#038;p=1186"},"modified":"2023-11-22T15:05:08","modified_gmt":"2023-11-22T15:05:08","slug":"datalogger-elitech-gsp-6-registrador-de-temperatura-y-humedad","status":"publish","type":"product","link":"https:\/\/abaa.mx\/tienda\/datalogger-elitech-gsp-6-registrador-de-temperatura-y-humedad\/","title":{"rendered":"DataLogger Elitech GSP-6 registrador de temperatura y humedad"},"content":{"rendered":"<p>&nbsp;<\/p>\n<p><strong>Especificaciones:<\/strong><\/p>\n<ul>\n<li>Rango de medici\u00f3n de temperatura: -40 \u2103~85 \u2103.<\/li>\n<li>Precisi\u00f3n de temperatura: \u00b10,5 \u2103(-20 \u2103~40 \u2103);\u00b10,1 \u2103(otros).<\/li>\n<li>Rango de humedad: 10 %~99 %.<\/li>\n<li>Precisi\u00f3n de humedad: \u00b13 % HR (25 \u2103, 20%~90% HR); \u00b15 % de HR (otros).<\/li>\n<li>Resoluci\u00f3n: temperatura 0,1 \u2103, humedad 0,1 % HR.<\/li>\n<li>Temperatura ambiente: -30 \u2103~70 \u2103.<\/li>\n<li>Fuente de alimentaci\u00f3n: bater\u00eda de litio CR14505 de 3,6 V de un solo uso o alimentada a trav\u00e9s de USB.<\/li>\n<li>Dimensiones: 165 x 99 x 66 mm.<\/li>\n<li>El paquete incluye: 1 registrador de datos 1 cable USB 1 sensor de temperatura (2 m) 1 sensor de humedad (2 m) 1 manual de usuario 1 bater\u00eda de litio 3.7.<\/li>\n<\/ul>\n","protected":false},"excerpt":{"rendered":"<p>El Elitech GPS-6 El registrador de datos se utiliza principalmente para registrar la temperatura y la humedad de los alimentos, productos farmac\u00e9uticos y qu\u00edmicos, etc. Es ampliamente aplicable a cada eslab\u00f3n en el almacenamiento y la log\u00edstica de las cadenas de fr\u00edo, como contenedores refrigerados, camiones frigor\u00edficos, bolsas enfriadoras, gabinetes enfriadores, botiquines, c\u00e1maras frigor\u00edficas, laboratorio, etc.<\/p>\n","protected":false},"featured_media":1278,"comment_status":"open","ping_status":"closed","template":"","meta":{"_joinchat":[]},"product_brand":[],"product_cat":[79],"product_tag":[80],"class_list":{"0":"post-1186","1":"product","2":"type-product","3":"status-publish","4":"has-post-thumbnail","6":"product_cat-datalogger","7":"product_tag-datalogger","9":"first","10":"instock","11":"shipping-taxable","12":"product-type-simple"},"yoast_head":"<!-- This site is optimized with the Yoast SEO plugin v26.4 - https:\/\/yoast.com\/wordpress\/plugins\/seo\/ -->\n<title>DataLogger Elitech GSP-6 registrador de temperatura y humedad - Abaa tienda online<\/title>\n<meta name=\"description\" content=\"DataLogger Elitech GSP-6 registrador de temperatura y humedad\" \/>\n<meta name=\"robots\" content=\"index, follow, max-snippet:-1, max-image-preview:large, max-video-preview:-1\" \/>\n<link rel=\"canonical\" href=\"https:\/\/abaa.mx\/tienda\/datalogger-elitech-gsp-6-registrador-de-temperatura-y-humedad\/\" \/>\n<meta property=\"og:locale\" content=\"es_MX\" \/>\n<meta property=\"og:type\" content=\"article\" \/>\n<meta property=\"og:title\" content=\"DataLogger Elitech GSP-6 registrador de temperatura y humedad - Abaa tienda online\" \/>\n<meta property=\"og:description\" content=\"DataLogger Elitech GSP-6 registrador de temperatura y humedad\" \/>\n<meta property=\"og:url\" content=\"https:\/\/abaa.mx\/tienda\/datalogger-elitech-gsp-6-registrador-de-temperatura-y-humedad\/\" \/>\n<meta property=\"og:site_name\" content=\"Abaa tienda online\" \/>\n<meta property=\"article:modified_time\" content=\"2023-11-22T15:05:08+00:00\" \/>\n<meta property=\"og:image\" content=\"https:\/\/abaa.mx\/tienda\/wp-content\/uploads\/2022\/02\/datalogger-elitech-gsp-6-registrador-de-temperatura-y-humedad.jpg\" \/>\n\t<meta property=\"og:image:width\" content=\"1200\" \/>\n\t<meta property=\"og:image:height\" content=\"1170\" \/>\n\t<meta property=\"og:image:type\" content=\"image\/jpeg\" \/>\n<meta name=\"twitter:card\" content=\"summary_large_image\" \/>\n<meta name=\"twitter:label1\" content=\"Tiempo de lectura\" \/>\n\t<meta name=\"twitter:data1\" content=\"1 minuto\" \/>\n<script type=\"application\/ld+json\" class=\"yoast-schema-graph\">{\"@context\":\"https:\/\/schema.org\",\"@graph\":[{\"@type\":\"WebPage\",\"@id\":\"https:\/\/abaa.mx\/tienda\/datalogger-elitech-gsp-6-registrador-de-temperatura-y-humedad\/\",\"url\":\"https:\/\/abaa.mx\/tienda\/datalogger-elitech-gsp-6-registrador-de-temperatura-y-humedad\/\",\"name\":\"DataLogger Elitech GSP-6 registrador de temperatura y humedad - Abaa tienda online\",\"isPartOf\":{\"@id\":\"https:\/\/abaa.mx\/tienda\/#website\"},\"primaryImageOfPage\":{\"@id\":\"https:\/\/abaa.mx\/tienda\/datalogger-elitech-gsp-6-registrador-de-temperatura-y-humedad\/#primaryimage\"},\"image\":{\"@id\":\"https:\/\/abaa.mx\/tienda\/datalogger-elitech-gsp-6-registrador-de-temperatura-y-humedad\/#primaryimage\"},\"thumbnailUrl\":\"https:\/\/abaa.mx\/tienda\/wp-content\/uploads\/2022\/02\/datalogger-elitech-gsp-6-registrador-de-temperatura-y-humedad.jpg\",\"datePublished\":\"2022-02-08T17:01:01+00:00\",\"dateModified\":\"2023-11-22T15:05:08+00:00\",\"description\":\"DataLogger Elitech GSP-6 registrador de temperatura y humedad\",\"breadcrumb\":{\"@id\":\"https:\/\/abaa.mx\/tienda\/datalogger-elitech-gsp-6-registrador-de-temperatura-y-humedad\/#breadcrumb\"},\"inLanguage\":\"es\",\"potentialAction\":[{\"@type\":\"ReadAction\",\"target\":[\"https:\/\/abaa.mx\/tienda\/datalogger-elitech-gsp-6-registrador-de-temperatura-y-humedad\/\"]}]},{\"@type\":\"ImageObject\",\"inLanguage\":\"es\",\"@id\":\"https:\/\/abaa.mx\/tienda\/datalogger-elitech-gsp-6-registrador-de-temperatura-y-humedad\/#primaryimage\",\"url\":\"https:\/\/abaa.mx\/tienda\/wp-content\/uploads\/2022\/02\/datalogger-elitech-gsp-6-registrador-de-temperatura-y-humedad.jpg\",\"contentUrl\":\"https:\/\/abaa.mx\/tienda\/wp-content\/uploads\/2022\/02\/datalogger-elitech-gsp-6-registrador-de-temperatura-y-humedad.jpg\",\"width\":1200,\"height\":1170,\"caption\":\"Elitech GSP-6\"},{\"@type\":\"BreadcrumbList\",\"@id\":\"https:\/\/abaa.mx\/tienda\/datalogger-elitech-gsp-6-registrador-de-temperatura-y-humedad\/#breadcrumb\",\"itemListElement\":[{\"@type\":\"ListItem\",\"position\":1,\"name\":\"Inicio\",\"item\":\"https:\/\/abaa.mx\/tienda\/\"},{\"@type\":\"ListItem\",\"position\":2,\"name\":\"Tienda\",\"item\":\"https:\/\/abaa.mx\/tienda\/\"},{\"@type\":\"ListItem\",\"position\":3,\"name\":\"DataLogger Elitech GSP-6 registrador de temperatura y humedad\"}]},{\"@type\":\"WebSite\",\"@id\":\"https:\/\/abaa.mx\/tienda\/#website\",\"url\":\"https:\/\/abaa.mx\/tienda\/\",\"name\":\"Abaa tienda online\",\"description\":\"Instrumentos de medici\u00f3n\",\"publisher\":{\"@id\":\"https:\/\/abaa.mx\/tienda\/#organization\"},\"potentialAction\":[{\"@type\":\"SearchAction\",\"target\":{\"@type\":\"EntryPoint\",\"urlTemplate\":\"https:\/\/abaa.mx\/tienda\/?s={search_term_string}\"},\"query-input\":{\"@type\":\"PropertyValueSpecification\",\"valueRequired\":true,\"valueName\":\"search_term_string\"}}],\"inLanguage\":\"es\"},{\"@type\":\"Organization\",\"@id\":\"https:\/\/abaa.mx\/tienda\/#organization\",\"name\":\"Abaa tienda online\",\"url\":\"https:\/\/abaa.mx\/tienda\/\",\"logo\":{\"@type\":\"ImageObject\",\"inLanguage\":\"es\",\"@id\":\"https:\/\/abaa.mx\/tienda\/#\/schema\/logo\/image\/\",\"url\":\"https:\/\/abaa.mx\/tienda\/wp-content\/uploads\/2024\/01\/abaa-metrologia-tienda.png\",\"contentUrl\":\"https:\/\/abaa.mx\/tienda\/wp-content\/uploads\/2024\/01\/abaa-metrologia-tienda.png\",\"width\":300,\"height\":141,\"caption\":\"Abaa tienda online\"},\"image\":{\"@id\":\"https:\/\/abaa.mx\/tienda\/#\/schema\/logo\/image\/\"}}]}<\/script>\n<!-- \/ Yoast SEO plugin. -->","yoast_head_json":{"title":"DataLogger Elitech GSP-6 registrador de temperatura y humedad - Abaa tienda online","description":"DataLogger Elitech GSP-6 registrador de temperatura y humedad","robots":{"index":"index","follow":"follow","max-snippet":"max-snippet:-1","max-image-preview":"max-image-preview:large","max-video-preview":"max-video-preview:-1"},"canonical":"https:\/\/abaa.mx\/tienda\/datalogger-elitech-gsp-6-registrador-de-temperatura-y-humedad\/","og_locale":"es_MX","og_type":"article","og_title":"DataLogger Elitech GSP-6 registrador de temperatura y humedad - Abaa tienda online","og_description":"DataLogger Elitech GSP-6 registrador de temperatura y humedad","og_url":"https:\/\/abaa.mx\/tienda\/datalogger-elitech-gsp-6-registrador-de-temperatura-y-humedad\/","og_site_name":"Abaa tienda online","article_modified_time":"2023-11-22T15:05:08+00:00","og_image":[{"width":1200,"height":1170,"url":"https:\/\/abaa.mx\/tienda\/wp-content\/uploads\/2022\/02\/datalogger-elitech-gsp-6-registrador-de-temperatura-y-humedad.jpg","type":"image\/jpeg"}],"twitter_card":"summary_large_image","twitter_misc":{"Tiempo de lectura":"1 minuto"},"schema":{"@context":"https:\/\/schema.org","@graph":[{"@type":"WebPage","@id":"https:\/\/abaa.mx\/tienda\/datalogger-elitech-gsp-6-registrador-de-temperatura-y-humedad\/","url":"https:\/\/abaa.mx\/tienda\/datalogger-elitech-gsp-6-registrador-de-temperatura-y-humedad\/","name":"DataLogger Elitech GSP-6 registrador de temperatura y humedad - Abaa tienda online","isPartOf":{"@id":"https:\/\/abaa.mx\/tienda\/#website"},"primaryImageOfPage":{"@id":"https:\/\/abaa.mx\/tienda\/datalogger-elitech-gsp-6-registrador-de-temperatura-y-humedad\/#primaryimage"},"image":{"@id":"https:\/\/abaa.mx\/tienda\/datalogger-elitech-gsp-6-registrador-de-temperatura-y-humedad\/#primaryimage"},"thumbnailUrl":"https:\/\/abaa.mx\/tienda\/wp-content\/uploads\/2022\/02\/datalogger-elitech-gsp-6-registrador-de-temperatura-y-humedad.jpg","datePublished":"2022-02-08T17:01:01+00:00","dateModified":"2023-11-22T15:05:08+00:00","description":"DataLogger Elitech GSP-6 registrador de temperatura y humedad","breadcrumb":{"@id":"https:\/\/abaa.mx\/tienda\/datalogger-elitech-gsp-6-registrador-de-temperatura-y-humedad\/#breadcrumb"},"inLanguage":"es","potentialAction":[{"@type":"ReadAction","target":["https:\/\/abaa.mx\/tienda\/datalogger-elitech-gsp-6-registrador-de-temperatura-y-humedad\/"]}]},{"@type":"ImageObject","inLanguage":"es","@id":"https:\/\/abaa.mx\/tienda\/datalogger-elitech-gsp-6-registrador-de-temperatura-y-humedad\/#primaryimage","url":"https:\/\/abaa.mx\/tienda\/wp-content\/uploads\/2022\/02\/datalogger-elitech-gsp-6-registrador-de-temperatura-y-humedad.jpg","contentUrl":"https:\/\/abaa.mx\/tienda\/wp-content\/uploads\/2022\/02\/datalogger-elitech-gsp-6-registrador-de-temperatura-y-humedad.jpg","width":1200,"height":1170,"caption":"Elitech GSP-6"},{"@type":"BreadcrumbList","@id":"https:\/\/abaa.mx\/tienda\/datalogger-elitech-gsp-6-registrador-de-temperatura-y-humedad\/#breadcrumb","itemListElement":[{"@type":"ListItem","position":1,"name":"Inicio","item":"https:\/\/abaa.mx\/tienda\/"},{"@type":"ListItem","position":2,"name":"Tienda","item":"https:\/\/abaa.mx\/tienda\/"},{"@type":"ListItem","position":3,"name":"DataLogger Elitech GSP-6 registrador de temperatura y humedad"}]},{"@type":"WebSite","@id":"https:\/\/abaa.mx\/tienda\/#website","url":"https:\/\/abaa.mx\/tienda\/","name":"Abaa tienda online","description":"Instrumentos de medici\u00f3n","publisher":{"@id":"https:\/\/abaa.mx\/tienda\/#organization"},"potentialAction":[{"@type":"SearchAction","target":{"@type":"EntryPoint","urlTemplate":"https:\/\/abaa.mx\/tienda\/?s={search_term_string}"},"query-input":{"@type":"PropertyValueSpecification","valueRequired":true,"valueName":"search_term_string"}}],"inLanguage":"es"},{"@type":"Organization","@id":"https:\/\/abaa.mx\/tienda\/#organization","name":"Abaa tienda online","url":"https:\/\/abaa.mx\/tienda\/","logo":{"@type":"ImageObject","inLanguage":"es","@id":"https:\/\/abaa.mx\/tienda\/#\/schema\/logo\/image\/","url":"https:\/\/abaa.mx\/tienda\/wp-content\/uploads\/2024\/01\/abaa-metrologia-tienda.png","contentUrl":"https:\/\/abaa.mx\/tienda\/wp-content\/uploads\/2024\/01\/abaa-metrologia-tienda.png","width":300,"height":141,"caption":"Abaa tienda online"},"image":{"@id":"https:\/\/abaa.mx\/tienda\/#\/schema\/logo\/image\/"}}]}},"_links":{"self":[{"href":"https:\/\/abaa.mx\/tienda\/wp-json\/wp\/v2\/product\/1186","targetHints":{"allow":["GET"]}}],"collection":[{"href":"https:\/\/abaa.mx\/tienda\/wp-json\/wp\/v2\/product"}],"about":[{"href":"https:\/\/abaa.mx\/tienda\/wp-json\/wp\/v2\/types\/product"}],"replies":[{"embeddable":true,"href":"https:\/\/abaa.mx\/tienda\/wp-json\/wp\/v2\/comments?post=1186"}],"wp:featuredmedia":[{"embeddable":true,"href":"https:\/\/abaa.mx\/tienda\/wp-json\/wp\/v2\/media\/1278"}],"wp:attachment":[{"href":"https:\/\/abaa.mx\/tienda\/wp-json\/wp\/v2\/media?parent=1186"}],"wp:term":[{"taxonomy":"product_brand","embeddable":true,"href":"https:\/\/abaa.mx\/tienda\/wp-json\/wp\/v2\/product_brand?post=1186"},{"taxonomy":"product_cat","embeddable":true,"href":"https:\/\/abaa.mx\/tienda\/wp-json\/wp\/v2\/product_cat?post=1186"},{"taxonomy":"product_tag","embeddable":true,"href":"https:\/\/abaa.mx\/tienda\/wp-json\/wp\/v2\/product_tag?post=1186"}],"curies":[{"name":"wp","href":"https:\/\/api.w.org\/{rel}","templated":true}]}}