{"id":10408,"date":"2024-02-23T16:07:12","date_gmt":"2024-02-23T16:07:12","guid":{"rendered":"https:\/\/abaa.mx\/tienda\/?post_type=product&#038;p=10408"},"modified":"2024-02-23T17:40:24","modified_gmt":"2024-02-23T17:40:24","slug":"multimetro-digital-de-gancho-de-rango-automatico-de-400-a-ca-cl120","status":"publish","type":"product","link":"https:\/\/abaa.mx\/tienda\/multimetro-digital-de-gancho-de-rango-automatico-de-400-a-ca-cl120\/","title":{"rendered":"Mult\u00edmetro digital de gancho de rango autom\u00e1tico de 400 A CA CL120"},"content":{"rendered":"<p><b>Caracter\u00edsticas:<\/b><\/p>\n<ul class=\"features-list no-indent\">\n<li>Mult\u00edmetro de gancho que mide corriente CA y NCVT con una pinza, as\u00ed como voltaje CA\/CD, resistencia y continuidad con cables de prueba.<\/li>\n<li>Probador de voltaje sin contacto integrado en la mordaza de la pinza.<\/li>\n<li>LCD retroiluminada de f\u00e1cil visualizaci\u00f3n en lugares con poca luz.<\/li>\n<li>Mediciones de rango autom\u00e1tico.<\/li>\n<li>Soporte para cables de prueba al lado de las pinzas y soporte magn\u00e9tico opcional para medidores (Cat. n.\u00ba 69445 o 69417) para trabajar en modo manos libres.<\/li>\n<li>Mult\u00edmetro multifunci\u00f3n duradero.<\/li>\n<li>Rango autom\u00e1tico, retenci\u00f3n, retenci\u00f3n de datos y valor m\u00e1ximo.<\/li>\n<li>Funci\u00f3n de apagado autom\u00e1tico despu\u00e9s de 10 minutos para preservar la vida \u00fatil de la bater\u00eda.<\/li>\n<li>Incluye un estuche para transporte, cables de prueba con capuchones de seguridad CAT III\/CAT IV, instrucciones y 3 bater\u00edas AAA.<\/li>\n<li>Indicador de bater\u00eda baja y compartimiento de las bater\u00edas de f\u00e1cil acceso.<\/li>\n<li>Construido para resistir una ca\u00edda desde 2 m (6,6&#8242; ).<\/li>\n<li>Clasificaci\u00f3n de seguridad CAT III 600 V, clase 2, doble aislamiento.<\/li>\n<li>Cumple con los requisitos apropiados para su uso en entornos electromagn\u00e9ticos b\u00e1sicos y controlados, como propiedades residenciales, oficinas e instalaciones de industria liviana.<\/li>\n<\/ul>\n","protected":false},"excerpt":{"rendered":"<p>El mult\u00edmetro digital de gancho de rango autom\u00e1tico de 400 A CA CL120 es una herramienta utilizada para medir corriente alterna (CA) en un circuito el\u00e9ctrico.<\/p>\n<p><strong>Aqu\u00ed hay algunas aplicaciones y usos comunes:<\/strong><\/p>\n<p><strong>Medici\u00f3n de corriente:<\/strong> El mult\u00edmetro digital de gancho permite medir la corriente que fluye a trav\u00e9s de un conductor sin necesidad de interrumpir el circuito. Esto es \u00fatil para diagnosticar problemas el\u00e9ctricos y realizar mantenimiento en sistemas de energ\u00eda.<\/p>\n<p><strong>Medici\u00f3n de voltaje:<\/strong> Adem\u00e1s de la corriente, muchos mult\u00edmetros digitales tambi\u00e9n pueden medir voltaje, tanto corriente alterna (CA) como corriente continua (CC). Esto es \u00fatil para verificar la tensi\u00f3n en diferentes partes de un circuito el\u00e9ctrico.<\/p>\n<p><strong>Pruebas de continuidad:<\/strong> Algunos modelos de mult\u00edmetros incluyen una funci\u00f3n de continuidad que puede utilizarse para determinar si un circuito el\u00e9ctrico est\u00e1 completo y sin interrupciones. Esto es \u00fatil para identificar cables rotos o conexiones sueltas.<\/p>\n<p><strong>Diagn\u00f3stico de problemas el\u00e9ctricos:<\/strong> Los electricistas y t\u00e9cnicos utilizan mult\u00edmetros digitales para diagnosticar una amplia gama de problemas el\u00e9ctricos, desde cortocircuitos hasta fluctuaciones de voltaje inesperadas.<\/p>\n","protected":false},"featured_media":10409,"comment_status":"open","ping_status":"closed","template":"","meta":{"_joinchat":[]},"product_brand":[],"product_cat":[15],"product_tag":[],"class_list":{"0":"post-10408","1":"product","2":"type-product","3":"status-publish","4":"has-post-thumbnail","6":"product_cat-sin-categorizar","8":"first","9":"instock","10":"shipping-taxable","11":"product-type-simple"},"yoast_head":"<!-- This site is optimized with the Yoast SEO plugin v26.4 - https:\/\/yoast.com\/wordpress\/plugins\/seo\/ -->\n<title>Mult\u00edmetro digital de gancho de rango autom\u00e1tico de 400 A CA CL120 - Abaa tienda online<\/title>\n<meta name=\"robots\" content=\"index, follow, max-snippet:-1, max-image-preview:large, max-video-preview:-1\" \/>\n<link rel=\"canonical\" href=\"https:\/\/abaa.mx\/tienda\/multimetro-digital-de-gancho-de-rango-automatico-de-400-a-ca-cl120\/\" \/>\n<meta property=\"og:locale\" content=\"es_MX\" \/>\n<meta property=\"og:type\" content=\"article\" \/>\n<meta property=\"og:title\" content=\"Mult\u00edmetro digital de gancho de rango autom\u00e1tico de 400 A CA CL120 - Abaa tienda online\" \/>\n<meta property=\"og:description\" content=\"El mult\u00edmetro digital de gancho de rango autom\u00e1tico de 400 A CA CL120 es una herramienta utilizada para medir corriente alterna (CA) en un circuito el\u00e9ctrico.  Aqu\u00ed hay algunas aplicaciones y usos comunes:  Medici\u00f3n de corriente: El mult\u00edmetro digital de gancho permite medir la corriente que fluye a trav\u00e9s de un conductor sin necesidad de interrumpir el circuito. Esto es \u00fatil para diagnosticar problemas el\u00e9ctricos y realizar mantenimiento en sistemas de energ\u00eda.  Medici\u00f3n de voltaje: Adem\u00e1s de la corriente, muchos mult\u00edmetros digitales tambi\u00e9n pueden medir voltaje, tanto corriente alterna (CA) como corriente continua (CC). Esto es \u00fatil para verificar la tensi\u00f3n en diferentes partes de un circuito el\u00e9ctrico.  Pruebas de continuidad: Algunos modelos de mult\u00edmetros incluyen una funci\u00f3n de continuidad que puede utilizarse para determinar si un circuito el\u00e9ctrico est\u00e1 completo y sin interrupciones. Esto es \u00fatil para identificar cables rotos o conexiones sueltas.  Diagn\u00f3stico de problemas el\u00e9ctricos: Los electricistas y t\u00e9cnicos utilizan mult\u00edmetros digitales para diagnosticar una amplia gama de problemas el\u00e9ctricos, desde cortocircuitos hasta fluctuaciones de voltaje inesperadas.\" \/>\n<meta property=\"og:url\" content=\"https:\/\/abaa.mx\/tienda\/multimetro-digital-de-gancho-de-rango-automatico-de-400-a-ca-cl120\/\" \/>\n<meta property=\"og:site_name\" content=\"Abaa tienda online\" \/>\n<meta property=\"article:modified_time\" content=\"2024-02-23T17:40:24+00:00\" \/>\n<meta property=\"og:image\" content=\"https:\/\/abaa.mx\/tienda\/wp-content\/uploads\/2024\/02\/Klein-tools-CL120.jpg\" \/>\n\t<meta property=\"og:image:width\" content=\"1000\" \/>\n\t<meta property=\"og:image:height\" content=\"1000\" \/>\n\t<meta property=\"og:image:type\" content=\"image\/jpeg\" \/>\n<meta name=\"twitter:card\" content=\"summary_large_image\" \/>\n<meta name=\"twitter:label1\" content=\"Tiempo de lectura\" \/>\n\t<meta name=\"twitter:data1\" content=\"2 minutos\" \/>\n<script type=\"application\/ld+json\" class=\"yoast-schema-graph\">{\"@context\":\"https:\/\/schema.org\",\"@graph\":[{\"@type\":\"WebPage\",\"@id\":\"https:\/\/abaa.mx\/tienda\/multimetro-digital-de-gancho-de-rango-automatico-de-400-a-ca-cl120\/\",\"url\":\"https:\/\/abaa.mx\/tienda\/multimetro-digital-de-gancho-de-rango-automatico-de-400-a-ca-cl120\/\",\"name\":\"Mult\u00edmetro digital de gancho de rango autom\u00e1tico de 400 A CA CL120 - Abaa tienda online\",\"isPartOf\":{\"@id\":\"https:\/\/abaa.mx\/tienda\/#website\"},\"primaryImageOfPage\":{\"@id\":\"https:\/\/abaa.mx\/tienda\/multimetro-digital-de-gancho-de-rango-automatico-de-400-a-ca-cl120\/#primaryimage\"},\"image\":{\"@id\":\"https:\/\/abaa.mx\/tienda\/multimetro-digital-de-gancho-de-rango-automatico-de-400-a-ca-cl120\/#primaryimage\"},\"thumbnailUrl\":\"https:\/\/abaa.mx\/tienda\/wp-content\/uploads\/2024\/02\/Klein-tools-CL120.jpg\",\"datePublished\":\"2024-02-23T16:07:12+00:00\",\"dateModified\":\"2024-02-23T17:40:24+00:00\",\"breadcrumb\":{\"@id\":\"https:\/\/abaa.mx\/tienda\/multimetro-digital-de-gancho-de-rango-automatico-de-400-a-ca-cl120\/#breadcrumb\"},\"inLanguage\":\"es\",\"potentialAction\":[{\"@type\":\"ReadAction\",\"target\":[\"https:\/\/abaa.mx\/tienda\/multimetro-digital-de-gancho-de-rango-automatico-de-400-a-ca-cl120\/\"]}]},{\"@type\":\"ImageObject\",\"inLanguage\":\"es\",\"@id\":\"https:\/\/abaa.mx\/tienda\/multimetro-digital-de-gancho-de-rango-automatico-de-400-a-ca-cl120\/#primaryimage\",\"url\":\"https:\/\/abaa.mx\/tienda\/wp-content\/uploads\/2024\/02\/Klein-tools-CL120.jpg\",\"contentUrl\":\"https:\/\/abaa.mx\/tienda\/wp-content\/uploads\/2024\/02\/Klein-tools-CL120.jpg\",\"width\":1000,\"height\":1000,\"caption\":\"Klein tools CL120\"},{\"@type\":\"BreadcrumbList\",\"@id\":\"https:\/\/abaa.mx\/tienda\/multimetro-digital-de-gancho-de-rango-automatico-de-400-a-ca-cl120\/#breadcrumb\",\"itemListElement\":[{\"@type\":\"ListItem\",\"position\":1,\"name\":\"Inicio\",\"item\":\"https:\/\/abaa.mx\/tienda\/\"},{\"@type\":\"ListItem\",\"position\":2,\"name\":\"Tienda\",\"item\":\"https:\/\/abaa.mx\/tienda\/\"},{\"@type\":\"ListItem\",\"position\":3,\"name\":\"Mult\u00edmetro digital de gancho de rango autom\u00e1tico de 400 A CA CL120\"}]},{\"@type\":\"WebSite\",\"@id\":\"https:\/\/abaa.mx\/tienda\/#website\",\"url\":\"https:\/\/abaa.mx\/tienda\/\",\"name\":\"Abaa tienda online\",\"description\":\"Instrumentos de medici\u00f3n\",\"publisher\":{\"@id\":\"https:\/\/abaa.mx\/tienda\/#organization\"},\"potentialAction\":[{\"@type\":\"SearchAction\",\"target\":{\"@type\":\"EntryPoint\",\"urlTemplate\":\"https:\/\/abaa.mx\/tienda\/?s={search_term_string}\"},\"query-input\":{\"@type\":\"PropertyValueSpecification\",\"valueRequired\":true,\"valueName\":\"search_term_string\"}}],\"inLanguage\":\"es\"},{\"@type\":\"Organization\",\"@id\":\"https:\/\/abaa.mx\/tienda\/#organization\",\"name\":\"Abaa tienda online\",\"url\":\"https:\/\/abaa.mx\/tienda\/\",\"logo\":{\"@type\":\"ImageObject\",\"inLanguage\":\"es\",\"@id\":\"https:\/\/abaa.mx\/tienda\/#\/schema\/logo\/image\/\",\"url\":\"https:\/\/abaa.mx\/tienda\/wp-content\/uploads\/2024\/01\/abaa-metrologia-tienda.png\",\"contentUrl\":\"https:\/\/abaa.mx\/tienda\/wp-content\/uploads\/2024\/01\/abaa-metrologia-tienda.png\",\"width\":300,\"height\":141,\"caption\":\"Abaa tienda online\"},\"image\":{\"@id\":\"https:\/\/abaa.mx\/tienda\/#\/schema\/logo\/image\/\"}}]}<\/script>\n<!-- \/ Yoast SEO plugin. -->","yoast_head_json":{"title":"Mult\u00edmetro digital de gancho de rango autom\u00e1tico de 400 A CA CL120 - Abaa tienda online","robots":{"index":"index","follow":"follow","max-snippet":"max-snippet:-1","max-image-preview":"max-image-preview:large","max-video-preview":"max-video-preview:-1"},"canonical":"https:\/\/abaa.mx\/tienda\/multimetro-digital-de-gancho-de-rango-automatico-de-400-a-ca-cl120\/","og_locale":"es_MX","og_type":"article","og_title":"Mult\u00edmetro digital de gancho de rango autom\u00e1tico de 400 A CA CL120 - Abaa tienda online","og_description":"El mult\u00edmetro digital de gancho de rango autom\u00e1tico de 400 A CA CL120 es una herramienta utilizada para medir corriente alterna (CA) en un circuito el\u00e9ctrico.  Aqu\u00ed hay algunas aplicaciones y usos comunes:  Medici\u00f3n de corriente: El mult\u00edmetro digital de gancho permite medir la corriente que fluye a trav\u00e9s de un conductor sin necesidad de interrumpir el circuito. Esto es \u00fatil para diagnosticar problemas el\u00e9ctricos y realizar mantenimiento en sistemas de energ\u00eda.  Medici\u00f3n de voltaje: Adem\u00e1s de la corriente, muchos mult\u00edmetros digitales tambi\u00e9n pueden medir voltaje, tanto corriente alterna (CA) como corriente continua (CC). Esto es \u00fatil para verificar la tensi\u00f3n en diferentes partes de un circuito el\u00e9ctrico.  Pruebas de continuidad: Algunos modelos de mult\u00edmetros incluyen una funci\u00f3n de continuidad que puede utilizarse para determinar si un circuito el\u00e9ctrico est\u00e1 completo y sin interrupciones. Esto es \u00fatil para identificar cables rotos o conexiones sueltas.  Diagn\u00f3stico de problemas el\u00e9ctricos: Los electricistas y t\u00e9cnicos utilizan mult\u00edmetros digitales para diagnosticar una amplia gama de problemas el\u00e9ctricos, desde cortocircuitos hasta fluctuaciones de voltaje inesperadas.","og_url":"https:\/\/abaa.mx\/tienda\/multimetro-digital-de-gancho-de-rango-automatico-de-400-a-ca-cl120\/","og_site_name":"Abaa tienda online","article_modified_time":"2024-02-23T17:40:24+00:00","og_image":[{"width":1000,"height":1000,"url":"https:\/\/abaa.mx\/tienda\/wp-content\/uploads\/2024\/02\/Klein-tools-CL120.jpg","type":"image\/jpeg"}],"twitter_card":"summary_large_image","twitter_misc":{"Tiempo de lectura":"2 minutos"},"schema":{"@context":"https:\/\/schema.org","@graph":[{"@type":"WebPage","@id":"https:\/\/abaa.mx\/tienda\/multimetro-digital-de-gancho-de-rango-automatico-de-400-a-ca-cl120\/","url":"https:\/\/abaa.mx\/tienda\/multimetro-digital-de-gancho-de-rango-automatico-de-400-a-ca-cl120\/","name":"Mult\u00edmetro digital de gancho de rango autom\u00e1tico de 400 A CA CL120 - Abaa tienda online","isPartOf":{"@id":"https:\/\/abaa.mx\/tienda\/#website"},"primaryImageOfPage":{"@id":"https:\/\/abaa.mx\/tienda\/multimetro-digital-de-gancho-de-rango-automatico-de-400-a-ca-cl120\/#primaryimage"},"image":{"@id":"https:\/\/abaa.mx\/tienda\/multimetro-digital-de-gancho-de-rango-automatico-de-400-a-ca-cl120\/#primaryimage"},"thumbnailUrl":"https:\/\/abaa.mx\/tienda\/wp-content\/uploads\/2024\/02\/Klein-tools-CL120.jpg","datePublished":"2024-02-23T16:07:12+00:00","dateModified":"2024-02-23T17:40:24+00:00","breadcrumb":{"@id":"https:\/\/abaa.mx\/tienda\/multimetro-digital-de-gancho-de-rango-automatico-de-400-a-ca-cl120\/#breadcrumb"},"inLanguage":"es","potentialAction":[{"@type":"ReadAction","target":["https:\/\/abaa.mx\/tienda\/multimetro-digital-de-gancho-de-rango-automatico-de-400-a-ca-cl120\/"]}]},{"@type":"ImageObject","inLanguage":"es","@id":"https:\/\/abaa.mx\/tienda\/multimetro-digital-de-gancho-de-rango-automatico-de-400-a-ca-cl120\/#primaryimage","url":"https:\/\/abaa.mx\/tienda\/wp-content\/uploads\/2024\/02\/Klein-tools-CL120.jpg","contentUrl":"https:\/\/abaa.mx\/tienda\/wp-content\/uploads\/2024\/02\/Klein-tools-CL120.jpg","width":1000,"height":1000,"caption":"Klein tools CL120"},{"@type":"BreadcrumbList","@id":"https:\/\/abaa.mx\/tienda\/multimetro-digital-de-gancho-de-rango-automatico-de-400-a-ca-cl120\/#breadcrumb","itemListElement":[{"@type":"ListItem","position":1,"name":"Inicio","item":"https:\/\/abaa.mx\/tienda\/"},{"@type":"ListItem","position":2,"name":"Tienda","item":"https:\/\/abaa.mx\/tienda\/"},{"@type":"ListItem","position":3,"name":"Mult\u00edmetro digital de gancho de rango autom\u00e1tico de 400 A CA CL120"}]},{"@type":"WebSite","@id":"https:\/\/abaa.mx\/tienda\/#website","url":"https:\/\/abaa.mx\/tienda\/","name":"Abaa tienda online","description":"Instrumentos de medici\u00f3n","publisher":{"@id":"https:\/\/abaa.mx\/tienda\/#organization"},"potentialAction":[{"@type":"SearchAction","target":{"@type":"EntryPoint","urlTemplate":"https:\/\/abaa.mx\/tienda\/?s={search_term_string}"},"query-input":{"@type":"PropertyValueSpecification","valueRequired":true,"valueName":"search_term_string"}}],"inLanguage":"es"},{"@type":"Organization","@id":"https:\/\/abaa.mx\/tienda\/#organization","name":"Abaa tienda online","url":"https:\/\/abaa.mx\/tienda\/","logo":{"@type":"ImageObject","inLanguage":"es","@id":"https:\/\/abaa.mx\/tienda\/#\/schema\/logo\/image\/","url":"https:\/\/abaa.mx\/tienda\/wp-content\/uploads\/2024\/01\/abaa-metrologia-tienda.png","contentUrl":"https:\/\/abaa.mx\/tienda\/wp-content\/uploads\/2024\/01\/abaa-metrologia-tienda.png","width":300,"height":141,"caption":"Abaa tienda online"},"image":{"@id":"https:\/\/abaa.mx\/tienda\/#\/schema\/logo\/image\/"}}]}},"_links":{"self":[{"href":"https:\/\/abaa.mx\/tienda\/wp-json\/wp\/v2\/product\/10408","targetHints":{"allow":["GET"]}}],"collection":[{"href":"https:\/\/abaa.mx\/tienda\/wp-json\/wp\/v2\/product"}],"about":[{"href":"https:\/\/abaa.mx\/tienda\/wp-json\/wp\/v2\/types\/product"}],"replies":[{"embeddable":true,"href":"https:\/\/abaa.mx\/tienda\/wp-json\/wp\/v2\/comments?post=10408"}],"wp:featuredmedia":[{"embeddable":true,"href":"https:\/\/abaa.mx\/tienda\/wp-json\/wp\/v2\/media\/10409"}],"wp:attachment":[{"href":"https:\/\/abaa.mx\/tienda\/wp-json\/wp\/v2\/media?parent=10408"}],"wp:term":[{"taxonomy":"product_brand","embeddable":true,"href":"https:\/\/abaa.mx\/tienda\/wp-json\/wp\/v2\/product_brand?post=10408"},{"taxonomy":"product_cat","embeddable":true,"href":"https:\/\/abaa.mx\/tienda\/wp-json\/wp\/v2\/product_cat?post=10408"},{"taxonomy":"product_tag","embeddable":true,"href":"https:\/\/abaa.mx\/tienda\/wp-json\/wp\/v2\/product_tag?post=10408"}],"curies":[{"name":"wp","href":"https:\/\/api.w.org\/{rel}","templated":true}]}}