{"id":10402,"date":"2024-02-23T15:40:25","date_gmt":"2024-02-23T15:40:25","guid":{"rendered":"https:\/\/abaa.mx\/tienda\/?post_type=product&#038;p=10402"},"modified":"2024-02-23T15:40:26","modified_gmt":"2024-02-23T15:40:26","slug":"multimetro-digital-de-gancho-de-rango-automatico-de-400-a-ca-cd-cl390","status":"publish","type":"product","link":"https:\/\/abaa.mx\/tienda\/multimetro-digital-de-gancho-de-rango-automatico-de-400-a-ca-cd-cl390\/","title":{"rendered":"Mult\u00edmetro digital de gancho de rango autom\u00e1tico de 400 A CA-CD CL390"},"content":{"rendered":"<p><strong>Caracter\u00edsticas:<\/strong><\/p>\n<ul class=\"features-list no-indent\">\n<li>Soporte para cables de prueba al lado de la pinza y soporte magn\u00e9tico opcional para medidores (cat. no. 69445 o 69417) para trabajar en modo manos libres.<\/li>\n<li>Probador de voltaje sin contacto integrado en la mordaza de la pinza.<\/li>\n<li>Pantalla LCD de alta visibilidad y contraste invertido para una visualizaci\u00f3n mejorada en todos los ambientes iluminados.<\/li>\n<li>Tecnolog\u00eda de medici\u00f3n de rango autom\u00e1tico con media cuadr\u00e1tica real (TRMS) que ofrece mayor precisi\u00f3n.<\/li>\n<li>Mide corriente CA\/CD y NCVT con una pinza, as\u00ed como voltaje CA\/CD, resistencia, frecuencia, microamperios CD, capacitancia, ciclo de servicio, prueba de diodo y continuidad con cables de prueba, y la temperatura con un termopar.<\/li>\n<li>Mide temperatura con una sonda de termopar tipo K.<\/li>\n<li>M\u00e1ximo\/m\u00ednimo, relativo\/cero y capacidad de retenci\u00f3n de datos.<\/li>\n<li>Funci\u00f3n de apagado autom\u00e1tico despu\u00e9s de 10 minutos para preservar la vida \u00fatil de la bater\u00eda.<\/li>\n<li>Incluye un estuche para transporte, cables de prueba con capuchones de seguridad CAT III\/CAT IV, termopar, instrucciones y 3 bater\u00edas AAA.<\/li>\n<li>Indicador de bater\u00eda baja y compartimiento de las bater\u00edas de f\u00e1cil acceso.<\/li>\n<li>Construido para resistir una ca\u00edda desde 6,6&#8242; (2 m).<\/li>\n<li>Clasificaci\u00f3n de seguridad CAT III 600 V, clase 2, doble aislamiento.<\/li>\n<li>Cumple con los requisitos apropiados para su uso en entornos electromagn\u00e9ticos b\u00e1sicos y controlados, como propiedades residenciales, oficinas e instalaciones de industria ligera.<\/li>\n<\/ul>\n","protected":false},"excerpt":{"rendered":"<p>El mult\u00edmetro digital de gancho de rango autom\u00e1tico de 400 A CA-CD CL390 es una herramienta utilizada para medir corrientes el\u00e9ctricas, tanto en corriente alterna (CA) como en corriente continua (CD). Est\u00e1 equipado con un gancho de medici\u00f3n que permite medir la corriente sin necesidad de interrumpir el circuito.<\/p>\n<p><strong>Aqu\u00ed hay algunas de las funciones y usos del mult\u00edmetro CL390:<\/strong><\/p>\n<p><strong>Medici\u00f3n de corriente:<\/strong> Permite medir la corriente el\u00e9ctrica que fluye a trav\u00e9s de un conductor sin necesidad de abrir el circuito. Esto es \u00fatil para diagnosticar problemas el\u00e9ctricos y verificar la corriente en diversos dispositivos y sistemas.<\/p>\n<p><strong>Rango autom\u00e1tico:<\/strong> El mult\u00edmetro CL390 cuenta con funci\u00f3n de rango autom\u00e1tico, lo que significa que ajusta autom\u00e1ticamente el rango de medici\u00f3n seg\u00fan la magnitud de la corriente que se est\u00e1 midiendo. Esto facilita su uso y garantiza mediciones precisas.<\/p>\n<p><strong>Medici\u00f3n de corriente alterna y continua:<\/strong> Puede medir tanto corriente alterna (CA) como corriente continua (CD), lo que lo hace vers\u00e1til para una amplia gama de aplicaciones el\u00e9ctricas.<\/p>\n<p><strong>Otras funciones de mult\u00edmetro:<\/strong> Adem\u00e1s de la medici\u00f3n de corriente, es probable que el mult\u00edmetro CL390 tenga otras funciones comunes de mult\u00edmetros digitales, como medici\u00f3n de voltaje (tanto CA como CD), resistencia, continuidad, capacitancia, entre otras.<\/p>\n","protected":false},"featured_media":10403,"comment_status":"open","ping_status":"closed","template":"","meta":{"_joinchat":[]},"product_brand":[],"product_cat":[15],"product_tag":[],"class_list":{"0":"post-10402","1":"product","2":"type-product","3":"status-publish","4":"has-post-thumbnail","6":"product_cat-sin-categorizar","8":"first","9":"instock","10":"shipping-taxable","11":"product-type-simple"},"yoast_head":"<!-- This site is optimized with the Yoast SEO plugin v26.4 - https:\/\/yoast.com\/wordpress\/plugins\/seo\/ -->\n<title>Mult\u00edmetro digital de gancho de rango autom\u00e1tico de 400 A CA-CD CL390 - Abaa tienda online<\/title>\n<meta name=\"robots\" content=\"index, follow, max-snippet:-1, max-image-preview:large, max-video-preview:-1\" \/>\n<link rel=\"canonical\" href=\"https:\/\/abaa.mx\/tienda\/multimetro-digital-de-gancho-de-rango-automatico-de-400-a-ca-cd-cl390\/\" \/>\n<meta property=\"og:locale\" content=\"es_MX\" \/>\n<meta property=\"og:type\" content=\"article\" \/>\n<meta property=\"og:title\" content=\"Mult\u00edmetro digital de gancho de rango autom\u00e1tico de 400 A CA-CD CL390 - Abaa tienda online\" \/>\n<meta property=\"og:description\" content=\"El mult\u00edmetro digital de gancho de rango autom\u00e1tico de 400 A CA-CD CL390 es una herramienta utilizada para medir corrientes el\u00e9ctricas, tanto en corriente alterna (CA) como en corriente continua (CD). Est\u00e1 equipado con un gancho de medici\u00f3n que permite medir la corriente sin necesidad de interrumpir el circuito.  Aqu\u00ed hay algunas de las funciones y usos del mult\u00edmetro CL390:  Medici\u00f3n de corriente: Permite medir la corriente el\u00e9ctrica que fluye a trav\u00e9s de un conductor sin necesidad de abrir el circuito. Esto es \u00fatil para diagnosticar problemas el\u00e9ctricos y verificar la corriente en diversos dispositivos y sistemas.  Rango autom\u00e1tico: El mult\u00edmetro CL390 cuenta con funci\u00f3n de rango autom\u00e1tico, lo que significa que ajusta autom\u00e1ticamente el rango de medici\u00f3n seg\u00fan la magnitud de la corriente que se est\u00e1 midiendo. Esto facilita su uso y garantiza mediciones precisas.  Medici\u00f3n de corriente alterna y continua: Puede medir tanto corriente alterna (CA) como corriente continua (CD), lo que lo hace vers\u00e1til para una amplia gama de aplicaciones el\u00e9ctricas.  Otras funciones de mult\u00edmetro: Adem\u00e1s de la medici\u00f3n de corriente, es probable que el mult\u00edmetro CL390 tenga otras funciones comunes de mult\u00edmetros digitales, como medici\u00f3n de voltaje (tanto CA como CD), resistencia, continuidad, capacitancia, entre otras.\" \/>\n<meta property=\"og:url\" content=\"https:\/\/abaa.mx\/tienda\/multimetro-digital-de-gancho-de-rango-automatico-de-400-a-ca-cd-cl390\/\" \/>\n<meta property=\"og:site_name\" content=\"Abaa tienda online\" \/>\n<meta property=\"article:modified_time\" content=\"2024-02-23T15:40:26+00:00\" \/>\n<meta property=\"og:image\" content=\"https:\/\/abaa.mx\/tienda\/wp-content\/uploads\/2024\/02\/Klein-tools-CL390.jpg\" \/>\n\t<meta property=\"og:image:width\" content=\"1000\" \/>\n\t<meta property=\"og:image:height\" content=\"1000\" \/>\n\t<meta property=\"og:image:type\" content=\"image\/jpeg\" \/>\n<meta name=\"twitter:card\" content=\"summary_large_image\" \/>\n<meta name=\"twitter:label1\" content=\"Tiempo de lectura\" \/>\n\t<meta name=\"twitter:data1\" content=\"2 minutos\" \/>\n<script type=\"application\/ld+json\" class=\"yoast-schema-graph\">{\"@context\":\"https:\/\/schema.org\",\"@graph\":[{\"@type\":\"WebPage\",\"@id\":\"https:\/\/abaa.mx\/tienda\/multimetro-digital-de-gancho-de-rango-automatico-de-400-a-ca-cd-cl390\/\",\"url\":\"https:\/\/abaa.mx\/tienda\/multimetro-digital-de-gancho-de-rango-automatico-de-400-a-ca-cd-cl390\/\",\"name\":\"Mult\u00edmetro digital de gancho de rango autom\u00e1tico de 400 A CA-CD CL390 - Abaa tienda online\",\"isPartOf\":{\"@id\":\"https:\/\/abaa.mx\/tienda\/#website\"},\"primaryImageOfPage\":{\"@id\":\"https:\/\/abaa.mx\/tienda\/multimetro-digital-de-gancho-de-rango-automatico-de-400-a-ca-cd-cl390\/#primaryimage\"},\"image\":{\"@id\":\"https:\/\/abaa.mx\/tienda\/multimetro-digital-de-gancho-de-rango-automatico-de-400-a-ca-cd-cl390\/#primaryimage\"},\"thumbnailUrl\":\"https:\/\/abaa.mx\/tienda\/wp-content\/uploads\/2024\/02\/Klein-tools-CL390.jpg\",\"datePublished\":\"2024-02-23T15:40:25+00:00\",\"dateModified\":\"2024-02-23T15:40:26+00:00\",\"breadcrumb\":{\"@id\":\"https:\/\/abaa.mx\/tienda\/multimetro-digital-de-gancho-de-rango-automatico-de-400-a-ca-cd-cl390\/#breadcrumb\"},\"inLanguage\":\"es\",\"potentialAction\":[{\"@type\":\"ReadAction\",\"target\":[\"https:\/\/abaa.mx\/tienda\/multimetro-digital-de-gancho-de-rango-automatico-de-400-a-ca-cd-cl390\/\"]}]},{\"@type\":\"ImageObject\",\"inLanguage\":\"es\",\"@id\":\"https:\/\/abaa.mx\/tienda\/multimetro-digital-de-gancho-de-rango-automatico-de-400-a-ca-cd-cl390\/#primaryimage\",\"url\":\"https:\/\/abaa.mx\/tienda\/wp-content\/uploads\/2024\/02\/Klein-tools-CL390.jpg\",\"contentUrl\":\"https:\/\/abaa.mx\/tienda\/wp-content\/uploads\/2024\/02\/Klein-tools-CL390.jpg\",\"width\":1000,\"height\":1000,\"caption\":\"Klein tools CL390\"},{\"@type\":\"BreadcrumbList\",\"@id\":\"https:\/\/abaa.mx\/tienda\/multimetro-digital-de-gancho-de-rango-automatico-de-400-a-ca-cd-cl390\/#breadcrumb\",\"itemListElement\":[{\"@type\":\"ListItem\",\"position\":1,\"name\":\"Inicio\",\"item\":\"https:\/\/abaa.mx\/tienda\/\"},{\"@type\":\"ListItem\",\"position\":2,\"name\":\"Tienda\",\"item\":\"https:\/\/abaa.mx\/tienda\/\"},{\"@type\":\"ListItem\",\"position\":3,\"name\":\"Mult\u00edmetro digital de gancho de rango autom\u00e1tico de 400 A CA-CD CL390\"}]},{\"@type\":\"WebSite\",\"@id\":\"https:\/\/abaa.mx\/tienda\/#website\",\"url\":\"https:\/\/abaa.mx\/tienda\/\",\"name\":\"Abaa tienda online\",\"description\":\"Instrumentos de medici\u00f3n\",\"publisher\":{\"@id\":\"https:\/\/abaa.mx\/tienda\/#organization\"},\"potentialAction\":[{\"@type\":\"SearchAction\",\"target\":{\"@type\":\"EntryPoint\",\"urlTemplate\":\"https:\/\/abaa.mx\/tienda\/?s={search_term_string}\"},\"query-input\":{\"@type\":\"PropertyValueSpecification\",\"valueRequired\":true,\"valueName\":\"search_term_string\"}}],\"inLanguage\":\"es\"},{\"@type\":\"Organization\",\"@id\":\"https:\/\/abaa.mx\/tienda\/#organization\",\"name\":\"Abaa tienda online\",\"url\":\"https:\/\/abaa.mx\/tienda\/\",\"logo\":{\"@type\":\"ImageObject\",\"inLanguage\":\"es\",\"@id\":\"https:\/\/abaa.mx\/tienda\/#\/schema\/logo\/image\/\",\"url\":\"https:\/\/abaa.mx\/tienda\/wp-content\/uploads\/2024\/01\/abaa-metrologia-tienda.png\",\"contentUrl\":\"https:\/\/abaa.mx\/tienda\/wp-content\/uploads\/2024\/01\/abaa-metrologia-tienda.png\",\"width\":300,\"height\":141,\"caption\":\"Abaa tienda online\"},\"image\":{\"@id\":\"https:\/\/abaa.mx\/tienda\/#\/schema\/logo\/image\/\"}}]}<\/script>\n<!-- \/ Yoast SEO plugin. -->","yoast_head_json":{"title":"Mult\u00edmetro digital de gancho de rango autom\u00e1tico de 400 A CA-CD CL390 - Abaa tienda online","robots":{"index":"index","follow":"follow","max-snippet":"max-snippet:-1","max-image-preview":"max-image-preview:large","max-video-preview":"max-video-preview:-1"},"canonical":"https:\/\/abaa.mx\/tienda\/multimetro-digital-de-gancho-de-rango-automatico-de-400-a-ca-cd-cl390\/","og_locale":"es_MX","og_type":"article","og_title":"Mult\u00edmetro digital de gancho de rango autom\u00e1tico de 400 A CA-CD CL390 - Abaa tienda online","og_description":"El mult\u00edmetro digital de gancho de rango autom\u00e1tico de 400 A CA-CD CL390 es una herramienta utilizada para medir corrientes el\u00e9ctricas, tanto en corriente alterna (CA) como en corriente continua (CD). Est\u00e1 equipado con un gancho de medici\u00f3n que permite medir la corriente sin necesidad de interrumpir el circuito.  Aqu\u00ed hay algunas de las funciones y usos del mult\u00edmetro CL390:  Medici\u00f3n de corriente: Permite medir la corriente el\u00e9ctrica que fluye a trav\u00e9s de un conductor sin necesidad de abrir el circuito. Esto es \u00fatil para diagnosticar problemas el\u00e9ctricos y verificar la corriente en diversos dispositivos y sistemas.  Rango autom\u00e1tico: El mult\u00edmetro CL390 cuenta con funci\u00f3n de rango autom\u00e1tico, lo que significa que ajusta autom\u00e1ticamente el rango de medici\u00f3n seg\u00fan la magnitud de la corriente que se est\u00e1 midiendo. Esto facilita su uso y garantiza mediciones precisas.  Medici\u00f3n de corriente alterna y continua: Puede medir tanto corriente alterna (CA) como corriente continua (CD), lo que lo hace vers\u00e1til para una amplia gama de aplicaciones el\u00e9ctricas.  Otras funciones de mult\u00edmetro: Adem\u00e1s de la medici\u00f3n de corriente, es probable que el mult\u00edmetro CL390 tenga otras funciones comunes de mult\u00edmetros digitales, como medici\u00f3n de voltaje (tanto CA como CD), resistencia, continuidad, capacitancia, entre otras.","og_url":"https:\/\/abaa.mx\/tienda\/multimetro-digital-de-gancho-de-rango-automatico-de-400-a-ca-cd-cl390\/","og_site_name":"Abaa tienda online","article_modified_time":"2024-02-23T15:40:26+00:00","og_image":[{"width":1000,"height":1000,"url":"https:\/\/abaa.mx\/tienda\/wp-content\/uploads\/2024\/02\/Klein-tools-CL390.jpg","type":"image\/jpeg"}],"twitter_card":"summary_large_image","twitter_misc":{"Tiempo de lectura":"2 minutos"},"schema":{"@context":"https:\/\/schema.org","@graph":[{"@type":"WebPage","@id":"https:\/\/abaa.mx\/tienda\/multimetro-digital-de-gancho-de-rango-automatico-de-400-a-ca-cd-cl390\/","url":"https:\/\/abaa.mx\/tienda\/multimetro-digital-de-gancho-de-rango-automatico-de-400-a-ca-cd-cl390\/","name":"Mult\u00edmetro digital de gancho de rango autom\u00e1tico de 400 A CA-CD CL390 - Abaa tienda online","isPartOf":{"@id":"https:\/\/abaa.mx\/tienda\/#website"},"primaryImageOfPage":{"@id":"https:\/\/abaa.mx\/tienda\/multimetro-digital-de-gancho-de-rango-automatico-de-400-a-ca-cd-cl390\/#primaryimage"},"image":{"@id":"https:\/\/abaa.mx\/tienda\/multimetro-digital-de-gancho-de-rango-automatico-de-400-a-ca-cd-cl390\/#primaryimage"},"thumbnailUrl":"https:\/\/abaa.mx\/tienda\/wp-content\/uploads\/2024\/02\/Klein-tools-CL390.jpg","datePublished":"2024-02-23T15:40:25+00:00","dateModified":"2024-02-23T15:40:26+00:00","breadcrumb":{"@id":"https:\/\/abaa.mx\/tienda\/multimetro-digital-de-gancho-de-rango-automatico-de-400-a-ca-cd-cl390\/#breadcrumb"},"inLanguage":"es","potentialAction":[{"@type":"ReadAction","target":["https:\/\/abaa.mx\/tienda\/multimetro-digital-de-gancho-de-rango-automatico-de-400-a-ca-cd-cl390\/"]}]},{"@type":"ImageObject","inLanguage":"es","@id":"https:\/\/abaa.mx\/tienda\/multimetro-digital-de-gancho-de-rango-automatico-de-400-a-ca-cd-cl390\/#primaryimage","url":"https:\/\/abaa.mx\/tienda\/wp-content\/uploads\/2024\/02\/Klein-tools-CL390.jpg","contentUrl":"https:\/\/abaa.mx\/tienda\/wp-content\/uploads\/2024\/02\/Klein-tools-CL390.jpg","width":1000,"height":1000,"caption":"Klein tools CL390"},{"@type":"BreadcrumbList","@id":"https:\/\/abaa.mx\/tienda\/multimetro-digital-de-gancho-de-rango-automatico-de-400-a-ca-cd-cl390\/#breadcrumb","itemListElement":[{"@type":"ListItem","position":1,"name":"Inicio","item":"https:\/\/abaa.mx\/tienda\/"},{"@type":"ListItem","position":2,"name":"Tienda","item":"https:\/\/abaa.mx\/tienda\/"},{"@type":"ListItem","position":3,"name":"Mult\u00edmetro digital de gancho de rango autom\u00e1tico de 400 A CA-CD CL390"}]},{"@type":"WebSite","@id":"https:\/\/abaa.mx\/tienda\/#website","url":"https:\/\/abaa.mx\/tienda\/","name":"Abaa tienda online","description":"Instrumentos de medici\u00f3n","publisher":{"@id":"https:\/\/abaa.mx\/tienda\/#organization"},"potentialAction":[{"@type":"SearchAction","target":{"@type":"EntryPoint","urlTemplate":"https:\/\/abaa.mx\/tienda\/?s={search_term_string}"},"query-input":{"@type":"PropertyValueSpecification","valueRequired":true,"valueName":"search_term_string"}}],"inLanguage":"es"},{"@type":"Organization","@id":"https:\/\/abaa.mx\/tienda\/#organization","name":"Abaa tienda online","url":"https:\/\/abaa.mx\/tienda\/","logo":{"@type":"ImageObject","inLanguage":"es","@id":"https:\/\/abaa.mx\/tienda\/#\/schema\/logo\/image\/","url":"https:\/\/abaa.mx\/tienda\/wp-content\/uploads\/2024\/01\/abaa-metrologia-tienda.png","contentUrl":"https:\/\/abaa.mx\/tienda\/wp-content\/uploads\/2024\/01\/abaa-metrologia-tienda.png","width":300,"height":141,"caption":"Abaa tienda online"},"image":{"@id":"https:\/\/abaa.mx\/tienda\/#\/schema\/logo\/image\/"}}]}},"_links":{"self":[{"href":"https:\/\/abaa.mx\/tienda\/wp-json\/wp\/v2\/product\/10402","targetHints":{"allow":["GET"]}}],"collection":[{"href":"https:\/\/abaa.mx\/tienda\/wp-json\/wp\/v2\/product"}],"about":[{"href":"https:\/\/abaa.mx\/tienda\/wp-json\/wp\/v2\/types\/product"}],"replies":[{"embeddable":true,"href":"https:\/\/abaa.mx\/tienda\/wp-json\/wp\/v2\/comments?post=10402"}],"wp:featuredmedia":[{"embeddable":true,"href":"https:\/\/abaa.mx\/tienda\/wp-json\/wp\/v2\/media\/10403"}],"wp:attachment":[{"href":"https:\/\/abaa.mx\/tienda\/wp-json\/wp\/v2\/media?parent=10402"}],"wp:term":[{"taxonomy":"product_brand","embeddable":true,"href":"https:\/\/abaa.mx\/tienda\/wp-json\/wp\/v2\/product_brand?post=10402"},{"taxonomy":"product_cat","embeddable":true,"href":"https:\/\/abaa.mx\/tienda\/wp-json\/wp\/v2\/product_cat?post=10402"},{"taxonomy":"product_tag","embeddable":true,"href":"https:\/\/abaa.mx\/tienda\/wp-json\/wp\/v2\/product_tag?post=10402"}],"curies":[{"name":"wp","href":"https:\/\/api.w.org\/{rel}","templated":true}]}}