{"id":10284,"date":"2024-01-27T01:55:35","date_gmt":"2024-01-27T01:55:35","guid":{"rendered":"https:\/\/abaa.mx\/tienda\/?post_type=product&#038;p=10284"},"modified":"2024-01-30T01:57:07","modified_gmt":"2024-01-30T01:57:07","slug":"termohigrometro-taylor-1733","status":"publish","type":"product","link":"https:\/\/abaa.mx\/tienda\/termohigrometro-taylor-1733\/","title":{"rendered":"Termohigr\u00f3metro taylor 1733"},"content":{"rendered":"<p>El instrumento cuenta con un sensor remoto inal\u00e1mbrico de lectura en pantalla de cristal l\u00edquido con un alcance de hasta 60 metros,\u00a0<u>Taylor 1733<\/u> se puede montar en panel, pared o sobre superficies planas, indica temperatura en Celsius o Fahrenheit.<\/p>\n<p>Cuenta con un reloj at\u00f3mico y alarma con funci\u00f3n &#8220;Snooze&#8221;, calendario fechador, lectura de presi\u00f3n (bar\u00f3metro), previsi\u00f3n en indicadores del tiempo, indicador de confort, formato de hora en 12 o 24 hrs.<\/p>\n<ul>\n<li><strong>Rango del termohigr\u00f3metro base:<\/strong><br \/>\nTemperatura: 0 a 50\u00b0C (32 a 122\u00b0F).<\/li>\n<li><strong>Resoluci\u00f3n:<\/strong><br \/>\n0.1 \u00b0C.<\/li>\n<li><strong>Rango y alcance del sensor remoto:<\/strong><br \/>\nTemperatura: -40 a 60\u00b0C (32 a 122\u00b0F).<br \/>\nAlcance: 60 metros (200 pies).<\/li>\n<li><strong>Tipo de medici\u00f3n:<\/strong><br \/>\nAmbiental.<\/li>\n<li><strong>Unidades de medici\u00f3n:<\/strong><br \/>\n\u00b0C \/ \u00b0F .<\/li>\n<li><strong>Indicaci\u00f3n:<\/strong><br \/>\nDigital.<\/li>\n<li><strong>Usos y aplicaciones:<\/strong><br \/>\nSu uso es para medici\u00f3n del medio ambiente.<\/li>\n<li><strong>Dimensi\u00f3n y tama\u00f1o:\u00a0<\/strong><br \/>\nCuerpo 3.2&#8243; x 0.8&#8243; x 5.4&#8243;.<\/li>\n<li><strong>Serie:<\/strong><br \/>\nSerie 1700.<\/li>\n<\/ul>\n<h2 class=\"sTgpcw0 oCDTMgJ---typography-11-runningText oCDTMgJ---priority-7-primary _HOcyB x4nptw sxbtulv\" aria-hidden=\"false\" data-hook=\"info-section-title\"><\/h2>\n<h2 class=\"sTgpcw0 oCDTMgJ---typography-11-runningText oCDTMgJ---priority-7-primary _HOcyB x4nptw sxbtulv\" aria-hidden=\"false\" data-hook=\"info-section-title\"><strong>Especificaciones t\u00e9cnicas<\/strong><\/h2>\n<div class=\"aecizt QfrfFD cell\"><\/div>\n<div class=\"rah-static rah-static--height-auto\" aria-hidden=\"false\">\n<div>\n<div class=\"ulKuLk QfrfFD cell\">\n<div class=\"O0VfEq\" data-hook=\"info-section-description\">\n<ul>\n<li>TAYLOR 1733.<\/li>\n<li>Temperatura interior.<\/li>\n<li>Temperatura exterior.<\/li>\n<li>Selecci\u00f3n de unidad \u00b0F o \u00b0C.<\/li>\n<li>Indicaci\u00f3n de presi\u00f3n barom\u00e9trica.<\/li>\n<li>Historial de presi\u00f3n barom\u00e9trica.<\/li>\n<li>Pronostico del clima.<\/li>\n<li>Fases lunares.<\/li>\n<li>Calendario.<\/li>\n<li>Reloj con alarma.<\/li>\n<li>Sensor remoto inal\u00e1mbrico con alcance de 60 metros (200 pies).<\/li>\n<\/ul>\n<\/div>\n<\/div>\n<\/div>\n<\/div>\n","protected":false},"excerpt":{"rendered":"<p><strong>La estaci\u00f3n meteorol\u00f3gica 1733<\/strong>\u00a0de Taylor sustituye a\u00a0<u>Taylor 1524<\/u>, es un instrumento de alta presici\u00f3n para necesidades de pron\u00f3stico e\u00a0indicaci\u00f3n t\u00e9rmica en exteriores.<\/p>\n<p>La sofisticada estaci\u00f3n inal\u00e1mbrica y meteorol\u00f3gica digital Taylor 1733, con reloj at\u00f3mico, pantalla multil\u00ednea LCD de 3.1\u201d, indica la temperatura ambiental de espacios interiores y exteriores. Este instrumento, cuenta con sensores de humedad y temperatura, para indicar un pron\u00f3stico de clima acertado.<\/p>\n","protected":false},"featured_media":10297,"comment_status":"open","ping_status":"closed","template":"","meta":{"_joinchat":[]},"product_brand":[],"product_cat":[58],"product_tag":[],"class_list":{"0":"post-10284","1":"product","2":"type-product","3":"status-publish","4":"has-post-thumbnail","6":"product_cat-termohigrometros","8":"first","9":"instock","10":"shipping-taxable","11":"purchasable","12":"product-type-variable"},"yoast_head":"<!-- This site is optimized with the Yoast SEO plugin v26.4 - https:\/\/yoast.com\/wordpress\/plugins\/seo\/ -->\n<title>Termohigr\u00f3metro taylor 1733 - Abaa tienda online<\/title>\n<meta name=\"robots\" content=\"index, follow, max-snippet:-1, max-image-preview:large, max-video-preview:-1\" \/>\n<link rel=\"canonical\" href=\"https:\/\/abaa.mx\/tienda\/termohigrometro-taylor-1733\/\" \/>\n<meta property=\"og:locale\" content=\"es_MX\" \/>\n<meta property=\"og:type\" content=\"article\" \/>\n<meta property=\"og:title\" content=\"Termohigr\u00f3metro taylor 1733 - Abaa tienda online\" \/>\n<meta property=\"og:description\" content=\"La estaci\u00f3n meteorol\u00f3gica 1733\u00a0de Taylor sustituye a\u00a0Taylor 1524, es un instrumento de alta presici\u00f3n para necesidades de pron\u00f3stico e\u00a0indicaci\u00f3n t\u00e9rmica en exteriores.  La sofisticada estaci\u00f3n inal\u00e1mbrica y meteorol\u00f3gica digital Taylor 1733, con reloj at\u00f3mico, pantalla multil\u00ednea LCD de 3.1\u201d, indica la temperatura ambiental de espacios interiores y exteriores. Este instrumento, cuenta con sensores de humedad y temperatura, para indicar un pron\u00f3stico de clima acertado.\" \/>\n<meta property=\"og:url\" content=\"https:\/\/abaa.mx\/tienda\/termohigrometro-taylor-1733\/\" \/>\n<meta property=\"og:site_name\" content=\"Abaa tienda online\" \/>\n<meta property=\"article:modified_time\" content=\"2024-01-30T01:57:07+00:00\" \/>\n<meta property=\"og:image\" content=\"https:\/\/abaa.mx\/tienda\/wp-content\/uploads\/2024\/01\/termohigrometro-taylor-1733.png\" \/>\n\t<meta property=\"og:image:width\" content=\"600\" \/>\n\t<meta property=\"og:image:height\" content=\"600\" \/>\n\t<meta property=\"og:image:type\" content=\"image\/png\" \/>\n<meta name=\"twitter:card\" content=\"summary_large_image\" \/>\n<meta name=\"twitter:label1\" content=\"Tiempo de lectura\" \/>\n\t<meta name=\"twitter:data1\" content=\"2 minutos\" \/>\n<script type=\"application\/ld+json\" class=\"yoast-schema-graph\">{\"@context\":\"https:\/\/schema.org\",\"@graph\":[{\"@type\":\"WebPage\",\"@id\":\"https:\/\/abaa.mx\/tienda\/termohigrometro-taylor-1733\/\",\"url\":\"https:\/\/abaa.mx\/tienda\/termohigrometro-taylor-1733\/\",\"name\":\"Termohigr\u00f3metro taylor 1733 - Abaa tienda online\",\"isPartOf\":{\"@id\":\"https:\/\/abaa.mx\/tienda\/#website\"},\"primaryImageOfPage\":{\"@id\":\"https:\/\/abaa.mx\/tienda\/termohigrometro-taylor-1733\/#primaryimage\"},\"image\":{\"@id\":\"https:\/\/abaa.mx\/tienda\/termohigrometro-taylor-1733\/#primaryimage\"},\"thumbnailUrl\":\"https:\/\/abaa.mx\/tienda\/wp-content\/uploads\/2024\/01\/termohigrometro-taylor-1733.png\",\"datePublished\":\"2024-01-27T01:55:35+00:00\",\"dateModified\":\"2024-01-30T01:57:07+00:00\",\"breadcrumb\":{\"@id\":\"https:\/\/abaa.mx\/tienda\/termohigrometro-taylor-1733\/#breadcrumb\"},\"inLanguage\":\"es\",\"potentialAction\":[{\"@type\":\"ReadAction\",\"target\":[\"https:\/\/abaa.mx\/tienda\/termohigrometro-taylor-1733\/\"]}]},{\"@type\":\"ImageObject\",\"inLanguage\":\"es\",\"@id\":\"https:\/\/abaa.mx\/tienda\/termohigrometro-taylor-1733\/#primaryimage\",\"url\":\"https:\/\/abaa.mx\/tienda\/wp-content\/uploads\/2024\/01\/termohigrometro-taylor-1733.png\",\"contentUrl\":\"https:\/\/abaa.mx\/tienda\/wp-content\/uploads\/2024\/01\/termohigrometro-taylor-1733.png\",\"width\":600,\"height\":600},{\"@type\":\"BreadcrumbList\",\"@id\":\"https:\/\/abaa.mx\/tienda\/termohigrometro-taylor-1733\/#breadcrumb\",\"itemListElement\":[{\"@type\":\"ListItem\",\"position\":1,\"name\":\"Inicio\",\"item\":\"https:\/\/abaa.mx\/tienda\/\"},{\"@type\":\"ListItem\",\"position\":2,\"name\":\"Tienda\",\"item\":\"https:\/\/abaa.mx\/tienda\/\"},{\"@type\":\"ListItem\",\"position\":3,\"name\":\"Termohigr\u00f3metro taylor 1733\"}]},{\"@type\":\"WebSite\",\"@id\":\"https:\/\/abaa.mx\/tienda\/#website\",\"url\":\"https:\/\/abaa.mx\/tienda\/\",\"name\":\"Abaa tienda online\",\"description\":\"Instrumentos de medici\u00f3n\",\"publisher\":{\"@id\":\"https:\/\/abaa.mx\/tienda\/#organization\"},\"potentialAction\":[{\"@type\":\"SearchAction\",\"target\":{\"@type\":\"EntryPoint\",\"urlTemplate\":\"https:\/\/abaa.mx\/tienda\/?s={search_term_string}\"},\"query-input\":{\"@type\":\"PropertyValueSpecification\",\"valueRequired\":true,\"valueName\":\"search_term_string\"}}],\"inLanguage\":\"es\"},{\"@type\":\"Organization\",\"@id\":\"https:\/\/abaa.mx\/tienda\/#organization\",\"name\":\"Abaa tienda online\",\"url\":\"https:\/\/abaa.mx\/tienda\/\",\"logo\":{\"@type\":\"ImageObject\",\"inLanguage\":\"es\",\"@id\":\"https:\/\/abaa.mx\/tienda\/#\/schema\/logo\/image\/\",\"url\":\"https:\/\/abaa.mx\/tienda\/wp-content\/uploads\/2024\/01\/abaa-metrologia-tienda.png\",\"contentUrl\":\"https:\/\/abaa.mx\/tienda\/wp-content\/uploads\/2024\/01\/abaa-metrologia-tienda.png\",\"width\":300,\"height\":141,\"caption\":\"Abaa tienda online\"},\"image\":{\"@id\":\"https:\/\/abaa.mx\/tienda\/#\/schema\/logo\/image\/\"}}]}<\/script>\n<!-- \/ Yoast SEO plugin. -->","yoast_head_json":{"title":"Termohigr\u00f3metro taylor 1733 - Abaa tienda online","robots":{"index":"index","follow":"follow","max-snippet":"max-snippet:-1","max-image-preview":"max-image-preview:large","max-video-preview":"max-video-preview:-1"},"canonical":"https:\/\/abaa.mx\/tienda\/termohigrometro-taylor-1733\/","og_locale":"es_MX","og_type":"article","og_title":"Termohigr\u00f3metro taylor 1733 - Abaa tienda online","og_description":"La estaci\u00f3n meteorol\u00f3gica 1733\u00a0de Taylor sustituye a\u00a0Taylor 1524, es un instrumento de alta presici\u00f3n para necesidades de pron\u00f3stico e\u00a0indicaci\u00f3n t\u00e9rmica en exteriores.  La sofisticada estaci\u00f3n inal\u00e1mbrica y meteorol\u00f3gica digital Taylor 1733, con reloj at\u00f3mico, pantalla multil\u00ednea LCD de 3.1\u201d, indica la temperatura ambiental de espacios interiores y exteriores. Este instrumento, cuenta con sensores de humedad y temperatura, para indicar un pron\u00f3stico de clima acertado.","og_url":"https:\/\/abaa.mx\/tienda\/termohigrometro-taylor-1733\/","og_site_name":"Abaa tienda online","article_modified_time":"2024-01-30T01:57:07+00:00","og_image":[{"width":600,"height":600,"url":"https:\/\/abaa.mx\/tienda\/wp-content\/uploads\/2024\/01\/termohigrometro-taylor-1733.png","type":"image\/png"}],"twitter_card":"summary_large_image","twitter_misc":{"Tiempo de lectura":"2 minutos"},"schema":{"@context":"https:\/\/schema.org","@graph":[{"@type":"WebPage","@id":"https:\/\/abaa.mx\/tienda\/termohigrometro-taylor-1733\/","url":"https:\/\/abaa.mx\/tienda\/termohigrometro-taylor-1733\/","name":"Termohigr\u00f3metro taylor 1733 - Abaa tienda online","isPartOf":{"@id":"https:\/\/abaa.mx\/tienda\/#website"},"primaryImageOfPage":{"@id":"https:\/\/abaa.mx\/tienda\/termohigrometro-taylor-1733\/#primaryimage"},"image":{"@id":"https:\/\/abaa.mx\/tienda\/termohigrometro-taylor-1733\/#primaryimage"},"thumbnailUrl":"https:\/\/abaa.mx\/tienda\/wp-content\/uploads\/2024\/01\/termohigrometro-taylor-1733.png","datePublished":"2024-01-27T01:55:35+00:00","dateModified":"2024-01-30T01:57:07+00:00","breadcrumb":{"@id":"https:\/\/abaa.mx\/tienda\/termohigrometro-taylor-1733\/#breadcrumb"},"inLanguage":"es","potentialAction":[{"@type":"ReadAction","target":["https:\/\/abaa.mx\/tienda\/termohigrometro-taylor-1733\/"]}]},{"@type":"ImageObject","inLanguage":"es","@id":"https:\/\/abaa.mx\/tienda\/termohigrometro-taylor-1733\/#primaryimage","url":"https:\/\/abaa.mx\/tienda\/wp-content\/uploads\/2024\/01\/termohigrometro-taylor-1733.png","contentUrl":"https:\/\/abaa.mx\/tienda\/wp-content\/uploads\/2024\/01\/termohigrometro-taylor-1733.png","width":600,"height":600},{"@type":"BreadcrumbList","@id":"https:\/\/abaa.mx\/tienda\/termohigrometro-taylor-1733\/#breadcrumb","itemListElement":[{"@type":"ListItem","position":1,"name":"Inicio","item":"https:\/\/abaa.mx\/tienda\/"},{"@type":"ListItem","position":2,"name":"Tienda","item":"https:\/\/abaa.mx\/tienda\/"},{"@type":"ListItem","position":3,"name":"Termohigr\u00f3metro taylor 1733"}]},{"@type":"WebSite","@id":"https:\/\/abaa.mx\/tienda\/#website","url":"https:\/\/abaa.mx\/tienda\/","name":"Abaa tienda online","description":"Instrumentos de medici\u00f3n","publisher":{"@id":"https:\/\/abaa.mx\/tienda\/#organization"},"potentialAction":[{"@type":"SearchAction","target":{"@type":"EntryPoint","urlTemplate":"https:\/\/abaa.mx\/tienda\/?s={search_term_string}"},"query-input":{"@type":"PropertyValueSpecification","valueRequired":true,"valueName":"search_term_string"}}],"inLanguage":"es"},{"@type":"Organization","@id":"https:\/\/abaa.mx\/tienda\/#organization","name":"Abaa tienda online","url":"https:\/\/abaa.mx\/tienda\/","logo":{"@type":"ImageObject","inLanguage":"es","@id":"https:\/\/abaa.mx\/tienda\/#\/schema\/logo\/image\/","url":"https:\/\/abaa.mx\/tienda\/wp-content\/uploads\/2024\/01\/abaa-metrologia-tienda.png","contentUrl":"https:\/\/abaa.mx\/tienda\/wp-content\/uploads\/2024\/01\/abaa-metrologia-tienda.png","width":300,"height":141,"caption":"Abaa tienda online"},"image":{"@id":"https:\/\/abaa.mx\/tienda\/#\/schema\/logo\/image\/"}}]}},"_links":{"self":[{"href":"https:\/\/abaa.mx\/tienda\/wp-json\/wp\/v2\/product\/10284","targetHints":{"allow":["GET"]}}],"collection":[{"href":"https:\/\/abaa.mx\/tienda\/wp-json\/wp\/v2\/product"}],"about":[{"href":"https:\/\/abaa.mx\/tienda\/wp-json\/wp\/v2\/types\/product"}],"replies":[{"embeddable":true,"href":"https:\/\/abaa.mx\/tienda\/wp-json\/wp\/v2\/comments?post=10284"}],"wp:featuredmedia":[{"embeddable":true,"href":"https:\/\/abaa.mx\/tienda\/wp-json\/wp\/v2\/media\/10297"}],"wp:attachment":[{"href":"https:\/\/abaa.mx\/tienda\/wp-json\/wp\/v2\/media?parent=10284"}],"wp:term":[{"taxonomy":"product_brand","embeddable":true,"href":"https:\/\/abaa.mx\/tienda\/wp-json\/wp\/v2\/product_brand?post=10284"},{"taxonomy":"product_cat","embeddable":true,"href":"https:\/\/abaa.mx\/tienda\/wp-json\/wp\/v2\/product_cat?post=10284"},{"taxonomy":"product_tag","embeddable":true,"href":"https:\/\/abaa.mx\/tienda\/wp-json\/wp\/v2\/product_tag?post=10284"}],"curies":[{"name":"wp","href":"https:\/\/api.w.org\/{rel}","templated":true}]}}