{"id":10219,"date":"2024-01-10T17:40:14","date_gmt":"2024-01-10T17:40:14","guid":{"rendered":"https:\/\/abaa.mx\/tienda\/?post_type=product&#038;p=10219"},"modified":"2024-01-10T17:40:15","modified_gmt":"2024-01-10T17:40:15","slug":"ma1500-multiamperimetro","status":"publish","type":"product","link":"https:\/\/abaa.mx\/tienda\/ma1500-multiamperimetro\/","title":{"rendered":"Ma1500 \u2014 multiamperimetro"},"content":{"rendered":"<p>Ma1500 \u2014 multiamperimetro.<\/p>\n","protected":false},"excerpt":{"rendered":"<h4>Caracter\u00edsticas:<\/h4>\n<ul id=\"features\">\n<li><span>True RMS para lecturas precisas de formas de onda no sinusoidales.<\/span><\/li>\n<li><span>Detector de voltaje sin contacto integrado con alerta LED.<\/span><\/li>\n<li><span>Tama\u00f1o de la mordaza de 52 mm (2.0 &#8220;) para conductores de hasta 500MCM.<\/span><\/li>\n<li><span>Pantalla LCD retroiluminada doble de 40.000\/4.000 recuentos.<\/span><\/li>\n<li><span>Incluye funciones de mult\u00edmetro y temperatura tipo K.<\/span><\/li>\n<li><span>La funci\u00f3n de irrupci\u00f3n captura transitorios durante los arranques del motor.<\/span><\/li>\n<li><span>Modo relativo para capacitancia cero y ajuste de compensaci\u00f3n.<\/span><\/li>\n<li><span>Retenci\u00f3n de datos, retenci\u00f3n de picos, MIN \/ MAX y apagado autom\u00e1tico.<\/span><\/li>\n<li><span>Completo con cables de prueba, sonda de temperatura con cable tipo K, bater\u00eda de 9 V y estuche de transporte.<\/span><\/li>\n<\/ul>\n","protected":false},"featured_media":10220,"comment_status":"open","ping_status":"closed","template":"","meta":{"_joinchat":[]},"product_brand":[],"product_cat":[15],"product_tag":[],"class_list":{"0":"post-10219","1":"product","2":"type-product","3":"status-publish","4":"has-post-thumbnail","6":"product_cat-sin-categorizar","8":"first","9":"instock","10":"shipping-taxable","11":"product-type-simple"},"yoast_head":"<!-- This site is optimized with the Yoast SEO plugin v26.4 - https:\/\/yoast.com\/wordpress\/plugins\/seo\/ -->\n<title>Ma1500 \u2014 multiamperimetro - Abaa tienda online<\/title>\n<meta name=\"robots\" content=\"index, follow, max-snippet:-1, max-image-preview:large, max-video-preview:-1\" \/>\n<link rel=\"canonical\" href=\"https:\/\/abaa.mx\/tienda\/ma1500-multiamperimetro\/\" \/>\n<meta property=\"og:locale\" content=\"es_MX\" \/>\n<meta property=\"og:type\" content=\"article\" \/>\n<meta property=\"og:title\" content=\"Ma1500 \u2014 multiamperimetro - Abaa tienda online\" \/>\n<meta property=\"og:description\" content=\"Caracter\u00edsticas:   True RMS para lecturas precisas de formas de onda no sinusoidales.  Detector de voltaje sin contacto integrado con alerta LED.  Tama\u00f1o de la mordaza de 52 mm (2.0 &quot;) para conductores de hasta 500MCM.  Pantalla LCD retroiluminada doble de 40.000\/4.000 recuentos.  Incluye funciones de mult\u00edmetro y temperatura tipo K.  La funci\u00f3n de irrupci\u00f3n captura transitorios durante los arranques del motor.  Modo relativo para capacitancia cero y ajuste de compensaci\u00f3n.  Retenci\u00f3n de datos, retenci\u00f3n de picos, MIN \/ MAX y apagado autom\u00e1tico.  Completo con cables de prueba, sonda de temperatura con cable tipo K, bater\u00eda de 9 V y estuche de transporte.\" \/>\n<meta property=\"og:url\" content=\"https:\/\/abaa.mx\/tienda\/ma1500-multiamperimetro\/\" \/>\n<meta property=\"og:site_name\" content=\"Abaa tienda online\" \/>\n<meta property=\"article:modified_time\" content=\"2024-01-10T17:40:15+00:00\" \/>\n<meta property=\"og:image\" content=\"https:\/\/abaa.mx\/tienda\/wp-content\/uploads\/2024\/01\/EXTECH-MA1500.jpg\" \/>\n\t<meta property=\"og:image:width\" content=\"248\" \/>\n\t<meta property=\"og:image:height\" content=\"419\" \/>\n\t<meta property=\"og:image:type\" content=\"image\/jpeg\" \/>\n<meta name=\"twitter:card\" content=\"summary_large_image\" \/>\n<meta name=\"twitter:label1\" content=\"Tiempo de lectura\" \/>\n\t<meta name=\"twitter:data1\" content=\"1 minuto\" \/>\n<script type=\"application\/ld+json\" class=\"yoast-schema-graph\">{\"@context\":\"https:\/\/schema.org\",\"@graph\":[{\"@type\":\"WebPage\",\"@id\":\"https:\/\/abaa.mx\/tienda\/ma1500-multiamperimetro\/\",\"url\":\"https:\/\/abaa.mx\/tienda\/ma1500-multiamperimetro\/\",\"name\":\"Ma1500 \u2014 multiamperimetro - Abaa tienda online\",\"isPartOf\":{\"@id\":\"https:\/\/abaa.mx\/tienda\/#website\"},\"primaryImageOfPage\":{\"@id\":\"https:\/\/abaa.mx\/tienda\/ma1500-multiamperimetro\/#primaryimage\"},\"image\":{\"@id\":\"https:\/\/abaa.mx\/tienda\/ma1500-multiamperimetro\/#primaryimage\"},\"thumbnailUrl\":\"https:\/\/abaa.mx\/tienda\/wp-content\/uploads\/2024\/01\/EXTECH-MA1500.jpg\",\"datePublished\":\"2024-01-10T17:40:14+00:00\",\"dateModified\":\"2024-01-10T17:40:15+00:00\",\"breadcrumb\":{\"@id\":\"https:\/\/abaa.mx\/tienda\/ma1500-multiamperimetro\/#breadcrumb\"},\"inLanguage\":\"es\",\"potentialAction\":[{\"@type\":\"ReadAction\",\"target\":[\"https:\/\/abaa.mx\/tienda\/ma1500-multiamperimetro\/\"]}]},{\"@type\":\"ImageObject\",\"inLanguage\":\"es\",\"@id\":\"https:\/\/abaa.mx\/tienda\/ma1500-multiamperimetro\/#primaryimage\",\"url\":\"https:\/\/abaa.mx\/tienda\/wp-content\/uploads\/2024\/01\/EXTECH-MA1500.jpg\",\"contentUrl\":\"https:\/\/abaa.mx\/tienda\/wp-content\/uploads\/2024\/01\/EXTECH-MA1500.jpg\",\"width\":248,\"height\":419,\"caption\":\"EXTECH-MA1500\"},{\"@type\":\"BreadcrumbList\",\"@id\":\"https:\/\/abaa.mx\/tienda\/ma1500-multiamperimetro\/#breadcrumb\",\"itemListElement\":[{\"@type\":\"ListItem\",\"position\":1,\"name\":\"Inicio\",\"item\":\"https:\/\/abaa.mx\/tienda\/\"},{\"@type\":\"ListItem\",\"position\":2,\"name\":\"Tienda\",\"item\":\"https:\/\/abaa.mx\/tienda\/\"},{\"@type\":\"ListItem\",\"position\":3,\"name\":\"Ma1500 \u2014 multiamperimetro\"}]},{\"@type\":\"WebSite\",\"@id\":\"https:\/\/abaa.mx\/tienda\/#website\",\"url\":\"https:\/\/abaa.mx\/tienda\/\",\"name\":\"Abaa tienda online\",\"description\":\"Instrumentos de medici\u00f3n\",\"publisher\":{\"@id\":\"https:\/\/abaa.mx\/tienda\/#organization\"},\"potentialAction\":[{\"@type\":\"SearchAction\",\"target\":{\"@type\":\"EntryPoint\",\"urlTemplate\":\"https:\/\/abaa.mx\/tienda\/?s={search_term_string}\"},\"query-input\":{\"@type\":\"PropertyValueSpecification\",\"valueRequired\":true,\"valueName\":\"search_term_string\"}}],\"inLanguage\":\"es\"},{\"@type\":\"Organization\",\"@id\":\"https:\/\/abaa.mx\/tienda\/#organization\",\"name\":\"Abaa tienda online\",\"url\":\"https:\/\/abaa.mx\/tienda\/\",\"logo\":{\"@type\":\"ImageObject\",\"inLanguage\":\"es\",\"@id\":\"https:\/\/abaa.mx\/tienda\/#\/schema\/logo\/image\/\",\"url\":\"https:\/\/abaa.mx\/tienda\/wp-content\/uploads\/2024\/01\/abaa-metrologia-tienda.png\",\"contentUrl\":\"https:\/\/abaa.mx\/tienda\/wp-content\/uploads\/2024\/01\/abaa-metrologia-tienda.png\",\"width\":300,\"height\":141,\"caption\":\"Abaa tienda online\"},\"image\":{\"@id\":\"https:\/\/abaa.mx\/tienda\/#\/schema\/logo\/image\/\"}}]}<\/script>\n<!-- \/ Yoast SEO plugin. -->","yoast_head_json":{"title":"Ma1500 \u2014 multiamperimetro - Abaa tienda online","robots":{"index":"index","follow":"follow","max-snippet":"max-snippet:-1","max-image-preview":"max-image-preview:large","max-video-preview":"max-video-preview:-1"},"canonical":"https:\/\/abaa.mx\/tienda\/ma1500-multiamperimetro\/","og_locale":"es_MX","og_type":"article","og_title":"Ma1500 \u2014 multiamperimetro - Abaa tienda online","og_description":"Caracter\u00edsticas:   True RMS para lecturas precisas de formas de onda no sinusoidales.  Detector de voltaje sin contacto integrado con alerta LED.  Tama\u00f1o de la mordaza de 52 mm (2.0 \") para conductores de hasta 500MCM.  Pantalla LCD retroiluminada doble de 40.000\/4.000 recuentos.  Incluye funciones de mult\u00edmetro y temperatura tipo K.  La funci\u00f3n de irrupci\u00f3n captura transitorios durante los arranques del motor.  Modo relativo para capacitancia cero y ajuste de compensaci\u00f3n.  Retenci\u00f3n de datos, retenci\u00f3n de picos, MIN \/ MAX y apagado autom\u00e1tico.  Completo con cables de prueba, sonda de temperatura con cable tipo K, bater\u00eda de 9 V y estuche de transporte.","og_url":"https:\/\/abaa.mx\/tienda\/ma1500-multiamperimetro\/","og_site_name":"Abaa tienda online","article_modified_time":"2024-01-10T17:40:15+00:00","og_image":[{"width":248,"height":419,"url":"https:\/\/abaa.mx\/tienda\/wp-content\/uploads\/2024\/01\/EXTECH-MA1500.jpg","type":"image\/jpeg"}],"twitter_card":"summary_large_image","twitter_misc":{"Tiempo de lectura":"1 minuto"},"schema":{"@context":"https:\/\/schema.org","@graph":[{"@type":"WebPage","@id":"https:\/\/abaa.mx\/tienda\/ma1500-multiamperimetro\/","url":"https:\/\/abaa.mx\/tienda\/ma1500-multiamperimetro\/","name":"Ma1500 \u2014 multiamperimetro - Abaa tienda online","isPartOf":{"@id":"https:\/\/abaa.mx\/tienda\/#website"},"primaryImageOfPage":{"@id":"https:\/\/abaa.mx\/tienda\/ma1500-multiamperimetro\/#primaryimage"},"image":{"@id":"https:\/\/abaa.mx\/tienda\/ma1500-multiamperimetro\/#primaryimage"},"thumbnailUrl":"https:\/\/abaa.mx\/tienda\/wp-content\/uploads\/2024\/01\/EXTECH-MA1500.jpg","datePublished":"2024-01-10T17:40:14+00:00","dateModified":"2024-01-10T17:40:15+00:00","breadcrumb":{"@id":"https:\/\/abaa.mx\/tienda\/ma1500-multiamperimetro\/#breadcrumb"},"inLanguage":"es","potentialAction":[{"@type":"ReadAction","target":["https:\/\/abaa.mx\/tienda\/ma1500-multiamperimetro\/"]}]},{"@type":"ImageObject","inLanguage":"es","@id":"https:\/\/abaa.mx\/tienda\/ma1500-multiamperimetro\/#primaryimage","url":"https:\/\/abaa.mx\/tienda\/wp-content\/uploads\/2024\/01\/EXTECH-MA1500.jpg","contentUrl":"https:\/\/abaa.mx\/tienda\/wp-content\/uploads\/2024\/01\/EXTECH-MA1500.jpg","width":248,"height":419,"caption":"EXTECH-MA1500"},{"@type":"BreadcrumbList","@id":"https:\/\/abaa.mx\/tienda\/ma1500-multiamperimetro\/#breadcrumb","itemListElement":[{"@type":"ListItem","position":1,"name":"Inicio","item":"https:\/\/abaa.mx\/tienda\/"},{"@type":"ListItem","position":2,"name":"Tienda","item":"https:\/\/abaa.mx\/tienda\/"},{"@type":"ListItem","position":3,"name":"Ma1500 \u2014 multiamperimetro"}]},{"@type":"WebSite","@id":"https:\/\/abaa.mx\/tienda\/#website","url":"https:\/\/abaa.mx\/tienda\/","name":"Abaa tienda online","description":"Instrumentos de medici\u00f3n","publisher":{"@id":"https:\/\/abaa.mx\/tienda\/#organization"},"potentialAction":[{"@type":"SearchAction","target":{"@type":"EntryPoint","urlTemplate":"https:\/\/abaa.mx\/tienda\/?s={search_term_string}"},"query-input":{"@type":"PropertyValueSpecification","valueRequired":true,"valueName":"search_term_string"}}],"inLanguage":"es"},{"@type":"Organization","@id":"https:\/\/abaa.mx\/tienda\/#organization","name":"Abaa tienda online","url":"https:\/\/abaa.mx\/tienda\/","logo":{"@type":"ImageObject","inLanguage":"es","@id":"https:\/\/abaa.mx\/tienda\/#\/schema\/logo\/image\/","url":"https:\/\/abaa.mx\/tienda\/wp-content\/uploads\/2024\/01\/abaa-metrologia-tienda.png","contentUrl":"https:\/\/abaa.mx\/tienda\/wp-content\/uploads\/2024\/01\/abaa-metrologia-tienda.png","width":300,"height":141,"caption":"Abaa tienda online"},"image":{"@id":"https:\/\/abaa.mx\/tienda\/#\/schema\/logo\/image\/"}}]}},"_links":{"self":[{"href":"https:\/\/abaa.mx\/tienda\/wp-json\/wp\/v2\/product\/10219","targetHints":{"allow":["GET"]}}],"collection":[{"href":"https:\/\/abaa.mx\/tienda\/wp-json\/wp\/v2\/product"}],"about":[{"href":"https:\/\/abaa.mx\/tienda\/wp-json\/wp\/v2\/types\/product"}],"replies":[{"embeddable":true,"href":"https:\/\/abaa.mx\/tienda\/wp-json\/wp\/v2\/comments?post=10219"}],"wp:featuredmedia":[{"embeddable":true,"href":"https:\/\/abaa.mx\/tienda\/wp-json\/wp\/v2\/media\/10220"}],"wp:attachment":[{"href":"https:\/\/abaa.mx\/tienda\/wp-json\/wp\/v2\/media?parent=10219"}],"wp:term":[{"taxonomy":"product_brand","embeddable":true,"href":"https:\/\/abaa.mx\/tienda\/wp-json\/wp\/v2\/product_brand?post=10219"},{"taxonomy":"product_cat","embeddable":true,"href":"https:\/\/abaa.mx\/tienda\/wp-json\/wp\/v2\/product_cat?post=10219"},{"taxonomy":"product_tag","embeddable":true,"href":"https:\/\/abaa.mx\/tienda\/wp-json\/wp\/v2\/product_tag?post=10219"}],"curies":[{"name":"wp","href":"https:\/\/api.w.org\/{rel}","templated":true}]}}