{"id":10210,"date":"2024-01-10T17:03:58","date_gmt":"2024-01-10T17:03:58","guid":{"rendered":"https:\/\/abaa.mx\/tienda\/?post_type=product&#038;p=10210"},"modified":"2024-01-10T17:03:59","modified_gmt":"2024-01-10T17:03:59","slug":"m4y-aa-5-amperimetro-0-199-9aca-conexion-a-tierra-corriente-5-200a-110-220vca","status":"publish","type":"product","link":"https:\/\/abaa.mx\/tienda\/m4y-aa-5-amperimetro-0-199-9aca-conexion-a-tierra-corriente-5-200a-110-220vca\/","title":{"rendered":"M4y-aa-5 \u2014 amperimetro 0-199.9aca conexion a tierra corriente 5-200a, 110-220vca"},"content":{"rendered":"<p>M4y-aa-5 \u2014 amperimetro 0-199.9aca conexion a tierra corriente 5-200a, 110-220vca.<\/p>\n","protected":false},"excerpt":{"rendered":"<p><b>Caracter\u00edsticas<\/b><strong>:<\/strong><\/p>\n<ul class=\"dot-list\">\n<li class=\"modl-mainSfe\"><span>M\u00e9todo de visualizaci\u00f3n : LED de 3 segmentos y 7 segmentos.<\/span><\/li>\n<li class=\"modl-mainSfe\"><span>Altura del car\u00e1cter : 14mm.<\/span><\/li>\n<li class=\"modl-mainSfe\"><span>Medici\u00f3n : Corriente AC.<\/span><\/li>\n<li class=\"modl-mainSfe\"><span>Tipo de entrada : 200A\/5A(CT).<\/span><\/li>\n<li class=\"modl-mainSfe\"><span>M\u00e1x. rango del display : De 0 a 199.9.<\/span><\/li>\n<\/ul>\n","protected":false},"featured_media":10211,"comment_status":"open","ping_status":"closed","template":"","meta":{"_joinchat":[]},"product_brand":[],"product_cat":[15],"product_tag":[],"class_list":{"0":"post-10210","1":"product","2":"type-product","3":"status-publish","4":"has-post-thumbnail","6":"product_cat-sin-categorizar","8":"first","9":"instock","10":"shipping-taxable","11":"product-type-simple"},"yoast_head":"<!-- This site is optimized with the Yoast SEO plugin v26.4 - https:\/\/yoast.com\/wordpress\/plugins\/seo\/ -->\n<title>M4y-aa-5 \u2014 amperimetro 0-199.9aca conexion a tierra corriente 5-200a, 110-220vca - Abaa tienda online<\/title>\n<meta name=\"robots\" content=\"index, follow, max-snippet:-1, max-image-preview:large, max-video-preview:-1\" \/>\n<link rel=\"canonical\" href=\"https:\/\/abaa.mx\/tienda\/m4y-aa-5-amperimetro-0-199-9aca-conexion-a-tierra-corriente-5-200a-110-220vca\/\" \/>\n<meta property=\"og:locale\" content=\"es_MX\" \/>\n<meta property=\"og:type\" content=\"article\" \/>\n<meta property=\"og:title\" content=\"M4y-aa-5 \u2014 amperimetro 0-199.9aca conexion a tierra corriente 5-200a, 110-220vca - Abaa tienda online\" \/>\n<meta property=\"og:description\" content=\"Caracter\u00edsticas:   M\u00e9todo de visualizaci\u00f3n : LED de 3 segmentos y 7 segmentos.  Altura del car\u00e1cter : 14mm.  Medici\u00f3n : Corriente AC.  Tipo de entrada : 200A\/5A(CT).  M\u00e1x. rango del display : De 0 a 199.9.\" \/>\n<meta property=\"og:url\" content=\"https:\/\/abaa.mx\/tienda\/m4y-aa-5-amperimetro-0-199-9aca-conexion-a-tierra-corriente-5-200a-110-220vca\/\" \/>\n<meta property=\"og:site_name\" content=\"Abaa tienda online\" \/>\n<meta property=\"article:modified_time\" content=\"2024-01-10T17:03:59+00:00\" \/>\n<meta property=\"og:image\" content=\"https:\/\/abaa.mx\/tienda\/wp-content\/uploads\/2024\/01\/AMPERIMETRO-MY-AA-5.jpg\" \/>\n\t<meta property=\"og:image:width\" content=\"375\" \/>\n\t<meta property=\"og:image:height\" content=\"254\" \/>\n\t<meta property=\"og:image:type\" content=\"image\/jpeg\" \/>\n<meta name=\"twitter:card\" content=\"summary_large_image\" \/>\n<meta name=\"twitter:label1\" content=\"Tiempo de lectura\" \/>\n\t<meta name=\"twitter:data1\" content=\"1 minuto\" \/>\n<script type=\"application\/ld+json\" class=\"yoast-schema-graph\">{\"@context\":\"https:\/\/schema.org\",\"@graph\":[{\"@type\":\"WebPage\",\"@id\":\"https:\/\/abaa.mx\/tienda\/m4y-aa-5-amperimetro-0-199-9aca-conexion-a-tierra-corriente-5-200a-110-220vca\/\",\"url\":\"https:\/\/abaa.mx\/tienda\/m4y-aa-5-amperimetro-0-199-9aca-conexion-a-tierra-corriente-5-200a-110-220vca\/\",\"name\":\"M4y-aa-5 \u2014 amperimetro 0-199.9aca conexion a tierra corriente 5-200a, 110-220vca - Abaa tienda online\",\"isPartOf\":{\"@id\":\"https:\/\/abaa.mx\/tienda\/#website\"},\"primaryImageOfPage\":{\"@id\":\"https:\/\/abaa.mx\/tienda\/m4y-aa-5-amperimetro-0-199-9aca-conexion-a-tierra-corriente-5-200a-110-220vca\/#primaryimage\"},\"image\":{\"@id\":\"https:\/\/abaa.mx\/tienda\/m4y-aa-5-amperimetro-0-199-9aca-conexion-a-tierra-corriente-5-200a-110-220vca\/#primaryimage\"},\"thumbnailUrl\":\"https:\/\/abaa.mx\/tienda\/wp-content\/uploads\/2024\/01\/AMPERIMETRO-MY-AA-5.jpg\",\"datePublished\":\"2024-01-10T17:03:58+00:00\",\"dateModified\":\"2024-01-10T17:03:59+00:00\",\"breadcrumb\":{\"@id\":\"https:\/\/abaa.mx\/tienda\/m4y-aa-5-amperimetro-0-199-9aca-conexion-a-tierra-corriente-5-200a-110-220vca\/#breadcrumb\"},\"inLanguage\":\"es\",\"potentialAction\":[{\"@type\":\"ReadAction\",\"target\":[\"https:\/\/abaa.mx\/tienda\/m4y-aa-5-amperimetro-0-199-9aca-conexion-a-tierra-corriente-5-200a-110-220vca\/\"]}]},{\"@type\":\"ImageObject\",\"inLanguage\":\"es\",\"@id\":\"https:\/\/abaa.mx\/tienda\/m4y-aa-5-amperimetro-0-199-9aca-conexion-a-tierra-corriente-5-200a-110-220vca\/#primaryimage\",\"url\":\"https:\/\/abaa.mx\/tienda\/wp-content\/uploads\/2024\/01\/AMPERIMETRO-MY-AA-5.jpg\",\"contentUrl\":\"https:\/\/abaa.mx\/tienda\/wp-content\/uploads\/2024\/01\/AMPERIMETRO-MY-AA-5.jpg\",\"width\":375,\"height\":254,\"caption\":\"AMPERIMETRO MY-AA-5\"},{\"@type\":\"BreadcrumbList\",\"@id\":\"https:\/\/abaa.mx\/tienda\/m4y-aa-5-amperimetro-0-199-9aca-conexion-a-tierra-corriente-5-200a-110-220vca\/#breadcrumb\",\"itemListElement\":[{\"@type\":\"ListItem\",\"position\":1,\"name\":\"Inicio\",\"item\":\"https:\/\/abaa.mx\/tienda\/\"},{\"@type\":\"ListItem\",\"position\":2,\"name\":\"Tienda\",\"item\":\"https:\/\/abaa.mx\/tienda\/\"},{\"@type\":\"ListItem\",\"position\":3,\"name\":\"M4y-aa-5 \u2014 amperimetro 0-199.9aca conexion a tierra corriente 5-200a, 110-220vca\"}]},{\"@type\":\"WebSite\",\"@id\":\"https:\/\/abaa.mx\/tienda\/#website\",\"url\":\"https:\/\/abaa.mx\/tienda\/\",\"name\":\"Abaa tienda online\",\"description\":\"Instrumentos de medici\u00f3n\",\"publisher\":{\"@id\":\"https:\/\/abaa.mx\/tienda\/#organization\"},\"potentialAction\":[{\"@type\":\"SearchAction\",\"target\":{\"@type\":\"EntryPoint\",\"urlTemplate\":\"https:\/\/abaa.mx\/tienda\/?s={search_term_string}\"},\"query-input\":{\"@type\":\"PropertyValueSpecification\",\"valueRequired\":true,\"valueName\":\"search_term_string\"}}],\"inLanguage\":\"es\"},{\"@type\":\"Organization\",\"@id\":\"https:\/\/abaa.mx\/tienda\/#organization\",\"name\":\"Abaa tienda online\",\"url\":\"https:\/\/abaa.mx\/tienda\/\",\"logo\":{\"@type\":\"ImageObject\",\"inLanguage\":\"es\",\"@id\":\"https:\/\/abaa.mx\/tienda\/#\/schema\/logo\/image\/\",\"url\":\"https:\/\/abaa.mx\/tienda\/wp-content\/uploads\/2024\/01\/abaa-metrologia-tienda.png\",\"contentUrl\":\"https:\/\/abaa.mx\/tienda\/wp-content\/uploads\/2024\/01\/abaa-metrologia-tienda.png\",\"width\":300,\"height\":141,\"caption\":\"Abaa tienda online\"},\"image\":{\"@id\":\"https:\/\/abaa.mx\/tienda\/#\/schema\/logo\/image\/\"}}]}<\/script>\n<!-- \/ Yoast SEO plugin. -->","yoast_head_json":{"title":"M4y-aa-5 \u2014 amperimetro 0-199.9aca conexion a tierra corriente 5-200a, 110-220vca - Abaa tienda online","robots":{"index":"index","follow":"follow","max-snippet":"max-snippet:-1","max-image-preview":"max-image-preview:large","max-video-preview":"max-video-preview:-1"},"canonical":"https:\/\/abaa.mx\/tienda\/m4y-aa-5-amperimetro-0-199-9aca-conexion-a-tierra-corriente-5-200a-110-220vca\/","og_locale":"es_MX","og_type":"article","og_title":"M4y-aa-5 \u2014 amperimetro 0-199.9aca conexion a tierra corriente 5-200a, 110-220vca - Abaa tienda online","og_description":"Caracter\u00edsticas:   M\u00e9todo de visualizaci\u00f3n : LED de 3 segmentos y 7 segmentos.  Altura del car\u00e1cter : 14mm.  Medici\u00f3n : Corriente AC.  Tipo de entrada : 200A\/5A(CT).  M\u00e1x. rango del display : De 0 a 199.9.","og_url":"https:\/\/abaa.mx\/tienda\/m4y-aa-5-amperimetro-0-199-9aca-conexion-a-tierra-corriente-5-200a-110-220vca\/","og_site_name":"Abaa tienda online","article_modified_time":"2024-01-10T17:03:59+00:00","og_image":[{"width":375,"height":254,"url":"https:\/\/abaa.mx\/tienda\/wp-content\/uploads\/2024\/01\/AMPERIMETRO-MY-AA-5.jpg","type":"image\/jpeg"}],"twitter_card":"summary_large_image","twitter_misc":{"Tiempo de lectura":"1 minuto"},"schema":{"@context":"https:\/\/schema.org","@graph":[{"@type":"WebPage","@id":"https:\/\/abaa.mx\/tienda\/m4y-aa-5-amperimetro-0-199-9aca-conexion-a-tierra-corriente-5-200a-110-220vca\/","url":"https:\/\/abaa.mx\/tienda\/m4y-aa-5-amperimetro-0-199-9aca-conexion-a-tierra-corriente-5-200a-110-220vca\/","name":"M4y-aa-5 \u2014 amperimetro 0-199.9aca conexion a tierra corriente 5-200a, 110-220vca - Abaa tienda online","isPartOf":{"@id":"https:\/\/abaa.mx\/tienda\/#website"},"primaryImageOfPage":{"@id":"https:\/\/abaa.mx\/tienda\/m4y-aa-5-amperimetro-0-199-9aca-conexion-a-tierra-corriente-5-200a-110-220vca\/#primaryimage"},"image":{"@id":"https:\/\/abaa.mx\/tienda\/m4y-aa-5-amperimetro-0-199-9aca-conexion-a-tierra-corriente-5-200a-110-220vca\/#primaryimage"},"thumbnailUrl":"https:\/\/abaa.mx\/tienda\/wp-content\/uploads\/2024\/01\/AMPERIMETRO-MY-AA-5.jpg","datePublished":"2024-01-10T17:03:58+00:00","dateModified":"2024-01-10T17:03:59+00:00","breadcrumb":{"@id":"https:\/\/abaa.mx\/tienda\/m4y-aa-5-amperimetro-0-199-9aca-conexion-a-tierra-corriente-5-200a-110-220vca\/#breadcrumb"},"inLanguage":"es","potentialAction":[{"@type":"ReadAction","target":["https:\/\/abaa.mx\/tienda\/m4y-aa-5-amperimetro-0-199-9aca-conexion-a-tierra-corriente-5-200a-110-220vca\/"]}]},{"@type":"ImageObject","inLanguage":"es","@id":"https:\/\/abaa.mx\/tienda\/m4y-aa-5-amperimetro-0-199-9aca-conexion-a-tierra-corriente-5-200a-110-220vca\/#primaryimage","url":"https:\/\/abaa.mx\/tienda\/wp-content\/uploads\/2024\/01\/AMPERIMETRO-MY-AA-5.jpg","contentUrl":"https:\/\/abaa.mx\/tienda\/wp-content\/uploads\/2024\/01\/AMPERIMETRO-MY-AA-5.jpg","width":375,"height":254,"caption":"AMPERIMETRO MY-AA-5"},{"@type":"BreadcrumbList","@id":"https:\/\/abaa.mx\/tienda\/m4y-aa-5-amperimetro-0-199-9aca-conexion-a-tierra-corriente-5-200a-110-220vca\/#breadcrumb","itemListElement":[{"@type":"ListItem","position":1,"name":"Inicio","item":"https:\/\/abaa.mx\/tienda\/"},{"@type":"ListItem","position":2,"name":"Tienda","item":"https:\/\/abaa.mx\/tienda\/"},{"@type":"ListItem","position":3,"name":"M4y-aa-5 \u2014 amperimetro 0-199.9aca conexion a tierra corriente 5-200a, 110-220vca"}]},{"@type":"WebSite","@id":"https:\/\/abaa.mx\/tienda\/#website","url":"https:\/\/abaa.mx\/tienda\/","name":"Abaa tienda online","description":"Instrumentos de medici\u00f3n","publisher":{"@id":"https:\/\/abaa.mx\/tienda\/#organization"},"potentialAction":[{"@type":"SearchAction","target":{"@type":"EntryPoint","urlTemplate":"https:\/\/abaa.mx\/tienda\/?s={search_term_string}"},"query-input":{"@type":"PropertyValueSpecification","valueRequired":true,"valueName":"search_term_string"}}],"inLanguage":"es"},{"@type":"Organization","@id":"https:\/\/abaa.mx\/tienda\/#organization","name":"Abaa tienda online","url":"https:\/\/abaa.mx\/tienda\/","logo":{"@type":"ImageObject","inLanguage":"es","@id":"https:\/\/abaa.mx\/tienda\/#\/schema\/logo\/image\/","url":"https:\/\/abaa.mx\/tienda\/wp-content\/uploads\/2024\/01\/abaa-metrologia-tienda.png","contentUrl":"https:\/\/abaa.mx\/tienda\/wp-content\/uploads\/2024\/01\/abaa-metrologia-tienda.png","width":300,"height":141,"caption":"Abaa tienda online"},"image":{"@id":"https:\/\/abaa.mx\/tienda\/#\/schema\/logo\/image\/"}}]}},"_links":{"self":[{"href":"https:\/\/abaa.mx\/tienda\/wp-json\/wp\/v2\/product\/10210","targetHints":{"allow":["GET"]}}],"collection":[{"href":"https:\/\/abaa.mx\/tienda\/wp-json\/wp\/v2\/product"}],"about":[{"href":"https:\/\/abaa.mx\/tienda\/wp-json\/wp\/v2\/types\/product"}],"replies":[{"embeddable":true,"href":"https:\/\/abaa.mx\/tienda\/wp-json\/wp\/v2\/comments?post=10210"}],"wp:featuredmedia":[{"embeddable":true,"href":"https:\/\/abaa.mx\/tienda\/wp-json\/wp\/v2\/media\/10211"}],"wp:attachment":[{"href":"https:\/\/abaa.mx\/tienda\/wp-json\/wp\/v2\/media?parent=10210"}],"wp:term":[{"taxonomy":"product_brand","embeddable":true,"href":"https:\/\/abaa.mx\/tienda\/wp-json\/wp\/v2\/product_brand?post=10210"},{"taxonomy":"product_cat","embeddable":true,"href":"https:\/\/abaa.mx\/tienda\/wp-json\/wp\/v2\/product_cat?post=10210"},{"taxonomy":"product_tag","embeddable":true,"href":"https:\/\/abaa.mx\/tienda\/wp-json\/wp\/v2\/product_tag?post=10210"}],"curies":[{"name":"wp","href":"https:\/\/api.w.org\/{rel}","templated":true}]}}