{"id":10201,"date":"2024-01-10T16:45:53","date_gmt":"2024-01-10T16:45:53","guid":{"rendered":"https:\/\/abaa.mx\/tienda\/?post_type=product&#038;p=10201"},"modified":"2024-01-10T16:45:54","modified_gmt":"2024-01-10T16:45:54","slug":"380947-multiamperimetro-de-gancho-400a-ca-cd","status":"publish","type":"product","link":"https:\/\/abaa.mx\/tienda\/380947-multiamperimetro-de-gancho-400a-ca-cd\/","title":{"rendered":"380947 &#8211; multiamperimetro de gancho 400a ca-cd"},"content":{"rendered":"<p>380947 &#8211; multiamperimetro de gancho 400a ca-cd<\/p>\n","protected":false},"excerpt":{"rendered":"<p><strong>Caracter\u00edsticas:<\/strong><\/p>\n<ul id=\"features\">\n<li><span>Abertura de mordaza de 0.9 &#8220;(23 mm).<\/span><\/li>\n<li><span>Mediciones de verdadero valor eficaz con resoluci\u00f3n de CA de 1 mA.<\/span><\/li>\n<li><span>Mediciones de frecuencia sin contacto hasta 10 kHz a trav\u00e9s de las mordazas de la abrazadera.<\/span><\/li>\n<li><span>Gr\u00e1fico de barras r\u00e1pido de 40 segmentos.<\/span><\/li>\n<li><span>Cero autom\u00e1tico con un toque.<\/span><\/li>\n<li><span>Min \/ Max, retenci\u00f3n de datos y apagado autom\u00e1tico.<\/span><\/li>\n<\/ul>\n","protected":false},"featured_media":10202,"comment_status":"open","ping_status":"closed","template":"","meta":{"_joinchat":[]},"product_brand":[],"product_cat":[15],"product_tag":[],"class_list":{"0":"post-10201","1":"product","2":"type-product","3":"status-publish","4":"has-post-thumbnail","6":"product_cat-sin-categorizar","8":"first","9":"instock","10":"shipping-taxable","11":"product-type-simple"},"yoast_head":"<!-- This site is optimized with the Yoast SEO plugin v26.4 - https:\/\/yoast.com\/wordpress\/plugins\/seo\/ -->\n<title>380947 - multiamperimetro de gancho 400a ca-cd - Abaa tienda online<\/title>\n<meta name=\"robots\" content=\"index, follow, max-snippet:-1, max-image-preview:large, max-video-preview:-1\" \/>\n<link rel=\"canonical\" href=\"https:\/\/abaa.mx\/tienda\/380947-multiamperimetro-de-gancho-400a-ca-cd\/\" \/>\n<meta property=\"og:locale\" content=\"es_MX\" \/>\n<meta property=\"og:type\" content=\"article\" \/>\n<meta property=\"og:title\" content=\"380947 - multiamperimetro de gancho 400a ca-cd - Abaa tienda online\" \/>\n<meta property=\"og:description\" content=\"Caracter\u00edsticas:   Abertura de mordaza de 0.9 &quot;(23 mm).  Mediciones de verdadero valor eficaz con resoluci\u00f3n de CA de 1 mA.  Mediciones de frecuencia sin contacto hasta 10 kHz a trav\u00e9s de las mordazas de la abrazadera.  Gr\u00e1fico de barras r\u00e1pido de 40 segmentos.  Cero autom\u00e1tico con un toque.  Min \/ Max, retenci\u00f3n de datos y apagado autom\u00e1tico.\" \/>\n<meta property=\"og:url\" content=\"https:\/\/abaa.mx\/tienda\/380947-multiamperimetro-de-gancho-400a-ca-cd\/\" \/>\n<meta property=\"og:site_name\" content=\"Abaa tienda online\" \/>\n<meta property=\"article:modified_time\" content=\"2024-01-10T16:45:54+00:00\" \/>\n<meta property=\"og:image\" content=\"https:\/\/abaa.mx\/tienda\/wp-content\/uploads\/2024\/01\/380947-MULTIAMPERIMETRO.jpg\" \/>\n\t<meta property=\"og:image:width\" content=\"1024\" \/>\n\t<meta property=\"og:image:height\" content=\"1024\" \/>\n\t<meta property=\"og:image:type\" content=\"image\/jpeg\" \/>\n<meta name=\"twitter:card\" content=\"summary_large_image\" \/>\n<meta name=\"twitter:label1\" content=\"Tiempo de lectura\" \/>\n\t<meta name=\"twitter:data1\" content=\"1 minuto\" \/>\n<script type=\"application\/ld+json\" class=\"yoast-schema-graph\">{\"@context\":\"https:\/\/schema.org\",\"@graph\":[{\"@type\":\"WebPage\",\"@id\":\"https:\/\/abaa.mx\/tienda\/380947-multiamperimetro-de-gancho-400a-ca-cd\/\",\"url\":\"https:\/\/abaa.mx\/tienda\/380947-multiamperimetro-de-gancho-400a-ca-cd\/\",\"name\":\"380947 - multiamperimetro de gancho 400a ca-cd - Abaa tienda online\",\"isPartOf\":{\"@id\":\"https:\/\/abaa.mx\/tienda\/#website\"},\"primaryImageOfPage\":{\"@id\":\"https:\/\/abaa.mx\/tienda\/380947-multiamperimetro-de-gancho-400a-ca-cd\/#primaryimage\"},\"image\":{\"@id\":\"https:\/\/abaa.mx\/tienda\/380947-multiamperimetro-de-gancho-400a-ca-cd\/#primaryimage\"},\"thumbnailUrl\":\"https:\/\/abaa.mx\/tienda\/wp-content\/uploads\/2024\/01\/380947-MULTIAMPERIMETRO.jpg\",\"datePublished\":\"2024-01-10T16:45:53+00:00\",\"dateModified\":\"2024-01-10T16:45:54+00:00\",\"breadcrumb\":{\"@id\":\"https:\/\/abaa.mx\/tienda\/380947-multiamperimetro-de-gancho-400a-ca-cd\/#breadcrumb\"},\"inLanguage\":\"es\",\"potentialAction\":[{\"@type\":\"ReadAction\",\"target\":[\"https:\/\/abaa.mx\/tienda\/380947-multiamperimetro-de-gancho-400a-ca-cd\/\"]}]},{\"@type\":\"ImageObject\",\"inLanguage\":\"es\",\"@id\":\"https:\/\/abaa.mx\/tienda\/380947-multiamperimetro-de-gancho-400a-ca-cd\/#primaryimage\",\"url\":\"https:\/\/abaa.mx\/tienda\/wp-content\/uploads\/2024\/01\/380947-MULTIAMPERIMETRO.jpg\",\"contentUrl\":\"https:\/\/abaa.mx\/tienda\/wp-content\/uploads\/2024\/01\/380947-MULTIAMPERIMETRO.jpg\",\"width\":1024,\"height\":1024,\"caption\":\"380947 - MULTIAMPERIMETRO\"},{\"@type\":\"BreadcrumbList\",\"@id\":\"https:\/\/abaa.mx\/tienda\/380947-multiamperimetro-de-gancho-400a-ca-cd\/#breadcrumb\",\"itemListElement\":[{\"@type\":\"ListItem\",\"position\":1,\"name\":\"Inicio\",\"item\":\"https:\/\/abaa.mx\/tienda\/\"},{\"@type\":\"ListItem\",\"position\":2,\"name\":\"Tienda\",\"item\":\"https:\/\/abaa.mx\/tienda\/\"},{\"@type\":\"ListItem\",\"position\":3,\"name\":\"380947 &#8211; multiamperimetro de gancho 400a ca-cd\"}]},{\"@type\":\"WebSite\",\"@id\":\"https:\/\/abaa.mx\/tienda\/#website\",\"url\":\"https:\/\/abaa.mx\/tienda\/\",\"name\":\"Abaa tienda online\",\"description\":\"Instrumentos de medici\u00f3n\",\"publisher\":{\"@id\":\"https:\/\/abaa.mx\/tienda\/#organization\"},\"potentialAction\":[{\"@type\":\"SearchAction\",\"target\":{\"@type\":\"EntryPoint\",\"urlTemplate\":\"https:\/\/abaa.mx\/tienda\/?s={search_term_string}\"},\"query-input\":{\"@type\":\"PropertyValueSpecification\",\"valueRequired\":true,\"valueName\":\"search_term_string\"}}],\"inLanguage\":\"es\"},{\"@type\":\"Organization\",\"@id\":\"https:\/\/abaa.mx\/tienda\/#organization\",\"name\":\"Abaa tienda online\",\"url\":\"https:\/\/abaa.mx\/tienda\/\",\"logo\":{\"@type\":\"ImageObject\",\"inLanguage\":\"es\",\"@id\":\"https:\/\/abaa.mx\/tienda\/#\/schema\/logo\/image\/\",\"url\":\"https:\/\/abaa.mx\/tienda\/wp-content\/uploads\/2024\/01\/abaa-metrologia-tienda.png\",\"contentUrl\":\"https:\/\/abaa.mx\/tienda\/wp-content\/uploads\/2024\/01\/abaa-metrologia-tienda.png\",\"width\":300,\"height\":141,\"caption\":\"Abaa tienda online\"},\"image\":{\"@id\":\"https:\/\/abaa.mx\/tienda\/#\/schema\/logo\/image\/\"}}]}<\/script>\n<!-- \/ Yoast SEO plugin. -->","yoast_head_json":{"title":"380947 - multiamperimetro de gancho 400a ca-cd - Abaa tienda online","robots":{"index":"index","follow":"follow","max-snippet":"max-snippet:-1","max-image-preview":"max-image-preview:large","max-video-preview":"max-video-preview:-1"},"canonical":"https:\/\/abaa.mx\/tienda\/380947-multiamperimetro-de-gancho-400a-ca-cd\/","og_locale":"es_MX","og_type":"article","og_title":"380947 - multiamperimetro de gancho 400a ca-cd - Abaa tienda online","og_description":"Caracter\u00edsticas:   Abertura de mordaza de 0.9 \"(23 mm).  Mediciones de verdadero valor eficaz con resoluci\u00f3n de CA de 1 mA.  Mediciones de frecuencia sin contacto hasta 10 kHz a trav\u00e9s de las mordazas de la abrazadera.  Gr\u00e1fico de barras r\u00e1pido de 40 segmentos.  Cero autom\u00e1tico con un toque.  Min \/ Max, retenci\u00f3n de datos y apagado autom\u00e1tico.","og_url":"https:\/\/abaa.mx\/tienda\/380947-multiamperimetro-de-gancho-400a-ca-cd\/","og_site_name":"Abaa tienda online","article_modified_time":"2024-01-10T16:45:54+00:00","og_image":[{"width":1024,"height":1024,"url":"https:\/\/abaa.mx\/tienda\/wp-content\/uploads\/2024\/01\/380947-MULTIAMPERIMETRO.jpg","type":"image\/jpeg"}],"twitter_card":"summary_large_image","twitter_misc":{"Tiempo de lectura":"1 minuto"},"schema":{"@context":"https:\/\/schema.org","@graph":[{"@type":"WebPage","@id":"https:\/\/abaa.mx\/tienda\/380947-multiamperimetro-de-gancho-400a-ca-cd\/","url":"https:\/\/abaa.mx\/tienda\/380947-multiamperimetro-de-gancho-400a-ca-cd\/","name":"380947 - multiamperimetro de gancho 400a ca-cd - Abaa tienda online","isPartOf":{"@id":"https:\/\/abaa.mx\/tienda\/#website"},"primaryImageOfPage":{"@id":"https:\/\/abaa.mx\/tienda\/380947-multiamperimetro-de-gancho-400a-ca-cd\/#primaryimage"},"image":{"@id":"https:\/\/abaa.mx\/tienda\/380947-multiamperimetro-de-gancho-400a-ca-cd\/#primaryimage"},"thumbnailUrl":"https:\/\/abaa.mx\/tienda\/wp-content\/uploads\/2024\/01\/380947-MULTIAMPERIMETRO.jpg","datePublished":"2024-01-10T16:45:53+00:00","dateModified":"2024-01-10T16:45:54+00:00","breadcrumb":{"@id":"https:\/\/abaa.mx\/tienda\/380947-multiamperimetro-de-gancho-400a-ca-cd\/#breadcrumb"},"inLanguage":"es","potentialAction":[{"@type":"ReadAction","target":["https:\/\/abaa.mx\/tienda\/380947-multiamperimetro-de-gancho-400a-ca-cd\/"]}]},{"@type":"ImageObject","inLanguage":"es","@id":"https:\/\/abaa.mx\/tienda\/380947-multiamperimetro-de-gancho-400a-ca-cd\/#primaryimage","url":"https:\/\/abaa.mx\/tienda\/wp-content\/uploads\/2024\/01\/380947-MULTIAMPERIMETRO.jpg","contentUrl":"https:\/\/abaa.mx\/tienda\/wp-content\/uploads\/2024\/01\/380947-MULTIAMPERIMETRO.jpg","width":1024,"height":1024,"caption":"380947 - MULTIAMPERIMETRO"},{"@type":"BreadcrumbList","@id":"https:\/\/abaa.mx\/tienda\/380947-multiamperimetro-de-gancho-400a-ca-cd\/#breadcrumb","itemListElement":[{"@type":"ListItem","position":1,"name":"Inicio","item":"https:\/\/abaa.mx\/tienda\/"},{"@type":"ListItem","position":2,"name":"Tienda","item":"https:\/\/abaa.mx\/tienda\/"},{"@type":"ListItem","position":3,"name":"380947 &#8211; multiamperimetro de gancho 400a ca-cd"}]},{"@type":"WebSite","@id":"https:\/\/abaa.mx\/tienda\/#website","url":"https:\/\/abaa.mx\/tienda\/","name":"Abaa tienda online","description":"Instrumentos de medici\u00f3n","publisher":{"@id":"https:\/\/abaa.mx\/tienda\/#organization"},"potentialAction":[{"@type":"SearchAction","target":{"@type":"EntryPoint","urlTemplate":"https:\/\/abaa.mx\/tienda\/?s={search_term_string}"},"query-input":{"@type":"PropertyValueSpecification","valueRequired":true,"valueName":"search_term_string"}}],"inLanguage":"es"},{"@type":"Organization","@id":"https:\/\/abaa.mx\/tienda\/#organization","name":"Abaa tienda online","url":"https:\/\/abaa.mx\/tienda\/","logo":{"@type":"ImageObject","inLanguage":"es","@id":"https:\/\/abaa.mx\/tienda\/#\/schema\/logo\/image\/","url":"https:\/\/abaa.mx\/tienda\/wp-content\/uploads\/2024\/01\/abaa-metrologia-tienda.png","contentUrl":"https:\/\/abaa.mx\/tienda\/wp-content\/uploads\/2024\/01\/abaa-metrologia-tienda.png","width":300,"height":141,"caption":"Abaa tienda online"},"image":{"@id":"https:\/\/abaa.mx\/tienda\/#\/schema\/logo\/image\/"}}]}},"_links":{"self":[{"href":"https:\/\/abaa.mx\/tienda\/wp-json\/wp\/v2\/product\/10201","targetHints":{"allow":["GET"]}}],"collection":[{"href":"https:\/\/abaa.mx\/tienda\/wp-json\/wp\/v2\/product"}],"about":[{"href":"https:\/\/abaa.mx\/tienda\/wp-json\/wp\/v2\/types\/product"}],"replies":[{"embeddable":true,"href":"https:\/\/abaa.mx\/tienda\/wp-json\/wp\/v2\/comments?post=10201"}],"wp:featuredmedia":[{"embeddable":true,"href":"https:\/\/abaa.mx\/tienda\/wp-json\/wp\/v2\/media\/10202"}],"wp:attachment":[{"href":"https:\/\/abaa.mx\/tienda\/wp-json\/wp\/v2\/media?parent=10201"}],"wp:term":[{"taxonomy":"product_brand","embeddable":true,"href":"https:\/\/abaa.mx\/tienda\/wp-json\/wp\/v2\/product_brand?post=10201"},{"taxonomy":"product_cat","embeddable":true,"href":"https:\/\/abaa.mx\/tienda\/wp-json\/wp\/v2\/product_cat?post=10201"},{"taxonomy":"product_tag","embeddable":true,"href":"https:\/\/abaa.mx\/tienda\/wp-json\/wp\/v2\/product_tag?post=10201"}],"curies":[{"name":"wp","href":"https:\/\/api.w.org\/{rel}","templated":true}]}}