{"id":10187,"date":"2024-01-10T16:15:04","date_gmt":"2024-01-10T16:15:04","guid":{"rendered":"https:\/\/abaa.mx\/tienda\/?post_type=product&#038;p=10187"},"modified":"2024-01-10T16:15:05","modified_gmt":"2024-01-10T16:15:05","slug":"ex655-multiamperimetro-de-gancho-600a-ca-cd","status":"publish","type":"product","link":"https:\/\/abaa.mx\/tienda\/ex655-multiamperimetro-de-gancho-600a-ca-cd\/","title":{"rendered":"Ex655 &#8211; multiamperimetro de gancho 600a ca-cd"},"content":{"rendered":"<p>Ex655 &#8211; multiamperimetro de gancho 600a ca-cd<\/p>\n","protected":false},"excerpt":{"rendered":"<h5><strong>Caracter\u00edsticas:<\/strong><\/h5>\n<ul>\n<li><span>Verdadero valor eficaz para medidas precisas de corriente alterna.<\/span><\/li>\n<li><span>1.18 (30 mm) tama\u00f1o de la mand\u00edbula &#8220;tiene capacidad para conductores de hasta 350MCM.<\/span><\/li>\n<li><span>Pantalla LCD retroiluminada de 6000 cuentas con gr\u00e1fico de barras.<\/span><\/li>\n<li><span>Baja impedancia (LoZ) impide la lectura falsa causada por tensiones par\u00e1sitas.<\/span><\/li>\n<li><span>Filtro de paso bajo (LPF) para las medidas exactas de las se\u00f1ales de transmisi\u00f3n de frecuencia variable.<\/span><\/li>\n<li><span>El detector incorporado de tensi\u00f3n sin contacto (NCV) con indicador LED.<\/span><\/li>\n<li><span>Linterna incorporada LED para trabajar en zonas poco iluminadas.<\/span><\/li>\n<li><span>Las funciones incluyen: NCV, voltaje AC \/ DC, corriente AC \/ DC, micro corriente AC \/ DC, resistencia, capacitancia, frecuencia, tipo K de temperatura, prueba de diodo, Continuidad.<\/span><\/li>\n<li><span>DC modo cero, Retenci\u00f3n de datos, Min \/ Max, la funci\u00f3n relativa, el apagado autom\u00e1tico.<\/span><\/li>\n<li><span>El modo de irrupci\u00f3n capta los picos de corriente durante el arranque del motor.<\/span><\/li>\n<li><span>Completo con cables de prueba, 3 bater\u00edas AAA y sonda de temperatura varilla de uso general.<\/span><\/li>\n<\/ul>\n","protected":false},"featured_media":10191,"comment_status":"open","ping_status":"closed","template":"","meta":{"_joinchat":[]},"product_brand":[],"product_cat":[15],"product_tag":[],"class_list":{"0":"post-10187","1":"product","2":"type-product","3":"status-publish","4":"has-post-thumbnail","6":"product_cat-sin-categorizar","8":"first","9":"instock","10":"shipping-taxable","11":"product-type-simple"},"yoast_head":"<!-- This site is optimized with the Yoast SEO plugin v26.4 - https:\/\/yoast.com\/wordpress\/plugins\/seo\/ -->\n<title>Ex655 - multiamperimetro de gancho 600a ca-cd - Abaa tienda online<\/title>\n<meta name=\"robots\" content=\"index, follow, max-snippet:-1, max-image-preview:large, max-video-preview:-1\" \/>\n<link rel=\"canonical\" href=\"https:\/\/abaa.mx\/tienda\/ex655-multiamperimetro-de-gancho-600a-ca-cd\/\" \/>\n<meta property=\"og:locale\" content=\"es_MX\" \/>\n<meta property=\"og:type\" content=\"article\" \/>\n<meta property=\"og:title\" content=\"Ex655 - multiamperimetro de gancho 600a ca-cd - Abaa tienda online\" \/>\n<meta property=\"og:description\" content=\"Caracter\u00edsticas:   Verdadero valor eficaz para medidas precisas de corriente alterna.  1.18 (30 mm) tama\u00f1o de la mand\u00edbula &quot;tiene capacidad para conductores de hasta 350MCM.  Pantalla LCD retroiluminada de 6000 cuentas con gr\u00e1fico de barras.  Baja impedancia (LoZ) impide la lectura falsa causada por tensiones par\u00e1sitas.  Filtro de paso bajo (LPF) para las medidas exactas de las se\u00f1ales de transmisi\u00f3n de frecuencia variable.  El detector incorporado de tensi\u00f3n sin contacto (NCV) con indicador LED.  Linterna incorporada LED para trabajar en zonas poco iluminadas.  Las funciones incluyen: NCV, voltaje AC \/ DC, corriente AC \/ DC, micro corriente AC \/ DC, resistencia, capacitancia, frecuencia, tipo K de temperatura, prueba de diodo, Continuidad.  DC modo cero, Retenci\u00f3n de datos, Min \/ Max, la funci\u00f3n relativa, el apagado autom\u00e1tico.  El modo de irrupci\u00f3n capta los picos de corriente durante el arranque del motor.  Completo con cables de prueba, 3 bater\u00edas AAA y sonda de temperatura varilla de uso general.\" \/>\n<meta property=\"og:url\" content=\"https:\/\/abaa.mx\/tienda\/ex655-multiamperimetro-de-gancho-600a-ca-cd\/\" \/>\n<meta property=\"og:site_name\" content=\"Abaa tienda online\" \/>\n<meta property=\"article:modified_time\" content=\"2024-01-10T16:15:05+00:00\" \/>\n<meta property=\"og:image\" content=\"https:\/\/abaa.mx\/tienda\/wp-content\/uploads\/2024\/01\/EX655-\u2014-MULTIAMPERIMETRO.jpg\" \/>\n\t<meta property=\"og:image:width\" content=\"1024\" \/>\n\t<meta property=\"og:image:height\" content=\"1024\" \/>\n\t<meta property=\"og:image:type\" content=\"image\/jpeg\" \/>\n<meta name=\"twitter:card\" content=\"summary_large_image\" \/>\n<meta name=\"twitter:label1\" content=\"Tiempo de lectura\" \/>\n\t<meta name=\"twitter:data1\" content=\"1 minuto\" \/>\n<script type=\"application\/ld+json\" class=\"yoast-schema-graph\">{\"@context\":\"https:\/\/schema.org\",\"@graph\":[{\"@type\":\"WebPage\",\"@id\":\"https:\/\/abaa.mx\/tienda\/ex655-multiamperimetro-de-gancho-600a-ca-cd\/\",\"url\":\"https:\/\/abaa.mx\/tienda\/ex655-multiamperimetro-de-gancho-600a-ca-cd\/\",\"name\":\"Ex655 - multiamperimetro de gancho 600a ca-cd - Abaa tienda online\",\"isPartOf\":{\"@id\":\"https:\/\/abaa.mx\/tienda\/#website\"},\"primaryImageOfPage\":{\"@id\":\"https:\/\/abaa.mx\/tienda\/ex655-multiamperimetro-de-gancho-600a-ca-cd\/#primaryimage\"},\"image\":{\"@id\":\"https:\/\/abaa.mx\/tienda\/ex655-multiamperimetro-de-gancho-600a-ca-cd\/#primaryimage\"},\"thumbnailUrl\":\"https:\/\/abaa.mx\/tienda\/wp-content\/uploads\/2024\/01\/EX655-\u2014-MULTIAMPERIMETRO.jpg\",\"datePublished\":\"2024-01-10T16:15:04+00:00\",\"dateModified\":\"2024-01-10T16:15:05+00:00\",\"breadcrumb\":{\"@id\":\"https:\/\/abaa.mx\/tienda\/ex655-multiamperimetro-de-gancho-600a-ca-cd\/#breadcrumb\"},\"inLanguage\":\"es\",\"potentialAction\":[{\"@type\":\"ReadAction\",\"target\":[\"https:\/\/abaa.mx\/tienda\/ex655-multiamperimetro-de-gancho-600a-ca-cd\/\"]}]},{\"@type\":\"ImageObject\",\"inLanguage\":\"es\",\"@id\":\"https:\/\/abaa.mx\/tienda\/ex655-multiamperimetro-de-gancho-600a-ca-cd\/#primaryimage\",\"url\":\"https:\/\/abaa.mx\/tienda\/wp-content\/uploads\/2024\/01\/EX655-\u2014-MULTIAMPERIMETRO.jpg\",\"contentUrl\":\"https:\/\/abaa.mx\/tienda\/wp-content\/uploads\/2024\/01\/EX655-\u2014-MULTIAMPERIMETRO.jpg\",\"width\":1024,\"height\":1024,\"caption\":\"EX655 \u2014 MULTIAMPERIMETRO\"},{\"@type\":\"BreadcrumbList\",\"@id\":\"https:\/\/abaa.mx\/tienda\/ex655-multiamperimetro-de-gancho-600a-ca-cd\/#breadcrumb\",\"itemListElement\":[{\"@type\":\"ListItem\",\"position\":1,\"name\":\"Inicio\",\"item\":\"https:\/\/abaa.mx\/tienda\/\"},{\"@type\":\"ListItem\",\"position\":2,\"name\":\"Tienda\",\"item\":\"https:\/\/abaa.mx\/tienda\/\"},{\"@type\":\"ListItem\",\"position\":3,\"name\":\"Ex655 &#8211; multiamperimetro de gancho 600a ca-cd\"}]},{\"@type\":\"WebSite\",\"@id\":\"https:\/\/abaa.mx\/tienda\/#website\",\"url\":\"https:\/\/abaa.mx\/tienda\/\",\"name\":\"Abaa tienda online\",\"description\":\"Instrumentos de medici\u00f3n\",\"publisher\":{\"@id\":\"https:\/\/abaa.mx\/tienda\/#organization\"},\"potentialAction\":[{\"@type\":\"SearchAction\",\"target\":{\"@type\":\"EntryPoint\",\"urlTemplate\":\"https:\/\/abaa.mx\/tienda\/?s={search_term_string}\"},\"query-input\":{\"@type\":\"PropertyValueSpecification\",\"valueRequired\":true,\"valueName\":\"search_term_string\"}}],\"inLanguage\":\"es\"},{\"@type\":\"Organization\",\"@id\":\"https:\/\/abaa.mx\/tienda\/#organization\",\"name\":\"Abaa tienda online\",\"url\":\"https:\/\/abaa.mx\/tienda\/\",\"logo\":{\"@type\":\"ImageObject\",\"inLanguage\":\"es\",\"@id\":\"https:\/\/abaa.mx\/tienda\/#\/schema\/logo\/image\/\",\"url\":\"https:\/\/abaa.mx\/tienda\/wp-content\/uploads\/2024\/01\/abaa-metrologia-tienda.png\",\"contentUrl\":\"https:\/\/abaa.mx\/tienda\/wp-content\/uploads\/2024\/01\/abaa-metrologia-tienda.png\",\"width\":300,\"height\":141,\"caption\":\"Abaa tienda online\"},\"image\":{\"@id\":\"https:\/\/abaa.mx\/tienda\/#\/schema\/logo\/image\/\"}}]}<\/script>\n<!-- \/ Yoast SEO plugin. -->","yoast_head_json":{"title":"Ex655 - multiamperimetro de gancho 600a ca-cd - Abaa tienda online","robots":{"index":"index","follow":"follow","max-snippet":"max-snippet:-1","max-image-preview":"max-image-preview:large","max-video-preview":"max-video-preview:-1"},"canonical":"https:\/\/abaa.mx\/tienda\/ex655-multiamperimetro-de-gancho-600a-ca-cd\/","og_locale":"es_MX","og_type":"article","og_title":"Ex655 - multiamperimetro de gancho 600a ca-cd - Abaa tienda online","og_description":"Caracter\u00edsticas:   Verdadero valor eficaz para medidas precisas de corriente alterna.  1.18 (30 mm) tama\u00f1o de la mand\u00edbula \"tiene capacidad para conductores de hasta 350MCM.  Pantalla LCD retroiluminada de 6000 cuentas con gr\u00e1fico de barras.  Baja impedancia (LoZ) impide la lectura falsa causada por tensiones par\u00e1sitas.  Filtro de paso bajo (LPF) para las medidas exactas de las se\u00f1ales de transmisi\u00f3n de frecuencia variable.  El detector incorporado de tensi\u00f3n sin contacto (NCV) con indicador LED.  Linterna incorporada LED para trabajar en zonas poco iluminadas.  Las funciones incluyen: NCV, voltaje AC \/ DC, corriente AC \/ DC, micro corriente AC \/ DC, resistencia, capacitancia, frecuencia, tipo K de temperatura, prueba de diodo, Continuidad.  DC modo cero, Retenci\u00f3n de datos, Min \/ Max, la funci\u00f3n relativa, el apagado autom\u00e1tico.  El modo de irrupci\u00f3n capta los picos de corriente durante el arranque del motor.  Completo con cables de prueba, 3 bater\u00edas AAA y sonda de temperatura varilla de uso general.","og_url":"https:\/\/abaa.mx\/tienda\/ex655-multiamperimetro-de-gancho-600a-ca-cd\/","og_site_name":"Abaa tienda online","article_modified_time":"2024-01-10T16:15:05+00:00","og_image":[{"width":1024,"height":1024,"url":"https:\/\/abaa.mx\/tienda\/wp-content\/uploads\/2024\/01\/EX655-\u2014-MULTIAMPERIMETRO.jpg","type":"image\/jpeg"}],"twitter_card":"summary_large_image","twitter_misc":{"Tiempo de lectura":"1 minuto"},"schema":{"@context":"https:\/\/schema.org","@graph":[{"@type":"WebPage","@id":"https:\/\/abaa.mx\/tienda\/ex655-multiamperimetro-de-gancho-600a-ca-cd\/","url":"https:\/\/abaa.mx\/tienda\/ex655-multiamperimetro-de-gancho-600a-ca-cd\/","name":"Ex655 - multiamperimetro de gancho 600a ca-cd - Abaa tienda online","isPartOf":{"@id":"https:\/\/abaa.mx\/tienda\/#website"},"primaryImageOfPage":{"@id":"https:\/\/abaa.mx\/tienda\/ex655-multiamperimetro-de-gancho-600a-ca-cd\/#primaryimage"},"image":{"@id":"https:\/\/abaa.mx\/tienda\/ex655-multiamperimetro-de-gancho-600a-ca-cd\/#primaryimage"},"thumbnailUrl":"https:\/\/abaa.mx\/tienda\/wp-content\/uploads\/2024\/01\/EX655-\u2014-MULTIAMPERIMETRO.jpg","datePublished":"2024-01-10T16:15:04+00:00","dateModified":"2024-01-10T16:15:05+00:00","breadcrumb":{"@id":"https:\/\/abaa.mx\/tienda\/ex655-multiamperimetro-de-gancho-600a-ca-cd\/#breadcrumb"},"inLanguage":"es","potentialAction":[{"@type":"ReadAction","target":["https:\/\/abaa.mx\/tienda\/ex655-multiamperimetro-de-gancho-600a-ca-cd\/"]}]},{"@type":"ImageObject","inLanguage":"es","@id":"https:\/\/abaa.mx\/tienda\/ex655-multiamperimetro-de-gancho-600a-ca-cd\/#primaryimage","url":"https:\/\/abaa.mx\/tienda\/wp-content\/uploads\/2024\/01\/EX655-\u2014-MULTIAMPERIMETRO.jpg","contentUrl":"https:\/\/abaa.mx\/tienda\/wp-content\/uploads\/2024\/01\/EX655-\u2014-MULTIAMPERIMETRO.jpg","width":1024,"height":1024,"caption":"EX655 \u2014 MULTIAMPERIMETRO"},{"@type":"BreadcrumbList","@id":"https:\/\/abaa.mx\/tienda\/ex655-multiamperimetro-de-gancho-600a-ca-cd\/#breadcrumb","itemListElement":[{"@type":"ListItem","position":1,"name":"Inicio","item":"https:\/\/abaa.mx\/tienda\/"},{"@type":"ListItem","position":2,"name":"Tienda","item":"https:\/\/abaa.mx\/tienda\/"},{"@type":"ListItem","position":3,"name":"Ex655 &#8211; multiamperimetro de gancho 600a ca-cd"}]},{"@type":"WebSite","@id":"https:\/\/abaa.mx\/tienda\/#website","url":"https:\/\/abaa.mx\/tienda\/","name":"Abaa tienda online","description":"Instrumentos de medici\u00f3n","publisher":{"@id":"https:\/\/abaa.mx\/tienda\/#organization"},"potentialAction":[{"@type":"SearchAction","target":{"@type":"EntryPoint","urlTemplate":"https:\/\/abaa.mx\/tienda\/?s={search_term_string}"},"query-input":{"@type":"PropertyValueSpecification","valueRequired":true,"valueName":"search_term_string"}}],"inLanguage":"es"},{"@type":"Organization","@id":"https:\/\/abaa.mx\/tienda\/#organization","name":"Abaa tienda online","url":"https:\/\/abaa.mx\/tienda\/","logo":{"@type":"ImageObject","inLanguage":"es","@id":"https:\/\/abaa.mx\/tienda\/#\/schema\/logo\/image\/","url":"https:\/\/abaa.mx\/tienda\/wp-content\/uploads\/2024\/01\/abaa-metrologia-tienda.png","contentUrl":"https:\/\/abaa.mx\/tienda\/wp-content\/uploads\/2024\/01\/abaa-metrologia-tienda.png","width":300,"height":141,"caption":"Abaa tienda online"},"image":{"@id":"https:\/\/abaa.mx\/tienda\/#\/schema\/logo\/image\/"}}]}},"_links":{"self":[{"href":"https:\/\/abaa.mx\/tienda\/wp-json\/wp\/v2\/product\/10187","targetHints":{"allow":["GET"]}}],"collection":[{"href":"https:\/\/abaa.mx\/tienda\/wp-json\/wp\/v2\/product"}],"about":[{"href":"https:\/\/abaa.mx\/tienda\/wp-json\/wp\/v2\/types\/product"}],"replies":[{"embeddable":true,"href":"https:\/\/abaa.mx\/tienda\/wp-json\/wp\/v2\/comments?post=10187"}],"wp:featuredmedia":[{"embeddable":true,"href":"https:\/\/abaa.mx\/tienda\/wp-json\/wp\/v2\/media\/10191"}],"wp:attachment":[{"href":"https:\/\/abaa.mx\/tienda\/wp-json\/wp\/v2\/media?parent=10187"}],"wp:term":[{"taxonomy":"product_brand","embeddable":true,"href":"https:\/\/abaa.mx\/tienda\/wp-json\/wp\/v2\/product_brand?post=10187"},{"taxonomy":"product_cat","embeddable":true,"href":"https:\/\/abaa.mx\/tienda\/wp-json\/wp\/v2\/product_cat?post=10187"},{"taxonomy":"product_tag","embeddable":true,"href":"https:\/\/abaa.mx\/tienda\/wp-json\/wp\/v2\/product_tag?post=10187"}],"curies":[{"name":"wp","href":"https:\/\/api.w.org\/{rel}","templated":true}]}}