{"id":10178,"date":"2024-01-10T15:48:34","date_gmt":"2024-01-10T15:48:34","guid":{"rendered":"https:\/\/abaa.mx\/tienda\/?post_type=product&#038;p=10178"},"modified":"2024-01-10T15:48:34","modified_gmt":"2024-01-10T15:48:34","slug":"mt4w-da-10-amperimetro-cd-4dig-96x48mm-sal-rel","status":"publish","type":"product","link":"https:\/\/abaa.mx\/tienda\/mt4w-da-10-amperimetro-cd-4dig-96x48mm-sal-rel\/","title":{"rendered":"Mt4w-da-10 &#8211; amperimetro cd 4dig. 96x48mm sal. rel"},"content":{"rendered":"<p>Mt4w-da-10 &#8211; amperimetro cd 4dig. 96x48mm sal. rel.<\/p>\n","protected":false},"excerpt":{"rendered":"<p><b>Caracter\u00edsticas<\/b><strong>:<\/strong><\/p>\n<ul class=\"dot-list\">\n<li class=\"modl-mainSfe\">M\u00e9todo de visualizaci\u00f3n : 4 d\u00edgitos 7 segmentos LED.<\/li>\n<li class=\"modl-mainSfe\">Altura del car\u00e1cter : 14.2mm.<\/li>\n<li class=\"modl-mainSfe\">M\u00e1x. rango del display : De -1999 a 9999.<\/li>\n<li class=\"modl-mainSfe\">Medici\u00f3n : Corriente DC.<\/li>\n<li class=\"modl-mainSfe\">Tipo de entrada : 0-5A, 0-2A, 0-500mA, 0-200mA, 0-50mA, 4-20mA, 0-5mA, 0-2mA.<\/li>\n<li class=\"modl-mainSfe\">Fuente de alimentaci\u00f3n : 12-24VCC .<\/li>\n<\/ul>\n","protected":false},"featured_media":10181,"comment_status":"open","ping_status":"closed","template":"","meta":{"_joinchat":[]},"product_brand":[],"product_cat":[15],"product_tag":[],"class_list":{"0":"post-10178","1":"product","2":"type-product","3":"status-publish","4":"has-post-thumbnail","6":"product_cat-sin-categorizar","8":"first","9":"instock","10":"shipping-taxable","11":"product-type-simple"},"yoast_head":"<!-- This site is optimized with the Yoast SEO plugin v26.4 - https:\/\/yoast.com\/wordpress\/plugins\/seo\/ -->\n<title>Mt4w-da-10 - amperimetro cd 4dig. 96x48mm sal. rel - Abaa tienda online<\/title>\n<meta name=\"robots\" content=\"index, follow, max-snippet:-1, max-image-preview:large, max-video-preview:-1\" \/>\n<link rel=\"canonical\" href=\"https:\/\/abaa.mx\/tienda\/mt4w-da-10-amperimetro-cd-4dig-96x48mm-sal-rel\/\" \/>\n<meta property=\"og:locale\" content=\"es_MX\" \/>\n<meta property=\"og:type\" content=\"article\" \/>\n<meta property=\"og:title\" content=\"Mt4w-da-10 - amperimetro cd 4dig. 96x48mm sal. rel - Abaa tienda online\" \/>\n<meta property=\"og:description\" content=\"Caracter\u00edsticas:   M\u00e9todo de visualizaci\u00f3n : 4 d\u00edgitos 7 segmentos LED.  Altura del car\u00e1cter : 14.2mm.  M\u00e1x. rango del display : De -1999 a 9999.  Medici\u00f3n : Corriente DC.  Tipo de entrada : 0-5A, 0-2A, 0-500mA, 0-200mA, 0-50mA, 4-20mA, 0-5mA, 0-2mA.  Fuente de alimentaci\u00f3n : 12-24VCC .\" \/>\n<meta property=\"og:url\" content=\"https:\/\/abaa.mx\/tienda\/mt4w-da-10-amperimetro-cd-4dig-96x48mm-sal-rel\/\" \/>\n<meta property=\"og:site_name\" content=\"Abaa tienda online\" \/>\n<meta property=\"og:image\" content=\"https:\/\/abaa.mx\/tienda\/wp-content\/uploads\/2024\/01\/AMPERIMETRO-WT4W-DA-10.jpg\" \/>\n\t<meta property=\"og:image:width\" content=\"414\" \/>\n\t<meta property=\"og:image:height\" content=\"293\" \/>\n\t<meta property=\"og:image:type\" content=\"image\/jpeg\" \/>\n<meta name=\"twitter:card\" content=\"summary_large_image\" \/>\n<meta name=\"twitter:label1\" content=\"Tiempo de lectura\" \/>\n\t<meta name=\"twitter:data1\" content=\"1 minuto\" \/>\n<script type=\"application\/ld+json\" class=\"yoast-schema-graph\">{\"@context\":\"https:\/\/schema.org\",\"@graph\":[{\"@type\":\"WebPage\",\"@id\":\"https:\/\/abaa.mx\/tienda\/mt4w-da-10-amperimetro-cd-4dig-96x48mm-sal-rel\/\",\"url\":\"https:\/\/abaa.mx\/tienda\/mt4w-da-10-amperimetro-cd-4dig-96x48mm-sal-rel\/\",\"name\":\"Mt4w-da-10 - amperimetro cd 4dig. 96x48mm sal. rel - Abaa tienda online\",\"isPartOf\":{\"@id\":\"https:\/\/abaa.mx\/tienda\/#website\"},\"primaryImageOfPage\":{\"@id\":\"https:\/\/abaa.mx\/tienda\/mt4w-da-10-amperimetro-cd-4dig-96x48mm-sal-rel\/#primaryimage\"},\"image\":{\"@id\":\"https:\/\/abaa.mx\/tienda\/mt4w-da-10-amperimetro-cd-4dig-96x48mm-sal-rel\/#primaryimage\"},\"thumbnailUrl\":\"https:\/\/abaa.mx\/tienda\/wp-content\/uploads\/2024\/01\/AMPERIMETRO-WT4W-DA-10.jpg\",\"datePublished\":\"2024-01-10T15:48:34+00:00\",\"breadcrumb\":{\"@id\":\"https:\/\/abaa.mx\/tienda\/mt4w-da-10-amperimetro-cd-4dig-96x48mm-sal-rel\/#breadcrumb\"},\"inLanguage\":\"es\",\"potentialAction\":[{\"@type\":\"ReadAction\",\"target\":[\"https:\/\/abaa.mx\/tienda\/mt4w-da-10-amperimetro-cd-4dig-96x48mm-sal-rel\/\"]}]},{\"@type\":\"ImageObject\",\"inLanguage\":\"es\",\"@id\":\"https:\/\/abaa.mx\/tienda\/mt4w-da-10-amperimetro-cd-4dig-96x48mm-sal-rel\/#primaryimage\",\"url\":\"https:\/\/abaa.mx\/tienda\/wp-content\/uploads\/2024\/01\/AMPERIMETRO-WT4W-DA-10.jpg\",\"contentUrl\":\"https:\/\/abaa.mx\/tienda\/wp-content\/uploads\/2024\/01\/AMPERIMETRO-WT4W-DA-10.jpg\",\"width\":414,\"height\":293,\"caption\":\"AMPERIMETRO-WT4W-DA-10\"},{\"@type\":\"BreadcrumbList\",\"@id\":\"https:\/\/abaa.mx\/tienda\/mt4w-da-10-amperimetro-cd-4dig-96x48mm-sal-rel\/#breadcrumb\",\"itemListElement\":[{\"@type\":\"ListItem\",\"position\":1,\"name\":\"Inicio\",\"item\":\"https:\/\/abaa.mx\/tienda\/\"},{\"@type\":\"ListItem\",\"position\":2,\"name\":\"Tienda\",\"item\":\"https:\/\/abaa.mx\/tienda\/\"},{\"@type\":\"ListItem\",\"position\":3,\"name\":\"Mt4w-da-10 &#8211; amperimetro cd 4dig. 96x48mm sal. rel\"}]},{\"@type\":\"WebSite\",\"@id\":\"https:\/\/abaa.mx\/tienda\/#website\",\"url\":\"https:\/\/abaa.mx\/tienda\/\",\"name\":\"Abaa tienda online\",\"description\":\"Instrumentos de medici\u00f3n\",\"publisher\":{\"@id\":\"https:\/\/abaa.mx\/tienda\/#organization\"},\"potentialAction\":[{\"@type\":\"SearchAction\",\"target\":{\"@type\":\"EntryPoint\",\"urlTemplate\":\"https:\/\/abaa.mx\/tienda\/?s={search_term_string}\"},\"query-input\":{\"@type\":\"PropertyValueSpecification\",\"valueRequired\":true,\"valueName\":\"search_term_string\"}}],\"inLanguage\":\"es\"},{\"@type\":\"Organization\",\"@id\":\"https:\/\/abaa.mx\/tienda\/#organization\",\"name\":\"Abaa tienda online\",\"url\":\"https:\/\/abaa.mx\/tienda\/\",\"logo\":{\"@type\":\"ImageObject\",\"inLanguage\":\"es\",\"@id\":\"https:\/\/abaa.mx\/tienda\/#\/schema\/logo\/image\/\",\"url\":\"https:\/\/abaa.mx\/tienda\/wp-content\/uploads\/2024\/01\/abaa-metrologia-tienda.png\",\"contentUrl\":\"https:\/\/abaa.mx\/tienda\/wp-content\/uploads\/2024\/01\/abaa-metrologia-tienda.png\",\"width\":300,\"height\":141,\"caption\":\"Abaa tienda online\"},\"image\":{\"@id\":\"https:\/\/abaa.mx\/tienda\/#\/schema\/logo\/image\/\"}}]}<\/script>\n<!-- \/ Yoast SEO plugin. -->","yoast_head_json":{"title":"Mt4w-da-10 - amperimetro cd 4dig. 96x48mm sal. rel - Abaa tienda online","robots":{"index":"index","follow":"follow","max-snippet":"max-snippet:-1","max-image-preview":"max-image-preview:large","max-video-preview":"max-video-preview:-1"},"canonical":"https:\/\/abaa.mx\/tienda\/mt4w-da-10-amperimetro-cd-4dig-96x48mm-sal-rel\/","og_locale":"es_MX","og_type":"article","og_title":"Mt4w-da-10 - amperimetro cd 4dig. 96x48mm sal. rel - Abaa tienda online","og_description":"Caracter\u00edsticas:   M\u00e9todo de visualizaci\u00f3n : 4 d\u00edgitos 7 segmentos LED.  Altura del car\u00e1cter : 14.2mm.  M\u00e1x. rango del display : De -1999 a 9999.  Medici\u00f3n : Corriente DC.  Tipo de entrada : 0-5A, 0-2A, 0-500mA, 0-200mA, 0-50mA, 4-20mA, 0-5mA, 0-2mA.  Fuente de alimentaci\u00f3n : 12-24VCC .","og_url":"https:\/\/abaa.mx\/tienda\/mt4w-da-10-amperimetro-cd-4dig-96x48mm-sal-rel\/","og_site_name":"Abaa tienda online","og_image":[{"width":414,"height":293,"url":"https:\/\/abaa.mx\/tienda\/wp-content\/uploads\/2024\/01\/AMPERIMETRO-WT4W-DA-10.jpg","type":"image\/jpeg"}],"twitter_card":"summary_large_image","twitter_misc":{"Tiempo de lectura":"1 minuto"},"schema":{"@context":"https:\/\/schema.org","@graph":[{"@type":"WebPage","@id":"https:\/\/abaa.mx\/tienda\/mt4w-da-10-amperimetro-cd-4dig-96x48mm-sal-rel\/","url":"https:\/\/abaa.mx\/tienda\/mt4w-da-10-amperimetro-cd-4dig-96x48mm-sal-rel\/","name":"Mt4w-da-10 - amperimetro cd 4dig. 96x48mm sal. rel - Abaa tienda online","isPartOf":{"@id":"https:\/\/abaa.mx\/tienda\/#website"},"primaryImageOfPage":{"@id":"https:\/\/abaa.mx\/tienda\/mt4w-da-10-amperimetro-cd-4dig-96x48mm-sal-rel\/#primaryimage"},"image":{"@id":"https:\/\/abaa.mx\/tienda\/mt4w-da-10-amperimetro-cd-4dig-96x48mm-sal-rel\/#primaryimage"},"thumbnailUrl":"https:\/\/abaa.mx\/tienda\/wp-content\/uploads\/2024\/01\/AMPERIMETRO-WT4W-DA-10.jpg","datePublished":"2024-01-10T15:48:34+00:00","breadcrumb":{"@id":"https:\/\/abaa.mx\/tienda\/mt4w-da-10-amperimetro-cd-4dig-96x48mm-sal-rel\/#breadcrumb"},"inLanguage":"es","potentialAction":[{"@type":"ReadAction","target":["https:\/\/abaa.mx\/tienda\/mt4w-da-10-amperimetro-cd-4dig-96x48mm-sal-rel\/"]}]},{"@type":"ImageObject","inLanguage":"es","@id":"https:\/\/abaa.mx\/tienda\/mt4w-da-10-amperimetro-cd-4dig-96x48mm-sal-rel\/#primaryimage","url":"https:\/\/abaa.mx\/tienda\/wp-content\/uploads\/2024\/01\/AMPERIMETRO-WT4W-DA-10.jpg","contentUrl":"https:\/\/abaa.mx\/tienda\/wp-content\/uploads\/2024\/01\/AMPERIMETRO-WT4W-DA-10.jpg","width":414,"height":293,"caption":"AMPERIMETRO-WT4W-DA-10"},{"@type":"BreadcrumbList","@id":"https:\/\/abaa.mx\/tienda\/mt4w-da-10-amperimetro-cd-4dig-96x48mm-sal-rel\/#breadcrumb","itemListElement":[{"@type":"ListItem","position":1,"name":"Inicio","item":"https:\/\/abaa.mx\/tienda\/"},{"@type":"ListItem","position":2,"name":"Tienda","item":"https:\/\/abaa.mx\/tienda\/"},{"@type":"ListItem","position":3,"name":"Mt4w-da-10 &#8211; amperimetro cd 4dig. 96x48mm sal. rel"}]},{"@type":"WebSite","@id":"https:\/\/abaa.mx\/tienda\/#website","url":"https:\/\/abaa.mx\/tienda\/","name":"Abaa tienda online","description":"Instrumentos de medici\u00f3n","publisher":{"@id":"https:\/\/abaa.mx\/tienda\/#organization"},"potentialAction":[{"@type":"SearchAction","target":{"@type":"EntryPoint","urlTemplate":"https:\/\/abaa.mx\/tienda\/?s={search_term_string}"},"query-input":{"@type":"PropertyValueSpecification","valueRequired":true,"valueName":"search_term_string"}}],"inLanguage":"es"},{"@type":"Organization","@id":"https:\/\/abaa.mx\/tienda\/#organization","name":"Abaa tienda online","url":"https:\/\/abaa.mx\/tienda\/","logo":{"@type":"ImageObject","inLanguage":"es","@id":"https:\/\/abaa.mx\/tienda\/#\/schema\/logo\/image\/","url":"https:\/\/abaa.mx\/tienda\/wp-content\/uploads\/2024\/01\/abaa-metrologia-tienda.png","contentUrl":"https:\/\/abaa.mx\/tienda\/wp-content\/uploads\/2024\/01\/abaa-metrologia-tienda.png","width":300,"height":141,"caption":"Abaa tienda online"},"image":{"@id":"https:\/\/abaa.mx\/tienda\/#\/schema\/logo\/image\/"}}]}},"_links":{"self":[{"href":"https:\/\/abaa.mx\/tienda\/wp-json\/wp\/v2\/product\/10178","targetHints":{"allow":["GET"]}}],"collection":[{"href":"https:\/\/abaa.mx\/tienda\/wp-json\/wp\/v2\/product"}],"about":[{"href":"https:\/\/abaa.mx\/tienda\/wp-json\/wp\/v2\/types\/product"}],"replies":[{"embeddable":true,"href":"https:\/\/abaa.mx\/tienda\/wp-json\/wp\/v2\/comments?post=10178"}],"wp:featuredmedia":[{"embeddable":true,"href":"https:\/\/abaa.mx\/tienda\/wp-json\/wp\/v2\/media\/10181"}],"wp:attachment":[{"href":"https:\/\/abaa.mx\/tienda\/wp-json\/wp\/v2\/media?parent=10178"}],"wp:term":[{"taxonomy":"product_brand","embeddable":true,"href":"https:\/\/abaa.mx\/tienda\/wp-json\/wp\/v2\/product_brand?post=10178"},{"taxonomy":"product_cat","embeddable":true,"href":"https:\/\/abaa.mx\/tienda\/wp-json\/wp\/v2\/product_cat?post=10178"},{"taxonomy":"product_tag","embeddable":true,"href":"https:\/\/abaa.mx\/tienda\/wp-json\/wp\/v2\/product_tag?post=10178"}],"curies":[{"name":"wp","href":"https:\/\/api.w.org\/{rel}","templated":true}]}}