{"id":10175,"date":"2024-01-10T15:47:06","date_gmt":"2024-01-10T15:47:06","guid":{"rendered":"https:\/\/abaa.mx\/tienda\/?post_type=product&#038;p=10175"},"modified":"2024-01-10T15:47:06","modified_gmt":"2024-01-10T15:47:06","slug":"cm82-multiamperimetro-de-gancho-600a-ca-cd-con-modo-vfd","status":"publish","type":"product","link":"https:\/\/abaa.mx\/tienda\/cm82-multiamperimetro-de-gancho-600a-ca-cd-con-modo-vfd\/","title":{"rendered":"Cm82 &#8211; multiamperimetro de gancho 600a ca-cd con modo vfd"},"content":{"rendered":"<p>Cm82 &#8211; multiamperimetro de gancho 600a ca-cd con modo vfd<\/p>\n","protected":false},"excerpt":{"rendered":"<section class=\"s_text_image o_colored_level pb4 pt0\" data-snippet=\"s_text_image\" data-name=\"Text - Image\">\n<div class=\"container\">\n<div class=\"row align-items-stretch\">\n<div class=\"o_colored_level col-lg-6 pb0 pt0\"><span class=\"bg-white\">El CM82 de FLIR es un medidor de pinza de potencia de grado industrial dise\u00f1ado con an\u00e1lisis avanzados de potencia, mediciones de arm\u00f3nicos y funciones de filtrado de variador de frecuencia (VFD) para satisfacer las necesidades de los electricistas. El medidor cuenta con una pantalla retroiluminada con d\u00edgitos grandes y f\u00e1ciles de leer, una barra gr\u00e1fica anal\u00f3gica y potentes luces de trabajo lo suficientemente brillantes como para servir como luz de trabajo primaria. Con capacidad probada para soportar una ca\u00edda de 2 m, la CM82 tiene una funcionalidad fiable que es vital para los profesionales.<\/span><\/div>\n<\/div>\n<\/div>\n<\/section>\n<section class=\"s_picture bg-200 o_colored_level pb0 pt8\" data-snippet=\"s_picture\" data-name=\"Picture\">\n<div class=\"container\"><\/div>\n<\/section>\n","protected":false},"featured_media":10179,"comment_status":"open","ping_status":"closed","template":"","meta":{"_joinchat":[]},"product_brand":[],"product_cat":[15],"product_tag":[],"class_list":{"0":"post-10175","1":"product","2":"type-product","3":"status-publish","4":"has-post-thumbnail","6":"product_cat-sin-categorizar","8":"first","9":"instock","10":"shipping-taxable","11":"product-type-simple"},"yoast_head":"<!-- This site is optimized with the Yoast SEO plugin v26.4 - https:\/\/yoast.com\/wordpress\/plugins\/seo\/ -->\n<title>Cm82 - multiamperimetro de gancho 600a ca-cd con modo vfd - Abaa tienda online<\/title>\n<meta name=\"robots\" content=\"index, follow, max-snippet:-1, max-image-preview:large, max-video-preview:-1\" \/>\n<link rel=\"canonical\" href=\"https:\/\/abaa.mx\/tienda\/cm82-multiamperimetro-de-gancho-600a-ca-cd-con-modo-vfd\/\" \/>\n<meta property=\"og:locale\" content=\"es_MX\" \/>\n<meta property=\"og:type\" content=\"article\" \/>\n<meta property=\"og:title\" content=\"Cm82 - multiamperimetro de gancho 600a ca-cd con modo vfd - Abaa tienda online\" \/>\n<meta property=\"og:description\" content=\"El CM82 de FLIR es un medidor de pinza de potencia de grado industrial dise\u00f1ado con an\u00e1lisis avanzados de potencia, mediciones de arm\u00f3nicos y funciones de filtrado de variador de frecuencia (VFD) para satisfacer las necesidades de los electricistas. El medidor cuenta con una pantalla retroiluminada con d\u00edgitos grandes y f\u00e1ciles de leer, una barra gr\u00e1fica anal\u00f3gica y potentes luces de trabajo lo suficientemente brillantes como para servir como luz de trabajo primaria. Con capacidad probada para soportar una ca\u00edda de 2 m, la CM82 tiene una funcionalidad fiable que es vital para los profesionales.\" \/>\n<meta property=\"og:url\" content=\"https:\/\/abaa.mx\/tienda\/cm82-multiamperimetro-de-gancho-600a-ca-cd-con-modo-vfd\/\" \/>\n<meta property=\"og:site_name\" content=\"Abaa tienda online\" \/>\n<meta property=\"og:image\" content=\"https:\/\/abaa.mx\/tienda\/wp-content\/uploads\/2024\/01\/CM82-\u2014-MULTIAMPERIMETRO.jpg\" \/>\n\t<meta property=\"og:image:width\" content=\"1024\" \/>\n\t<meta property=\"og:image:height\" content=\"1024\" \/>\n\t<meta property=\"og:image:type\" content=\"image\/jpeg\" \/>\n<meta name=\"twitter:card\" content=\"summary_large_image\" \/>\n<meta name=\"twitter:label1\" content=\"Tiempo de lectura\" \/>\n\t<meta name=\"twitter:data1\" content=\"1 minuto\" \/>\n<script type=\"application\/ld+json\" class=\"yoast-schema-graph\">{\"@context\":\"https:\/\/schema.org\",\"@graph\":[{\"@type\":\"WebPage\",\"@id\":\"https:\/\/abaa.mx\/tienda\/cm82-multiamperimetro-de-gancho-600a-ca-cd-con-modo-vfd\/\",\"url\":\"https:\/\/abaa.mx\/tienda\/cm82-multiamperimetro-de-gancho-600a-ca-cd-con-modo-vfd\/\",\"name\":\"Cm82 - multiamperimetro de gancho 600a ca-cd con modo vfd - Abaa tienda online\",\"isPartOf\":{\"@id\":\"https:\/\/abaa.mx\/tienda\/#website\"},\"primaryImageOfPage\":{\"@id\":\"https:\/\/abaa.mx\/tienda\/cm82-multiamperimetro-de-gancho-600a-ca-cd-con-modo-vfd\/#primaryimage\"},\"image\":{\"@id\":\"https:\/\/abaa.mx\/tienda\/cm82-multiamperimetro-de-gancho-600a-ca-cd-con-modo-vfd\/#primaryimage\"},\"thumbnailUrl\":\"https:\/\/abaa.mx\/tienda\/wp-content\/uploads\/2024\/01\/CM82-\u2014-MULTIAMPERIMETRO.jpg\",\"datePublished\":\"2024-01-10T15:47:06+00:00\",\"breadcrumb\":{\"@id\":\"https:\/\/abaa.mx\/tienda\/cm82-multiamperimetro-de-gancho-600a-ca-cd-con-modo-vfd\/#breadcrumb\"},\"inLanguage\":\"es\",\"potentialAction\":[{\"@type\":\"ReadAction\",\"target\":[\"https:\/\/abaa.mx\/tienda\/cm82-multiamperimetro-de-gancho-600a-ca-cd-con-modo-vfd\/\"]}]},{\"@type\":\"ImageObject\",\"inLanguage\":\"es\",\"@id\":\"https:\/\/abaa.mx\/tienda\/cm82-multiamperimetro-de-gancho-600a-ca-cd-con-modo-vfd\/#primaryimage\",\"url\":\"https:\/\/abaa.mx\/tienda\/wp-content\/uploads\/2024\/01\/CM82-\u2014-MULTIAMPERIMETRO.jpg\",\"contentUrl\":\"https:\/\/abaa.mx\/tienda\/wp-content\/uploads\/2024\/01\/CM82-\u2014-MULTIAMPERIMETRO.jpg\",\"width\":1024,\"height\":1024,\"caption\":\"CM82 \u2014 MULTIAMPERIMETRO\"},{\"@type\":\"BreadcrumbList\",\"@id\":\"https:\/\/abaa.mx\/tienda\/cm82-multiamperimetro-de-gancho-600a-ca-cd-con-modo-vfd\/#breadcrumb\",\"itemListElement\":[{\"@type\":\"ListItem\",\"position\":1,\"name\":\"Inicio\",\"item\":\"https:\/\/abaa.mx\/tienda\/\"},{\"@type\":\"ListItem\",\"position\":2,\"name\":\"Tienda\",\"item\":\"https:\/\/abaa.mx\/tienda\/\"},{\"@type\":\"ListItem\",\"position\":3,\"name\":\"Cm82 &#8211; multiamperimetro de gancho 600a ca-cd con modo vfd\"}]},{\"@type\":\"WebSite\",\"@id\":\"https:\/\/abaa.mx\/tienda\/#website\",\"url\":\"https:\/\/abaa.mx\/tienda\/\",\"name\":\"Abaa tienda online\",\"description\":\"Instrumentos de medici\u00f3n\",\"publisher\":{\"@id\":\"https:\/\/abaa.mx\/tienda\/#organization\"},\"potentialAction\":[{\"@type\":\"SearchAction\",\"target\":{\"@type\":\"EntryPoint\",\"urlTemplate\":\"https:\/\/abaa.mx\/tienda\/?s={search_term_string}\"},\"query-input\":{\"@type\":\"PropertyValueSpecification\",\"valueRequired\":true,\"valueName\":\"search_term_string\"}}],\"inLanguage\":\"es\"},{\"@type\":\"Organization\",\"@id\":\"https:\/\/abaa.mx\/tienda\/#organization\",\"name\":\"Abaa tienda online\",\"url\":\"https:\/\/abaa.mx\/tienda\/\",\"logo\":{\"@type\":\"ImageObject\",\"inLanguage\":\"es\",\"@id\":\"https:\/\/abaa.mx\/tienda\/#\/schema\/logo\/image\/\",\"url\":\"https:\/\/abaa.mx\/tienda\/wp-content\/uploads\/2024\/01\/abaa-metrologia-tienda.png\",\"contentUrl\":\"https:\/\/abaa.mx\/tienda\/wp-content\/uploads\/2024\/01\/abaa-metrologia-tienda.png\",\"width\":300,\"height\":141,\"caption\":\"Abaa tienda online\"},\"image\":{\"@id\":\"https:\/\/abaa.mx\/tienda\/#\/schema\/logo\/image\/\"}}]}<\/script>\n<!-- \/ Yoast SEO plugin. -->","yoast_head_json":{"title":"Cm82 - multiamperimetro de gancho 600a ca-cd con modo vfd - Abaa tienda online","robots":{"index":"index","follow":"follow","max-snippet":"max-snippet:-1","max-image-preview":"max-image-preview:large","max-video-preview":"max-video-preview:-1"},"canonical":"https:\/\/abaa.mx\/tienda\/cm82-multiamperimetro-de-gancho-600a-ca-cd-con-modo-vfd\/","og_locale":"es_MX","og_type":"article","og_title":"Cm82 - multiamperimetro de gancho 600a ca-cd con modo vfd - Abaa tienda online","og_description":"El CM82 de FLIR es un medidor de pinza de potencia de grado industrial dise\u00f1ado con an\u00e1lisis avanzados de potencia, mediciones de arm\u00f3nicos y funciones de filtrado de variador de frecuencia (VFD) para satisfacer las necesidades de los electricistas. El medidor cuenta con una pantalla retroiluminada con d\u00edgitos grandes y f\u00e1ciles de leer, una barra gr\u00e1fica anal\u00f3gica y potentes luces de trabajo lo suficientemente brillantes como para servir como luz de trabajo primaria. Con capacidad probada para soportar una ca\u00edda de 2 m, la CM82 tiene una funcionalidad fiable que es vital para los profesionales.","og_url":"https:\/\/abaa.mx\/tienda\/cm82-multiamperimetro-de-gancho-600a-ca-cd-con-modo-vfd\/","og_site_name":"Abaa tienda online","og_image":[{"width":1024,"height":1024,"url":"https:\/\/abaa.mx\/tienda\/wp-content\/uploads\/2024\/01\/CM82-\u2014-MULTIAMPERIMETRO.jpg","type":"image\/jpeg"}],"twitter_card":"summary_large_image","twitter_misc":{"Tiempo de lectura":"1 minuto"},"schema":{"@context":"https:\/\/schema.org","@graph":[{"@type":"WebPage","@id":"https:\/\/abaa.mx\/tienda\/cm82-multiamperimetro-de-gancho-600a-ca-cd-con-modo-vfd\/","url":"https:\/\/abaa.mx\/tienda\/cm82-multiamperimetro-de-gancho-600a-ca-cd-con-modo-vfd\/","name":"Cm82 - multiamperimetro de gancho 600a ca-cd con modo vfd - Abaa tienda online","isPartOf":{"@id":"https:\/\/abaa.mx\/tienda\/#website"},"primaryImageOfPage":{"@id":"https:\/\/abaa.mx\/tienda\/cm82-multiamperimetro-de-gancho-600a-ca-cd-con-modo-vfd\/#primaryimage"},"image":{"@id":"https:\/\/abaa.mx\/tienda\/cm82-multiamperimetro-de-gancho-600a-ca-cd-con-modo-vfd\/#primaryimage"},"thumbnailUrl":"https:\/\/abaa.mx\/tienda\/wp-content\/uploads\/2024\/01\/CM82-\u2014-MULTIAMPERIMETRO.jpg","datePublished":"2024-01-10T15:47:06+00:00","breadcrumb":{"@id":"https:\/\/abaa.mx\/tienda\/cm82-multiamperimetro-de-gancho-600a-ca-cd-con-modo-vfd\/#breadcrumb"},"inLanguage":"es","potentialAction":[{"@type":"ReadAction","target":["https:\/\/abaa.mx\/tienda\/cm82-multiamperimetro-de-gancho-600a-ca-cd-con-modo-vfd\/"]}]},{"@type":"ImageObject","inLanguage":"es","@id":"https:\/\/abaa.mx\/tienda\/cm82-multiamperimetro-de-gancho-600a-ca-cd-con-modo-vfd\/#primaryimage","url":"https:\/\/abaa.mx\/tienda\/wp-content\/uploads\/2024\/01\/CM82-\u2014-MULTIAMPERIMETRO.jpg","contentUrl":"https:\/\/abaa.mx\/tienda\/wp-content\/uploads\/2024\/01\/CM82-\u2014-MULTIAMPERIMETRO.jpg","width":1024,"height":1024,"caption":"CM82 \u2014 MULTIAMPERIMETRO"},{"@type":"BreadcrumbList","@id":"https:\/\/abaa.mx\/tienda\/cm82-multiamperimetro-de-gancho-600a-ca-cd-con-modo-vfd\/#breadcrumb","itemListElement":[{"@type":"ListItem","position":1,"name":"Inicio","item":"https:\/\/abaa.mx\/tienda\/"},{"@type":"ListItem","position":2,"name":"Tienda","item":"https:\/\/abaa.mx\/tienda\/"},{"@type":"ListItem","position":3,"name":"Cm82 &#8211; multiamperimetro de gancho 600a ca-cd con modo vfd"}]},{"@type":"WebSite","@id":"https:\/\/abaa.mx\/tienda\/#website","url":"https:\/\/abaa.mx\/tienda\/","name":"Abaa tienda online","description":"Instrumentos de medici\u00f3n","publisher":{"@id":"https:\/\/abaa.mx\/tienda\/#organization"},"potentialAction":[{"@type":"SearchAction","target":{"@type":"EntryPoint","urlTemplate":"https:\/\/abaa.mx\/tienda\/?s={search_term_string}"},"query-input":{"@type":"PropertyValueSpecification","valueRequired":true,"valueName":"search_term_string"}}],"inLanguage":"es"},{"@type":"Organization","@id":"https:\/\/abaa.mx\/tienda\/#organization","name":"Abaa tienda online","url":"https:\/\/abaa.mx\/tienda\/","logo":{"@type":"ImageObject","inLanguage":"es","@id":"https:\/\/abaa.mx\/tienda\/#\/schema\/logo\/image\/","url":"https:\/\/abaa.mx\/tienda\/wp-content\/uploads\/2024\/01\/abaa-metrologia-tienda.png","contentUrl":"https:\/\/abaa.mx\/tienda\/wp-content\/uploads\/2024\/01\/abaa-metrologia-tienda.png","width":300,"height":141,"caption":"Abaa tienda online"},"image":{"@id":"https:\/\/abaa.mx\/tienda\/#\/schema\/logo\/image\/"}}]}},"_links":{"self":[{"href":"https:\/\/abaa.mx\/tienda\/wp-json\/wp\/v2\/product\/10175","targetHints":{"allow":["GET"]}}],"collection":[{"href":"https:\/\/abaa.mx\/tienda\/wp-json\/wp\/v2\/product"}],"about":[{"href":"https:\/\/abaa.mx\/tienda\/wp-json\/wp\/v2\/types\/product"}],"replies":[{"embeddable":true,"href":"https:\/\/abaa.mx\/tienda\/wp-json\/wp\/v2\/comments?post=10175"}],"wp:featuredmedia":[{"embeddable":true,"href":"https:\/\/abaa.mx\/tienda\/wp-json\/wp\/v2\/media\/10179"}],"wp:attachment":[{"href":"https:\/\/abaa.mx\/tienda\/wp-json\/wp\/v2\/media?parent=10175"}],"wp:term":[{"taxonomy":"product_brand","embeddable":true,"href":"https:\/\/abaa.mx\/tienda\/wp-json\/wp\/v2\/product_brand?post=10175"},{"taxonomy":"product_cat","embeddable":true,"href":"https:\/\/abaa.mx\/tienda\/wp-json\/wp\/v2\/product_cat?post=10175"},{"taxonomy":"product_tag","embeddable":true,"href":"https:\/\/abaa.mx\/tienda\/wp-json\/wp\/v2\/product_tag?post=10175"}],"curies":[{"name":"wp","href":"https:\/\/api.w.org\/{rel}","templated":true}]}}