{"id":10170,"date":"2024-01-10T15:20:16","date_gmt":"2024-01-10T15:20:16","guid":{"rendered":"https:\/\/abaa.mx\/tienda\/?post_type=product&#038;p=10170"},"modified":"2024-01-10T15:20:17","modified_gmt":"2024-01-10T15:20:17","slug":"pq2071-amperimetro-de-gancho-3-fases-1000a-rms","status":"publish","type":"product","link":"https:\/\/abaa.mx\/tienda\/pq2071-amperimetro-de-gancho-3-fases-1000a-rms\/","title":{"rendered":"Pq2071 \u2014 amperimetro de gancho 3 fases, 1000a rms"},"content":{"rendered":"<p>Pq2071 \u2014 amperimetro de gancho 3 fases, 1000a rms.<\/p>\n","protected":false},"excerpt":{"rendered":"<p><strong>Caracter\u00edsticas:<\/strong><\/p>\n<ul>\n<li><span>El medidor funciona como una pinza amperim\u00e9trica de verdadero valor eficaz, un medidor de potencia, un mult\u00edmetro y un detector de voltaje CA.<\/span><\/li>\n<li><span>Mide la corriente CA, el voltaje, la frecuencia y la potencia, incluyendo la potencia verdadera, la potencia aparente, la potencia reactiva y la potencia activa.<\/span><\/li>\n<li><span>Mide la potencia verdadera monof\u00e1sica y trif\u00e1sica equilibrada (kW), la potencia aparente (kVA), la potencia reactiva (kVAR) y la potencia activa (kWh), adem\u00e1s del factor de potencia y el \u00e1ngulo de fase.<\/span><\/li>\n<li><span>Abertura de mordaza de pinza de 2,16&#8221; (55 mm).<\/span><\/li>\n<li><span>Pantalla LCD doble grande retroiluminada (contador 9999) con visualizador de gr\u00e1ficos de barras.<\/span><\/li>\n<li><span>Detector de voltaje sin contacto incorporado con se\u00f1al de alerta LED.<\/span><\/li>\n<li><span>Almacena\/recupera manualmente hasta 99 conjuntos de datos.<\/span><\/li>\n<li><span>Retenci\u00f3n de datos, lecturas m\u00e1x.\/m\u00edn. y apagado autom\u00e1tico.<\/span><\/li>\n<li><span>Interfaz USB para conexi\u00f3n a PC para la funci\u00f3n de registro de datos con software incluido.<\/span><\/li>\n<li><span>Completo con conductores de prueba, cuatro conductores codificados por color y pinzas de conexi\u00f3n, cable USB, software de PC, bater\u00eda de 9 V y estuche blando.<\/span><\/li>\n<\/ul>\n","protected":false},"featured_media":10171,"comment_status":"open","ping_status":"closed","template":"","meta":{"_joinchat":[]},"product_brand":[],"product_cat":[15],"product_tag":[],"class_list":{"0":"post-10170","1":"product","2":"type-product","3":"status-publish","4":"has-post-thumbnail","6":"product_cat-sin-categorizar","8":"first","9":"instock","10":"shipping-taxable","11":"product-type-simple"},"yoast_head":"<!-- This site is optimized with the Yoast SEO plugin v26.4 - https:\/\/yoast.com\/wordpress\/plugins\/seo\/ -->\n<title>Pq2071 \u2014 amperimetro de gancho 3 fases, 1000a rms - Abaa tienda online<\/title>\n<meta name=\"robots\" content=\"index, follow, max-snippet:-1, max-image-preview:large, max-video-preview:-1\" \/>\n<link rel=\"canonical\" href=\"https:\/\/abaa.mx\/tienda\/pq2071-amperimetro-de-gancho-3-fases-1000a-rms\/\" \/>\n<meta property=\"og:locale\" content=\"es_MX\" \/>\n<meta property=\"og:type\" content=\"article\" \/>\n<meta property=\"og:title\" content=\"Pq2071 \u2014 amperimetro de gancho 3 fases, 1000a rms - Abaa tienda online\" \/>\n<meta property=\"og:description\" content=\"Caracter\u00edsticas:   El medidor funciona como una pinza amperim\u00e9trica de verdadero valor eficaz, un medidor de potencia, un mult\u00edmetro y un detector de voltaje CA.  Mide la corriente CA, el voltaje, la frecuencia y la potencia, incluyendo la potencia verdadera, la potencia aparente, la potencia reactiva y la potencia activa.  Mide la potencia verdadera monof\u00e1sica y trif\u00e1sica equilibrada (kW), la potencia aparente (kVA), la potencia reactiva (kVAR) y la potencia activa (kWh), adem\u00e1s del factor de potencia y el \u00e1ngulo de fase.  Abertura de mordaza de pinza de 2,16&#039;&#039; (55 mm).  Pantalla LCD doble grande retroiluminada (contador 9999) con visualizador de gr\u00e1ficos de barras.  Detector de voltaje sin contacto incorporado con se\u00f1al de alerta LED.  Almacena\/recupera manualmente hasta 99 conjuntos de datos.  Retenci\u00f3n de datos, lecturas m\u00e1x.\/m\u00edn. y apagado autom\u00e1tico.  Interfaz USB para conexi\u00f3n a PC para la funci\u00f3n de registro de datos con software incluido.  Completo con conductores de prueba, cuatro conductores codificados por color y pinzas de conexi\u00f3n, cable USB, software de PC, bater\u00eda de 9 V y estuche blando.\" \/>\n<meta property=\"og:url\" content=\"https:\/\/abaa.mx\/tienda\/pq2071-amperimetro-de-gancho-3-fases-1000a-rms\/\" \/>\n<meta property=\"og:site_name\" content=\"Abaa tienda online\" \/>\n<meta property=\"article:modified_time\" content=\"2024-01-10T15:20:17+00:00\" \/>\n<meta property=\"og:image\" content=\"https:\/\/abaa.mx\/tienda\/wp-content\/uploads\/2024\/01\/EXTECH-PQ2071-1000A.jpg\" \/>\n\t<meta property=\"og:image:width\" content=\"337\" \/>\n\t<meta property=\"og:image:height\" content=\"480\" \/>\n\t<meta property=\"og:image:type\" content=\"image\/jpeg\" \/>\n<meta name=\"twitter:card\" content=\"summary_large_image\" \/>\n<meta name=\"twitter:label1\" content=\"Tiempo de lectura\" \/>\n\t<meta name=\"twitter:data1\" content=\"1 minuto\" \/>\n<script type=\"application\/ld+json\" class=\"yoast-schema-graph\">{\"@context\":\"https:\/\/schema.org\",\"@graph\":[{\"@type\":\"WebPage\",\"@id\":\"https:\/\/abaa.mx\/tienda\/pq2071-amperimetro-de-gancho-3-fases-1000a-rms\/\",\"url\":\"https:\/\/abaa.mx\/tienda\/pq2071-amperimetro-de-gancho-3-fases-1000a-rms\/\",\"name\":\"Pq2071 \u2014 amperimetro de gancho 3 fases, 1000a rms - Abaa tienda online\",\"isPartOf\":{\"@id\":\"https:\/\/abaa.mx\/tienda\/#website\"},\"primaryImageOfPage\":{\"@id\":\"https:\/\/abaa.mx\/tienda\/pq2071-amperimetro-de-gancho-3-fases-1000a-rms\/#primaryimage\"},\"image\":{\"@id\":\"https:\/\/abaa.mx\/tienda\/pq2071-amperimetro-de-gancho-3-fases-1000a-rms\/#primaryimage\"},\"thumbnailUrl\":\"https:\/\/abaa.mx\/tienda\/wp-content\/uploads\/2024\/01\/EXTECH-PQ2071-1000A.jpg\",\"datePublished\":\"2024-01-10T15:20:16+00:00\",\"dateModified\":\"2024-01-10T15:20:17+00:00\",\"breadcrumb\":{\"@id\":\"https:\/\/abaa.mx\/tienda\/pq2071-amperimetro-de-gancho-3-fases-1000a-rms\/#breadcrumb\"},\"inLanguage\":\"es\",\"potentialAction\":[{\"@type\":\"ReadAction\",\"target\":[\"https:\/\/abaa.mx\/tienda\/pq2071-amperimetro-de-gancho-3-fases-1000a-rms\/\"]}]},{\"@type\":\"ImageObject\",\"inLanguage\":\"es\",\"@id\":\"https:\/\/abaa.mx\/tienda\/pq2071-amperimetro-de-gancho-3-fases-1000a-rms\/#primaryimage\",\"url\":\"https:\/\/abaa.mx\/tienda\/wp-content\/uploads\/2024\/01\/EXTECH-PQ2071-1000A.jpg\",\"contentUrl\":\"https:\/\/abaa.mx\/tienda\/wp-content\/uploads\/2024\/01\/EXTECH-PQ2071-1000A.jpg\",\"width\":337,\"height\":480,\"caption\":\"EXTECH-PQ2071 1000A\"},{\"@type\":\"BreadcrumbList\",\"@id\":\"https:\/\/abaa.mx\/tienda\/pq2071-amperimetro-de-gancho-3-fases-1000a-rms\/#breadcrumb\",\"itemListElement\":[{\"@type\":\"ListItem\",\"position\":1,\"name\":\"Inicio\",\"item\":\"https:\/\/abaa.mx\/tienda\/\"},{\"@type\":\"ListItem\",\"position\":2,\"name\":\"Tienda\",\"item\":\"https:\/\/abaa.mx\/tienda\/\"},{\"@type\":\"ListItem\",\"position\":3,\"name\":\"Pq2071 \u2014 amperimetro de gancho 3 fases, 1000a rms\"}]},{\"@type\":\"WebSite\",\"@id\":\"https:\/\/abaa.mx\/tienda\/#website\",\"url\":\"https:\/\/abaa.mx\/tienda\/\",\"name\":\"Abaa tienda online\",\"description\":\"Instrumentos de medici\u00f3n\",\"publisher\":{\"@id\":\"https:\/\/abaa.mx\/tienda\/#organization\"},\"potentialAction\":[{\"@type\":\"SearchAction\",\"target\":{\"@type\":\"EntryPoint\",\"urlTemplate\":\"https:\/\/abaa.mx\/tienda\/?s={search_term_string}\"},\"query-input\":{\"@type\":\"PropertyValueSpecification\",\"valueRequired\":true,\"valueName\":\"search_term_string\"}}],\"inLanguage\":\"es\"},{\"@type\":\"Organization\",\"@id\":\"https:\/\/abaa.mx\/tienda\/#organization\",\"name\":\"Abaa tienda online\",\"url\":\"https:\/\/abaa.mx\/tienda\/\",\"logo\":{\"@type\":\"ImageObject\",\"inLanguage\":\"es\",\"@id\":\"https:\/\/abaa.mx\/tienda\/#\/schema\/logo\/image\/\",\"url\":\"https:\/\/abaa.mx\/tienda\/wp-content\/uploads\/2024\/01\/abaa-metrologia-tienda.png\",\"contentUrl\":\"https:\/\/abaa.mx\/tienda\/wp-content\/uploads\/2024\/01\/abaa-metrologia-tienda.png\",\"width\":300,\"height\":141,\"caption\":\"Abaa tienda online\"},\"image\":{\"@id\":\"https:\/\/abaa.mx\/tienda\/#\/schema\/logo\/image\/\"}}]}<\/script>\n<!-- \/ Yoast SEO plugin. -->","yoast_head_json":{"title":"Pq2071 \u2014 amperimetro de gancho 3 fases, 1000a rms - Abaa tienda online","robots":{"index":"index","follow":"follow","max-snippet":"max-snippet:-1","max-image-preview":"max-image-preview:large","max-video-preview":"max-video-preview:-1"},"canonical":"https:\/\/abaa.mx\/tienda\/pq2071-amperimetro-de-gancho-3-fases-1000a-rms\/","og_locale":"es_MX","og_type":"article","og_title":"Pq2071 \u2014 amperimetro de gancho 3 fases, 1000a rms - Abaa tienda online","og_description":"Caracter\u00edsticas:   El medidor funciona como una pinza amperim\u00e9trica de verdadero valor eficaz, un medidor de potencia, un mult\u00edmetro y un detector de voltaje CA.  Mide la corriente CA, el voltaje, la frecuencia y la potencia, incluyendo la potencia verdadera, la potencia aparente, la potencia reactiva y la potencia activa.  Mide la potencia verdadera monof\u00e1sica y trif\u00e1sica equilibrada (kW), la potencia aparente (kVA), la potencia reactiva (kVAR) y la potencia activa (kWh), adem\u00e1s del factor de potencia y el \u00e1ngulo de fase.  Abertura de mordaza de pinza de 2,16'' (55 mm).  Pantalla LCD doble grande retroiluminada (contador 9999) con visualizador de gr\u00e1ficos de barras.  Detector de voltaje sin contacto incorporado con se\u00f1al de alerta LED.  Almacena\/recupera manualmente hasta 99 conjuntos de datos.  Retenci\u00f3n de datos, lecturas m\u00e1x.\/m\u00edn. y apagado autom\u00e1tico.  Interfaz USB para conexi\u00f3n a PC para la funci\u00f3n de registro de datos con software incluido.  Completo con conductores de prueba, cuatro conductores codificados por color y pinzas de conexi\u00f3n, cable USB, software de PC, bater\u00eda de 9 V y estuche blando.","og_url":"https:\/\/abaa.mx\/tienda\/pq2071-amperimetro-de-gancho-3-fases-1000a-rms\/","og_site_name":"Abaa tienda online","article_modified_time":"2024-01-10T15:20:17+00:00","og_image":[{"width":337,"height":480,"url":"https:\/\/abaa.mx\/tienda\/wp-content\/uploads\/2024\/01\/EXTECH-PQ2071-1000A.jpg","type":"image\/jpeg"}],"twitter_card":"summary_large_image","twitter_misc":{"Tiempo de lectura":"1 minuto"},"schema":{"@context":"https:\/\/schema.org","@graph":[{"@type":"WebPage","@id":"https:\/\/abaa.mx\/tienda\/pq2071-amperimetro-de-gancho-3-fases-1000a-rms\/","url":"https:\/\/abaa.mx\/tienda\/pq2071-amperimetro-de-gancho-3-fases-1000a-rms\/","name":"Pq2071 \u2014 amperimetro de gancho 3 fases, 1000a rms - Abaa tienda online","isPartOf":{"@id":"https:\/\/abaa.mx\/tienda\/#website"},"primaryImageOfPage":{"@id":"https:\/\/abaa.mx\/tienda\/pq2071-amperimetro-de-gancho-3-fases-1000a-rms\/#primaryimage"},"image":{"@id":"https:\/\/abaa.mx\/tienda\/pq2071-amperimetro-de-gancho-3-fases-1000a-rms\/#primaryimage"},"thumbnailUrl":"https:\/\/abaa.mx\/tienda\/wp-content\/uploads\/2024\/01\/EXTECH-PQ2071-1000A.jpg","datePublished":"2024-01-10T15:20:16+00:00","dateModified":"2024-01-10T15:20:17+00:00","breadcrumb":{"@id":"https:\/\/abaa.mx\/tienda\/pq2071-amperimetro-de-gancho-3-fases-1000a-rms\/#breadcrumb"},"inLanguage":"es","potentialAction":[{"@type":"ReadAction","target":["https:\/\/abaa.mx\/tienda\/pq2071-amperimetro-de-gancho-3-fases-1000a-rms\/"]}]},{"@type":"ImageObject","inLanguage":"es","@id":"https:\/\/abaa.mx\/tienda\/pq2071-amperimetro-de-gancho-3-fases-1000a-rms\/#primaryimage","url":"https:\/\/abaa.mx\/tienda\/wp-content\/uploads\/2024\/01\/EXTECH-PQ2071-1000A.jpg","contentUrl":"https:\/\/abaa.mx\/tienda\/wp-content\/uploads\/2024\/01\/EXTECH-PQ2071-1000A.jpg","width":337,"height":480,"caption":"EXTECH-PQ2071 1000A"},{"@type":"BreadcrumbList","@id":"https:\/\/abaa.mx\/tienda\/pq2071-amperimetro-de-gancho-3-fases-1000a-rms\/#breadcrumb","itemListElement":[{"@type":"ListItem","position":1,"name":"Inicio","item":"https:\/\/abaa.mx\/tienda\/"},{"@type":"ListItem","position":2,"name":"Tienda","item":"https:\/\/abaa.mx\/tienda\/"},{"@type":"ListItem","position":3,"name":"Pq2071 \u2014 amperimetro de gancho 3 fases, 1000a rms"}]},{"@type":"WebSite","@id":"https:\/\/abaa.mx\/tienda\/#website","url":"https:\/\/abaa.mx\/tienda\/","name":"Abaa tienda online","description":"Instrumentos de medici\u00f3n","publisher":{"@id":"https:\/\/abaa.mx\/tienda\/#organization"},"potentialAction":[{"@type":"SearchAction","target":{"@type":"EntryPoint","urlTemplate":"https:\/\/abaa.mx\/tienda\/?s={search_term_string}"},"query-input":{"@type":"PropertyValueSpecification","valueRequired":true,"valueName":"search_term_string"}}],"inLanguage":"es"},{"@type":"Organization","@id":"https:\/\/abaa.mx\/tienda\/#organization","name":"Abaa tienda online","url":"https:\/\/abaa.mx\/tienda\/","logo":{"@type":"ImageObject","inLanguage":"es","@id":"https:\/\/abaa.mx\/tienda\/#\/schema\/logo\/image\/","url":"https:\/\/abaa.mx\/tienda\/wp-content\/uploads\/2024\/01\/abaa-metrologia-tienda.png","contentUrl":"https:\/\/abaa.mx\/tienda\/wp-content\/uploads\/2024\/01\/abaa-metrologia-tienda.png","width":300,"height":141,"caption":"Abaa tienda online"},"image":{"@id":"https:\/\/abaa.mx\/tienda\/#\/schema\/logo\/image\/"}}]}},"_links":{"self":[{"href":"https:\/\/abaa.mx\/tienda\/wp-json\/wp\/v2\/product\/10170","targetHints":{"allow":["GET"]}}],"collection":[{"href":"https:\/\/abaa.mx\/tienda\/wp-json\/wp\/v2\/product"}],"about":[{"href":"https:\/\/abaa.mx\/tienda\/wp-json\/wp\/v2\/types\/product"}],"replies":[{"embeddable":true,"href":"https:\/\/abaa.mx\/tienda\/wp-json\/wp\/v2\/comments?post=10170"}],"wp:featuredmedia":[{"embeddable":true,"href":"https:\/\/abaa.mx\/tienda\/wp-json\/wp\/v2\/media\/10171"}],"wp:attachment":[{"href":"https:\/\/abaa.mx\/tienda\/wp-json\/wp\/v2\/media?parent=10170"}],"wp:term":[{"taxonomy":"product_brand","embeddable":true,"href":"https:\/\/abaa.mx\/tienda\/wp-json\/wp\/v2\/product_brand?post=10170"},{"taxonomy":"product_cat","embeddable":true,"href":"https:\/\/abaa.mx\/tienda\/wp-json\/wp\/v2\/product_cat?post=10170"},{"taxonomy":"product_tag","embeddable":true,"href":"https:\/\/abaa.mx\/tienda\/wp-json\/wp\/v2\/product_tag?post=10170"}],"curies":[{"name":"wp","href":"https:\/\/api.w.org\/{rel}","templated":true}]}}