{"id":10168,"date":"2024-01-10T15:33:19","date_gmt":"2024-01-10T15:33:19","guid":{"rendered":"https:\/\/abaa.mx\/tienda\/?post_type=product&#038;p=10168"},"modified":"2024-01-10T15:33:20","modified_gmt":"2024-01-10T15:33:20","slug":"38387-g-obsoleto-multiamperimetro-de-gancho-600a-ca-detector-de-pico-memoria-continuidad","status":"publish","type":"product","link":"https:\/\/abaa.mx\/tienda\/38387-g-obsoleto-multiamperimetro-de-gancho-600a-ca-detector-de-pico-memoria-continuidad\/","title":{"rendered":"38387-g &#8211; (obsoleto) multiamperimetro de gancho 600a, ca detector de pico, memoria, continuidad."},"content":{"rendered":"<p>38387-g &#8211; (obsoleto) multiamperimetro de gancho 600a, ca detector de pico, memoria, continuidad.<\/p>\n","protected":false},"excerpt":{"rendered":"<div data-canvas-width=\"185.21713000000005\"><strong>Caracter\u00edsticas<\/strong>:<\/div>\n<ul>\n<li data-canvas-width=\"185.21713000000005\">Quijadas transformadoras.<\/li>\n<li data-canvas-width=\"184.10175549019613\">Bot\u00f3n de retenci\u00f3n de datos.<\/li>\n<li data-canvas-width=\"193.63391764705884\">Bot\u00f3n para retenci\u00f3n de picos.<\/li>\n<li data-canvas-width=\"116.08842411764705\">Pantalla LCD.<\/li>\n<li data-canvas-width=\"198.11012392156866\">Terminal de alimentaci\u00f3n COM.<\/li>\n<li data-canvas-width=\"189.49845215686275\">Gatillo para abrir las quijadas.<\/li>\n<li data-canvas-width=\"201.72467274509805\">Conmutador selector de funci\u00f3n.<\/li>\n<li data-canvas-width=\"204.36112392156863\">Terminal de entrada de voltaje y resistencia.<\/li>\n<\/ul>\n<div data-canvas-width=\"154.56917647058822\">\n<div data-canvas-width=\"110.21125843137253\"><\/div>\n<\/div>\n","protected":false},"featured_media":10173,"comment_status":"open","ping_status":"closed","template":"","meta":{"_joinchat":[]},"product_brand":[],"product_cat":[15],"product_tag":[],"class_list":{"0":"post-10168","1":"product","2":"type-product","3":"status-publish","4":"has-post-thumbnail","6":"product_cat-sin-categorizar","8":"first","9":"instock","10":"shipping-taxable","11":"product-type-simple"},"yoast_head":"<!-- This site is optimized with the Yoast SEO plugin v26.4 - https:\/\/yoast.com\/wordpress\/plugins\/seo\/ -->\n<title>38387-g - (obsoleto) multiamperimetro de gancho 600a, ca detector de pico, memoria, continuidad. - Abaa tienda online<\/title>\n<meta name=\"robots\" content=\"index, follow, max-snippet:-1, max-image-preview:large, max-video-preview:-1\" \/>\n<link rel=\"canonical\" href=\"https:\/\/abaa.mx\/tienda\/38387-g-obsoleto-multiamperimetro-de-gancho-600a-ca-detector-de-pico-memoria-continuidad\/\" \/>\n<meta property=\"og:locale\" content=\"es_MX\" \/>\n<meta property=\"og:type\" content=\"article\" \/>\n<meta property=\"og:title\" content=\"38387-g - (obsoleto) multiamperimetro de gancho 600a, ca detector de pico, memoria, continuidad. - Abaa tienda online\" \/>\n<meta property=\"og:description\" content=\"Caracter\u00edsticas:   Quijadas transformadoras.  Bot\u00f3n de retenci\u00f3n de datos.  Bot\u00f3n para retenci\u00f3n de picos.  Pantalla LCD.  Terminal de alimentaci\u00f3n COM.  Gatillo para abrir las quijadas.  Conmutador selector de funci\u00f3n.  Terminal de entrada de voltaje y resistencia.\" \/>\n<meta property=\"og:url\" content=\"https:\/\/abaa.mx\/tienda\/38387-g-obsoleto-multiamperimetro-de-gancho-600a-ca-detector-de-pico-memoria-continuidad\/\" \/>\n<meta property=\"og:site_name\" content=\"Abaa tienda online\" \/>\n<meta property=\"article:modified_time\" content=\"2024-01-10T15:33:20+00:00\" \/>\n<meta property=\"og:image\" content=\"https:\/\/abaa.mx\/tienda\/wp-content\/uploads\/2024\/01\/38387-g-obsoleto.jpg\" \/>\n\t<meta property=\"og:image:width\" content=\"1024\" \/>\n\t<meta property=\"og:image:height\" content=\"768\" \/>\n\t<meta property=\"og:image:type\" content=\"image\/jpeg\" \/>\n<meta name=\"twitter:card\" content=\"summary_large_image\" \/>\n<meta name=\"twitter:label1\" content=\"Tiempo de lectura\" \/>\n\t<meta name=\"twitter:data1\" content=\"1 minuto\" \/>\n<script type=\"application\/ld+json\" class=\"yoast-schema-graph\">{\"@context\":\"https:\/\/schema.org\",\"@graph\":[{\"@type\":\"WebPage\",\"@id\":\"https:\/\/abaa.mx\/tienda\/38387-g-obsoleto-multiamperimetro-de-gancho-600a-ca-detector-de-pico-memoria-continuidad\/\",\"url\":\"https:\/\/abaa.mx\/tienda\/38387-g-obsoleto-multiamperimetro-de-gancho-600a-ca-detector-de-pico-memoria-continuidad\/\",\"name\":\"38387-g - (obsoleto) multiamperimetro de gancho 600a, ca detector de pico, memoria, continuidad. - Abaa tienda online\",\"isPartOf\":{\"@id\":\"https:\/\/abaa.mx\/tienda\/#website\"},\"primaryImageOfPage\":{\"@id\":\"https:\/\/abaa.mx\/tienda\/38387-g-obsoleto-multiamperimetro-de-gancho-600a-ca-detector-de-pico-memoria-continuidad\/#primaryimage\"},\"image\":{\"@id\":\"https:\/\/abaa.mx\/tienda\/38387-g-obsoleto-multiamperimetro-de-gancho-600a-ca-detector-de-pico-memoria-continuidad\/#primaryimage\"},\"thumbnailUrl\":\"https:\/\/abaa.mx\/tienda\/wp-content\/uploads\/2024\/01\/38387-g-obsoleto.jpg\",\"datePublished\":\"2024-01-10T15:33:19+00:00\",\"dateModified\":\"2024-01-10T15:33:20+00:00\",\"breadcrumb\":{\"@id\":\"https:\/\/abaa.mx\/tienda\/38387-g-obsoleto-multiamperimetro-de-gancho-600a-ca-detector-de-pico-memoria-continuidad\/#breadcrumb\"},\"inLanguage\":\"es\",\"potentialAction\":[{\"@type\":\"ReadAction\",\"target\":[\"https:\/\/abaa.mx\/tienda\/38387-g-obsoleto-multiamperimetro-de-gancho-600a-ca-detector-de-pico-memoria-continuidad\/\"]}]},{\"@type\":\"ImageObject\",\"inLanguage\":\"es\",\"@id\":\"https:\/\/abaa.mx\/tienda\/38387-g-obsoleto-multiamperimetro-de-gancho-600a-ca-detector-de-pico-memoria-continuidad\/#primaryimage\",\"url\":\"https:\/\/abaa.mx\/tienda\/wp-content\/uploads\/2024\/01\/38387-g-obsoleto.jpg\",\"contentUrl\":\"https:\/\/abaa.mx\/tienda\/wp-content\/uploads\/2024\/01\/38387-g-obsoleto.jpg\",\"width\":1024,\"height\":768,\"caption\":\"38387-g - (obsoleto)\"},{\"@type\":\"BreadcrumbList\",\"@id\":\"https:\/\/abaa.mx\/tienda\/38387-g-obsoleto-multiamperimetro-de-gancho-600a-ca-detector-de-pico-memoria-continuidad\/#breadcrumb\",\"itemListElement\":[{\"@type\":\"ListItem\",\"position\":1,\"name\":\"Inicio\",\"item\":\"https:\/\/abaa.mx\/tienda\/\"},{\"@type\":\"ListItem\",\"position\":2,\"name\":\"Tienda\",\"item\":\"https:\/\/abaa.mx\/tienda\/\"},{\"@type\":\"ListItem\",\"position\":3,\"name\":\"38387-g &#8211; (obsoleto) multiamperimetro de gancho 600a, ca detector de pico, memoria, continuidad.\"}]},{\"@type\":\"WebSite\",\"@id\":\"https:\/\/abaa.mx\/tienda\/#website\",\"url\":\"https:\/\/abaa.mx\/tienda\/\",\"name\":\"Abaa tienda online\",\"description\":\"Instrumentos de medici\u00f3n\",\"publisher\":{\"@id\":\"https:\/\/abaa.mx\/tienda\/#organization\"},\"potentialAction\":[{\"@type\":\"SearchAction\",\"target\":{\"@type\":\"EntryPoint\",\"urlTemplate\":\"https:\/\/abaa.mx\/tienda\/?s={search_term_string}\"},\"query-input\":{\"@type\":\"PropertyValueSpecification\",\"valueRequired\":true,\"valueName\":\"search_term_string\"}}],\"inLanguage\":\"es\"},{\"@type\":\"Organization\",\"@id\":\"https:\/\/abaa.mx\/tienda\/#organization\",\"name\":\"Abaa tienda online\",\"url\":\"https:\/\/abaa.mx\/tienda\/\",\"logo\":{\"@type\":\"ImageObject\",\"inLanguage\":\"es\",\"@id\":\"https:\/\/abaa.mx\/tienda\/#\/schema\/logo\/image\/\",\"url\":\"https:\/\/abaa.mx\/tienda\/wp-content\/uploads\/2024\/01\/abaa-metrologia-tienda.png\",\"contentUrl\":\"https:\/\/abaa.mx\/tienda\/wp-content\/uploads\/2024\/01\/abaa-metrologia-tienda.png\",\"width\":300,\"height\":141,\"caption\":\"Abaa tienda online\"},\"image\":{\"@id\":\"https:\/\/abaa.mx\/tienda\/#\/schema\/logo\/image\/\"}}]}<\/script>\n<!-- \/ Yoast SEO plugin. -->","yoast_head_json":{"title":"38387-g - (obsoleto) multiamperimetro de gancho 600a, ca detector de pico, memoria, continuidad. - Abaa tienda online","robots":{"index":"index","follow":"follow","max-snippet":"max-snippet:-1","max-image-preview":"max-image-preview:large","max-video-preview":"max-video-preview:-1"},"canonical":"https:\/\/abaa.mx\/tienda\/38387-g-obsoleto-multiamperimetro-de-gancho-600a-ca-detector-de-pico-memoria-continuidad\/","og_locale":"es_MX","og_type":"article","og_title":"38387-g - (obsoleto) multiamperimetro de gancho 600a, ca detector de pico, memoria, continuidad. - Abaa tienda online","og_description":"Caracter\u00edsticas:   Quijadas transformadoras.  Bot\u00f3n de retenci\u00f3n de datos.  Bot\u00f3n para retenci\u00f3n de picos.  Pantalla LCD.  Terminal de alimentaci\u00f3n COM.  Gatillo para abrir las quijadas.  Conmutador selector de funci\u00f3n.  Terminal de entrada de voltaje y resistencia.","og_url":"https:\/\/abaa.mx\/tienda\/38387-g-obsoleto-multiamperimetro-de-gancho-600a-ca-detector-de-pico-memoria-continuidad\/","og_site_name":"Abaa tienda online","article_modified_time":"2024-01-10T15:33:20+00:00","og_image":[{"width":1024,"height":768,"url":"https:\/\/abaa.mx\/tienda\/wp-content\/uploads\/2024\/01\/38387-g-obsoleto.jpg","type":"image\/jpeg"}],"twitter_card":"summary_large_image","twitter_misc":{"Tiempo de lectura":"1 minuto"},"schema":{"@context":"https:\/\/schema.org","@graph":[{"@type":"WebPage","@id":"https:\/\/abaa.mx\/tienda\/38387-g-obsoleto-multiamperimetro-de-gancho-600a-ca-detector-de-pico-memoria-continuidad\/","url":"https:\/\/abaa.mx\/tienda\/38387-g-obsoleto-multiamperimetro-de-gancho-600a-ca-detector-de-pico-memoria-continuidad\/","name":"38387-g - (obsoleto) multiamperimetro de gancho 600a, ca detector de pico, memoria, continuidad. - Abaa tienda online","isPartOf":{"@id":"https:\/\/abaa.mx\/tienda\/#website"},"primaryImageOfPage":{"@id":"https:\/\/abaa.mx\/tienda\/38387-g-obsoleto-multiamperimetro-de-gancho-600a-ca-detector-de-pico-memoria-continuidad\/#primaryimage"},"image":{"@id":"https:\/\/abaa.mx\/tienda\/38387-g-obsoleto-multiamperimetro-de-gancho-600a-ca-detector-de-pico-memoria-continuidad\/#primaryimage"},"thumbnailUrl":"https:\/\/abaa.mx\/tienda\/wp-content\/uploads\/2024\/01\/38387-g-obsoleto.jpg","datePublished":"2024-01-10T15:33:19+00:00","dateModified":"2024-01-10T15:33:20+00:00","breadcrumb":{"@id":"https:\/\/abaa.mx\/tienda\/38387-g-obsoleto-multiamperimetro-de-gancho-600a-ca-detector-de-pico-memoria-continuidad\/#breadcrumb"},"inLanguage":"es","potentialAction":[{"@type":"ReadAction","target":["https:\/\/abaa.mx\/tienda\/38387-g-obsoleto-multiamperimetro-de-gancho-600a-ca-detector-de-pico-memoria-continuidad\/"]}]},{"@type":"ImageObject","inLanguage":"es","@id":"https:\/\/abaa.mx\/tienda\/38387-g-obsoleto-multiamperimetro-de-gancho-600a-ca-detector-de-pico-memoria-continuidad\/#primaryimage","url":"https:\/\/abaa.mx\/tienda\/wp-content\/uploads\/2024\/01\/38387-g-obsoleto.jpg","contentUrl":"https:\/\/abaa.mx\/tienda\/wp-content\/uploads\/2024\/01\/38387-g-obsoleto.jpg","width":1024,"height":768,"caption":"38387-g - (obsoleto)"},{"@type":"BreadcrumbList","@id":"https:\/\/abaa.mx\/tienda\/38387-g-obsoleto-multiamperimetro-de-gancho-600a-ca-detector-de-pico-memoria-continuidad\/#breadcrumb","itemListElement":[{"@type":"ListItem","position":1,"name":"Inicio","item":"https:\/\/abaa.mx\/tienda\/"},{"@type":"ListItem","position":2,"name":"Tienda","item":"https:\/\/abaa.mx\/tienda\/"},{"@type":"ListItem","position":3,"name":"38387-g &#8211; (obsoleto) multiamperimetro de gancho 600a, ca detector de pico, memoria, continuidad."}]},{"@type":"WebSite","@id":"https:\/\/abaa.mx\/tienda\/#website","url":"https:\/\/abaa.mx\/tienda\/","name":"Abaa tienda online","description":"Instrumentos de medici\u00f3n","publisher":{"@id":"https:\/\/abaa.mx\/tienda\/#organization"},"potentialAction":[{"@type":"SearchAction","target":{"@type":"EntryPoint","urlTemplate":"https:\/\/abaa.mx\/tienda\/?s={search_term_string}"},"query-input":{"@type":"PropertyValueSpecification","valueRequired":true,"valueName":"search_term_string"}}],"inLanguage":"es"},{"@type":"Organization","@id":"https:\/\/abaa.mx\/tienda\/#organization","name":"Abaa tienda online","url":"https:\/\/abaa.mx\/tienda\/","logo":{"@type":"ImageObject","inLanguage":"es","@id":"https:\/\/abaa.mx\/tienda\/#\/schema\/logo\/image\/","url":"https:\/\/abaa.mx\/tienda\/wp-content\/uploads\/2024\/01\/abaa-metrologia-tienda.png","contentUrl":"https:\/\/abaa.mx\/tienda\/wp-content\/uploads\/2024\/01\/abaa-metrologia-tienda.png","width":300,"height":141,"caption":"Abaa tienda online"},"image":{"@id":"https:\/\/abaa.mx\/tienda\/#\/schema\/logo\/image\/"}}]}},"_links":{"self":[{"href":"https:\/\/abaa.mx\/tienda\/wp-json\/wp\/v2\/product\/10168","targetHints":{"allow":["GET"]}}],"collection":[{"href":"https:\/\/abaa.mx\/tienda\/wp-json\/wp\/v2\/product"}],"about":[{"href":"https:\/\/abaa.mx\/tienda\/wp-json\/wp\/v2\/types\/product"}],"replies":[{"embeddable":true,"href":"https:\/\/abaa.mx\/tienda\/wp-json\/wp\/v2\/comments?post=10168"}],"wp:featuredmedia":[{"embeddable":true,"href":"https:\/\/abaa.mx\/tienda\/wp-json\/wp\/v2\/media\/10173"}],"wp:attachment":[{"href":"https:\/\/abaa.mx\/tienda\/wp-json\/wp\/v2\/media?parent=10168"}],"wp:term":[{"taxonomy":"product_brand","embeddable":true,"href":"https:\/\/abaa.mx\/tienda\/wp-json\/wp\/v2\/product_brand?post=10168"},{"taxonomy":"product_cat","embeddable":true,"href":"https:\/\/abaa.mx\/tienda\/wp-json\/wp\/v2\/product_cat?post=10168"},{"taxonomy":"product_tag","embeddable":true,"href":"https:\/\/abaa.mx\/tienda\/wp-json\/wp\/v2\/product_tag?post=10168"}],"curies":[{"name":"wp","href":"https:\/\/api.w.org\/{rel}","templated":true}]}}