{"id":10165,"date":"2024-01-09T20:51:42","date_gmt":"2024-01-09T20:51:42","guid":{"rendered":"https:\/\/abaa.mx\/tienda\/?post_type=product&#038;p=10165"},"modified":"2024-01-09T20:51:43","modified_gmt":"2024-01-09T20:51:43","slug":"mt4w-aa-40-amperimetro-de-panel-4digital-salida-4-20ma-triple-salida","status":"publish","type":"product","link":"https:\/\/abaa.mx\/tienda\/mt4w-aa-40-amperimetro-de-panel-4digital-salida-4-20ma-triple-salida\/","title":{"rendered":"Mt4w-aa-40 \u2014 amperimetro de panel 4digital salida 4-20ma triple salida"},"content":{"rendered":"<p>&nbsp;<\/p>\n<table class=\"table table-m-row1\" style=\"height: 1298px;\" width=\"619\">\n<tbody>\n<tr>\n<th class=\"col-3 bg4\" scope=\"row\">M\u00e9todo de visualizaci\u00f3n<\/th>\n<td class=\"col-9\">4 d\u00edgitos 7 segmentos LED<\/td>\n<\/tr>\n<tr>\n<th class=\"col-3 bg4\" scope=\"row\">Altura del car\u00e1cter<\/th>\n<td class=\"col-9\">14.2mm<\/td>\n<\/tr>\n<tr>\n<th class=\"col-3 bg4\" scope=\"row\">M\u00e1x. rango del display<\/th>\n<td class=\"col-9\">De -1999 a 9999<\/td>\n<\/tr>\n<tr>\n<th class=\"col-3 bg4\" scope=\"row\">Medici\u00f3n<\/th>\n<td class=\"col-9\">Corriente AC, Frecuencia<\/td>\n<\/tr>\n<tr>\n<th class=\"col-3 bg4\" scope=\"row\">Tipo de entrada<\/th>\n<td class=\"col-9\">0-5A, 0-2.5A, 0-1A, 0-500mA, 0-250mA, 0-100mA, 0-50mA<\/td>\n<\/tr>\n<tr>\n<th class=\"col-3 bg4\" scope=\"row\">Medici\u00f3n CA<\/th>\n<td class=\"col-9\">Valor promedio (AVG), Valor cuadr\u00e1tico medio(RMS)<\/td>\n<\/tr>\n<tr>\n<th class=\"col-3 bg4\" scope=\"row\">Fuente de alimentaci\u00f3n<\/th>\n<td class=\"col-9\">100-240VCA~50\/60Hz<\/td>\n<\/tr>\n<tr>\n<th class=\"col-3 bg4\" scope=\"row\">Salida principal (Valor comparativo)<\/th>\n<td class=\"col-9\">Relevador(HI, GO, LO)<\/td>\n<\/tr>\n<tr>\n<th class=\"col-3 bg4\" scope=\"row\">Salida alterna (Valor del display)<\/th>\n<td class=\"col-9\">Transmisi\u00f3n PV(DC4-20mA)<\/td>\n<\/tr>\n<tr>\n<th class=\"col-3 bg4\" scope=\"row\">Precisi\u00f3n del display<\/th>\n<td class=\"col-9\">\u2022 23 \u2103 \u00b1 5 \u2103 &#8211; F.S. \u00b1 0.3% rdg \u00b1 3 d\u00edgitos<br \/>\nF.S. + 0.3% rdg \u00b1 3 d\u00edgitos m\u00e1x. solo para la terminal 5A.<br \/>\n\u2022 -10 \u2103 a 50 \u2103 &#8211; F.S. \u00b1 0,5% rdg \u00b1 3 d\u00edgitos \u2026<\/td>\n<\/tr>\n<tr>\n<th class=\"col-3 bg4\" scope=\"row\">M\u00e1x. entrada disponible<\/th>\n<td class=\"col-9\">110% F.S: para cada medici\u00f3n de entrada nominal<\/td>\n<\/tr>\n<tr>\n<th class=\"col-3 bg4\" scope=\"row\">M\u00e9todo de conversi\u00f3n A\/D<\/th>\n<td class=\"col-9\">\u03a3\u0394 (Sigma Delta) ADC<\/td>\n<\/tr>\n<tr>\n<th class=\"col-3 bg4\" scope=\"row\">Ciclo de muestreo<\/th>\n<td class=\"col-9\">16.6ms<\/td>\n<\/tr>\n<tr>\n<th class=\"col-3 bg4\" scope=\"row\">Medici\u00f3n de frecuencia<\/th>\n<td class=\"col-9\">Rango de medici\u00f3n: 0.100 a 9999Hz (variable por posici\u00f3n de punto decimal)<\/td>\n<\/tr>\n<tr>\n<th class=\"col-3 bg4\" scope=\"row\">Funci\u00f3n mantenida<\/th>\n<td class=\"col-9\">Incluye(funci\u00f3n de retenci\u00f3n externa)<\/td>\n<\/tr>\n<tr>\n<th class=\"col-3 bg4\" scope=\"row\">Temperatura del entorno ambiental<\/th>\n<td class=\"col-9\">De -10 a 50\u00b0C, almacenamiento: de -20 a 60\u00b0C<\/td>\n<\/tr>\n<tr>\n<th class=\"col-3 bg4\" scope=\"row\">Ambiente de la humedad ambiente<\/th>\n<td class=\"col-9\">35 a 85%RH, almacenamiento : 35 a 85%RH<\/td>\n<\/tr>\n<tr>\n<th class=\"col-3 bg4\" scope=\"row\">Tipo de aislamiento<\/th>\n<td class=\"col-9\">Doble aislamiento o aislamiento reforzado (marca: , resistencia diel\u00e9ctrica entre la parte de entrada de medici\u00f3n y la parte de potencia: 1 kV)<\/td>\n<\/tr>\n<tr>\n<th class=\"col-3 bg4\" scope=\"row\">Peso<\/th>\n<td class=\"col-9\">326g aprox.(211g aprox.)<\/td>\n<\/tr>\n<\/tbody>\n<\/table>\n","protected":false},"excerpt":{"rendered":"<p><strong>Caracter\u00edsticas:<\/strong><\/p>\n<ul>\n<li>Rango de visualizaci\u00f3n: -1999 a 9999.<\/li>\n<li>Funci\u00f3n de escala de visualizaci\u00f3n de l\u00edmite alto\/bajo.<\/li>\n<li>Medici\u00f3n de frecuencia de CA (rango: 0,1 a 9999 Hz).<\/li>\n<li>Ajuste de punto cero.<\/li>\n<\/ul>\n<p><span style=\"font-size: 11.0pt; font-family: 'Open Sans',sans-serif; color: #212529;\">Los medidores de panel digital compactos de la serie MT4W est\u00e1n disponibles en varias opciones de entrada y salida, lo que permite una aplicaci\u00f3n flexible en diversos entornos. Las unidades pueden mostrar valores medidos entre -1999 y 9999, y cuentan con varias funciones f\u00e1ciles de usar, incluida la escala de visualizaci\u00f3n de l\u00edmite alto\/bajo, la medici\u00f3n de frecuencia de CA, el ajuste de punto cero y la funci\u00f3n de escala de salida de transmisi\u00f3n fotovoltaica. Los medidores de la serie MT4W tienen un tama\u00f1o DIN W 72 x H 36 mm.<\/span><\/p>\n<p>&nbsp;<\/p>\n","protected":false},"featured_media":10166,"comment_status":"open","ping_status":"closed","template":"","meta":{"_joinchat":[]},"product_brand":[],"product_cat":[15],"product_tag":[],"class_list":{"0":"post-10165","1":"product","2":"type-product","3":"status-publish","4":"has-post-thumbnail","6":"product_cat-sin-categorizar","8":"first","9":"instock","10":"shipping-taxable","11":"product-type-simple"},"yoast_head":"<!-- This site is optimized with the Yoast SEO plugin v26.4 - https:\/\/yoast.com\/wordpress\/plugins\/seo\/ -->\n<title>Mt4w-aa-40 \u2014 amperimetro de panel 4digital salida 4-20ma triple salida - Abaa tienda online<\/title>\n<meta name=\"robots\" content=\"index, follow, max-snippet:-1, max-image-preview:large, max-video-preview:-1\" \/>\n<link rel=\"canonical\" href=\"https:\/\/abaa.mx\/tienda\/mt4w-aa-40-amperimetro-de-panel-4digital-salida-4-20ma-triple-salida\/\" \/>\n<meta property=\"og:locale\" content=\"es_MX\" \/>\n<meta property=\"og:type\" content=\"article\" \/>\n<meta property=\"og:title\" content=\"Mt4w-aa-40 \u2014 amperimetro de panel 4digital salida 4-20ma triple salida - Abaa tienda online\" \/>\n<meta property=\"og:description\" content=\"Caracter\u00edsticas:   Rango de visualizaci\u00f3n: -1999 a 9999.  Funci\u00f3n de escala de visualizaci\u00f3n de l\u00edmite alto\/bajo.  Medici\u00f3n de frecuencia de CA (rango: 0,1 a 9999 Hz).  Ajuste de punto cero.  Los medidores de panel digital compactos de la serie MT4W est\u00e1n disponibles en varias opciones de entrada y salida, lo que permite una aplicaci\u00f3n flexible en diversos entornos. Las unidades pueden mostrar valores medidos entre -1999 y 9999, y cuentan con varias funciones f\u00e1ciles de usar, incluida la escala de visualizaci\u00f3n de l\u00edmite alto\/bajo, la medici\u00f3n de frecuencia de CA, el ajuste de punto cero y la funci\u00f3n de escala de salida de transmisi\u00f3n fotovoltaica. Los medidores de la serie MT4W tienen un tama\u00f1o DIN W 72 x H 36 mm.  &nbsp;\" \/>\n<meta property=\"og:url\" content=\"https:\/\/abaa.mx\/tienda\/mt4w-aa-40-amperimetro-de-panel-4digital-salida-4-20ma-triple-salida\/\" \/>\n<meta property=\"og:site_name\" content=\"Abaa tienda online\" \/>\n<meta property=\"article:modified_time\" content=\"2024-01-09T20:51:43+00:00\" \/>\n<meta property=\"og:image\" content=\"https:\/\/abaa.mx\/tienda\/wp-content\/uploads\/2024\/01\/AMPERIMETRO-MT4W-AA-40-4-20MA.jpg\" \/>\n\t<meta property=\"og:image:width\" content=\"544\" \/>\n\t<meta property=\"og:image:height\" content=\"373\" \/>\n\t<meta property=\"og:image:type\" content=\"image\/jpeg\" \/>\n<meta name=\"twitter:card\" content=\"summary_large_image\" \/>\n<meta name=\"twitter:label1\" content=\"Tiempo de lectura\" \/>\n\t<meta name=\"twitter:data1\" content=\"1 minuto\" \/>\n<script type=\"application\/ld+json\" class=\"yoast-schema-graph\">{\"@context\":\"https:\/\/schema.org\",\"@graph\":[{\"@type\":\"WebPage\",\"@id\":\"https:\/\/abaa.mx\/tienda\/mt4w-aa-40-amperimetro-de-panel-4digital-salida-4-20ma-triple-salida\/\",\"url\":\"https:\/\/abaa.mx\/tienda\/mt4w-aa-40-amperimetro-de-panel-4digital-salida-4-20ma-triple-salida\/\",\"name\":\"Mt4w-aa-40 \u2014 amperimetro de panel 4digital salida 4-20ma triple salida - Abaa tienda online\",\"isPartOf\":{\"@id\":\"https:\/\/abaa.mx\/tienda\/#website\"},\"primaryImageOfPage\":{\"@id\":\"https:\/\/abaa.mx\/tienda\/mt4w-aa-40-amperimetro-de-panel-4digital-salida-4-20ma-triple-salida\/#primaryimage\"},\"image\":{\"@id\":\"https:\/\/abaa.mx\/tienda\/mt4w-aa-40-amperimetro-de-panel-4digital-salida-4-20ma-triple-salida\/#primaryimage\"},\"thumbnailUrl\":\"https:\/\/abaa.mx\/tienda\/wp-content\/uploads\/2024\/01\/AMPERIMETRO-MT4W-AA-40-4-20MA.jpg\",\"datePublished\":\"2024-01-09T20:51:42+00:00\",\"dateModified\":\"2024-01-09T20:51:43+00:00\",\"breadcrumb\":{\"@id\":\"https:\/\/abaa.mx\/tienda\/mt4w-aa-40-amperimetro-de-panel-4digital-salida-4-20ma-triple-salida\/#breadcrumb\"},\"inLanguage\":\"es\",\"potentialAction\":[{\"@type\":\"ReadAction\",\"target\":[\"https:\/\/abaa.mx\/tienda\/mt4w-aa-40-amperimetro-de-panel-4digital-salida-4-20ma-triple-salida\/\"]}]},{\"@type\":\"ImageObject\",\"inLanguage\":\"es\",\"@id\":\"https:\/\/abaa.mx\/tienda\/mt4w-aa-40-amperimetro-de-panel-4digital-salida-4-20ma-triple-salida\/#primaryimage\",\"url\":\"https:\/\/abaa.mx\/tienda\/wp-content\/uploads\/2024\/01\/AMPERIMETRO-MT4W-AA-40-4-20MA.jpg\",\"contentUrl\":\"https:\/\/abaa.mx\/tienda\/wp-content\/uploads\/2024\/01\/AMPERIMETRO-MT4W-AA-40-4-20MA.jpg\",\"width\":544,\"height\":373,\"caption\":\"AMPERIMETRO-MT4W-AA-40-4-20MA\"},{\"@type\":\"BreadcrumbList\",\"@id\":\"https:\/\/abaa.mx\/tienda\/mt4w-aa-40-amperimetro-de-panel-4digital-salida-4-20ma-triple-salida\/#breadcrumb\",\"itemListElement\":[{\"@type\":\"ListItem\",\"position\":1,\"name\":\"Inicio\",\"item\":\"https:\/\/abaa.mx\/tienda\/\"},{\"@type\":\"ListItem\",\"position\":2,\"name\":\"Tienda\",\"item\":\"https:\/\/abaa.mx\/tienda\/\"},{\"@type\":\"ListItem\",\"position\":3,\"name\":\"Mt4w-aa-40 \u2014 amperimetro de panel 4digital salida 4-20ma triple salida\"}]},{\"@type\":\"WebSite\",\"@id\":\"https:\/\/abaa.mx\/tienda\/#website\",\"url\":\"https:\/\/abaa.mx\/tienda\/\",\"name\":\"Abaa tienda online\",\"description\":\"Instrumentos de medici\u00f3n\",\"publisher\":{\"@id\":\"https:\/\/abaa.mx\/tienda\/#organization\"},\"potentialAction\":[{\"@type\":\"SearchAction\",\"target\":{\"@type\":\"EntryPoint\",\"urlTemplate\":\"https:\/\/abaa.mx\/tienda\/?s={search_term_string}\"},\"query-input\":{\"@type\":\"PropertyValueSpecification\",\"valueRequired\":true,\"valueName\":\"search_term_string\"}}],\"inLanguage\":\"es\"},{\"@type\":\"Organization\",\"@id\":\"https:\/\/abaa.mx\/tienda\/#organization\",\"name\":\"Abaa tienda online\",\"url\":\"https:\/\/abaa.mx\/tienda\/\",\"logo\":{\"@type\":\"ImageObject\",\"inLanguage\":\"es\",\"@id\":\"https:\/\/abaa.mx\/tienda\/#\/schema\/logo\/image\/\",\"url\":\"https:\/\/abaa.mx\/tienda\/wp-content\/uploads\/2024\/01\/abaa-metrologia-tienda.png\",\"contentUrl\":\"https:\/\/abaa.mx\/tienda\/wp-content\/uploads\/2024\/01\/abaa-metrologia-tienda.png\",\"width\":300,\"height\":141,\"caption\":\"Abaa tienda online\"},\"image\":{\"@id\":\"https:\/\/abaa.mx\/tienda\/#\/schema\/logo\/image\/\"}}]}<\/script>\n<!-- \/ Yoast SEO plugin. -->","yoast_head_json":{"title":"Mt4w-aa-40 \u2014 amperimetro de panel 4digital salida 4-20ma triple salida - Abaa tienda online","robots":{"index":"index","follow":"follow","max-snippet":"max-snippet:-1","max-image-preview":"max-image-preview:large","max-video-preview":"max-video-preview:-1"},"canonical":"https:\/\/abaa.mx\/tienda\/mt4w-aa-40-amperimetro-de-panel-4digital-salida-4-20ma-triple-salida\/","og_locale":"es_MX","og_type":"article","og_title":"Mt4w-aa-40 \u2014 amperimetro de panel 4digital salida 4-20ma triple salida - Abaa tienda online","og_description":"Caracter\u00edsticas:   Rango de visualizaci\u00f3n: -1999 a 9999.  Funci\u00f3n de escala de visualizaci\u00f3n de l\u00edmite alto\/bajo.  Medici\u00f3n de frecuencia de CA (rango: 0,1 a 9999 Hz).  Ajuste de punto cero.  Los medidores de panel digital compactos de la serie MT4W est\u00e1n disponibles en varias opciones de entrada y salida, lo que permite una aplicaci\u00f3n flexible en diversos entornos. Las unidades pueden mostrar valores medidos entre -1999 y 9999, y cuentan con varias funciones f\u00e1ciles de usar, incluida la escala de visualizaci\u00f3n de l\u00edmite alto\/bajo, la medici\u00f3n de frecuencia de CA, el ajuste de punto cero y la funci\u00f3n de escala de salida de transmisi\u00f3n fotovoltaica. Los medidores de la serie MT4W tienen un tama\u00f1o DIN W 72 x H 36 mm.  &nbsp;","og_url":"https:\/\/abaa.mx\/tienda\/mt4w-aa-40-amperimetro-de-panel-4digital-salida-4-20ma-triple-salida\/","og_site_name":"Abaa tienda online","article_modified_time":"2024-01-09T20:51:43+00:00","og_image":[{"width":544,"height":373,"url":"https:\/\/abaa.mx\/tienda\/wp-content\/uploads\/2024\/01\/AMPERIMETRO-MT4W-AA-40-4-20MA.jpg","type":"image\/jpeg"}],"twitter_card":"summary_large_image","twitter_misc":{"Tiempo de lectura":"1 minuto"},"schema":{"@context":"https:\/\/schema.org","@graph":[{"@type":"WebPage","@id":"https:\/\/abaa.mx\/tienda\/mt4w-aa-40-amperimetro-de-panel-4digital-salida-4-20ma-triple-salida\/","url":"https:\/\/abaa.mx\/tienda\/mt4w-aa-40-amperimetro-de-panel-4digital-salida-4-20ma-triple-salida\/","name":"Mt4w-aa-40 \u2014 amperimetro de panel 4digital salida 4-20ma triple salida - Abaa tienda online","isPartOf":{"@id":"https:\/\/abaa.mx\/tienda\/#website"},"primaryImageOfPage":{"@id":"https:\/\/abaa.mx\/tienda\/mt4w-aa-40-amperimetro-de-panel-4digital-salida-4-20ma-triple-salida\/#primaryimage"},"image":{"@id":"https:\/\/abaa.mx\/tienda\/mt4w-aa-40-amperimetro-de-panel-4digital-salida-4-20ma-triple-salida\/#primaryimage"},"thumbnailUrl":"https:\/\/abaa.mx\/tienda\/wp-content\/uploads\/2024\/01\/AMPERIMETRO-MT4W-AA-40-4-20MA.jpg","datePublished":"2024-01-09T20:51:42+00:00","dateModified":"2024-01-09T20:51:43+00:00","breadcrumb":{"@id":"https:\/\/abaa.mx\/tienda\/mt4w-aa-40-amperimetro-de-panel-4digital-salida-4-20ma-triple-salida\/#breadcrumb"},"inLanguage":"es","potentialAction":[{"@type":"ReadAction","target":["https:\/\/abaa.mx\/tienda\/mt4w-aa-40-amperimetro-de-panel-4digital-salida-4-20ma-triple-salida\/"]}]},{"@type":"ImageObject","inLanguage":"es","@id":"https:\/\/abaa.mx\/tienda\/mt4w-aa-40-amperimetro-de-panel-4digital-salida-4-20ma-triple-salida\/#primaryimage","url":"https:\/\/abaa.mx\/tienda\/wp-content\/uploads\/2024\/01\/AMPERIMETRO-MT4W-AA-40-4-20MA.jpg","contentUrl":"https:\/\/abaa.mx\/tienda\/wp-content\/uploads\/2024\/01\/AMPERIMETRO-MT4W-AA-40-4-20MA.jpg","width":544,"height":373,"caption":"AMPERIMETRO-MT4W-AA-40-4-20MA"},{"@type":"BreadcrumbList","@id":"https:\/\/abaa.mx\/tienda\/mt4w-aa-40-amperimetro-de-panel-4digital-salida-4-20ma-triple-salida\/#breadcrumb","itemListElement":[{"@type":"ListItem","position":1,"name":"Inicio","item":"https:\/\/abaa.mx\/tienda\/"},{"@type":"ListItem","position":2,"name":"Tienda","item":"https:\/\/abaa.mx\/tienda\/"},{"@type":"ListItem","position":3,"name":"Mt4w-aa-40 \u2014 amperimetro de panel 4digital salida 4-20ma triple salida"}]},{"@type":"WebSite","@id":"https:\/\/abaa.mx\/tienda\/#website","url":"https:\/\/abaa.mx\/tienda\/","name":"Abaa tienda online","description":"Instrumentos de medici\u00f3n","publisher":{"@id":"https:\/\/abaa.mx\/tienda\/#organization"},"potentialAction":[{"@type":"SearchAction","target":{"@type":"EntryPoint","urlTemplate":"https:\/\/abaa.mx\/tienda\/?s={search_term_string}"},"query-input":{"@type":"PropertyValueSpecification","valueRequired":true,"valueName":"search_term_string"}}],"inLanguage":"es"},{"@type":"Organization","@id":"https:\/\/abaa.mx\/tienda\/#organization","name":"Abaa tienda online","url":"https:\/\/abaa.mx\/tienda\/","logo":{"@type":"ImageObject","inLanguage":"es","@id":"https:\/\/abaa.mx\/tienda\/#\/schema\/logo\/image\/","url":"https:\/\/abaa.mx\/tienda\/wp-content\/uploads\/2024\/01\/abaa-metrologia-tienda.png","contentUrl":"https:\/\/abaa.mx\/tienda\/wp-content\/uploads\/2024\/01\/abaa-metrologia-tienda.png","width":300,"height":141,"caption":"Abaa tienda online"},"image":{"@id":"https:\/\/abaa.mx\/tienda\/#\/schema\/logo\/image\/"}}]}},"_links":{"self":[{"href":"https:\/\/abaa.mx\/tienda\/wp-json\/wp\/v2\/product\/10165","targetHints":{"allow":["GET"]}}],"collection":[{"href":"https:\/\/abaa.mx\/tienda\/wp-json\/wp\/v2\/product"}],"about":[{"href":"https:\/\/abaa.mx\/tienda\/wp-json\/wp\/v2\/types\/product"}],"replies":[{"embeddable":true,"href":"https:\/\/abaa.mx\/tienda\/wp-json\/wp\/v2\/comments?post=10165"}],"wp:featuredmedia":[{"embeddable":true,"href":"https:\/\/abaa.mx\/tienda\/wp-json\/wp\/v2\/media\/10166"}],"wp:attachment":[{"href":"https:\/\/abaa.mx\/tienda\/wp-json\/wp\/v2\/media?parent=10165"}],"wp:term":[{"taxonomy":"product_brand","embeddable":true,"href":"https:\/\/abaa.mx\/tienda\/wp-json\/wp\/v2\/product_brand?post=10165"},{"taxonomy":"product_cat","embeddable":true,"href":"https:\/\/abaa.mx\/tienda\/wp-json\/wp\/v2\/product_cat?post=10165"},{"taxonomy":"product_tag","embeddable":true,"href":"https:\/\/abaa.mx\/tienda\/wp-json\/wp\/v2\/product_tag?post=10165"}],"curies":[{"name":"wp","href":"https:\/\/api.w.org\/{rel}","templated":true}]}}