{"id":10156,"date":"2024-01-09T19:26:03","date_gmt":"2024-01-09T19:26:03","guid":{"rendered":"https:\/\/abaa.mx\/tienda\/?post_type=product&#038;p=10156"},"modified":"2024-01-09T19:28:03","modified_gmt":"2024-01-09T19:28:03","slug":"ma302-240-amperimetro-digital-240vca-50-60hz","status":"publish","type":"product","link":"https:\/\/abaa.mx\/tienda\/ma302-240-amperimetro-digital-240vca-50-60hz\/","title":{"rendered":"Ma302-240 &#8211; Amperimetro digital 240vca 50-60hz"},"content":{"rendered":"<p>ma302-240 &#8211; Amperimetro digital 240vca 50-60hz.<\/p>\n","protected":false},"excerpt":{"rendered":"<p><strong>Caracter\u00edsticas:<\/strong><\/p>\n<table id=\"item_detail\" style=\"height: 745px;\" width=\"714\">\n<tbody>\n<tr>\n<th colspan=\"2\">MA302<\/th>\n<\/tr>\n<tr>\n<td>Entrada<\/td>\n<td>Transformador de corriente (CT) : 0-5A<\/td>\n<\/tr>\n<tr>\n<td rowspan=\"4\">Funciones<\/td>\n<td>Medici\u00f3n de RMS real<\/td>\n<\/tr>\n<tr>\n<td>Para red el\u00e9ctrica 1 fase 2 hilos<\/td>\n<\/tr>\n<tr>\n<td>TC Primario<\/td>\n<\/tr>\n<tr>\n<td>Programable hasta 4000A<\/td>\n<\/tr>\n<tr>\n<td>Pantalla<\/td>\n<td>4 d\u00edgitos, Pantalla LED de 7 segmentos<\/td>\n<\/tr>\n<tr>\n<td>Rango de indicaci\u00f3n<\/td>\n<td>0 a 4960A (escalado seg\u00fan TC)<\/td>\n<\/tr>\n<tr>\n<td>Rango de entrada<\/td>\n<td>50mA a 5A AC<\/td>\n<\/tr>\n<tr>\n<td>Resoluci\u00f3n<\/td>\n<td>0.001, 0.01, 0.1, 1 (depende de config. de TC)<\/td>\n<\/tr>\n<tr>\n<td>Indicaci\u00f3n de sobre\/fuera de rango<\/td>\n<td>&#8220;Or&#8221; para entrada &gt; 124% de config. de TC<\/td>\n<\/tr>\n<tr>\n<td>M\u00e9todo<\/td>\n<td>RMS real<\/td>\n<\/tr>\n<tr>\n<td>Precisi\u00f3n<\/td>\n<td>\u00b10.5% de configuraci\u00f3n TC<\/td>\n<\/tr>\n<tr>\n<td>TC Primario<\/td>\n<td>5,10,20,30,40,50,60,75,80,100,150, 200,250,300,400,500,600,800,1000,1200,1500,1600, 2000, 2500,3000,4000<\/td>\n<\/tr>\n<tr>\n<td>Conexi\u00f3n el\u00e9ctrica<\/td>\n<td>1\u00d8 &#8211; 2 hilos<\/td>\n<\/tr>\n<tr>\n<td>Voltaje de alimentaci\u00f3n<\/td>\n<td>110VCA o 240VCA, \u00b120%, 50\/60Hz<\/td>\n<\/tr>\n<tr>\n<td>Consumo de energ\u00eda<\/td>\n<td>5VA Max.<\/td>\n<\/tr>\n<tr>\n<td>Dimensiones<\/td>\n<td>96x96mm<\/td>\n<\/tr>\n<tr>\n<td>Certificaciones<\/td>\n<td>\u00a0<img decoding=\"async\" id=\"dx_temp_1420822133705_615\" src=\"https:\/\/altechmexico.com\/img\/cms\/Import\/jsr5dgx1.png\" alt=\"\" \/><\/td>\n<\/tr>\n<\/tbody>\n<\/table>\n","protected":false},"featured_media":10157,"comment_status":"open","ping_status":"closed","template":"","meta":{"_joinchat":[]},"product_brand":[],"product_cat":[15],"product_tag":[],"class_list":{"0":"post-10156","1":"product","2":"type-product","3":"status-publish","4":"has-post-thumbnail","6":"product_cat-sin-categorizar","8":"first","9":"instock","10":"shipping-taxable","11":"product-type-simple"},"yoast_head":"<!-- This site is optimized with the Yoast SEO plugin v26.4 - https:\/\/yoast.com\/wordpress\/plugins\/seo\/ -->\n<title>Ma302-240 - Amperimetro digital 240vca 50-60hz - Abaa tienda online<\/title>\n<meta name=\"robots\" content=\"index, follow, max-snippet:-1, max-image-preview:large, max-video-preview:-1\" \/>\n<link rel=\"canonical\" href=\"https:\/\/abaa.mx\/tienda\/ma302-240-amperimetro-digital-240vca-50-60hz\/\" \/>\n<meta property=\"og:locale\" content=\"es_MX\" \/>\n<meta property=\"og:type\" content=\"article\" \/>\n<meta property=\"og:title\" content=\"Ma302-240 - Amperimetro digital 240vca 50-60hz - Abaa tienda online\" \/>\n<meta property=\"og:description\" content=\"Caracter\u00edsticas:    MA302   Entrada Transformador de corriente (CT) : 0-5A   Funciones Medici\u00f3n de RMS real   Para red el\u00e9ctrica 1 fase 2 hilos   TC Primario   Programable hasta 4000A   Pantalla 4 d\u00edgitos, Pantalla LED de 7 segmentos   Rango de indicaci\u00f3n 0 a 4960A (escalado seg\u00fan TC)   Rango de entrada 50mA a 5A AC   Resoluci\u00f3n 0.001, 0.01, 0.1, 1 (depende de config. de TC)   Indicaci\u00f3n de sobre\/fuera de rango &quot;Or&quot; para entrada &gt; 124% de config. de TC   M\u00e9todo RMS real   Precisi\u00f3n \u00b10.5% de configuraci\u00f3n TC   TC Primario 5,10,20,30,40,50,60,75,80,100,150, 200,250,300,400,500,600,800,1000,1200,1500,1600, 2000, 2500,3000,4000   Conexi\u00f3n el\u00e9ctrica 1\u00d8 - 2 hilos   Voltaje de alimentaci\u00f3n 110VCA o 240VCA, \u00b120%, 50\/60Hz   Consumo de energ\u00eda 5VA Max.   Dimensiones 96x96mm   Certificaciones \u00a0\" \/>\n<meta property=\"og:url\" content=\"https:\/\/abaa.mx\/tienda\/ma302-240-amperimetro-digital-240vca-50-60hz\/\" \/>\n<meta property=\"og:site_name\" content=\"Abaa tienda online\" \/>\n<meta property=\"article:modified_time\" content=\"2024-01-09T19:28:03+00:00\" \/>\n<meta property=\"og:image\" content=\"https:\/\/abaa.mx\/tienda\/wp-content\/uploads\/2024\/01\/AMPERIMETRO-MA302-240-50-60.jpg\" \/>\n\t<meta property=\"og:image:width\" content=\"416\" \/>\n\t<meta property=\"og:image:height\" content=\"403\" \/>\n\t<meta property=\"og:image:type\" content=\"image\/jpeg\" \/>\n<meta name=\"twitter:card\" content=\"summary_large_image\" \/>\n<meta name=\"twitter:label1\" content=\"Tiempo de lectura\" \/>\n\t<meta name=\"twitter:data1\" content=\"1 minuto\" \/>\n<script type=\"application\/ld+json\" class=\"yoast-schema-graph\">{\"@context\":\"https:\/\/schema.org\",\"@graph\":[{\"@type\":\"WebPage\",\"@id\":\"https:\/\/abaa.mx\/tienda\/ma302-240-amperimetro-digital-240vca-50-60hz\/\",\"url\":\"https:\/\/abaa.mx\/tienda\/ma302-240-amperimetro-digital-240vca-50-60hz\/\",\"name\":\"Ma302-240 - Amperimetro digital 240vca 50-60hz - Abaa tienda online\",\"isPartOf\":{\"@id\":\"https:\/\/abaa.mx\/tienda\/#website\"},\"primaryImageOfPage\":{\"@id\":\"https:\/\/abaa.mx\/tienda\/ma302-240-amperimetro-digital-240vca-50-60hz\/#primaryimage\"},\"image\":{\"@id\":\"https:\/\/abaa.mx\/tienda\/ma302-240-amperimetro-digital-240vca-50-60hz\/#primaryimage\"},\"thumbnailUrl\":\"https:\/\/abaa.mx\/tienda\/wp-content\/uploads\/2024\/01\/AMPERIMETRO-MA302-240-50-60.jpg\",\"datePublished\":\"2024-01-09T19:26:03+00:00\",\"dateModified\":\"2024-01-09T19:28:03+00:00\",\"breadcrumb\":{\"@id\":\"https:\/\/abaa.mx\/tienda\/ma302-240-amperimetro-digital-240vca-50-60hz\/#breadcrumb\"},\"inLanguage\":\"es\",\"potentialAction\":[{\"@type\":\"ReadAction\",\"target\":[\"https:\/\/abaa.mx\/tienda\/ma302-240-amperimetro-digital-240vca-50-60hz\/\"]}]},{\"@type\":\"ImageObject\",\"inLanguage\":\"es\",\"@id\":\"https:\/\/abaa.mx\/tienda\/ma302-240-amperimetro-digital-240vca-50-60hz\/#primaryimage\",\"url\":\"https:\/\/abaa.mx\/tienda\/wp-content\/uploads\/2024\/01\/AMPERIMETRO-MA302-240-50-60.jpg\",\"contentUrl\":\"https:\/\/abaa.mx\/tienda\/wp-content\/uploads\/2024\/01\/AMPERIMETRO-MA302-240-50-60.jpg\",\"width\":416,\"height\":403,\"caption\":\"AMPERIMETRO-MA302-240-50-60\"},{\"@type\":\"BreadcrumbList\",\"@id\":\"https:\/\/abaa.mx\/tienda\/ma302-240-amperimetro-digital-240vca-50-60hz\/#breadcrumb\",\"itemListElement\":[{\"@type\":\"ListItem\",\"position\":1,\"name\":\"Inicio\",\"item\":\"https:\/\/abaa.mx\/tienda\/\"},{\"@type\":\"ListItem\",\"position\":2,\"name\":\"Tienda\",\"item\":\"https:\/\/abaa.mx\/tienda\/\"},{\"@type\":\"ListItem\",\"position\":3,\"name\":\"Ma302-240 &#8211; Amperimetro digital 240vca 50-60hz\"}]},{\"@type\":\"WebSite\",\"@id\":\"https:\/\/abaa.mx\/tienda\/#website\",\"url\":\"https:\/\/abaa.mx\/tienda\/\",\"name\":\"Abaa tienda online\",\"description\":\"Instrumentos de medici\u00f3n\",\"publisher\":{\"@id\":\"https:\/\/abaa.mx\/tienda\/#organization\"},\"potentialAction\":[{\"@type\":\"SearchAction\",\"target\":{\"@type\":\"EntryPoint\",\"urlTemplate\":\"https:\/\/abaa.mx\/tienda\/?s={search_term_string}\"},\"query-input\":{\"@type\":\"PropertyValueSpecification\",\"valueRequired\":true,\"valueName\":\"search_term_string\"}}],\"inLanguage\":\"es\"},{\"@type\":\"Organization\",\"@id\":\"https:\/\/abaa.mx\/tienda\/#organization\",\"name\":\"Abaa tienda online\",\"url\":\"https:\/\/abaa.mx\/tienda\/\",\"logo\":{\"@type\":\"ImageObject\",\"inLanguage\":\"es\",\"@id\":\"https:\/\/abaa.mx\/tienda\/#\/schema\/logo\/image\/\",\"url\":\"https:\/\/abaa.mx\/tienda\/wp-content\/uploads\/2024\/01\/abaa-metrologia-tienda.png\",\"contentUrl\":\"https:\/\/abaa.mx\/tienda\/wp-content\/uploads\/2024\/01\/abaa-metrologia-tienda.png\",\"width\":300,\"height\":141,\"caption\":\"Abaa tienda online\"},\"image\":{\"@id\":\"https:\/\/abaa.mx\/tienda\/#\/schema\/logo\/image\/\"}}]}<\/script>\n<!-- \/ Yoast SEO plugin. -->","yoast_head_json":{"title":"Ma302-240 - Amperimetro digital 240vca 50-60hz - Abaa tienda online","robots":{"index":"index","follow":"follow","max-snippet":"max-snippet:-1","max-image-preview":"max-image-preview:large","max-video-preview":"max-video-preview:-1"},"canonical":"https:\/\/abaa.mx\/tienda\/ma302-240-amperimetro-digital-240vca-50-60hz\/","og_locale":"es_MX","og_type":"article","og_title":"Ma302-240 - Amperimetro digital 240vca 50-60hz - Abaa tienda online","og_description":"Caracter\u00edsticas:    MA302   Entrada Transformador de corriente (CT) : 0-5A   Funciones Medici\u00f3n de RMS real   Para red el\u00e9ctrica 1 fase 2 hilos   TC Primario   Programable hasta 4000A   Pantalla 4 d\u00edgitos, Pantalla LED de 7 segmentos   Rango de indicaci\u00f3n 0 a 4960A (escalado seg\u00fan TC)   Rango de entrada 50mA a 5A AC   Resoluci\u00f3n 0.001, 0.01, 0.1, 1 (depende de config. de TC)   Indicaci\u00f3n de sobre\/fuera de rango \"Or\" para entrada &gt; 124% de config. de TC   M\u00e9todo RMS real   Precisi\u00f3n \u00b10.5% de configuraci\u00f3n TC   TC Primario 5,10,20,30,40,50,60,75,80,100,150, 200,250,300,400,500,600,800,1000,1200,1500,1600, 2000, 2500,3000,4000   Conexi\u00f3n el\u00e9ctrica 1\u00d8 - 2 hilos   Voltaje de alimentaci\u00f3n 110VCA o 240VCA, \u00b120%, 50\/60Hz   Consumo de energ\u00eda 5VA Max.   Dimensiones 96x96mm   Certificaciones \u00a0","og_url":"https:\/\/abaa.mx\/tienda\/ma302-240-amperimetro-digital-240vca-50-60hz\/","og_site_name":"Abaa tienda online","article_modified_time":"2024-01-09T19:28:03+00:00","og_image":[{"width":416,"height":403,"url":"https:\/\/abaa.mx\/tienda\/wp-content\/uploads\/2024\/01\/AMPERIMETRO-MA302-240-50-60.jpg","type":"image\/jpeg"}],"twitter_card":"summary_large_image","twitter_misc":{"Tiempo de lectura":"1 minuto"},"schema":{"@context":"https:\/\/schema.org","@graph":[{"@type":"WebPage","@id":"https:\/\/abaa.mx\/tienda\/ma302-240-amperimetro-digital-240vca-50-60hz\/","url":"https:\/\/abaa.mx\/tienda\/ma302-240-amperimetro-digital-240vca-50-60hz\/","name":"Ma302-240 - Amperimetro digital 240vca 50-60hz - Abaa tienda online","isPartOf":{"@id":"https:\/\/abaa.mx\/tienda\/#website"},"primaryImageOfPage":{"@id":"https:\/\/abaa.mx\/tienda\/ma302-240-amperimetro-digital-240vca-50-60hz\/#primaryimage"},"image":{"@id":"https:\/\/abaa.mx\/tienda\/ma302-240-amperimetro-digital-240vca-50-60hz\/#primaryimage"},"thumbnailUrl":"https:\/\/abaa.mx\/tienda\/wp-content\/uploads\/2024\/01\/AMPERIMETRO-MA302-240-50-60.jpg","datePublished":"2024-01-09T19:26:03+00:00","dateModified":"2024-01-09T19:28:03+00:00","breadcrumb":{"@id":"https:\/\/abaa.mx\/tienda\/ma302-240-amperimetro-digital-240vca-50-60hz\/#breadcrumb"},"inLanguage":"es","potentialAction":[{"@type":"ReadAction","target":["https:\/\/abaa.mx\/tienda\/ma302-240-amperimetro-digital-240vca-50-60hz\/"]}]},{"@type":"ImageObject","inLanguage":"es","@id":"https:\/\/abaa.mx\/tienda\/ma302-240-amperimetro-digital-240vca-50-60hz\/#primaryimage","url":"https:\/\/abaa.mx\/tienda\/wp-content\/uploads\/2024\/01\/AMPERIMETRO-MA302-240-50-60.jpg","contentUrl":"https:\/\/abaa.mx\/tienda\/wp-content\/uploads\/2024\/01\/AMPERIMETRO-MA302-240-50-60.jpg","width":416,"height":403,"caption":"AMPERIMETRO-MA302-240-50-60"},{"@type":"BreadcrumbList","@id":"https:\/\/abaa.mx\/tienda\/ma302-240-amperimetro-digital-240vca-50-60hz\/#breadcrumb","itemListElement":[{"@type":"ListItem","position":1,"name":"Inicio","item":"https:\/\/abaa.mx\/tienda\/"},{"@type":"ListItem","position":2,"name":"Tienda","item":"https:\/\/abaa.mx\/tienda\/"},{"@type":"ListItem","position":3,"name":"Ma302-240 &#8211; Amperimetro digital 240vca 50-60hz"}]},{"@type":"WebSite","@id":"https:\/\/abaa.mx\/tienda\/#website","url":"https:\/\/abaa.mx\/tienda\/","name":"Abaa tienda online","description":"Instrumentos de medici\u00f3n","publisher":{"@id":"https:\/\/abaa.mx\/tienda\/#organization"},"potentialAction":[{"@type":"SearchAction","target":{"@type":"EntryPoint","urlTemplate":"https:\/\/abaa.mx\/tienda\/?s={search_term_string}"},"query-input":{"@type":"PropertyValueSpecification","valueRequired":true,"valueName":"search_term_string"}}],"inLanguage":"es"},{"@type":"Organization","@id":"https:\/\/abaa.mx\/tienda\/#organization","name":"Abaa tienda online","url":"https:\/\/abaa.mx\/tienda\/","logo":{"@type":"ImageObject","inLanguage":"es","@id":"https:\/\/abaa.mx\/tienda\/#\/schema\/logo\/image\/","url":"https:\/\/abaa.mx\/tienda\/wp-content\/uploads\/2024\/01\/abaa-metrologia-tienda.png","contentUrl":"https:\/\/abaa.mx\/tienda\/wp-content\/uploads\/2024\/01\/abaa-metrologia-tienda.png","width":300,"height":141,"caption":"Abaa tienda online"},"image":{"@id":"https:\/\/abaa.mx\/tienda\/#\/schema\/logo\/image\/"}}]}},"_links":{"self":[{"href":"https:\/\/abaa.mx\/tienda\/wp-json\/wp\/v2\/product\/10156","targetHints":{"allow":["GET"]}}],"collection":[{"href":"https:\/\/abaa.mx\/tienda\/wp-json\/wp\/v2\/product"}],"about":[{"href":"https:\/\/abaa.mx\/tienda\/wp-json\/wp\/v2\/types\/product"}],"replies":[{"embeddable":true,"href":"https:\/\/abaa.mx\/tienda\/wp-json\/wp\/v2\/comments?post=10156"}],"wp:featuredmedia":[{"embeddable":true,"href":"https:\/\/abaa.mx\/tienda\/wp-json\/wp\/v2\/media\/10157"}],"wp:attachment":[{"href":"https:\/\/abaa.mx\/tienda\/wp-json\/wp\/v2\/media?parent=10156"}],"wp:term":[{"taxonomy":"product_brand","embeddable":true,"href":"https:\/\/abaa.mx\/tienda\/wp-json\/wp\/v2\/product_brand?post=10156"},{"taxonomy":"product_cat","embeddable":true,"href":"https:\/\/abaa.mx\/tienda\/wp-json\/wp\/v2\/product_cat?post=10156"},{"taxonomy":"product_tag","embeddable":true,"href":"https:\/\/abaa.mx\/tienda\/wp-json\/wp\/v2\/product_tag?post=10156"}],"curies":[{"name":"wp","href":"https:\/\/api.w.org\/{rel}","templated":true}]}}