{"id":10154,"date":"2024-01-09T19:18:36","date_gmt":"2024-01-09T19:18:36","guid":{"rendered":"https:\/\/abaa.mx\/tienda\/?post_type=product&#038;p=10154"},"modified":"2024-01-09T19:18:36","modified_gmt":"2024-01-09T19:18:36","slug":"382068-amperimetro-analizador-de-potencia-rms-y-software","status":"publish","type":"product","link":"https:\/\/abaa.mx\/tienda\/382068-amperimetro-analizador-de-potencia-rms-y-software\/","title":{"rendered":"382068 \u2014 Amper\u00edmetro-analizador de potencia, rms y software"},"content":{"rendered":"<p>382068 \u2014 Amper\u00edmetro-analizador de potencia, rms y software.<\/p>\n","protected":false},"excerpt":{"rendered":"<p><strong>Caracter\u00edsticas:<\/strong><\/p>\n<ul>\n<li>La pinza 1000\u00a0A mide la potencia de 1\u00a0f o 3\u00a0f (fase) a 600\u00a0kW.<\/li>\n<li>Pantalla dual de kW\u00a0+\u00a00PF, kVA\u00a0+\u00a0PF, V\u00a0+\u00a0A, A\u00a0+\u00a0Hz o V\u00a0+\u00a0Hz.<\/li>\n<li>Pantalla grande LCD de 4 d\u00edgitos con gr\u00e1fico de barra r\u00e1pido de 40 segmentos.<\/li>\n<li>25 de memoria de puntos visualizables en pantalla.<\/li>\n<li>Data Hold (Retenci\u00f3n de datos), Peak Hold (Retenci\u00f3n de picos), MIN\/MAX (M\u00cdN.\/M\u00c1X.) y Auto Power Off (Apagado autom\u00e1tico).<\/li>\n<li>Completo con medidor, pinzas de conexi\u00f3n, conductores de prueba, m\u00f3dulo del registrador de datos\/RS-232 y software de PC con cable.<\/li>\n<\/ul>\n<p>&nbsp;<\/p>\n","protected":false},"featured_media":10155,"comment_status":"open","ping_status":"closed","template":"","meta":{"_joinchat":[]},"product_brand":[],"product_cat":[15],"product_tag":[],"class_list":{"0":"post-10154","1":"product","2":"type-product","3":"status-publish","4":"has-post-thumbnail","6":"product_cat-sin-categorizar","8":"first","9":"instock","10":"shipping-taxable","11":"product-type-simple"},"yoast_head":"<!-- This site is optimized with the Yoast SEO plugin v26.4 - https:\/\/yoast.com\/wordpress\/plugins\/seo\/ -->\n<title>382068 \u2014 Amper\u00edmetro-analizador de potencia, rms y software - Abaa tienda online<\/title>\n<meta name=\"robots\" content=\"index, follow, max-snippet:-1, max-image-preview:large, max-video-preview:-1\" \/>\n<link rel=\"canonical\" href=\"https:\/\/abaa.mx\/tienda\/382068-amperimetro-analizador-de-potencia-rms-y-software\/\" \/>\n<meta property=\"og:locale\" content=\"es_MX\" \/>\n<meta property=\"og:type\" content=\"article\" \/>\n<meta property=\"og:title\" content=\"382068 \u2014 Amper\u00edmetro-analizador de potencia, rms y software - Abaa tienda online\" \/>\n<meta property=\"og:description\" content=\"Caracter\u00edsticas:   La pinza 1000\u00a0A mide la potencia de 1\u00a0f o 3\u00a0f (fase) a 600\u00a0kW.  Pantalla dual de kW\u00a0+\u00a00PF, kVA\u00a0+\u00a0PF, V\u00a0+\u00a0A, A\u00a0+\u00a0Hz o V\u00a0+\u00a0Hz.  Pantalla grande LCD de 4 d\u00edgitos con gr\u00e1fico de barra r\u00e1pido de 40 segmentos.  25 de memoria de puntos visualizables en pantalla.  Data Hold (Retenci\u00f3n de datos), Peak Hold (Retenci\u00f3n de picos), MIN\/MAX (M\u00cdN.\/M\u00c1X.) y Auto Power Off (Apagado autom\u00e1tico).  Completo con medidor, pinzas de conexi\u00f3n, conductores de prueba, m\u00f3dulo del registrador de datos\/RS-232 y software de PC con cable.  &nbsp;\" \/>\n<meta property=\"og:url\" content=\"https:\/\/abaa.mx\/tienda\/382068-amperimetro-analizador-de-potencia-rms-y-software\/\" \/>\n<meta property=\"og:site_name\" content=\"Abaa tienda online\" \/>\n<meta property=\"og:image\" content=\"https:\/\/abaa.mx\/tienda\/wp-content\/uploads\/2024\/01\/AMPERIMETRO-382068.jpg\" \/>\n\t<meta property=\"og:image:width\" content=\"444\" \/>\n\t<meta property=\"og:image:height\" content=\"550\" \/>\n\t<meta property=\"og:image:type\" content=\"image\/jpeg\" \/>\n<meta name=\"twitter:card\" content=\"summary_large_image\" \/>\n<meta name=\"twitter:label1\" content=\"Tiempo de lectura\" \/>\n\t<meta name=\"twitter:data1\" content=\"1 minuto\" \/>\n<script type=\"application\/ld+json\" class=\"yoast-schema-graph\">{\"@context\":\"https:\/\/schema.org\",\"@graph\":[{\"@type\":\"WebPage\",\"@id\":\"https:\/\/abaa.mx\/tienda\/382068-amperimetro-analizador-de-potencia-rms-y-software\/\",\"url\":\"https:\/\/abaa.mx\/tienda\/382068-amperimetro-analizador-de-potencia-rms-y-software\/\",\"name\":\"382068 \u2014 Amper\u00edmetro-analizador de potencia, rms y software - Abaa tienda online\",\"isPartOf\":{\"@id\":\"https:\/\/abaa.mx\/tienda\/#website\"},\"primaryImageOfPage\":{\"@id\":\"https:\/\/abaa.mx\/tienda\/382068-amperimetro-analizador-de-potencia-rms-y-software\/#primaryimage\"},\"image\":{\"@id\":\"https:\/\/abaa.mx\/tienda\/382068-amperimetro-analizador-de-potencia-rms-y-software\/#primaryimage\"},\"thumbnailUrl\":\"https:\/\/abaa.mx\/tienda\/wp-content\/uploads\/2024\/01\/AMPERIMETRO-382068.jpg\",\"datePublished\":\"2024-01-09T19:18:36+00:00\",\"breadcrumb\":{\"@id\":\"https:\/\/abaa.mx\/tienda\/382068-amperimetro-analizador-de-potencia-rms-y-software\/#breadcrumb\"},\"inLanguage\":\"es\",\"potentialAction\":[{\"@type\":\"ReadAction\",\"target\":[\"https:\/\/abaa.mx\/tienda\/382068-amperimetro-analizador-de-potencia-rms-y-software\/\"]}]},{\"@type\":\"ImageObject\",\"inLanguage\":\"es\",\"@id\":\"https:\/\/abaa.mx\/tienda\/382068-amperimetro-analizador-de-potencia-rms-y-software\/#primaryimage\",\"url\":\"https:\/\/abaa.mx\/tienda\/wp-content\/uploads\/2024\/01\/AMPERIMETRO-382068.jpg\",\"contentUrl\":\"https:\/\/abaa.mx\/tienda\/wp-content\/uploads\/2024\/01\/AMPERIMETRO-382068.jpg\",\"width\":444,\"height\":550,\"caption\":\"AMPERIMETRO-382068\"},{\"@type\":\"BreadcrumbList\",\"@id\":\"https:\/\/abaa.mx\/tienda\/382068-amperimetro-analizador-de-potencia-rms-y-software\/#breadcrumb\",\"itemListElement\":[{\"@type\":\"ListItem\",\"position\":1,\"name\":\"Inicio\",\"item\":\"https:\/\/abaa.mx\/tienda\/\"},{\"@type\":\"ListItem\",\"position\":2,\"name\":\"Tienda\",\"item\":\"https:\/\/abaa.mx\/tienda\/\"},{\"@type\":\"ListItem\",\"position\":3,\"name\":\"382068 \u2014 Amper\u00edmetro-analizador de potencia, rms y software\"}]},{\"@type\":\"WebSite\",\"@id\":\"https:\/\/abaa.mx\/tienda\/#website\",\"url\":\"https:\/\/abaa.mx\/tienda\/\",\"name\":\"Abaa tienda online\",\"description\":\"Instrumentos de medici\u00f3n\",\"publisher\":{\"@id\":\"https:\/\/abaa.mx\/tienda\/#organization\"},\"potentialAction\":[{\"@type\":\"SearchAction\",\"target\":{\"@type\":\"EntryPoint\",\"urlTemplate\":\"https:\/\/abaa.mx\/tienda\/?s={search_term_string}\"},\"query-input\":{\"@type\":\"PropertyValueSpecification\",\"valueRequired\":true,\"valueName\":\"search_term_string\"}}],\"inLanguage\":\"es\"},{\"@type\":\"Organization\",\"@id\":\"https:\/\/abaa.mx\/tienda\/#organization\",\"name\":\"Abaa tienda online\",\"url\":\"https:\/\/abaa.mx\/tienda\/\",\"logo\":{\"@type\":\"ImageObject\",\"inLanguage\":\"es\",\"@id\":\"https:\/\/abaa.mx\/tienda\/#\/schema\/logo\/image\/\",\"url\":\"https:\/\/abaa.mx\/tienda\/wp-content\/uploads\/2024\/01\/abaa-metrologia-tienda.png\",\"contentUrl\":\"https:\/\/abaa.mx\/tienda\/wp-content\/uploads\/2024\/01\/abaa-metrologia-tienda.png\",\"width\":300,\"height\":141,\"caption\":\"Abaa tienda online\"},\"image\":{\"@id\":\"https:\/\/abaa.mx\/tienda\/#\/schema\/logo\/image\/\"}}]}<\/script>\n<!-- \/ Yoast SEO plugin. -->","yoast_head_json":{"title":"382068 \u2014 Amper\u00edmetro-analizador de potencia, rms y software - Abaa tienda online","robots":{"index":"index","follow":"follow","max-snippet":"max-snippet:-1","max-image-preview":"max-image-preview:large","max-video-preview":"max-video-preview:-1"},"canonical":"https:\/\/abaa.mx\/tienda\/382068-amperimetro-analizador-de-potencia-rms-y-software\/","og_locale":"es_MX","og_type":"article","og_title":"382068 \u2014 Amper\u00edmetro-analizador de potencia, rms y software - Abaa tienda online","og_description":"Caracter\u00edsticas:   La pinza 1000\u00a0A mide la potencia de 1\u00a0f o 3\u00a0f (fase) a 600\u00a0kW.  Pantalla dual de kW\u00a0+\u00a00PF, kVA\u00a0+\u00a0PF, V\u00a0+\u00a0A, A\u00a0+\u00a0Hz o V\u00a0+\u00a0Hz.  Pantalla grande LCD de 4 d\u00edgitos con gr\u00e1fico de barra r\u00e1pido de 40 segmentos.  25 de memoria de puntos visualizables en pantalla.  Data Hold (Retenci\u00f3n de datos), Peak Hold (Retenci\u00f3n de picos), MIN\/MAX (M\u00cdN.\/M\u00c1X.) y Auto Power Off (Apagado autom\u00e1tico).  Completo con medidor, pinzas de conexi\u00f3n, conductores de prueba, m\u00f3dulo del registrador de datos\/RS-232 y software de PC con cable.  &nbsp;","og_url":"https:\/\/abaa.mx\/tienda\/382068-amperimetro-analizador-de-potencia-rms-y-software\/","og_site_name":"Abaa tienda online","og_image":[{"width":444,"height":550,"url":"https:\/\/abaa.mx\/tienda\/wp-content\/uploads\/2024\/01\/AMPERIMETRO-382068.jpg","type":"image\/jpeg"}],"twitter_card":"summary_large_image","twitter_misc":{"Tiempo de lectura":"1 minuto"},"schema":{"@context":"https:\/\/schema.org","@graph":[{"@type":"WebPage","@id":"https:\/\/abaa.mx\/tienda\/382068-amperimetro-analizador-de-potencia-rms-y-software\/","url":"https:\/\/abaa.mx\/tienda\/382068-amperimetro-analizador-de-potencia-rms-y-software\/","name":"382068 \u2014 Amper\u00edmetro-analizador de potencia, rms y software - Abaa tienda online","isPartOf":{"@id":"https:\/\/abaa.mx\/tienda\/#website"},"primaryImageOfPage":{"@id":"https:\/\/abaa.mx\/tienda\/382068-amperimetro-analizador-de-potencia-rms-y-software\/#primaryimage"},"image":{"@id":"https:\/\/abaa.mx\/tienda\/382068-amperimetro-analizador-de-potencia-rms-y-software\/#primaryimage"},"thumbnailUrl":"https:\/\/abaa.mx\/tienda\/wp-content\/uploads\/2024\/01\/AMPERIMETRO-382068.jpg","datePublished":"2024-01-09T19:18:36+00:00","breadcrumb":{"@id":"https:\/\/abaa.mx\/tienda\/382068-amperimetro-analizador-de-potencia-rms-y-software\/#breadcrumb"},"inLanguage":"es","potentialAction":[{"@type":"ReadAction","target":["https:\/\/abaa.mx\/tienda\/382068-amperimetro-analizador-de-potencia-rms-y-software\/"]}]},{"@type":"ImageObject","inLanguage":"es","@id":"https:\/\/abaa.mx\/tienda\/382068-amperimetro-analizador-de-potencia-rms-y-software\/#primaryimage","url":"https:\/\/abaa.mx\/tienda\/wp-content\/uploads\/2024\/01\/AMPERIMETRO-382068.jpg","contentUrl":"https:\/\/abaa.mx\/tienda\/wp-content\/uploads\/2024\/01\/AMPERIMETRO-382068.jpg","width":444,"height":550,"caption":"AMPERIMETRO-382068"},{"@type":"BreadcrumbList","@id":"https:\/\/abaa.mx\/tienda\/382068-amperimetro-analizador-de-potencia-rms-y-software\/#breadcrumb","itemListElement":[{"@type":"ListItem","position":1,"name":"Inicio","item":"https:\/\/abaa.mx\/tienda\/"},{"@type":"ListItem","position":2,"name":"Tienda","item":"https:\/\/abaa.mx\/tienda\/"},{"@type":"ListItem","position":3,"name":"382068 \u2014 Amper\u00edmetro-analizador de potencia, rms y software"}]},{"@type":"WebSite","@id":"https:\/\/abaa.mx\/tienda\/#website","url":"https:\/\/abaa.mx\/tienda\/","name":"Abaa tienda online","description":"Instrumentos de medici\u00f3n","publisher":{"@id":"https:\/\/abaa.mx\/tienda\/#organization"},"potentialAction":[{"@type":"SearchAction","target":{"@type":"EntryPoint","urlTemplate":"https:\/\/abaa.mx\/tienda\/?s={search_term_string}"},"query-input":{"@type":"PropertyValueSpecification","valueRequired":true,"valueName":"search_term_string"}}],"inLanguage":"es"},{"@type":"Organization","@id":"https:\/\/abaa.mx\/tienda\/#organization","name":"Abaa tienda online","url":"https:\/\/abaa.mx\/tienda\/","logo":{"@type":"ImageObject","inLanguage":"es","@id":"https:\/\/abaa.mx\/tienda\/#\/schema\/logo\/image\/","url":"https:\/\/abaa.mx\/tienda\/wp-content\/uploads\/2024\/01\/abaa-metrologia-tienda.png","contentUrl":"https:\/\/abaa.mx\/tienda\/wp-content\/uploads\/2024\/01\/abaa-metrologia-tienda.png","width":300,"height":141,"caption":"Abaa tienda online"},"image":{"@id":"https:\/\/abaa.mx\/tienda\/#\/schema\/logo\/image\/"}}]}},"_links":{"self":[{"href":"https:\/\/abaa.mx\/tienda\/wp-json\/wp\/v2\/product\/10154","targetHints":{"allow":["GET"]}}],"collection":[{"href":"https:\/\/abaa.mx\/tienda\/wp-json\/wp\/v2\/product"}],"about":[{"href":"https:\/\/abaa.mx\/tienda\/wp-json\/wp\/v2\/types\/product"}],"replies":[{"embeddable":true,"href":"https:\/\/abaa.mx\/tienda\/wp-json\/wp\/v2\/comments?post=10154"}],"wp:featuredmedia":[{"embeddable":true,"href":"https:\/\/abaa.mx\/tienda\/wp-json\/wp\/v2\/media\/10155"}],"wp:attachment":[{"href":"https:\/\/abaa.mx\/tienda\/wp-json\/wp\/v2\/media?parent=10154"}],"wp:term":[{"taxonomy":"product_brand","embeddable":true,"href":"https:\/\/abaa.mx\/tienda\/wp-json\/wp\/v2\/product_brand?post=10154"},{"taxonomy":"product_cat","embeddable":true,"href":"https:\/\/abaa.mx\/tienda\/wp-json\/wp\/v2\/product_cat?post=10154"},{"taxonomy":"product_tag","embeddable":true,"href":"https:\/\/abaa.mx\/tienda\/wp-json\/wp\/v2\/product_tag?post=10154"}],"curies":[{"name":"wp","href":"https:\/\/api.w.org\/{rel}","templated":true}]}}