{"id":10141,"date":"2024-01-08T20:58:16","date_gmt":"2024-01-08T20:58:16","guid":{"rendered":"https:\/\/abaa.mx\/tienda\/?post_type=product&#038;p=10141"},"modified":"2024-01-08T20:59:00","modified_gmt":"2024-01-08T20:59:00","slug":"multiamperimetro","status":"publish","type":"product","link":"https:\/\/abaa.mx\/tienda\/multiamperimetro\/","title":{"rendered":"Multiamperimetro"},"content":{"rendered":"<p>Multiamperimetro.<\/p>\n","protected":false},"excerpt":{"rendered":"<p><strong>Caracter\u00edsticas:<\/strong><\/p>\n<ul>\n<li>RMS de verdadero valor para lecturas precisas de ondas no sinusoidales.<\/li>\n<li>Detector de voltaje sin contacto integrado con alerta LED.<\/li>\n<li>Tama\u00f1o de mordaza de 2,0 (52 mm) para conductores de hasta 500 MCM.<\/li>\n<li>Contador 40.000\/4000 doble, pantalla LCD retroiluminada.<\/li>\n<li>Incluye mult\u00edmetro y funciones de temperatura tipo K.<\/li>\n<li>La funci\u00f3n para corrientes de entrada captura transitorios durante los arranques del motor.<\/li>\n<li>Modo relativo para capacitancia cero y ajuste de compensaci\u00f3n.<\/li>\n<li>Retenci\u00f3n de datos, retenci\u00f3n de picos, M\u00cdN.\/M\u00c1X. y apagado autom\u00e1tico.<\/li>\n<li>Incluye conductores de prueba, sonda de temperatura de alambre reforzado tipo K, bater\u00eda de 9 V y estuche port\u00e1til.<\/li>\n<\/ul>\n","protected":false},"featured_media":10142,"comment_status":"open","ping_status":"closed","template":"","meta":{"_joinchat":[]},"product_brand":[],"product_cat":[15],"product_tag":[],"class_list":{"0":"post-10141","1":"product","2":"type-product","3":"status-publish","4":"has-post-thumbnail","6":"product_cat-sin-categorizar","8":"first","9":"instock","10":"shipping-taxable","11":"product-type-simple"},"yoast_head":"<!-- This site is optimized with the Yoast SEO plugin v26.4 - https:\/\/yoast.com\/wordpress\/plugins\/seo\/ -->\n<title>Multiamperimetro - Abaa tienda online<\/title>\n<meta name=\"robots\" content=\"index, follow, max-snippet:-1, max-image-preview:large, max-video-preview:-1\" \/>\n<link rel=\"canonical\" href=\"https:\/\/abaa.mx\/tienda\/multiamperimetro\/\" \/>\n<meta property=\"og:locale\" content=\"es_MX\" \/>\n<meta property=\"og:type\" content=\"article\" \/>\n<meta property=\"og:title\" content=\"Multiamperimetro - Abaa tienda online\" \/>\n<meta property=\"og:description\" content=\"Caracter\u00edsticas:   RMS de verdadero valor para lecturas precisas de ondas no sinusoidales.  Detector de voltaje sin contacto integrado con alerta LED.  Tama\u00f1o de mordaza de 2,0 (52 mm) para conductores de hasta 500 MCM.  Contador 40.000\/4000 doble, pantalla LCD retroiluminada.  Incluye mult\u00edmetro y funciones de temperatura tipo K.  La funci\u00f3n para corrientes de entrada captura transitorios durante los arranques del motor.  Modo relativo para capacitancia cero y ajuste de compensaci\u00f3n.  Retenci\u00f3n de datos, retenci\u00f3n de picos, M\u00cdN.\/M\u00c1X. y apagado autom\u00e1tico.  Incluye conductores de prueba, sonda de temperatura de alambre reforzado tipo K, bater\u00eda de 9 V y estuche port\u00e1til.\" \/>\n<meta property=\"og:url\" content=\"https:\/\/abaa.mx\/tienda\/multiamperimetro\/\" \/>\n<meta property=\"og:site_name\" content=\"Abaa tienda online\" \/>\n<meta property=\"article:modified_time\" content=\"2024-01-08T20:59:00+00:00\" \/>\n<meta property=\"og:image\" content=\"https:\/\/abaa.mx\/tienda\/wp-content\/uploads\/2024\/01\/EXTECH-MULTIAMPERIMETRO.jpg\" \/>\n\t<meta property=\"og:image:width\" content=\"359\" \/>\n\t<meta property=\"og:image:height\" content=\"601\" \/>\n\t<meta property=\"og:image:type\" content=\"image\/jpeg\" \/>\n<meta name=\"twitter:card\" content=\"summary_large_image\" \/>\n<meta name=\"twitter:label1\" content=\"Tiempo de lectura\" \/>\n\t<meta name=\"twitter:data1\" content=\"1 minuto\" \/>\n<script type=\"application\/ld+json\" class=\"yoast-schema-graph\">{\"@context\":\"https:\/\/schema.org\",\"@graph\":[{\"@type\":\"WebPage\",\"@id\":\"https:\/\/abaa.mx\/tienda\/multiamperimetro\/\",\"url\":\"https:\/\/abaa.mx\/tienda\/multiamperimetro\/\",\"name\":\"Multiamperimetro - Abaa tienda online\",\"isPartOf\":{\"@id\":\"https:\/\/abaa.mx\/tienda\/#website\"},\"primaryImageOfPage\":{\"@id\":\"https:\/\/abaa.mx\/tienda\/multiamperimetro\/#primaryimage\"},\"image\":{\"@id\":\"https:\/\/abaa.mx\/tienda\/multiamperimetro\/#primaryimage\"},\"thumbnailUrl\":\"https:\/\/abaa.mx\/tienda\/wp-content\/uploads\/2024\/01\/EXTECH-MULTIAMPERIMETRO.jpg\",\"datePublished\":\"2024-01-08T20:58:16+00:00\",\"dateModified\":\"2024-01-08T20:59:00+00:00\",\"breadcrumb\":{\"@id\":\"https:\/\/abaa.mx\/tienda\/multiamperimetro\/#breadcrumb\"},\"inLanguage\":\"es\",\"potentialAction\":[{\"@type\":\"ReadAction\",\"target\":[\"https:\/\/abaa.mx\/tienda\/multiamperimetro\/\"]}]},{\"@type\":\"ImageObject\",\"inLanguage\":\"es\",\"@id\":\"https:\/\/abaa.mx\/tienda\/multiamperimetro\/#primaryimage\",\"url\":\"https:\/\/abaa.mx\/tienda\/wp-content\/uploads\/2024\/01\/EXTECH-MULTIAMPERIMETRO.jpg\",\"contentUrl\":\"https:\/\/abaa.mx\/tienda\/wp-content\/uploads\/2024\/01\/EXTECH-MULTIAMPERIMETRO.jpg\",\"width\":359,\"height\":601,\"caption\":\"EXTECH-MULTIAMPERIMETRO\"},{\"@type\":\"BreadcrumbList\",\"@id\":\"https:\/\/abaa.mx\/tienda\/multiamperimetro\/#breadcrumb\",\"itemListElement\":[{\"@type\":\"ListItem\",\"position\":1,\"name\":\"Inicio\",\"item\":\"https:\/\/abaa.mx\/tienda\/\"},{\"@type\":\"ListItem\",\"position\":2,\"name\":\"Tienda\",\"item\":\"https:\/\/abaa.mx\/tienda\/\"},{\"@type\":\"ListItem\",\"position\":3,\"name\":\"Multiamperimetro\"}]},{\"@type\":\"WebSite\",\"@id\":\"https:\/\/abaa.mx\/tienda\/#website\",\"url\":\"https:\/\/abaa.mx\/tienda\/\",\"name\":\"Abaa tienda online\",\"description\":\"Instrumentos de medici\u00f3n\",\"publisher\":{\"@id\":\"https:\/\/abaa.mx\/tienda\/#organization\"},\"potentialAction\":[{\"@type\":\"SearchAction\",\"target\":{\"@type\":\"EntryPoint\",\"urlTemplate\":\"https:\/\/abaa.mx\/tienda\/?s={search_term_string}\"},\"query-input\":{\"@type\":\"PropertyValueSpecification\",\"valueRequired\":true,\"valueName\":\"search_term_string\"}}],\"inLanguage\":\"es\"},{\"@type\":\"Organization\",\"@id\":\"https:\/\/abaa.mx\/tienda\/#organization\",\"name\":\"Abaa tienda online\",\"url\":\"https:\/\/abaa.mx\/tienda\/\",\"logo\":{\"@type\":\"ImageObject\",\"inLanguage\":\"es\",\"@id\":\"https:\/\/abaa.mx\/tienda\/#\/schema\/logo\/image\/\",\"url\":\"https:\/\/abaa.mx\/tienda\/wp-content\/uploads\/2024\/01\/abaa-metrologia-tienda.png\",\"contentUrl\":\"https:\/\/abaa.mx\/tienda\/wp-content\/uploads\/2024\/01\/abaa-metrologia-tienda.png\",\"width\":300,\"height\":141,\"caption\":\"Abaa tienda online\"},\"image\":{\"@id\":\"https:\/\/abaa.mx\/tienda\/#\/schema\/logo\/image\/\"}}]}<\/script>\n<!-- \/ Yoast SEO plugin. -->","yoast_head_json":{"title":"Multiamperimetro - Abaa tienda online","robots":{"index":"index","follow":"follow","max-snippet":"max-snippet:-1","max-image-preview":"max-image-preview:large","max-video-preview":"max-video-preview:-1"},"canonical":"https:\/\/abaa.mx\/tienda\/multiamperimetro\/","og_locale":"es_MX","og_type":"article","og_title":"Multiamperimetro - Abaa tienda online","og_description":"Caracter\u00edsticas:   RMS de verdadero valor para lecturas precisas de ondas no sinusoidales.  Detector de voltaje sin contacto integrado con alerta LED.  Tama\u00f1o de mordaza de 2,0 (52 mm) para conductores de hasta 500 MCM.  Contador 40.000\/4000 doble, pantalla LCD retroiluminada.  Incluye mult\u00edmetro y funciones de temperatura tipo K.  La funci\u00f3n para corrientes de entrada captura transitorios durante los arranques del motor.  Modo relativo para capacitancia cero y ajuste de compensaci\u00f3n.  Retenci\u00f3n de datos, retenci\u00f3n de picos, M\u00cdN.\/M\u00c1X. y apagado autom\u00e1tico.  Incluye conductores de prueba, sonda de temperatura de alambre reforzado tipo K, bater\u00eda de 9 V y estuche port\u00e1til.","og_url":"https:\/\/abaa.mx\/tienda\/multiamperimetro\/","og_site_name":"Abaa tienda online","article_modified_time":"2024-01-08T20:59:00+00:00","og_image":[{"width":359,"height":601,"url":"https:\/\/abaa.mx\/tienda\/wp-content\/uploads\/2024\/01\/EXTECH-MULTIAMPERIMETRO.jpg","type":"image\/jpeg"}],"twitter_card":"summary_large_image","twitter_misc":{"Tiempo de lectura":"1 minuto"},"schema":{"@context":"https:\/\/schema.org","@graph":[{"@type":"WebPage","@id":"https:\/\/abaa.mx\/tienda\/multiamperimetro\/","url":"https:\/\/abaa.mx\/tienda\/multiamperimetro\/","name":"Multiamperimetro - Abaa tienda online","isPartOf":{"@id":"https:\/\/abaa.mx\/tienda\/#website"},"primaryImageOfPage":{"@id":"https:\/\/abaa.mx\/tienda\/multiamperimetro\/#primaryimage"},"image":{"@id":"https:\/\/abaa.mx\/tienda\/multiamperimetro\/#primaryimage"},"thumbnailUrl":"https:\/\/abaa.mx\/tienda\/wp-content\/uploads\/2024\/01\/EXTECH-MULTIAMPERIMETRO.jpg","datePublished":"2024-01-08T20:58:16+00:00","dateModified":"2024-01-08T20:59:00+00:00","breadcrumb":{"@id":"https:\/\/abaa.mx\/tienda\/multiamperimetro\/#breadcrumb"},"inLanguage":"es","potentialAction":[{"@type":"ReadAction","target":["https:\/\/abaa.mx\/tienda\/multiamperimetro\/"]}]},{"@type":"ImageObject","inLanguage":"es","@id":"https:\/\/abaa.mx\/tienda\/multiamperimetro\/#primaryimage","url":"https:\/\/abaa.mx\/tienda\/wp-content\/uploads\/2024\/01\/EXTECH-MULTIAMPERIMETRO.jpg","contentUrl":"https:\/\/abaa.mx\/tienda\/wp-content\/uploads\/2024\/01\/EXTECH-MULTIAMPERIMETRO.jpg","width":359,"height":601,"caption":"EXTECH-MULTIAMPERIMETRO"},{"@type":"BreadcrumbList","@id":"https:\/\/abaa.mx\/tienda\/multiamperimetro\/#breadcrumb","itemListElement":[{"@type":"ListItem","position":1,"name":"Inicio","item":"https:\/\/abaa.mx\/tienda\/"},{"@type":"ListItem","position":2,"name":"Tienda","item":"https:\/\/abaa.mx\/tienda\/"},{"@type":"ListItem","position":3,"name":"Multiamperimetro"}]},{"@type":"WebSite","@id":"https:\/\/abaa.mx\/tienda\/#website","url":"https:\/\/abaa.mx\/tienda\/","name":"Abaa tienda online","description":"Instrumentos de medici\u00f3n","publisher":{"@id":"https:\/\/abaa.mx\/tienda\/#organization"},"potentialAction":[{"@type":"SearchAction","target":{"@type":"EntryPoint","urlTemplate":"https:\/\/abaa.mx\/tienda\/?s={search_term_string}"},"query-input":{"@type":"PropertyValueSpecification","valueRequired":true,"valueName":"search_term_string"}}],"inLanguage":"es"},{"@type":"Organization","@id":"https:\/\/abaa.mx\/tienda\/#organization","name":"Abaa tienda online","url":"https:\/\/abaa.mx\/tienda\/","logo":{"@type":"ImageObject","inLanguage":"es","@id":"https:\/\/abaa.mx\/tienda\/#\/schema\/logo\/image\/","url":"https:\/\/abaa.mx\/tienda\/wp-content\/uploads\/2024\/01\/abaa-metrologia-tienda.png","contentUrl":"https:\/\/abaa.mx\/tienda\/wp-content\/uploads\/2024\/01\/abaa-metrologia-tienda.png","width":300,"height":141,"caption":"Abaa tienda online"},"image":{"@id":"https:\/\/abaa.mx\/tienda\/#\/schema\/logo\/image\/"}}]}},"_links":{"self":[{"href":"https:\/\/abaa.mx\/tienda\/wp-json\/wp\/v2\/product\/10141","targetHints":{"allow":["GET"]}}],"collection":[{"href":"https:\/\/abaa.mx\/tienda\/wp-json\/wp\/v2\/product"}],"about":[{"href":"https:\/\/abaa.mx\/tienda\/wp-json\/wp\/v2\/types\/product"}],"replies":[{"embeddable":true,"href":"https:\/\/abaa.mx\/tienda\/wp-json\/wp\/v2\/comments?post=10141"}],"wp:featuredmedia":[{"embeddable":true,"href":"https:\/\/abaa.mx\/tienda\/wp-json\/wp\/v2\/media\/10142"}],"wp:attachment":[{"href":"https:\/\/abaa.mx\/tienda\/wp-json\/wp\/v2\/media?parent=10141"}],"wp:term":[{"taxonomy":"product_brand","embeddable":true,"href":"https:\/\/abaa.mx\/tienda\/wp-json\/wp\/v2\/product_brand?post=10141"},{"taxonomy":"product_cat","embeddable":true,"href":"https:\/\/abaa.mx\/tienda\/wp-json\/wp\/v2\/product_cat?post=10141"},{"taxonomy":"product_tag","embeddable":true,"href":"https:\/\/abaa.mx\/tienda\/wp-json\/wp\/v2\/product_tag?post=10141"}],"curies":[{"name":"wp","href":"https:\/\/api.w.org\/{rel}","templated":true}]}}