{"id":10111,"date":"2024-01-08T20:04:30","date_gmt":"2024-01-08T20:04:30","guid":{"rendered":"https:\/\/abaa.mx\/tienda\/?post_type=product&#038;p=10111"},"modified":"2024-01-08T20:04:30","modified_gmt":"2024-01-08T20:04:30","slug":"ex730-multiamperimetro-de-gancho-800-rms-termometro-k","status":"publish","type":"product","link":"https:\/\/abaa.mx\/tienda\/ex730-multiamperimetro-de-gancho-800-rms-termometro-k\/","title":{"rendered":"Ex730 &#8211; multiamperimetro de gancho 800-rms-termometro (k)"},"content":{"rendered":"<p>Ex730 &#8211; multiamperimetro de gancho 800-rms-termometro (k)<\/p>\n","protected":false},"excerpt":{"rendered":"<div><strong>Seguridad:<\/strong><\/div>\n<ul>\n<li>No exceda la escala m\u00e1xima de alimentaci\u00f3n permitida para cualquier funci\u00f3n.<\/li>\n<li>No aplique voltaje al medidor cuando est\u00e9 seleccionada la funci\u00f3n de resistencia.<\/li>\n<li>Cuando el medidor no est\u00e9 en uso fije el selector de funci\u00f3n en OFF.<\/li>\n<li>Quite la bater\u00eda del medidor si no lo va a usar durante per\u00edodos mayores a 60 d\u00edas.<\/li>\n<\/ul>\n<p><strong>Advertencia:<\/strong><\/p>\n<ul>\n<li>Fije el selector de funci\u00f3n en la posici\u00f3n apropiada antes de tomar alguna medida.<\/li>\n<li>Cuando mida voltios no cambie al modo de corriente o resistencia.<\/li>\n<li>No mida corriente en un circuito cuyo voltaje exceda 600V.<\/li>\n<li>Cuando cambie escalas siempre desconecte los cables de prueba del circuito bajo prueba.<\/li>\n<\/ul>\n","protected":false},"featured_media":10121,"comment_status":"open","ping_status":"closed","template":"","meta":{"_joinchat":[]},"product_brand":[],"product_cat":[15],"product_tag":[],"class_list":{"0":"post-10111","1":"product","2":"type-product","3":"status-publish","4":"has-post-thumbnail","6":"product_cat-sin-categorizar","8":"first","9":"instock","10":"shipping-taxable","11":"product-type-simple"},"yoast_head":"<!-- This site is optimized with the Yoast SEO plugin v26.4 - https:\/\/yoast.com\/wordpress\/plugins\/seo\/ -->\n<title>Ex730 - multiamperimetro de gancho 800-rms-termometro (k) - Abaa tienda online<\/title>\n<meta name=\"robots\" content=\"index, follow, max-snippet:-1, max-image-preview:large, max-video-preview:-1\" \/>\n<link rel=\"canonical\" href=\"https:\/\/abaa.mx\/tienda\/ex730-multiamperimetro-de-gancho-800-rms-termometro-k\/\" \/>\n<meta property=\"og:locale\" content=\"es_MX\" \/>\n<meta property=\"og:type\" content=\"article\" \/>\n<meta property=\"og:title\" content=\"Ex730 - multiamperimetro de gancho 800-rms-termometro (k) - Abaa tienda online\" \/>\n<meta property=\"og:description\" content=\"Seguridad:   No exceda la escala m\u00e1xima de alimentaci\u00f3n permitida para cualquier funci\u00f3n.  No aplique voltaje al medidor cuando est\u00e9 seleccionada la funci\u00f3n de resistencia.  Cuando el medidor no est\u00e9 en uso fije el selector de funci\u00f3n en OFF.  Quite la bater\u00eda del medidor si no lo va a usar durante per\u00edodos mayores a 60 d\u00edas.  Advertencia:   Fije el selector de funci\u00f3n en la posici\u00f3n apropiada antes de tomar alguna medida.  Cuando mida voltios no cambie al modo de corriente o resistencia.  No mida corriente en un circuito cuyo voltaje exceda 600V.  Cuando cambie escalas siempre desconecte los cables de prueba del circuito bajo prueba.\" \/>\n<meta property=\"og:url\" content=\"https:\/\/abaa.mx\/tienda\/ex730-multiamperimetro-de-gancho-800-rms-termometro-k\/\" \/>\n<meta property=\"og:site_name\" content=\"Abaa tienda online\" \/>\n<meta property=\"og:image\" content=\"https:\/\/abaa.mx\/tienda\/wp-content\/uploads\/2024\/01\/EX730-\u2014-MULTIAMPERIMETRO.jpg\" \/>\n\t<meta property=\"og:image:width\" content=\"929\" \/>\n\t<meta property=\"og:image:height\" content=\"800\" \/>\n\t<meta property=\"og:image:type\" content=\"image\/jpeg\" \/>\n<meta name=\"twitter:card\" content=\"summary_large_image\" \/>\n<meta name=\"twitter:label1\" content=\"Tiempo de lectura\" \/>\n\t<meta name=\"twitter:data1\" content=\"1 minuto\" \/>\n<script type=\"application\/ld+json\" class=\"yoast-schema-graph\">{\"@context\":\"https:\/\/schema.org\",\"@graph\":[{\"@type\":\"WebPage\",\"@id\":\"https:\/\/abaa.mx\/tienda\/ex730-multiamperimetro-de-gancho-800-rms-termometro-k\/\",\"url\":\"https:\/\/abaa.mx\/tienda\/ex730-multiamperimetro-de-gancho-800-rms-termometro-k\/\",\"name\":\"Ex730 - multiamperimetro de gancho 800-rms-termometro (k) - Abaa tienda online\",\"isPartOf\":{\"@id\":\"https:\/\/abaa.mx\/tienda\/#website\"},\"primaryImageOfPage\":{\"@id\":\"https:\/\/abaa.mx\/tienda\/ex730-multiamperimetro-de-gancho-800-rms-termometro-k\/#primaryimage\"},\"image\":{\"@id\":\"https:\/\/abaa.mx\/tienda\/ex730-multiamperimetro-de-gancho-800-rms-termometro-k\/#primaryimage\"},\"thumbnailUrl\":\"https:\/\/abaa.mx\/tienda\/wp-content\/uploads\/2024\/01\/EX730-\u2014-MULTIAMPERIMETRO.jpg\",\"datePublished\":\"2024-01-08T20:04:30+00:00\",\"breadcrumb\":{\"@id\":\"https:\/\/abaa.mx\/tienda\/ex730-multiamperimetro-de-gancho-800-rms-termometro-k\/#breadcrumb\"},\"inLanguage\":\"es\",\"potentialAction\":[{\"@type\":\"ReadAction\",\"target\":[\"https:\/\/abaa.mx\/tienda\/ex730-multiamperimetro-de-gancho-800-rms-termometro-k\/\"]}]},{\"@type\":\"ImageObject\",\"inLanguage\":\"es\",\"@id\":\"https:\/\/abaa.mx\/tienda\/ex730-multiamperimetro-de-gancho-800-rms-termometro-k\/#primaryimage\",\"url\":\"https:\/\/abaa.mx\/tienda\/wp-content\/uploads\/2024\/01\/EX730-\u2014-MULTIAMPERIMETRO.jpg\",\"contentUrl\":\"https:\/\/abaa.mx\/tienda\/wp-content\/uploads\/2024\/01\/EX730-\u2014-MULTIAMPERIMETRO.jpg\",\"width\":929,\"height\":800,\"caption\":\"EX730 \u2014 MULTIAMPERIMETRO\"},{\"@type\":\"BreadcrumbList\",\"@id\":\"https:\/\/abaa.mx\/tienda\/ex730-multiamperimetro-de-gancho-800-rms-termometro-k\/#breadcrumb\",\"itemListElement\":[{\"@type\":\"ListItem\",\"position\":1,\"name\":\"Inicio\",\"item\":\"https:\/\/abaa.mx\/tienda\/\"},{\"@type\":\"ListItem\",\"position\":2,\"name\":\"Tienda\",\"item\":\"https:\/\/abaa.mx\/tienda\/\"},{\"@type\":\"ListItem\",\"position\":3,\"name\":\"Ex730 &#8211; multiamperimetro de gancho 800-rms-termometro (k)\"}]},{\"@type\":\"WebSite\",\"@id\":\"https:\/\/abaa.mx\/tienda\/#website\",\"url\":\"https:\/\/abaa.mx\/tienda\/\",\"name\":\"Abaa tienda online\",\"description\":\"Instrumentos de medici\u00f3n\",\"publisher\":{\"@id\":\"https:\/\/abaa.mx\/tienda\/#organization\"},\"potentialAction\":[{\"@type\":\"SearchAction\",\"target\":{\"@type\":\"EntryPoint\",\"urlTemplate\":\"https:\/\/abaa.mx\/tienda\/?s={search_term_string}\"},\"query-input\":{\"@type\":\"PropertyValueSpecification\",\"valueRequired\":true,\"valueName\":\"search_term_string\"}}],\"inLanguage\":\"es\"},{\"@type\":\"Organization\",\"@id\":\"https:\/\/abaa.mx\/tienda\/#organization\",\"name\":\"Abaa tienda online\",\"url\":\"https:\/\/abaa.mx\/tienda\/\",\"logo\":{\"@type\":\"ImageObject\",\"inLanguage\":\"es\",\"@id\":\"https:\/\/abaa.mx\/tienda\/#\/schema\/logo\/image\/\",\"url\":\"https:\/\/abaa.mx\/tienda\/wp-content\/uploads\/2024\/01\/abaa-metrologia-tienda.png\",\"contentUrl\":\"https:\/\/abaa.mx\/tienda\/wp-content\/uploads\/2024\/01\/abaa-metrologia-tienda.png\",\"width\":300,\"height\":141,\"caption\":\"Abaa tienda online\"},\"image\":{\"@id\":\"https:\/\/abaa.mx\/tienda\/#\/schema\/logo\/image\/\"}}]}<\/script>\n<!-- \/ Yoast SEO plugin. -->","yoast_head_json":{"title":"Ex730 - multiamperimetro de gancho 800-rms-termometro (k) - Abaa tienda online","robots":{"index":"index","follow":"follow","max-snippet":"max-snippet:-1","max-image-preview":"max-image-preview:large","max-video-preview":"max-video-preview:-1"},"canonical":"https:\/\/abaa.mx\/tienda\/ex730-multiamperimetro-de-gancho-800-rms-termometro-k\/","og_locale":"es_MX","og_type":"article","og_title":"Ex730 - multiamperimetro de gancho 800-rms-termometro (k) - Abaa tienda online","og_description":"Seguridad:   No exceda la escala m\u00e1xima de alimentaci\u00f3n permitida para cualquier funci\u00f3n.  No aplique voltaje al medidor cuando est\u00e9 seleccionada la funci\u00f3n de resistencia.  Cuando el medidor no est\u00e9 en uso fije el selector de funci\u00f3n en OFF.  Quite la bater\u00eda del medidor si no lo va a usar durante per\u00edodos mayores a 60 d\u00edas.  Advertencia:   Fije el selector de funci\u00f3n en la posici\u00f3n apropiada antes de tomar alguna medida.  Cuando mida voltios no cambie al modo de corriente o resistencia.  No mida corriente en un circuito cuyo voltaje exceda 600V.  Cuando cambie escalas siempre desconecte los cables de prueba del circuito bajo prueba.","og_url":"https:\/\/abaa.mx\/tienda\/ex730-multiamperimetro-de-gancho-800-rms-termometro-k\/","og_site_name":"Abaa tienda online","og_image":[{"width":929,"height":800,"url":"https:\/\/abaa.mx\/tienda\/wp-content\/uploads\/2024\/01\/EX730-\u2014-MULTIAMPERIMETRO.jpg","type":"image\/jpeg"}],"twitter_card":"summary_large_image","twitter_misc":{"Tiempo de lectura":"1 minuto"},"schema":{"@context":"https:\/\/schema.org","@graph":[{"@type":"WebPage","@id":"https:\/\/abaa.mx\/tienda\/ex730-multiamperimetro-de-gancho-800-rms-termometro-k\/","url":"https:\/\/abaa.mx\/tienda\/ex730-multiamperimetro-de-gancho-800-rms-termometro-k\/","name":"Ex730 - multiamperimetro de gancho 800-rms-termometro (k) - Abaa tienda online","isPartOf":{"@id":"https:\/\/abaa.mx\/tienda\/#website"},"primaryImageOfPage":{"@id":"https:\/\/abaa.mx\/tienda\/ex730-multiamperimetro-de-gancho-800-rms-termometro-k\/#primaryimage"},"image":{"@id":"https:\/\/abaa.mx\/tienda\/ex730-multiamperimetro-de-gancho-800-rms-termometro-k\/#primaryimage"},"thumbnailUrl":"https:\/\/abaa.mx\/tienda\/wp-content\/uploads\/2024\/01\/EX730-\u2014-MULTIAMPERIMETRO.jpg","datePublished":"2024-01-08T20:04:30+00:00","breadcrumb":{"@id":"https:\/\/abaa.mx\/tienda\/ex730-multiamperimetro-de-gancho-800-rms-termometro-k\/#breadcrumb"},"inLanguage":"es","potentialAction":[{"@type":"ReadAction","target":["https:\/\/abaa.mx\/tienda\/ex730-multiamperimetro-de-gancho-800-rms-termometro-k\/"]}]},{"@type":"ImageObject","inLanguage":"es","@id":"https:\/\/abaa.mx\/tienda\/ex730-multiamperimetro-de-gancho-800-rms-termometro-k\/#primaryimage","url":"https:\/\/abaa.mx\/tienda\/wp-content\/uploads\/2024\/01\/EX730-\u2014-MULTIAMPERIMETRO.jpg","contentUrl":"https:\/\/abaa.mx\/tienda\/wp-content\/uploads\/2024\/01\/EX730-\u2014-MULTIAMPERIMETRO.jpg","width":929,"height":800,"caption":"EX730 \u2014 MULTIAMPERIMETRO"},{"@type":"BreadcrumbList","@id":"https:\/\/abaa.mx\/tienda\/ex730-multiamperimetro-de-gancho-800-rms-termometro-k\/#breadcrumb","itemListElement":[{"@type":"ListItem","position":1,"name":"Inicio","item":"https:\/\/abaa.mx\/tienda\/"},{"@type":"ListItem","position":2,"name":"Tienda","item":"https:\/\/abaa.mx\/tienda\/"},{"@type":"ListItem","position":3,"name":"Ex730 &#8211; multiamperimetro de gancho 800-rms-termometro (k)"}]},{"@type":"WebSite","@id":"https:\/\/abaa.mx\/tienda\/#website","url":"https:\/\/abaa.mx\/tienda\/","name":"Abaa tienda online","description":"Instrumentos de medici\u00f3n","publisher":{"@id":"https:\/\/abaa.mx\/tienda\/#organization"},"potentialAction":[{"@type":"SearchAction","target":{"@type":"EntryPoint","urlTemplate":"https:\/\/abaa.mx\/tienda\/?s={search_term_string}"},"query-input":{"@type":"PropertyValueSpecification","valueRequired":true,"valueName":"search_term_string"}}],"inLanguage":"es"},{"@type":"Organization","@id":"https:\/\/abaa.mx\/tienda\/#organization","name":"Abaa tienda online","url":"https:\/\/abaa.mx\/tienda\/","logo":{"@type":"ImageObject","inLanguage":"es","@id":"https:\/\/abaa.mx\/tienda\/#\/schema\/logo\/image\/","url":"https:\/\/abaa.mx\/tienda\/wp-content\/uploads\/2024\/01\/abaa-metrologia-tienda.png","contentUrl":"https:\/\/abaa.mx\/tienda\/wp-content\/uploads\/2024\/01\/abaa-metrologia-tienda.png","width":300,"height":141,"caption":"Abaa tienda online"},"image":{"@id":"https:\/\/abaa.mx\/tienda\/#\/schema\/logo\/image\/"}}]}},"_links":{"self":[{"href":"https:\/\/abaa.mx\/tienda\/wp-json\/wp\/v2\/product\/10111","targetHints":{"allow":["GET"]}}],"collection":[{"href":"https:\/\/abaa.mx\/tienda\/wp-json\/wp\/v2\/product"}],"about":[{"href":"https:\/\/abaa.mx\/tienda\/wp-json\/wp\/v2\/types\/product"}],"replies":[{"embeddable":true,"href":"https:\/\/abaa.mx\/tienda\/wp-json\/wp\/v2\/comments?post=10111"}],"wp:featuredmedia":[{"embeddable":true,"href":"https:\/\/abaa.mx\/tienda\/wp-json\/wp\/v2\/media\/10121"}],"wp:attachment":[{"href":"https:\/\/abaa.mx\/tienda\/wp-json\/wp\/v2\/media?parent=10111"}],"wp:term":[{"taxonomy":"product_brand","embeddable":true,"href":"https:\/\/abaa.mx\/tienda\/wp-json\/wp\/v2\/product_brand?post=10111"},{"taxonomy":"product_cat","embeddable":true,"href":"https:\/\/abaa.mx\/tienda\/wp-json\/wp\/v2\/product_cat?post=10111"},{"taxonomy":"product_tag","embeddable":true,"href":"https:\/\/abaa.mx\/tienda\/wp-json\/wp\/v2\/product_tag?post=10111"}],"curies":[{"name":"wp","href":"https:\/\/api.w.org\/{rel}","templated":true}]}}