{"id":10108,"date":"2024-01-08T18:01:33","date_gmt":"2024-01-08T18:01:33","guid":{"rendered":"https:\/\/abaa.mx\/tienda\/?post_type=product&#038;p=10108"},"modified":"2024-01-08T18:01:34","modified_gmt":"2024-01-08T18:01:34","slug":"cm46-multiamperimetro-de-gancho","status":"publish","type":"product","link":"https:\/\/abaa.mx\/tienda\/cm46-multiamperimetro-de-gancho\/","title":{"rendered":"Cm46 &#8211; multiamperimetro de gancho"},"content":{"rendered":"<p>Cm46 &#8211; multiamperimetro de gancho.<\/p>\n","protected":false},"excerpt":{"rendered":"<p><strong>Caracter\u00edsticas:<\/strong><\/p>\n<p>El medidor de pinzas FLIR CM46 est\u00e1 dise\u00f1ado para electricistas comerciales y residenciales. Con medici\u00f3n de corriente alterna y corriente continua, cada medidor est\u00e1 equipado con una brillante pantalla retroiluminada para facilitar su uso dentro de los paneles el\u00e9ctricos. La tecnolog\u00eda Accu-Tip\u2122 proporciona mediciones de intensidad m\u00e1s precisas en cables de menor calibre: hasta d\u00e9cimas. El medidor tambi\u00e9n ofrece grabaci\u00f3n M\u00c1X\/M\u00cdN\/PROMEDIA; mide DC\u00b5A, temperatura, capacitancia y frecuencia; y tiene funcionalidad detecci\u00f3n de campo el\u00e9ctrico para ayudarle a determinar la presencia de voltaje y la fuerza relativa del campo.<\/p>\n","protected":false},"featured_media":10110,"comment_status":"open","ping_status":"closed","template":"","meta":{"_joinchat":[]},"product_brand":[],"product_cat":[15],"product_tag":[],"class_list":{"0":"post-10108","1":"product","2":"type-product","3":"status-publish","4":"has-post-thumbnail","6":"product_cat-sin-categorizar","8":"first","9":"instock","10":"shipping-taxable","11":"product-type-simple"},"yoast_head":"<!-- This site is optimized with the Yoast SEO plugin v26.4 - https:\/\/yoast.com\/wordpress\/plugins\/seo\/ -->\n<title>Cm46 - multiamperimetro de gancho - Abaa tienda online<\/title>\n<meta name=\"robots\" content=\"index, follow, max-snippet:-1, max-image-preview:large, max-video-preview:-1\" \/>\n<link rel=\"canonical\" href=\"https:\/\/abaa.mx\/tienda\/cm46-multiamperimetro-de-gancho\/\" \/>\n<meta property=\"og:locale\" content=\"es_MX\" \/>\n<meta property=\"og:type\" content=\"article\" \/>\n<meta property=\"og:title\" content=\"Cm46 - multiamperimetro de gancho - Abaa tienda online\" \/>\n<meta property=\"og:description\" content=\"Caracter\u00edsticas:  El medidor de pinzas FLIR CM46 est\u00e1 dise\u00f1ado para electricistas comerciales y residenciales. Con medici\u00f3n de corriente alterna y corriente continua, cada medidor est\u00e1 equipado con una brillante pantalla retroiluminada para facilitar su uso dentro de los paneles el\u00e9ctricos. La tecnolog\u00eda Accu-Tip\u2122 proporciona mediciones de intensidad m\u00e1s precisas en cables de menor calibre: hasta d\u00e9cimas. El medidor tambi\u00e9n ofrece grabaci\u00f3n M\u00c1X\/M\u00cdN\/PROMEDIA; mide DC\u00b5A, temperatura, capacitancia y frecuencia; y tiene funcionalidad detecci\u00f3n de campo el\u00e9ctrico para ayudarle a determinar la presencia de voltaje y la fuerza relativa del campo.\" \/>\n<meta property=\"og:url\" content=\"https:\/\/abaa.mx\/tienda\/cm46-multiamperimetro-de-gancho\/\" \/>\n<meta property=\"og:site_name\" content=\"Abaa tienda online\" \/>\n<meta property=\"article:modified_time\" content=\"2024-01-08T18:01:34+00:00\" \/>\n<meta property=\"og:image\" content=\"https:\/\/abaa.mx\/tienda\/wp-content\/uploads\/2024\/01\/FLIR-CM46.jpg\" \/>\n\t<meta property=\"og:image:width\" content=\"358\" \/>\n\t<meta property=\"og:image:height\" content=\"517\" \/>\n\t<meta property=\"og:image:type\" content=\"image\/jpeg\" \/>\n<meta name=\"twitter:card\" content=\"summary_large_image\" \/>\n<meta name=\"twitter:label1\" content=\"Tiempo de lectura\" \/>\n\t<meta name=\"twitter:data1\" content=\"1 minuto\" \/>\n<script type=\"application\/ld+json\" class=\"yoast-schema-graph\">{\"@context\":\"https:\/\/schema.org\",\"@graph\":[{\"@type\":\"WebPage\",\"@id\":\"https:\/\/abaa.mx\/tienda\/cm46-multiamperimetro-de-gancho\/\",\"url\":\"https:\/\/abaa.mx\/tienda\/cm46-multiamperimetro-de-gancho\/\",\"name\":\"Cm46 - multiamperimetro de gancho - Abaa tienda online\",\"isPartOf\":{\"@id\":\"https:\/\/abaa.mx\/tienda\/#website\"},\"primaryImageOfPage\":{\"@id\":\"https:\/\/abaa.mx\/tienda\/cm46-multiamperimetro-de-gancho\/#primaryimage\"},\"image\":{\"@id\":\"https:\/\/abaa.mx\/tienda\/cm46-multiamperimetro-de-gancho\/#primaryimage\"},\"thumbnailUrl\":\"https:\/\/abaa.mx\/tienda\/wp-content\/uploads\/2024\/01\/FLIR-CM46.jpg\",\"datePublished\":\"2024-01-08T18:01:33+00:00\",\"dateModified\":\"2024-01-08T18:01:34+00:00\",\"breadcrumb\":{\"@id\":\"https:\/\/abaa.mx\/tienda\/cm46-multiamperimetro-de-gancho\/#breadcrumb\"},\"inLanguage\":\"es\",\"potentialAction\":[{\"@type\":\"ReadAction\",\"target\":[\"https:\/\/abaa.mx\/tienda\/cm46-multiamperimetro-de-gancho\/\"]}]},{\"@type\":\"ImageObject\",\"inLanguage\":\"es\",\"@id\":\"https:\/\/abaa.mx\/tienda\/cm46-multiamperimetro-de-gancho\/#primaryimage\",\"url\":\"https:\/\/abaa.mx\/tienda\/wp-content\/uploads\/2024\/01\/FLIR-CM46.jpg\",\"contentUrl\":\"https:\/\/abaa.mx\/tienda\/wp-content\/uploads\/2024\/01\/FLIR-CM46.jpg\",\"width\":358,\"height\":517,\"caption\":\"FLIR-CM46\"},{\"@type\":\"BreadcrumbList\",\"@id\":\"https:\/\/abaa.mx\/tienda\/cm46-multiamperimetro-de-gancho\/#breadcrumb\",\"itemListElement\":[{\"@type\":\"ListItem\",\"position\":1,\"name\":\"Inicio\",\"item\":\"https:\/\/abaa.mx\/tienda\/\"},{\"@type\":\"ListItem\",\"position\":2,\"name\":\"Tienda\",\"item\":\"https:\/\/abaa.mx\/tienda\/\"},{\"@type\":\"ListItem\",\"position\":3,\"name\":\"Cm46 &#8211; multiamperimetro de gancho\"}]},{\"@type\":\"WebSite\",\"@id\":\"https:\/\/abaa.mx\/tienda\/#website\",\"url\":\"https:\/\/abaa.mx\/tienda\/\",\"name\":\"Abaa tienda online\",\"description\":\"Instrumentos de medici\u00f3n\",\"publisher\":{\"@id\":\"https:\/\/abaa.mx\/tienda\/#organization\"},\"potentialAction\":[{\"@type\":\"SearchAction\",\"target\":{\"@type\":\"EntryPoint\",\"urlTemplate\":\"https:\/\/abaa.mx\/tienda\/?s={search_term_string}\"},\"query-input\":{\"@type\":\"PropertyValueSpecification\",\"valueRequired\":true,\"valueName\":\"search_term_string\"}}],\"inLanguage\":\"es\"},{\"@type\":\"Organization\",\"@id\":\"https:\/\/abaa.mx\/tienda\/#organization\",\"name\":\"Abaa tienda online\",\"url\":\"https:\/\/abaa.mx\/tienda\/\",\"logo\":{\"@type\":\"ImageObject\",\"inLanguage\":\"es\",\"@id\":\"https:\/\/abaa.mx\/tienda\/#\/schema\/logo\/image\/\",\"url\":\"https:\/\/abaa.mx\/tienda\/wp-content\/uploads\/2024\/01\/abaa-metrologia-tienda.png\",\"contentUrl\":\"https:\/\/abaa.mx\/tienda\/wp-content\/uploads\/2024\/01\/abaa-metrologia-tienda.png\",\"width\":300,\"height\":141,\"caption\":\"Abaa tienda online\"},\"image\":{\"@id\":\"https:\/\/abaa.mx\/tienda\/#\/schema\/logo\/image\/\"}}]}<\/script>\n<!-- \/ Yoast SEO plugin. -->","yoast_head_json":{"title":"Cm46 - multiamperimetro de gancho - Abaa tienda online","robots":{"index":"index","follow":"follow","max-snippet":"max-snippet:-1","max-image-preview":"max-image-preview:large","max-video-preview":"max-video-preview:-1"},"canonical":"https:\/\/abaa.mx\/tienda\/cm46-multiamperimetro-de-gancho\/","og_locale":"es_MX","og_type":"article","og_title":"Cm46 - multiamperimetro de gancho - Abaa tienda online","og_description":"Caracter\u00edsticas:  El medidor de pinzas FLIR CM46 est\u00e1 dise\u00f1ado para electricistas comerciales y residenciales. Con medici\u00f3n de corriente alterna y corriente continua, cada medidor est\u00e1 equipado con una brillante pantalla retroiluminada para facilitar su uso dentro de los paneles el\u00e9ctricos. La tecnolog\u00eda Accu-Tip\u2122 proporciona mediciones de intensidad m\u00e1s precisas en cables de menor calibre: hasta d\u00e9cimas. El medidor tambi\u00e9n ofrece grabaci\u00f3n M\u00c1X\/M\u00cdN\/PROMEDIA; mide DC\u00b5A, temperatura, capacitancia y frecuencia; y tiene funcionalidad detecci\u00f3n de campo el\u00e9ctrico para ayudarle a determinar la presencia de voltaje y la fuerza relativa del campo.","og_url":"https:\/\/abaa.mx\/tienda\/cm46-multiamperimetro-de-gancho\/","og_site_name":"Abaa tienda online","article_modified_time":"2024-01-08T18:01:34+00:00","og_image":[{"width":358,"height":517,"url":"https:\/\/abaa.mx\/tienda\/wp-content\/uploads\/2024\/01\/FLIR-CM46.jpg","type":"image\/jpeg"}],"twitter_card":"summary_large_image","twitter_misc":{"Tiempo de lectura":"1 minuto"},"schema":{"@context":"https:\/\/schema.org","@graph":[{"@type":"WebPage","@id":"https:\/\/abaa.mx\/tienda\/cm46-multiamperimetro-de-gancho\/","url":"https:\/\/abaa.mx\/tienda\/cm46-multiamperimetro-de-gancho\/","name":"Cm46 - multiamperimetro de gancho - Abaa tienda online","isPartOf":{"@id":"https:\/\/abaa.mx\/tienda\/#website"},"primaryImageOfPage":{"@id":"https:\/\/abaa.mx\/tienda\/cm46-multiamperimetro-de-gancho\/#primaryimage"},"image":{"@id":"https:\/\/abaa.mx\/tienda\/cm46-multiamperimetro-de-gancho\/#primaryimage"},"thumbnailUrl":"https:\/\/abaa.mx\/tienda\/wp-content\/uploads\/2024\/01\/FLIR-CM46.jpg","datePublished":"2024-01-08T18:01:33+00:00","dateModified":"2024-01-08T18:01:34+00:00","breadcrumb":{"@id":"https:\/\/abaa.mx\/tienda\/cm46-multiamperimetro-de-gancho\/#breadcrumb"},"inLanguage":"es","potentialAction":[{"@type":"ReadAction","target":["https:\/\/abaa.mx\/tienda\/cm46-multiamperimetro-de-gancho\/"]}]},{"@type":"ImageObject","inLanguage":"es","@id":"https:\/\/abaa.mx\/tienda\/cm46-multiamperimetro-de-gancho\/#primaryimage","url":"https:\/\/abaa.mx\/tienda\/wp-content\/uploads\/2024\/01\/FLIR-CM46.jpg","contentUrl":"https:\/\/abaa.mx\/tienda\/wp-content\/uploads\/2024\/01\/FLIR-CM46.jpg","width":358,"height":517,"caption":"FLIR-CM46"},{"@type":"BreadcrumbList","@id":"https:\/\/abaa.mx\/tienda\/cm46-multiamperimetro-de-gancho\/#breadcrumb","itemListElement":[{"@type":"ListItem","position":1,"name":"Inicio","item":"https:\/\/abaa.mx\/tienda\/"},{"@type":"ListItem","position":2,"name":"Tienda","item":"https:\/\/abaa.mx\/tienda\/"},{"@type":"ListItem","position":3,"name":"Cm46 &#8211; multiamperimetro de gancho"}]},{"@type":"WebSite","@id":"https:\/\/abaa.mx\/tienda\/#website","url":"https:\/\/abaa.mx\/tienda\/","name":"Abaa tienda online","description":"Instrumentos de medici\u00f3n","publisher":{"@id":"https:\/\/abaa.mx\/tienda\/#organization"},"potentialAction":[{"@type":"SearchAction","target":{"@type":"EntryPoint","urlTemplate":"https:\/\/abaa.mx\/tienda\/?s={search_term_string}"},"query-input":{"@type":"PropertyValueSpecification","valueRequired":true,"valueName":"search_term_string"}}],"inLanguage":"es"},{"@type":"Organization","@id":"https:\/\/abaa.mx\/tienda\/#organization","name":"Abaa tienda online","url":"https:\/\/abaa.mx\/tienda\/","logo":{"@type":"ImageObject","inLanguage":"es","@id":"https:\/\/abaa.mx\/tienda\/#\/schema\/logo\/image\/","url":"https:\/\/abaa.mx\/tienda\/wp-content\/uploads\/2024\/01\/abaa-metrologia-tienda.png","contentUrl":"https:\/\/abaa.mx\/tienda\/wp-content\/uploads\/2024\/01\/abaa-metrologia-tienda.png","width":300,"height":141,"caption":"Abaa tienda online"},"image":{"@id":"https:\/\/abaa.mx\/tienda\/#\/schema\/logo\/image\/"}}]}},"_links":{"self":[{"href":"https:\/\/abaa.mx\/tienda\/wp-json\/wp\/v2\/product\/10108","targetHints":{"allow":["GET"]}}],"collection":[{"href":"https:\/\/abaa.mx\/tienda\/wp-json\/wp\/v2\/product"}],"about":[{"href":"https:\/\/abaa.mx\/tienda\/wp-json\/wp\/v2\/types\/product"}],"replies":[{"embeddable":true,"href":"https:\/\/abaa.mx\/tienda\/wp-json\/wp\/v2\/comments?post=10108"}],"wp:featuredmedia":[{"embeddable":true,"href":"https:\/\/abaa.mx\/tienda\/wp-json\/wp\/v2\/media\/10110"}],"wp:attachment":[{"href":"https:\/\/abaa.mx\/tienda\/wp-json\/wp\/v2\/media?parent=10108"}],"wp:term":[{"taxonomy":"product_brand","embeddable":true,"href":"https:\/\/abaa.mx\/tienda\/wp-json\/wp\/v2\/product_brand?post=10108"},{"taxonomy":"product_cat","embeddable":true,"href":"https:\/\/abaa.mx\/tienda\/wp-json\/wp\/v2\/product_cat?post=10108"},{"taxonomy":"product_tag","embeddable":true,"href":"https:\/\/abaa.mx\/tienda\/wp-json\/wp\/v2\/product_tag?post=10108"}],"curies":[{"name":"wp","href":"https:\/\/api.w.org\/{rel}","templated":true}]}}