{"id":10104,"date":"2024-01-08T17:33:57","date_gmt":"2024-01-08T17:33:57","guid":{"rendered":"https:\/\/abaa.mx\/tienda\/?post_type=product&#038;p=10104"},"modified":"2024-01-08T17:33:58","modified_gmt":"2024-01-08T17:33:58","slug":"ex720-multiamperimetro-de-gancho-800-rms-termometro-k","status":"publish","type":"product","link":"https:\/\/abaa.mx\/tienda\/ex720-multiamperimetro-de-gancho-800-rms-termometro-k\/","title":{"rendered":"Ex720 &#8211; multiamperimetro de gancho 800-rms-termometro (k)"},"content":{"rendered":"<p>Ex720 &#8211; multiamperimetro de gancho 800-rms-termometro (k)<\/p>\n","protected":false},"excerpt":{"rendered":"<h5><strong>Caracter\u00edsticas:<\/strong><\/h5>\n<ul style=\"font-weight: 400;\">\n<li>Las funciones del mult\u00edmetro incluyen corriente CA, voltaje CA\/CC, resistencia, frecuencia, capacitancia, temperatura tipo K, diodo y continuidad.<\/li>\n<li>La funci\u00f3n de pico captura las corrientes de irrupci\u00f3n y los transitorios de tensi\u00f3n.<\/li>\n<li>Mediciones de voltaje y corriente RMS real.<\/li>\n<li>Apertura de mordaza circular de 1,2&#8243; (30 mm) para cables grandes (500 MCM).<\/li>\n<li>Las caracter\u00edsticas incluyen retenci\u00f3n de datos, F\u00b0\/C\u00b0 conmutable, apagado autom\u00e1tico.<\/li>\n<li>Carcasa de doble molde y retroiluminaci\u00f3n de pantalla LED blanca.<\/li>\n<li>Completo con cables de prueba, bater\u00eda de 9 V, sonda de alambre de tal\u00f3n tipo K de uso general y funda para cintur\u00f3n.<\/li>\n<\/ul>\n","protected":false},"featured_media":10106,"comment_status":"open","ping_status":"closed","template":"","meta":{"_joinchat":[]},"product_brand":[],"product_cat":[15],"product_tag":[],"class_list":{"0":"post-10104","1":"product","2":"type-product","3":"status-publish","4":"has-post-thumbnail","6":"product_cat-sin-categorizar","8":"first","9":"instock","10":"shipping-taxable","11":"product-type-simple"},"yoast_head":"<!-- This site is optimized with the Yoast SEO plugin v26.4 - https:\/\/yoast.com\/wordpress\/plugins\/seo\/ -->\n<title>Ex720 - multiamperimetro de gancho 800-rms-termometro (k) - Abaa tienda online<\/title>\n<meta name=\"robots\" content=\"index, follow, max-snippet:-1, max-image-preview:large, max-video-preview:-1\" \/>\n<link rel=\"canonical\" href=\"https:\/\/abaa.mx\/tienda\/ex720-multiamperimetro-de-gancho-800-rms-termometro-k\/\" \/>\n<meta property=\"og:locale\" content=\"es_MX\" \/>\n<meta property=\"og:type\" content=\"article\" \/>\n<meta property=\"og:title\" content=\"Ex720 - multiamperimetro de gancho 800-rms-termometro (k) - Abaa tienda online\" \/>\n<meta property=\"og:description\" content=\"Caracter\u00edsticas:   Las funciones del mult\u00edmetro incluyen corriente CA, voltaje CA\/CC, resistencia, frecuencia, capacitancia, temperatura tipo K, diodo y continuidad.  La funci\u00f3n de pico captura las corrientes de irrupci\u00f3n y los transitorios de tensi\u00f3n.  Mediciones de voltaje y corriente RMS real.  Apertura de mordaza circular de 1,2&quot; (30 mm) para cables grandes (500 MCM).  Las caracter\u00edsticas incluyen retenci\u00f3n de datos, F\u00b0\/C\u00b0 conmutable, apagado autom\u00e1tico.  Carcasa de doble molde y retroiluminaci\u00f3n de pantalla LED blanca.  Completo con cables de prueba, bater\u00eda de 9 V, sonda de alambre de tal\u00f3n tipo K de uso general y funda para cintur\u00f3n.\" \/>\n<meta property=\"og:url\" content=\"https:\/\/abaa.mx\/tienda\/ex720-multiamperimetro-de-gancho-800-rms-termometro-k\/\" \/>\n<meta property=\"og:site_name\" content=\"Abaa tienda online\" \/>\n<meta property=\"article:modified_time\" content=\"2024-01-08T17:33:58+00:00\" \/>\n<meta property=\"og:image\" content=\"https:\/\/abaa.mx\/tienda\/wp-content\/uploads\/2024\/01\/EX720-\u2014-MULTIAMPERIMETRO.jpg\" \/>\n\t<meta property=\"og:image:width\" content=\"1024\" \/>\n\t<meta property=\"og:image:height\" content=\"1024\" \/>\n\t<meta property=\"og:image:type\" content=\"image\/jpeg\" \/>\n<meta name=\"twitter:card\" content=\"summary_large_image\" \/>\n<meta name=\"twitter:label1\" content=\"Tiempo de lectura\" \/>\n\t<meta name=\"twitter:data1\" content=\"1 minuto\" \/>\n<script type=\"application\/ld+json\" class=\"yoast-schema-graph\">{\"@context\":\"https:\/\/schema.org\",\"@graph\":[{\"@type\":\"WebPage\",\"@id\":\"https:\/\/abaa.mx\/tienda\/ex720-multiamperimetro-de-gancho-800-rms-termometro-k\/\",\"url\":\"https:\/\/abaa.mx\/tienda\/ex720-multiamperimetro-de-gancho-800-rms-termometro-k\/\",\"name\":\"Ex720 - multiamperimetro de gancho 800-rms-termometro (k) - Abaa tienda online\",\"isPartOf\":{\"@id\":\"https:\/\/abaa.mx\/tienda\/#website\"},\"primaryImageOfPage\":{\"@id\":\"https:\/\/abaa.mx\/tienda\/ex720-multiamperimetro-de-gancho-800-rms-termometro-k\/#primaryimage\"},\"image\":{\"@id\":\"https:\/\/abaa.mx\/tienda\/ex720-multiamperimetro-de-gancho-800-rms-termometro-k\/#primaryimage\"},\"thumbnailUrl\":\"https:\/\/abaa.mx\/tienda\/wp-content\/uploads\/2024\/01\/EX720-\u2014-MULTIAMPERIMETRO.jpg\",\"datePublished\":\"2024-01-08T17:33:57+00:00\",\"dateModified\":\"2024-01-08T17:33:58+00:00\",\"breadcrumb\":{\"@id\":\"https:\/\/abaa.mx\/tienda\/ex720-multiamperimetro-de-gancho-800-rms-termometro-k\/#breadcrumb\"},\"inLanguage\":\"es\",\"potentialAction\":[{\"@type\":\"ReadAction\",\"target\":[\"https:\/\/abaa.mx\/tienda\/ex720-multiamperimetro-de-gancho-800-rms-termometro-k\/\"]}]},{\"@type\":\"ImageObject\",\"inLanguage\":\"es\",\"@id\":\"https:\/\/abaa.mx\/tienda\/ex720-multiamperimetro-de-gancho-800-rms-termometro-k\/#primaryimage\",\"url\":\"https:\/\/abaa.mx\/tienda\/wp-content\/uploads\/2024\/01\/EX720-\u2014-MULTIAMPERIMETRO.jpg\",\"contentUrl\":\"https:\/\/abaa.mx\/tienda\/wp-content\/uploads\/2024\/01\/EX720-\u2014-MULTIAMPERIMETRO.jpg\",\"width\":1024,\"height\":1024,\"caption\":\"EX720 \u2014 MULTIAMPERIMETRO\"},{\"@type\":\"BreadcrumbList\",\"@id\":\"https:\/\/abaa.mx\/tienda\/ex720-multiamperimetro-de-gancho-800-rms-termometro-k\/#breadcrumb\",\"itemListElement\":[{\"@type\":\"ListItem\",\"position\":1,\"name\":\"Inicio\",\"item\":\"https:\/\/abaa.mx\/tienda\/\"},{\"@type\":\"ListItem\",\"position\":2,\"name\":\"Tienda\",\"item\":\"https:\/\/abaa.mx\/tienda\/\"},{\"@type\":\"ListItem\",\"position\":3,\"name\":\"Ex720 &#8211; multiamperimetro de gancho 800-rms-termometro (k)\"}]},{\"@type\":\"WebSite\",\"@id\":\"https:\/\/abaa.mx\/tienda\/#website\",\"url\":\"https:\/\/abaa.mx\/tienda\/\",\"name\":\"Abaa tienda online\",\"description\":\"Instrumentos de medici\u00f3n\",\"publisher\":{\"@id\":\"https:\/\/abaa.mx\/tienda\/#organization\"},\"potentialAction\":[{\"@type\":\"SearchAction\",\"target\":{\"@type\":\"EntryPoint\",\"urlTemplate\":\"https:\/\/abaa.mx\/tienda\/?s={search_term_string}\"},\"query-input\":{\"@type\":\"PropertyValueSpecification\",\"valueRequired\":true,\"valueName\":\"search_term_string\"}}],\"inLanguage\":\"es\"},{\"@type\":\"Organization\",\"@id\":\"https:\/\/abaa.mx\/tienda\/#organization\",\"name\":\"Abaa tienda online\",\"url\":\"https:\/\/abaa.mx\/tienda\/\",\"logo\":{\"@type\":\"ImageObject\",\"inLanguage\":\"es\",\"@id\":\"https:\/\/abaa.mx\/tienda\/#\/schema\/logo\/image\/\",\"url\":\"https:\/\/abaa.mx\/tienda\/wp-content\/uploads\/2024\/01\/abaa-metrologia-tienda.png\",\"contentUrl\":\"https:\/\/abaa.mx\/tienda\/wp-content\/uploads\/2024\/01\/abaa-metrologia-tienda.png\",\"width\":300,\"height\":141,\"caption\":\"Abaa tienda online\"},\"image\":{\"@id\":\"https:\/\/abaa.mx\/tienda\/#\/schema\/logo\/image\/\"}}]}<\/script>\n<!-- \/ Yoast SEO plugin. -->","yoast_head_json":{"title":"Ex720 - multiamperimetro de gancho 800-rms-termometro (k) - Abaa tienda online","robots":{"index":"index","follow":"follow","max-snippet":"max-snippet:-1","max-image-preview":"max-image-preview:large","max-video-preview":"max-video-preview:-1"},"canonical":"https:\/\/abaa.mx\/tienda\/ex720-multiamperimetro-de-gancho-800-rms-termometro-k\/","og_locale":"es_MX","og_type":"article","og_title":"Ex720 - multiamperimetro de gancho 800-rms-termometro (k) - Abaa tienda online","og_description":"Caracter\u00edsticas:   Las funciones del mult\u00edmetro incluyen corriente CA, voltaje CA\/CC, resistencia, frecuencia, capacitancia, temperatura tipo K, diodo y continuidad.  La funci\u00f3n de pico captura las corrientes de irrupci\u00f3n y los transitorios de tensi\u00f3n.  Mediciones de voltaje y corriente RMS real.  Apertura de mordaza circular de 1,2\" (30 mm) para cables grandes (500 MCM).  Las caracter\u00edsticas incluyen retenci\u00f3n de datos, F\u00b0\/C\u00b0 conmutable, apagado autom\u00e1tico.  Carcasa de doble molde y retroiluminaci\u00f3n de pantalla LED blanca.  Completo con cables de prueba, bater\u00eda de 9 V, sonda de alambre de tal\u00f3n tipo K de uso general y funda para cintur\u00f3n.","og_url":"https:\/\/abaa.mx\/tienda\/ex720-multiamperimetro-de-gancho-800-rms-termometro-k\/","og_site_name":"Abaa tienda online","article_modified_time":"2024-01-08T17:33:58+00:00","og_image":[{"width":1024,"height":1024,"url":"https:\/\/abaa.mx\/tienda\/wp-content\/uploads\/2024\/01\/EX720-\u2014-MULTIAMPERIMETRO.jpg","type":"image\/jpeg"}],"twitter_card":"summary_large_image","twitter_misc":{"Tiempo de lectura":"1 minuto"},"schema":{"@context":"https:\/\/schema.org","@graph":[{"@type":"WebPage","@id":"https:\/\/abaa.mx\/tienda\/ex720-multiamperimetro-de-gancho-800-rms-termometro-k\/","url":"https:\/\/abaa.mx\/tienda\/ex720-multiamperimetro-de-gancho-800-rms-termometro-k\/","name":"Ex720 - multiamperimetro de gancho 800-rms-termometro (k) - Abaa tienda online","isPartOf":{"@id":"https:\/\/abaa.mx\/tienda\/#website"},"primaryImageOfPage":{"@id":"https:\/\/abaa.mx\/tienda\/ex720-multiamperimetro-de-gancho-800-rms-termometro-k\/#primaryimage"},"image":{"@id":"https:\/\/abaa.mx\/tienda\/ex720-multiamperimetro-de-gancho-800-rms-termometro-k\/#primaryimage"},"thumbnailUrl":"https:\/\/abaa.mx\/tienda\/wp-content\/uploads\/2024\/01\/EX720-\u2014-MULTIAMPERIMETRO.jpg","datePublished":"2024-01-08T17:33:57+00:00","dateModified":"2024-01-08T17:33:58+00:00","breadcrumb":{"@id":"https:\/\/abaa.mx\/tienda\/ex720-multiamperimetro-de-gancho-800-rms-termometro-k\/#breadcrumb"},"inLanguage":"es","potentialAction":[{"@type":"ReadAction","target":["https:\/\/abaa.mx\/tienda\/ex720-multiamperimetro-de-gancho-800-rms-termometro-k\/"]}]},{"@type":"ImageObject","inLanguage":"es","@id":"https:\/\/abaa.mx\/tienda\/ex720-multiamperimetro-de-gancho-800-rms-termometro-k\/#primaryimage","url":"https:\/\/abaa.mx\/tienda\/wp-content\/uploads\/2024\/01\/EX720-\u2014-MULTIAMPERIMETRO.jpg","contentUrl":"https:\/\/abaa.mx\/tienda\/wp-content\/uploads\/2024\/01\/EX720-\u2014-MULTIAMPERIMETRO.jpg","width":1024,"height":1024,"caption":"EX720 \u2014 MULTIAMPERIMETRO"},{"@type":"BreadcrumbList","@id":"https:\/\/abaa.mx\/tienda\/ex720-multiamperimetro-de-gancho-800-rms-termometro-k\/#breadcrumb","itemListElement":[{"@type":"ListItem","position":1,"name":"Inicio","item":"https:\/\/abaa.mx\/tienda\/"},{"@type":"ListItem","position":2,"name":"Tienda","item":"https:\/\/abaa.mx\/tienda\/"},{"@type":"ListItem","position":3,"name":"Ex720 &#8211; multiamperimetro de gancho 800-rms-termometro (k)"}]},{"@type":"WebSite","@id":"https:\/\/abaa.mx\/tienda\/#website","url":"https:\/\/abaa.mx\/tienda\/","name":"Abaa tienda online","description":"Instrumentos de medici\u00f3n","publisher":{"@id":"https:\/\/abaa.mx\/tienda\/#organization"},"potentialAction":[{"@type":"SearchAction","target":{"@type":"EntryPoint","urlTemplate":"https:\/\/abaa.mx\/tienda\/?s={search_term_string}"},"query-input":{"@type":"PropertyValueSpecification","valueRequired":true,"valueName":"search_term_string"}}],"inLanguage":"es"},{"@type":"Organization","@id":"https:\/\/abaa.mx\/tienda\/#organization","name":"Abaa tienda online","url":"https:\/\/abaa.mx\/tienda\/","logo":{"@type":"ImageObject","inLanguage":"es","@id":"https:\/\/abaa.mx\/tienda\/#\/schema\/logo\/image\/","url":"https:\/\/abaa.mx\/tienda\/wp-content\/uploads\/2024\/01\/abaa-metrologia-tienda.png","contentUrl":"https:\/\/abaa.mx\/tienda\/wp-content\/uploads\/2024\/01\/abaa-metrologia-tienda.png","width":300,"height":141,"caption":"Abaa tienda online"},"image":{"@id":"https:\/\/abaa.mx\/tienda\/#\/schema\/logo\/image\/"}}]}},"_links":{"self":[{"href":"https:\/\/abaa.mx\/tienda\/wp-json\/wp\/v2\/product\/10104","targetHints":{"allow":["GET"]}}],"collection":[{"href":"https:\/\/abaa.mx\/tienda\/wp-json\/wp\/v2\/product"}],"about":[{"href":"https:\/\/abaa.mx\/tienda\/wp-json\/wp\/v2\/types\/product"}],"replies":[{"embeddable":true,"href":"https:\/\/abaa.mx\/tienda\/wp-json\/wp\/v2\/comments?post=10104"}],"wp:featuredmedia":[{"embeddable":true,"href":"https:\/\/abaa.mx\/tienda\/wp-json\/wp\/v2\/media\/10106"}],"wp:attachment":[{"href":"https:\/\/abaa.mx\/tienda\/wp-json\/wp\/v2\/media?parent=10104"}],"wp:term":[{"taxonomy":"product_brand","embeddable":true,"href":"https:\/\/abaa.mx\/tienda\/wp-json\/wp\/v2\/product_brand?post=10104"},{"taxonomy":"product_cat","embeddable":true,"href":"https:\/\/abaa.mx\/tienda\/wp-json\/wp\/v2\/product_cat?post=10104"},{"taxonomy":"product_tag","embeddable":true,"href":"https:\/\/abaa.mx\/tienda\/wp-json\/wp\/v2\/product_tag?post=10104"}],"curies":[{"name":"wp","href":"https:\/\/api.w.org\/{rel}","templated":true}]}}