{"id":10090,"date":"2024-01-08T16:53:59","date_gmt":"2024-01-08T16:53:59","guid":{"rendered":"https:\/\/abaa.mx\/tienda\/?post_type=product&#038;p=10090"},"modified":"2024-01-08T16:54:00","modified_gmt":"2024-01-08T16:54:00","slug":"multiamperimetro-de-gancho-ac-dc","status":"publish","type":"product","link":"https:\/\/abaa.mx\/tienda\/multiamperimetro-de-gancho-ac-dc\/","title":{"rendered":"Multiamperimetro de gancho ac-dc"},"content":{"rendered":"<p>Multiamperimetro de gancho ac-dc<\/p>\n","protected":false},"excerpt":{"rendered":"<p><strong>Caracter\u00edsticas:<\/strong><\/p>\n<ul>\n<li><span>Mediciones de RMS (media cuadr\u00e1tica) verdadera para mediciones precisas de voltaje y corriente de CA.<\/span><\/li>\n<li><span>Entrada doble para termopar tipo K con funci\u00f3n de temperatura diferencial (T1, T2, T1-T2).<\/span><\/li>\n<li><span>Detector de voltaje sin contacto integrado con alerta LED.<\/span><\/li>\n<li><span>Funci\u00f3n del mult\u00edmetro de CC (\u00b5A) para mediciones de corriente con varillas de ionizaci\u00f3n de calefacci\u00f3n, ventilaci\u00f3n y aire acondicionado.<\/span><\/li>\n<li><span>Retenci\u00f3n de datos, adem\u00e1s de retenci\u00f3n de picos de aumento de corriente durante el arranque del motor.<\/span><\/li>\n<li><span>Funciones del mult\u00edmetro de 40.000 conteos para voltaje de CC, resistencia, capacitancia y frecuencia para una alta resoluci\u00f3n sobre escalas m\u00e1s amplias.<\/span><\/li>\n<li><span>Mide los condensadores para motor hasta 40 000 \u00b5F.<\/span><\/li>\n<li><span>Abertura de la mordaza de 1,25 in (32 mm) para conductores de hasta 500 MCM.<\/span><\/li>\n<li><span>Carcasa moldeada doble resistente.<\/span><\/li>\n<li><span>Apagado autom\u00e1tico con alerta audible y funci\u00f3n de desactivaci\u00f3n.<\/span><\/li>\n<li><span>Determinaci\u00f3n autom\u00e1tica del intervalo con sobremando manual.<\/span><\/li>\n<li><span>Completo con cables de prueba con moldeado doble CAT III-600 V, , bater\u00eda de 9 V, dos sondas tipo K con cord\u00f3n de alambre multiprop\u00f3sito y funda.<\/span><\/li>\n<\/ul>\n","protected":false},"featured_media":10092,"comment_status":"open","ping_status":"closed","template":"","meta":{"_joinchat":[]},"product_brand":[],"product_cat":[15],"product_tag":[],"class_list":{"0":"post-10090","1":"product","2":"type-product","3":"status-publish","4":"has-post-thumbnail","6":"product_cat-sin-categorizar","8":"first","9":"instock","10":"shipping-taxable","11":"product-type-simple"},"yoast_head":"<!-- This site is optimized with the Yoast SEO plugin v26.4 - https:\/\/yoast.com\/wordpress\/plugins\/seo\/ -->\n<title>Multiamperimetro de gancho ac-dc - Abaa tienda online<\/title>\n<meta name=\"robots\" content=\"index, follow, max-snippet:-1, max-image-preview:large, max-video-preview:-1\" \/>\n<link rel=\"canonical\" href=\"https:\/\/abaa.mx\/tienda\/multiamperimetro-de-gancho-ac-dc\/\" \/>\n<meta property=\"og:locale\" content=\"es_MX\" \/>\n<meta property=\"og:type\" content=\"article\" \/>\n<meta property=\"og:title\" content=\"Multiamperimetro de gancho ac-dc - Abaa tienda online\" \/>\n<meta property=\"og:description\" content=\"Caracter\u00edsticas:   Mediciones de RMS (media cuadr\u00e1tica) verdadera para mediciones precisas de voltaje y corriente de CA.  Entrada doble para termopar tipo K con funci\u00f3n de temperatura diferencial (T1, T2, T1-T2).  Detector de voltaje sin contacto integrado con alerta LED.  Funci\u00f3n del mult\u00edmetro de CC (\u00b5A) para mediciones de corriente con varillas de ionizaci\u00f3n de calefacci\u00f3n, ventilaci\u00f3n y aire acondicionado.  Retenci\u00f3n de datos, adem\u00e1s de retenci\u00f3n de picos de aumento de corriente durante el arranque del motor.  Funciones del mult\u00edmetro de 40.000 conteos para voltaje de CC, resistencia, capacitancia y frecuencia para una alta resoluci\u00f3n sobre escalas m\u00e1s amplias.  Mide los condensadores para motor hasta 40 000 \u00b5F.  Abertura de la mordaza de 1,25 in (32 mm) para conductores de hasta 500 MCM.  Carcasa moldeada doble resistente.  Apagado autom\u00e1tico con alerta audible y funci\u00f3n de desactivaci\u00f3n.  Determinaci\u00f3n autom\u00e1tica del intervalo con sobremando manual.  Completo con cables de prueba con moldeado doble CAT III-600 V, , bater\u00eda de 9 V, dos sondas tipo K con cord\u00f3n de alambre multiprop\u00f3sito y funda.\" \/>\n<meta property=\"og:url\" content=\"https:\/\/abaa.mx\/tienda\/multiamperimetro-de-gancho-ac-dc\/\" \/>\n<meta property=\"og:site_name\" content=\"Abaa tienda online\" \/>\n<meta property=\"article:modified_time\" content=\"2024-01-08T16:54:00+00:00\" \/>\n<meta property=\"og:image\" content=\"https:\/\/abaa.mx\/tienda\/wp-content\/uploads\/2024\/01\/MULTIAMPERIMETRO-DE-GANCHO.jpg\" \/>\n\t<meta property=\"og:image:width\" content=\"1024\" \/>\n\t<meta property=\"og:image:height\" content=\"1024\" \/>\n\t<meta property=\"og:image:type\" content=\"image\/jpeg\" \/>\n<meta name=\"twitter:card\" content=\"summary_large_image\" \/>\n<meta name=\"twitter:label1\" content=\"Tiempo de lectura\" \/>\n\t<meta name=\"twitter:data1\" content=\"1 minuto\" \/>\n<script type=\"application\/ld+json\" class=\"yoast-schema-graph\">{\"@context\":\"https:\/\/schema.org\",\"@graph\":[{\"@type\":\"WebPage\",\"@id\":\"https:\/\/abaa.mx\/tienda\/multiamperimetro-de-gancho-ac-dc\/\",\"url\":\"https:\/\/abaa.mx\/tienda\/multiamperimetro-de-gancho-ac-dc\/\",\"name\":\"Multiamperimetro de gancho ac-dc - Abaa tienda online\",\"isPartOf\":{\"@id\":\"https:\/\/abaa.mx\/tienda\/#website\"},\"primaryImageOfPage\":{\"@id\":\"https:\/\/abaa.mx\/tienda\/multiamperimetro-de-gancho-ac-dc\/#primaryimage\"},\"image\":{\"@id\":\"https:\/\/abaa.mx\/tienda\/multiamperimetro-de-gancho-ac-dc\/#primaryimage\"},\"thumbnailUrl\":\"https:\/\/abaa.mx\/tienda\/wp-content\/uploads\/2024\/01\/MULTIAMPERIMETRO-DE-GANCHO.jpg\",\"datePublished\":\"2024-01-08T16:53:59+00:00\",\"dateModified\":\"2024-01-08T16:54:00+00:00\",\"breadcrumb\":{\"@id\":\"https:\/\/abaa.mx\/tienda\/multiamperimetro-de-gancho-ac-dc\/#breadcrumb\"},\"inLanguage\":\"es\",\"potentialAction\":[{\"@type\":\"ReadAction\",\"target\":[\"https:\/\/abaa.mx\/tienda\/multiamperimetro-de-gancho-ac-dc\/\"]}]},{\"@type\":\"ImageObject\",\"inLanguage\":\"es\",\"@id\":\"https:\/\/abaa.mx\/tienda\/multiamperimetro-de-gancho-ac-dc\/#primaryimage\",\"url\":\"https:\/\/abaa.mx\/tienda\/wp-content\/uploads\/2024\/01\/MULTIAMPERIMETRO-DE-GANCHO.jpg\",\"contentUrl\":\"https:\/\/abaa.mx\/tienda\/wp-content\/uploads\/2024\/01\/MULTIAMPERIMETRO-DE-GANCHO.jpg\",\"width\":1024,\"height\":1024,\"caption\":\"MULTIAMPERIMETRO DE GANCHO\"},{\"@type\":\"BreadcrumbList\",\"@id\":\"https:\/\/abaa.mx\/tienda\/multiamperimetro-de-gancho-ac-dc\/#breadcrumb\",\"itemListElement\":[{\"@type\":\"ListItem\",\"position\":1,\"name\":\"Inicio\",\"item\":\"https:\/\/abaa.mx\/tienda\/\"},{\"@type\":\"ListItem\",\"position\":2,\"name\":\"Tienda\",\"item\":\"https:\/\/abaa.mx\/tienda\/\"},{\"@type\":\"ListItem\",\"position\":3,\"name\":\"Multiamperimetro de gancho ac-dc\"}]},{\"@type\":\"WebSite\",\"@id\":\"https:\/\/abaa.mx\/tienda\/#website\",\"url\":\"https:\/\/abaa.mx\/tienda\/\",\"name\":\"Abaa tienda online\",\"description\":\"Instrumentos de medici\u00f3n\",\"publisher\":{\"@id\":\"https:\/\/abaa.mx\/tienda\/#organization\"},\"potentialAction\":[{\"@type\":\"SearchAction\",\"target\":{\"@type\":\"EntryPoint\",\"urlTemplate\":\"https:\/\/abaa.mx\/tienda\/?s={search_term_string}\"},\"query-input\":{\"@type\":\"PropertyValueSpecification\",\"valueRequired\":true,\"valueName\":\"search_term_string\"}}],\"inLanguage\":\"es\"},{\"@type\":\"Organization\",\"@id\":\"https:\/\/abaa.mx\/tienda\/#organization\",\"name\":\"Abaa tienda online\",\"url\":\"https:\/\/abaa.mx\/tienda\/\",\"logo\":{\"@type\":\"ImageObject\",\"inLanguage\":\"es\",\"@id\":\"https:\/\/abaa.mx\/tienda\/#\/schema\/logo\/image\/\",\"url\":\"https:\/\/abaa.mx\/tienda\/wp-content\/uploads\/2024\/01\/abaa-metrologia-tienda.png\",\"contentUrl\":\"https:\/\/abaa.mx\/tienda\/wp-content\/uploads\/2024\/01\/abaa-metrologia-tienda.png\",\"width\":300,\"height\":141,\"caption\":\"Abaa tienda online\"},\"image\":{\"@id\":\"https:\/\/abaa.mx\/tienda\/#\/schema\/logo\/image\/\"}}]}<\/script>\n<!-- \/ Yoast SEO plugin. -->","yoast_head_json":{"title":"Multiamperimetro de gancho ac-dc - Abaa tienda online","robots":{"index":"index","follow":"follow","max-snippet":"max-snippet:-1","max-image-preview":"max-image-preview:large","max-video-preview":"max-video-preview:-1"},"canonical":"https:\/\/abaa.mx\/tienda\/multiamperimetro-de-gancho-ac-dc\/","og_locale":"es_MX","og_type":"article","og_title":"Multiamperimetro de gancho ac-dc - Abaa tienda online","og_description":"Caracter\u00edsticas:   Mediciones de RMS (media cuadr\u00e1tica) verdadera para mediciones precisas de voltaje y corriente de CA.  Entrada doble para termopar tipo K con funci\u00f3n de temperatura diferencial (T1, T2, T1-T2).  Detector de voltaje sin contacto integrado con alerta LED.  Funci\u00f3n del mult\u00edmetro de CC (\u00b5A) para mediciones de corriente con varillas de ionizaci\u00f3n de calefacci\u00f3n, ventilaci\u00f3n y aire acondicionado.  Retenci\u00f3n de datos, adem\u00e1s de retenci\u00f3n de picos de aumento de corriente durante el arranque del motor.  Funciones del mult\u00edmetro de 40.000 conteos para voltaje de CC, resistencia, capacitancia y frecuencia para una alta resoluci\u00f3n sobre escalas m\u00e1s amplias.  Mide los condensadores para motor hasta 40 000 \u00b5F.  Abertura de la mordaza de 1,25 in (32 mm) para conductores de hasta 500 MCM.  Carcasa moldeada doble resistente.  Apagado autom\u00e1tico con alerta audible y funci\u00f3n de desactivaci\u00f3n.  Determinaci\u00f3n autom\u00e1tica del intervalo con sobremando manual.  Completo con cables de prueba con moldeado doble CAT III-600 V, , bater\u00eda de 9 V, dos sondas tipo K con cord\u00f3n de alambre multiprop\u00f3sito y funda.","og_url":"https:\/\/abaa.mx\/tienda\/multiamperimetro-de-gancho-ac-dc\/","og_site_name":"Abaa tienda online","article_modified_time":"2024-01-08T16:54:00+00:00","og_image":[{"width":1024,"height":1024,"url":"https:\/\/abaa.mx\/tienda\/wp-content\/uploads\/2024\/01\/MULTIAMPERIMETRO-DE-GANCHO.jpg","type":"image\/jpeg"}],"twitter_card":"summary_large_image","twitter_misc":{"Tiempo de lectura":"1 minuto"},"schema":{"@context":"https:\/\/schema.org","@graph":[{"@type":"WebPage","@id":"https:\/\/abaa.mx\/tienda\/multiamperimetro-de-gancho-ac-dc\/","url":"https:\/\/abaa.mx\/tienda\/multiamperimetro-de-gancho-ac-dc\/","name":"Multiamperimetro de gancho ac-dc - Abaa tienda online","isPartOf":{"@id":"https:\/\/abaa.mx\/tienda\/#website"},"primaryImageOfPage":{"@id":"https:\/\/abaa.mx\/tienda\/multiamperimetro-de-gancho-ac-dc\/#primaryimage"},"image":{"@id":"https:\/\/abaa.mx\/tienda\/multiamperimetro-de-gancho-ac-dc\/#primaryimage"},"thumbnailUrl":"https:\/\/abaa.mx\/tienda\/wp-content\/uploads\/2024\/01\/MULTIAMPERIMETRO-DE-GANCHO.jpg","datePublished":"2024-01-08T16:53:59+00:00","dateModified":"2024-01-08T16:54:00+00:00","breadcrumb":{"@id":"https:\/\/abaa.mx\/tienda\/multiamperimetro-de-gancho-ac-dc\/#breadcrumb"},"inLanguage":"es","potentialAction":[{"@type":"ReadAction","target":["https:\/\/abaa.mx\/tienda\/multiamperimetro-de-gancho-ac-dc\/"]}]},{"@type":"ImageObject","inLanguage":"es","@id":"https:\/\/abaa.mx\/tienda\/multiamperimetro-de-gancho-ac-dc\/#primaryimage","url":"https:\/\/abaa.mx\/tienda\/wp-content\/uploads\/2024\/01\/MULTIAMPERIMETRO-DE-GANCHO.jpg","contentUrl":"https:\/\/abaa.mx\/tienda\/wp-content\/uploads\/2024\/01\/MULTIAMPERIMETRO-DE-GANCHO.jpg","width":1024,"height":1024,"caption":"MULTIAMPERIMETRO DE GANCHO"},{"@type":"BreadcrumbList","@id":"https:\/\/abaa.mx\/tienda\/multiamperimetro-de-gancho-ac-dc\/#breadcrumb","itemListElement":[{"@type":"ListItem","position":1,"name":"Inicio","item":"https:\/\/abaa.mx\/tienda\/"},{"@type":"ListItem","position":2,"name":"Tienda","item":"https:\/\/abaa.mx\/tienda\/"},{"@type":"ListItem","position":3,"name":"Multiamperimetro de gancho ac-dc"}]},{"@type":"WebSite","@id":"https:\/\/abaa.mx\/tienda\/#website","url":"https:\/\/abaa.mx\/tienda\/","name":"Abaa tienda online","description":"Instrumentos de medici\u00f3n","publisher":{"@id":"https:\/\/abaa.mx\/tienda\/#organization"},"potentialAction":[{"@type":"SearchAction","target":{"@type":"EntryPoint","urlTemplate":"https:\/\/abaa.mx\/tienda\/?s={search_term_string}"},"query-input":{"@type":"PropertyValueSpecification","valueRequired":true,"valueName":"search_term_string"}}],"inLanguage":"es"},{"@type":"Organization","@id":"https:\/\/abaa.mx\/tienda\/#organization","name":"Abaa tienda online","url":"https:\/\/abaa.mx\/tienda\/","logo":{"@type":"ImageObject","inLanguage":"es","@id":"https:\/\/abaa.mx\/tienda\/#\/schema\/logo\/image\/","url":"https:\/\/abaa.mx\/tienda\/wp-content\/uploads\/2024\/01\/abaa-metrologia-tienda.png","contentUrl":"https:\/\/abaa.mx\/tienda\/wp-content\/uploads\/2024\/01\/abaa-metrologia-tienda.png","width":300,"height":141,"caption":"Abaa tienda online"},"image":{"@id":"https:\/\/abaa.mx\/tienda\/#\/schema\/logo\/image\/"}}]}},"_links":{"self":[{"href":"https:\/\/abaa.mx\/tienda\/wp-json\/wp\/v2\/product\/10090","targetHints":{"allow":["GET"]}}],"collection":[{"href":"https:\/\/abaa.mx\/tienda\/wp-json\/wp\/v2\/product"}],"about":[{"href":"https:\/\/abaa.mx\/tienda\/wp-json\/wp\/v2\/types\/product"}],"replies":[{"embeddable":true,"href":"https:\/\/abaa.mx\/tienda\/wp-json\/wp\/v2\/comments?post=10090"}],"wp:featuredmedia":[{"embeddable":true,"href":"https:\/\/abaa.mx\/tienda\/wp-json\/wp\/v2\/media\/10092"}],"wp:attachment":[{"href":"https:\/\/abaa.mx\/tienda\/wp-json\/wp\/v2\/media?parent=10090"}],"wp:term":[{"taxonomy":"product_brand","embeddable":true,"href":"https:\/\/abaa.mx\/tienda\/wp-json\/wp\/v2\/product_brand?post=10090"},{"taxonomy":"product_cat","embeddable":true,"href":"https:\/\/abaa.mx\/tienda\/wp-json\/wp\/v2\/product_cat?post=10090"},{"taxonomy":"product_tag","embeddable":true,"href":"https:\/\/abaa.mx\/tienda\/wp-json\/wp\/v2\/product_tag?post=10090"}],"curies":[{"name":"wp","href":"https:\/\/api.w.org\/{rel}","templated":true}]}}