{"id":10082,"date":"2024-01-08T16:23:39","date_gmt":"2024-01-08T16:23:39","guid":{"rendered":"https:\/\/abaa.mx\/tienda\/?post_type=product&#038;p=10082"},"modified":"2024-01-08T16:23:40","modified_gmt":"2024-01-08T16:23:40","slug":"380976-k-multiamperimetro-de-gancho-alto-voltajec","status":"publish","type":"product","link":"https:\/\/abaa.mx\/tienda\/380976-k-multiamperimetro-de-gancho-alto-voltajec\/","title":{"rendered":"380976-k &#8211; Multiamperimetro de gancho alto voltajec"},"content":{"rendered":"<p>380976-k &#8211; Multiamperimetro de gancho alto voltajec<\/p>\n","protected":false},"excerpt":{"rendered":"<div class=\"Page-content-container \">\n<div class=\"Product-Header \">\n<div class=\"Product-info\">\n<div class=\"Product-description\" dir=\"auto\" data-js=\"ArabicTextDirection\">\n<p>380976-K es un kit de pinza amperim\u00e9trica con potencia de CA monof\u00e1sica\/trif\u00e1sica de 1,000 A. Mide la potencia real monof\u00e1sica\/trif\u00e1sica (kW), la potencia aparente (kVA), la potencia reactiva (kVAR), los caballos de fuerza (HP), el factor de potencia y el \u00e1ngulo de fase con indicador de avance\/retraso. Detecci\u00f3n autom\u00e1tica de mediciones de voltaje CA\/CC con visualizaci\u00f3n simult\u00e1nea de frecuencia. Adem\u00e1s, el kit de cables de prueba suministrado incluye dos cables de prueba CAT IV 72&#8243;, 2 mangos de sonda de prueba modulares, 2 pinzas de mordaza activadas con \u00e9mbolo y 2 pinzas de contacto extragrandes. Incluye kit de cables de prueba, sonda tipo K, estuche de transporte y bater\u00eda de 9 V.<\/p>\n<\/div>\n<div id=\"trigger_onScrollCTA\" class=\"onScrollCTA\"><\/div>\n<\/div>\n<\/div>\n<\/div>\n<div class=\"Product-FeatureShowcase  FeatureShowcase\"><\/div>\n","protected":false},"featured_media":10086,"comment_status":"open","ping_status":"closed","template":"","meta":{"_joinchat":[]},"product_brand":[],"product_cat":[15],"product_tag":[],"class_list":{"0":"post-10082","1":"product","2":"type-product","3":"status-publish","4":"has-post-thumbnail","6":"product_cat-sin-categorizar","8":"first","9":"instock","10":"shipping-taxable","11":"product-type-simple"},"yoast_head":"<!-- This site is optimized with the Yoast SEO plugin v26.4 - https:\/\/yoast.com\/wordpress\/plugins\/seo\/ -->\n<title>380976-k - Multiamperimetro de gancho alto voltajec - Abaa tienda online<\/title>\n<meta name=\"robots\" content=\"index, follow, max-snippet:-1, max-image-preview:large, max-video-preview:-1\" \/>\n<link rel=\"canonical\" href=\"https:\/\/abaa.mx\/tienda\/380976-k-multiamperimetro-de-gancho-alto-voltajec\/\" \/>\n<meta property=\"og:locale\" content=\"es_MX\" \/>\n<meta property=\"og:type\" content=\"article\" \/>\n<meta property=\"og:title\" content=\"380976-k - Multiamperimetro de gancho alto voltajec - Abaa tienda online\" \/>\n<meta property=\"og:description\" content=\"380976-K es un kit de pinza amperim\u00e9trica con potencia de CA monof\u00e1sica\/trif\u00e1sica de 1,000 A. Mide la potencia real monof\u00e1sica\/trif\u00e1sica (kW), la potencia aparente (kVA), la potencia reactiva (kVAR), los caballos de fuerza (HP), el factor de potencia y el \u00e1ngulo de fase con indicador de avance\/retraso. Detecci\u00f3n autom\u00e1tica de mediciones de voltaje CA\/CC con visualizaci\u00f3n simult\u00e1nea de frecuencia. Adem\u00e1s, el kit de cables de prueba suministrado incluye dos cables de prueba CAT IV 72&quot;, 2 mangos de sonda de prueba modulares, 2 pinzas de mordaza activadas con \u00e9mbolo y 2 pinzas de contacto extragrandes. Incluye kit de cables de prueba, sonda tipo K, estuche de transporte y bater\u00eda de 9 V.\" \/>\n<meta property=\"og:url\" content=\"https:\/\/abaa.mx\/tienda\/380976-k-multiamperimetro-de-gancho-alto-voltajec\/\" \/>\n<meta property=\"og:site_name\" content=\"Abaa tienda online\" \/>\n<meta property=\"article:modified_time\" content=\"2024-01-08T16:23:40+00:00\" \/>\n<meta property=\"og:image\" content=\"https:\/\/abaa.mx\/tienda\/wp-content\/uploads\/2024\/01\/380976-K-\u2014-MULTIAMPERIMETRO.png\" \/>\n\t<meta property=\"og:image:width\" content=\"500\" \/>\n\t<meta property=\"og:image:height\" content=\"500\" \/>\n\t<meta property=\"og:image:type\" content=\"image\/png\" \/>\n<meta name=\"twitter:card\" content=\"summary_large_image\" \/>\n<meta name=\"twitter:label1\" content=\"Tiempo de lectura\" \/>\n\t<meta name=\"twitter:data1\" content=\"1 minuto\" \/>\n<script type=\"application\/ld+json\" class=\"yoast-schema-graph\">{\"@context\":\"https:\/\/schema.org\",\"@graph\":[{\"@type\":\"WebPage\",\"@id\":\"https:\/\/abaa.mx\/tienda\/380976-k-multiamperimetro-de-gancho-alto-voltajec\/\",\"url\":\"https:\/\/abaa.mx\/tienda\/380976-k-multiamperimetro-de-gancho-alto-voltajec\/\",\"name\":\"380976-k - Multiamperimetro de gancho alto voltajec - Abaa tienda online\",\"isPartOf\":{\"@id\":\"https:\/\/abaa.mx\/tienda\/#website\"},\"primaryImageOfPage\":{\"@id\":\"https:\/\/abaa.mx\/tienda\/380976-k-multiamperimetro-de-gancho-alto-voltajec\/#primaryimage\"},\"image\":{\"@id\":\"https:\/\/abaa.mx\/tienda\/380976-k-multiamperimetro-de-gancho-alto-voltajec\/#primaryimage\"},\"thumbnailUrl\":\"https:\/\/abaa.mx\/tienda\/wp-content\/uploads\/2024\/01\/380976-K-\u2014-MULTIAMPERIMETRO.png\",\"datePublished\":\"2024-01-08T16:23:39+00:00\",\"dateModified\":\"2024-01-08T16:23:40+00:00\",\"breadcrumb\":{\"@id\":\"https:\/\/abaa.mx\/tienda\/380976-k-multiamperimetro-de-gancho-alto-voltajec\/#breadcrumb\"},\"inLanguage\":\"es\",\"potentialAction\":[{\"@type\":\"ReadAction\",\"target\":[\"https:\/\/abaa.mx\/tienda\/380976-k-multiamperimetro-de-gancho-alto-voltajec\/\"]}]},{\"@type\":\"ImageObject\",\"inLanguage\":\"es\",\"@id\":\"https:\/\/abaa.mx\/tienda\/380976-k-multiamperimetro-de-gancho-alto-voltajec\/#primaryimage\",\"url\":\"https:\/\/abaa.mx\/tienda\/wp-content\/uploads\/2024\/01\/380976-K-\u2014-MULTIAMPERIMETRO.png\",\"contentUrl\":\"https:\/\/abaa.mx\/tienda\/wp-content\/uploads\/2024\/01\/380976-K-\u2014-MULTIAMPERIMETRO.png\",\"width\":500,\"height\":500,\"caption\":\"380976-K \u2014 MULTIAMPERIMETRO\"},{\"@type\":\"BreadcrumbList\",\"@id\":\"https:\/\/abaa.mx\/tienda\/380976-k-multiamperimetro-de-gancho-alto-voltajec\/#breadcrumb\",\"itemListElement\":[{\"@type\":\"ListItem\",\"position\":1,\"name\":\"Inicio\",\"item\":\"https:\/\/abaa.mx\/tienda\/\"},{\"@type\":\"ListItem\",\"position\":2,\"name\":\"Tienda\",\"item\":\"https:\/\/abaa.mx\/tienda\/\"},{\"@type\":\"ListItem\",\"position\":3,\"name\":\"380976-k &#8211; Multiamperimetro de gancho alto voltajec\"}]},{\"@type\":\"WebSite\",\"@id\":\"https:\/\/abaa.mx\/tienda\/#website\",\"url\":\"https:\/\/abaa.mx\/tienda\/\",\"name\":\"Abaa tienda online\",\"description\":\"Instrumentos de medici\u00f3n\",\"publisher\":{\"@id\":\"https:\/\/abaa.mx\/tienda\/#organization\"},\"potentialAction\":[{\"@type\":\"SearchAction\",\"target\":{\"@type\":\"EntryPoint\",\"urlTemplate\":\"https:\/\/abaa.mx\/tienda\/?s={search_term_string}\"},\"query-input\":{\"@type\":\"PropertyValueSpecification\",\"valueRequired\":true,\"valueName\":\"search_term_string\"}}],\"inLanguage\":\"es\"},{\"@type\":\"Organization\",\"@id\":\"https:\/\/abaa.mx\/tienda\/#organization\",\"name\":\"Abaa tienda online\",\"url\":\"https:\/\/abaa.mx\/tienda\/\",\"logo\":{\"@type\":\"ImageObject\",\"inLanguage\":\"es\",\"@id\":\"https:\/\/abaa.mx\/tienda\/#\/schema\/logo\/image\/\",\"url\":\"https:\/\/abaa.mx\/tienda\/wp-content\/uploads\/2024\/01\/abaa-metrologia-tienda.png\",\"contentUrl\":\"https:\/\/abaa.mx\/tienda\/wp-content\/uploads\/2024\/01\/abaa-metrologia-tienda.png\",\"width\":300,\"height\":141,\"caption\":\"Abaa tienda online\"},\"image\":{\"@id\":\"https:\/\/abaa.mx\/tienda\/#\/schema\/logo\/image\/\"}}]}<\/script>\n<!-- \/ Yoast SEO plugin. -->","yoast_head_json":{"title":"380976-k - Multiamperimetro de gancho alto voltajec - Abaa tienda online","robots":{"index":"index","follow":"follow","max-snippet":"max-snippet:-1","max-image-preview":"max-image-preview:large","max-video-preview":"max-video-preview:-1"},"canonical":"https:\/\/abaa.mx\/tienda\/380976-k-multiamperimetro-de-gancho-alto-voltajec\/","og_locale":"es_MX","og_type":"article","og_title":"380976-k - Multiamperimetro de gancho alto voltajec - Abaa tienda online","og_description":"380976-K es un kit de pinza amperim\u00e9trica con potencia de CA monof\u00e1sica\/trif\u00e1sica de 1,000 A. Mide la potencia real monof\u00e1sica\/trif\u00e1sica (kW), la potencia aparente (kVA), la potencia reactiva (kVAR), los caballos de fuerza (HP), el factor de potencia y el \u00e1ngulo de fase con indicador de avance\/retraso. Detecci\u00f3n autom\u00e1tica de mediciones de voltaje CA\/CC con visualizaci\u00f3n simult\u00e1nea de frecuencia. Adem\u00e1s, el kit de cables de prueba suministrado incluye dos cables de prueba CAT IV 72\", 2 mangos de sonda de prueba modulares, 2 pinzas de mordaza activadas con \u00e9mbolo y 2 pinzas de contacto extragrandes. Incluye kit de cables de prueba, sonda tipo K, estuche de transporte y bater\u00eda de 9 V.","og_url":"https:\/\/abaa.mx\/tienda\/380976-k-multiamperimetro-de-gancho-alto-voltajec\/","og_site_name":"Abaa tienda online","article_modified_time":"2024-01-08T16:23:40+00:00","og_image":[{"width":500,"height":500,"url":"https:\/\/abaa.mx\/tienda\/wp-content\/uploads\/2024\/01\/380976-K-\u2014-MULTIAMPERIMETRO.png","type":"image\/png"}],"twitter_card":"summary_large_image","twitter_misc":{"Tiempo de lectura":"1 minuto"},"schema":{"@context":"https:\/\/schema.org","@graph":[{"@type":"WebPage","@id":"https:\/\/abaa.mx\/tienda\/380976-k-multiamperimetro-de-gancho-alto-voltajec\/","url":"https:\/\/abaa.mx\/tienda\/380976-k-multiamperimetro-de-gancho-alto-voltajec\/","name":"380976-k - Multiamperimetro de gancho alto voltajec - Abaa tienda online","isPartOf":{"@id":"https:\/\/abaa.mx\/tienda\/#website"},"primaryImageOfPage":{"@id":"https:\/\/abaa.mx\/tienda\/380976-k-multiamperimetro-de-gancho-alto-voltajec\/#primaryimage"},"image":{"@id":"https:\/\/abaa.mx\/tienda\/380976-k-multiamperimetro-de-gancho-alto-voltajec\/#primaryimage"},"thumbnailUrl":"https:\/\/abaa.mx\/tienda\/wp-content\/uploads\/2024\/01\/380976-K-\u2014-MULTIAMPERIMETRO.png","datePublished":"2024-01-08T16:23:39+00:00","dateModified":"2024-01-08T16:23:40+00:00","breadcrumb":{"@id":"https:\/\/abaa.mx\/tienda\/380976-k-multiamperimetro-de-gancho-alto-voltajec\/#breadcrumb"},"inLanguage":"es","potentialAction":[{"@type":"ReadAction","target":["https:\/\/abaa.mx\/tienda\/380976-k-multiamperimetro-de-gancho-alto-voltajec\/"]}]},{"@type":"ImageObject","inLanguage":"es","@id":"https:\/\/abaa.mx\/tienda\/380976-k-multiamperimetro-de-gancho-alto-voltajec\/#primaryimage","url":"https:\/\/abaa.mx\/tienda\/wp-content\/uploads\/2024\/01\/380976-K-\u2014-MULTIAMPERIMETRO.png","contentUrl":"https:\/\/abaa.mx\/tienda\/wp-content\/uploads\/2024\/01\/380976-K-\u2014-MULTIAMPERIMETRO.png","width":500,"height":500,"caption":"380976-K \u2014 MULTIAMPERIMETRO"},{"@type":"BreadcrumbList","@id":"https:\/\/abaa.mx\/tienda\/380976-k-multiamperimetro-de-gancho-alto-voltajec\/#breadcrumb","itemListElement":[{"@type":"ListItem","position":1,"name":"Inicio","item":"https:\/\/abaa.mx\/tienda\/"},{"@type":"ListItem","position":2,"name":"Tienda","item":"https:\/\/abaa.mx\/tienda\/"},{"@type":"ListItem","position":3,"name":"380976-k &#8211; Multiamperimetro de gancho alto voltajec"}]},{"@type":"WebSite","@id":"https:\/\/abaa.mx\/tienda\/#website","url":"https:\/\/abaa.mx\/tienda\/","name":"Abaa tienda online","description":"Instrumentos de medici\u00f3n","publisher":{"@id":"https:\/\/abaa.mx\/tienda\/#organization"},"potentialAction":[{"@type":"SearchAction","target":{"@type":"EntryPoint","urlTemplate":"https:\/\/abaa.mx\/tienda\/?s={search_term_string}"},"query-input":{"@type":"PropertyValueSpecification","valueRequired":true,"valueName":"search_term_string"}}],"inLanguage":"es"},{"@type":"Organization","@id":"https:\/\/abaa.mx\/tienda\/#organization","name":"Abaa tienda online","url":"https:\/\/abaa.mx\/tienda\/","logo":{"@type":"ImageObject","inLanguage":"es","@id":"https:\/\/abaa.mx\/tienda\/#\/schema\/logo\/image\/","url":"https:\/\/abaa.mx\/tienda\/wp-content\/uploads\/2024\/01\/abaa-metrologia-tienda.png","contentUrl":"https:\/\/abaa.mx\/tienda\/wp-content\/uploads\/2024\/01\/abaa-metrologia-tienda.png","width":300,"height":141,"caption":"Abaa tienda online"},"image":{"@id":"https:\/\/abaa.mx\/tienda\/#\/schema\/logo\/image\/"}}]}},"_links":{"self":[{"href":"https:\/\/abaa.mx\/tienda\/wp-json\/wp\/v2\/product\/10082","targetHints":{"allow":["GET"]}}],"collection":[{"href":"https:\/\/abaa.mx\/tienda\/wp-json\/wp\/v2\/product"}],"about":[{"href":"https:\/\/abaa.mx\/tienda\/wp-json\/wp\/v2\/types\/product"}],"replies":[{"embeddable":true,"href":"https:\/\/abaa.mx\/tienda\/wp-json\/wp\/v2\/comments?post=10082"}],"wp:featuredmedia":[{"embeddable":true,"href":"https:\/\/abaa.mx\/tienda\/wp-json\/wp\/v2\/media\/10086"}],"wp:attachment":[{"href":"https:\/\/abaa.mx\/tienda\/wp-json\/wp\/v2\/media?parent=10082"}],"wp:term":[{"taxonomy":"product_brand","embeddable":true,"href":"https:\/\/abaa.mx\/tienda\/wp-json\/wp\/v2\/product_brand?post=10082"},{"taxonomy":"product_cat","embeddable":true,"href":"https:\/\/abaa.mx\/tienda\/wp-json\/wp\/v2\/product_cat?post=10082"},{"taxonomy":"product_tag","embeddable":true,"href":"https:\/\/abaa.mx\/tienda\/wp-json\/wp\/v2\/product_tag?post=10082"}],"curies":[{"name":"wp","href":"https:\/\/api.w.org\/{rel}","templated":true}]}}