{"id":10079,"date":"2024-01-08T16:02:18","date_gmt":"2024-01-08T16:02:18","guid":{"rendered":"https:\/\/abaa.mx\/tienda\/?post_type=product&#038;p=10079"},"modified":"2024-01-08T16:02:19","modified_gmt":"2024-01-08T16:02:19","slug":"cm174-multiamperimetro-de-gancho-con-medicion-termografica-600a-ca-cd","status":"publish","type":"product","link":"https:\/\/abaa.mx\/tienda\/cm174-multiamperimetro-de-gancho-con-medicion-termografica-600a-ca-cd\/","title":{"rendered":"Cm174 &#8211; multiamperimetro de gancho con medici\u00f3n termogr\u00e1fica 600a ca-cd"},"content":{"rendered":"<p>Cm174 &#8211; multiamperimetro de gancho con medici\u00f3n termogr\u00e1fica 600a ca-cd<\/p>\n","protected":false},"excerpt":{"rendered":"<section class=\"s_text_image o_colored_level pb0 pt8\" data-snippet=\"s_text_image\" data-name=\"Text - Image\">\n<div class=\"container\">\n<div class=\"row align-items-stretch\">\n<div class=\"offset-lg-1 o_colored_level col-lg-6 pb0 pt0\">\n<p><span>El FLIR CM174 tiene el poder de conducirte a problemas que no puedes ver con un medidor de pinzas est\u00e1ndar. Al incluir tecnolog\u00eda de medici\u00f3n guiada por infrarrojos (IGM) proporcionada por el motor Lepton de FLIR integrado, la CM174 permite identificar puntos calientes y circuitos sobrecargados desde una distancia segura. IGM le gu\u00eda visualmente a la ubicaci\u00f3n precisa de un posible problema y le ayuda a confirmar sus hallazgos con una amplia gama de funciones adem\u00e1s de lecturas de temperatura.<\/span><\/p>\n<\/div>\n<\/div>\n<\/div>\n<\/section>\n<section class=\"s_picture bg-200 o_colored_level pb0 pt0\" data-snippet=\"s_picture\" data-name=\"Picture\">\n<div class=\"container\"><\/div>\n<\/section>\n","protected":false},"featured_media":10081,"comment_status":"open","ping_status":"closed","template":"","meta":{"_joinchat":[]},"product_brand":[],"product_cat":[15],"product_tag":[],"class_list":{"0":"post-10079","1":"product","2":"type-product","3":"status-publish","4":"has-post-thumbnail","6":"product_cat-sin-categorizar","8":"first","9":"instock","10":"shipping-taxable","11":"product-type-simple"},"yoast_head":"<!-- This site is optimized with the Yoast SEO plugin v26.4 - https:\/\/yoast.com\/wordpress\/plugins\/seo\/ -->\n<title>Cm174 - multiamperimetro de gancho con medici\u00f3n termogr\u00e1fica 600a ca-cd - Abaa tienda online<\/title>\n<meta name=\"robots\" content=\"index, follow, max-snippet:-1, max-image-preview:large, max-video-preview:-1\" \/>\n<link rel=\"canonical\" href=\"https:\/\/abaa.mx\/tienda\/cm174-multiamperimetro-de-gancho-con-medicion-termografica-600a-ca-cd\/\" \/>\n<meta property=\"og:locale\" content=\"es_MX\" \/>\n<meta property=\"og:type\" content=\"article\" \/>\n<meta property=\"og:title\" content=\"Cm174 - multiamperimetro de gancho con medici\u00f3n termogr\u00e1fica 600a ca-cd - Abaa tienda online\" \/>\n<meta property=\"og:description\" content=\"El FLIR CM174 tiene el poder de conducirte a problemas que no puedes ver con un medidor de pinzas est\u00e1ndar. Al incluir tecnolog\u00eda de medici\u00f3n guiada por infrarrojos (IGM) proporcionada por el motor Lepton de FLIR integrado, la CM174 permite identificar puntos calientes y circuitos sobrecargados desde una distancia segura. IGM le gu\u00eda visualmente a la ubicaci\u00f3n precisa de un posible problema y le ayuda a confirmar sus hallazgos con una amplia gama de funciones adem\u00e1s de lecturas de temperatura.\" \/>\n<meta property=\"og:url\" content=\"https:\/\/abaa.mx\/tienda\/cm174-multiamperimetro-de-gancho-con-medicion-termografica-600a-ca-cd\/\" \/>\n<meta property=\"og:site_name\" content=\"Abaa tienda online\" \/>\n<meta property=\"article:modified_time\" content=\"2024-01-08T16:02:19+00:00\" \/>\n<meta property=\"og:image\" content=\"https:\/\/abaa.mx\/tienda\/wp-content\/uploads\/2024\/01\/CM275-\u2014-MULTIAMPERIMETRO-2.jpg\" \/>\n\t<meta property=\"og:image:width\" content=\"1024\" \/>\n\t<meta property=\"og:image:height\" content=\"1024\" \/>\n\t<meta property=\"og:image:type\" content=\"image\/jpeg\" \/>\n<meta name=\"twitter:card\" content=\"summary_large_image\" \/>\n<meta name=\"twitter:label1\" content=\"Tiempo de lectura\" \/>\n\t<meta name=\"twitter:data1\" content=\"1 minuto\" \/>\n<script type=\"application\/ld+json\" class=\"yoast-schema-graph\">{\"@context\":\"https:\/\/schema.org\",\"@graph\":[{\"@type\":\"WebPage\",\"@id\":\"https:\/\/abaa.mx\/tienda\/cm174-multiamperimetro-de-gancho-con-medicion-termografica-600a-ca-cd\/\",\"url\":\"https:\/\/abaa.mx\/tienda\/cm174-multiamperimetro-de-gancho-con-medicion-termografica-600a-ca-cd\/\",\"name\":\"Cm174 - multiamperimetro de gancho con medici\u00f3n termogr\u00e1fica 600a ca-cd - Abaa tienda online\",\"isPartOf\":{\"@id\":\"https:\/\/abaa.mx\/tienda\/#website\"},\"primaryImageOfPage\":{\"@id\":\"https:\/\/abaa.mx\/tienda\/cm174-multiamperimetro-de-gancho-con-medicion-termografica-600a-ca-cd\/#primaryimage\"},\"image\":{\"@id\":\"https:\/\/abaa.mx\/tienda\/cm174-multiamperimetro-de-gancho-con-medicion-termografica-600a-ca-cd\/#primaryimage\"},\"thumbnailUrl\":\"https:\/\/abaa.mx\/tienda\/wp-content\/uploads\/2024\/01\/CM275-\u2014-MULTIAMPERIMETRO-2.jpg\",\"datePublished\":\"2024-01-08T16:02:18+00:00\",\"dateModified\":\"2024-01-08T16:02:19+00:00\",\"breadcrumb\":{\"@id\":\"https:\/\/abaa.mx\/tienda\/cm174-multiamperimetro-de-gancho-con-medicion-termografica-600a-ca-cd\/#breadcrumb\"},\"inLanguage\":\"es\",\"potentialAction\":[{\"@type\":\"ReadAction\",\"target\":[\"https:\/\/abaa.mx\/tienda\/cm174-multiamperimetro-de-gancho-con-medicion-termografica-600a-ca-cd\/\"]}]},{\"@type\":\"ImageObject\",\"inLanguage\":\"es\",\"@id\":\"https:\/\/abaa.mx\/tienda\/cm174-multiamperimetro-de-gancho-con-medicion-termografica-600a-ca-cd\/#primaryimage\",\"url\":\"https:\/\/abaa.mx\/tienda\/wp-content\/uploads\/2024\/01\/CM275-\u2014-MULTIAMPERIMETRO-2.jpg\",\"contentUrl\":\"https:\/\/abaa.mx\/tienda\/wp-content\/uploads\/2024\/01\/CM275-\u2014-MULTIAMPERIMETRO-2.jpg\",\"width\":1024,\"height\":1024,\"caption\":\"CM174 \u2014 MULTIAMPERIMETRO\"},{\"@type\":\"BreadcrumbList\",\"@id\":\"https:\/\/abaa.mx\/tienda\/cm174-multiamperimetro-de-gancho-con-medicion-termografica-600a-ca-cd\/#breadcrumb\",\"itemListElement\":[{\"@type\":\"ListItem\",\"position\":1,\"name\":\"Inicio\",\"item\":\"https:\/\/abaa.mx\/tienda\/\"},{\"@type\":\"ListItem\",\"position\":2,\"name\":\"Tienda\",\"item\":\"https:\/\/abaa.mx\/tienda\/\"},{\"@type\":\"ListItem\",\"position\":3,\"name\":\"Cm174 &#8211; multiamperimetro de gancho con medici\u00f3n termogr\u00e1fica 600a ca-cd\"}]},{\"@type\":\"WebSite\",\"@id\":\"https:\/\/abaa.mx\/tienda\/#website\",\"url\":\"https:\/\/abaa.mx\/tienda\/\",\"name\":\"Abaa tienda online\",\"description\":\"Instrumentos de medici\u00f3n\",\"publisher\":{\"@id\":\"https:\/\/abaa.mx\/tienda\/#organization\"},\"potentialAction\":[{\"@type\":\"SearchAction\",\"target\":{\"@type\":\"EntryPoint\",\"urlTemplate\":\"https:\/\/abaa.mx\/tienda\/?s={search_term_string}\"},\"query-input\":{\"@type\":\"PropertyValueSpecification\",\"valueRequired\":true,\"valueName\":\"search_term_string\"}}],\"inLanguage\":\"es\"},{\"@type\":\"Organization\",\"@id\":\"https:\/\/abaa.mx\/tienda\/#organization\",\"name\":\"Abaa tienda online\",\"url\":\"https:\/\/abaa.mx\/tienda\/\",\"logo\":{\"@type\":\"ImageObject\",\"inLanguage\":\"es\",\"@id\":\"https:\/\/abaa.mx\/tienda\/#\/schema\/logo\/image\/\",\"url\":\"https:\/\/abaa.mx\/tienda\/wp-content\/uploads\/2024\/01\/abaa-metrologia-tienda.png\",\"contentUrl\":\"https:\/\/abaa.mx\/tienda\/wp-content\/uploads\/2024\/01\/abaa-metrologia-tienda.png\",\"width\":300,\"height\":141,\"caption\":\"Abaa tienda online\"},\"image\":{\"@id\":\"https:\/\/abaa.mx\/tienda\/#\/schema\/logo\/image\/\"}}]}<\/script>\n<!-- \/ Yoast SEO plugin. -->","yoast_head_json":{"title":"Cm174 - multiamperimetro de gancho con medici\u00f3n termogr\u00e1fica 600a ca-cd - Abaa tienda online","robots":{"index":"index","follow":"follow","max-snippet":"max-snippet:-1","max-image-preview":"max-image-preview:large","max-video-preview":"max-video-preview:-1"},"canonical":"https:\/\/abaa.mx\/tienda\/cm174-multiamperimetro-de-gancho-con-medicion-termografica-600a-ca-cd\/","og_locale":"es_MX","og_type":"article","og_title":"Cm174 - multiamperimetro de gancho con medici\u00f3n termogr\u00e1fica 600a ca-cd - Abaa tienda online","og_description":"El FLIR CM174 tiene el poder de conducirte a problemas que no puedes ver con un medidor de pinzas est\u00e1ndar. Al incluir tecnolog\u00eda de medici\u00f3n guiada por infrarrojos (IGM) proporcionada por el motor Lepton de FLIR integrado, la CM174 permite identificar puntos calientes y circuitos sobrecargados desde una distancia segura. IGM le gu\u00eda visualmente a la ubicaci\u00f3n precisa de un posible problema y le ayuda a confirmar sus hallazgos con una amplia gama de funciones adem\u00e1s de lecturas de temperatura.","og_url":"https:\/\/abaa.mx\/tienda\/cm174-multiamperimetro-de-gancho-con-medicion-termografica-600a-ca-cd\/","og_site_name":"Abaa tienda online","article_modified_time":"2024-01-08T16:02:19+00:00","og_image":[{"width":1024,"height":1024,"url":"https:\/\/abaa.mx\/tienda\/wp-content\/uploads\/2024\/01\/CM275-\u2014-MULTIAMPERIMETRO-2.jpg","type":"image\/jpeg"}],"twitter_card":"summary_large_image","twitter_misc":{"Tiempo de lectura":"1 minuto"},"schema":{"@context":"https:\/\/schema.org","@graph":[{"@type":"WebPage","@id":"https:\/\/abaa.mx\/tienda\/cm174-multiamperimetro-de-gancho-con-medicion-termografica-600a-ca-cd\/","url":"https:\/\/abaa.mx\/tienda\/cm174-multiamperimetro-de-gancho-con-medicion-termografica-600a-ca-cd\/","name":"Cm174 - multiamperimetro de gancho con medici\u00f3n termogr\u00e1fica 600a ca-cd - Abaa tienda online","isPartOf":{"@id":"https:\/\/abaa.mx\/tienda\/#website"},"primaryImageOfPage":{"@id":"https:\/\/abaa.mx\/tienda\/cm174-multiamperimetro-de-gancho-con-medicion-termografica-600a-ca-cd\/#primaryimage"},"image":{"@id":"https:\/\/abaa.mx\/tienda\/cm174-multiamperimetro-de-gancho-con-medicion-termografica-600a-ca-cd\/#primaryimage"},"thumbnailUrl":"https:\/\/abaa.mx\/tienda\/wp-content\/uploads\/2024\/01\/CM275-\u2014-MULTIAMPERIMETRO-2.jpg","datePublished":"2024-01-08T16:02:18+00:00","dateModified":"2024-01-08T16:02:19+00:00","breadcrumb":{"@id":"https:\/\/abaa.mx\/tienda\/cm174-multiamperimetro-de-gancho-con-medicion-termografica-600a-ca-cd\/#breadcrumb"},"inLanguage":"es","potentialAction":[{"@type":"ReadAction","target":["https:\/\/abaa.mx\/tienda\/cm174-multiamperimetro-de-gancho-con-medicion-termografica-600a-ca-cd\/"]}]},{"@type":"ImageObject","inLanguage":"es","@id":"https:\/\/abaa.mx\/tienda\/cm174-multiamperimetro-de-gancho-con-medicion-termografica-600a-ca-cd\/#primaryimage","url":"https:\/\/abaa.mx\/tienda\/wp-content\/uploads\/2024\/01\/CM275-\u2014-MULTIAMPERIMETRO-2.jpg","contentUrl":"https:\/\/abaa.mx\/tienda\/wp-content\/uploads\/2024\/01\/CM275-\u2014-MULTIAMPERIMETRO-2.jpg","width":1024,"height":1024,"caption":"CM174 \u2014 MULTIAMPERIMETRO"},{"@type":"BreadcrumbList","@id":"https:\/\/abaa.mx\/tienda\/cm174-multiamperimetro-de-gancho-con-medicion-termografica-600a-ca-cd\/#breadcrumb","itemListElement":[{"@type":"ListItem","position":1,"name":"Inicio","item":"https:\/\/abaa.mx\/tienda\/"},{"@type":"ListItem","position":2,"name":"Tienda","item":"https:\/\/abaa.mx\/tienda\/"},{"@type":"ListItem","position":3,"name":"Cm174 &#8211; multiamperimetro de gancho con medici\u00f3n termogr\u00e1fica 600a ca-cd"}]},{"@type":"WebSite","@id":"https:\/\/abaa.mx\/tienda\/#website","url":"https:\/\/abaa.mx\/tienda\/","name":"Abaa tienda online","description":"Instrumentos de medici\u00f3n","publisher":{"@id":"https:\/\/abaa.mx\/tienda\/#organization"},"potentialAction":[{"@type":"SearchAction","target":{"@type":"EntryPoint","urlTemplate":"https:\/\/abaa.mx\/tienda\/?s={search_term_string}"},"query-input":{"@type":"PropertyValueSpecification","valueRequired":true,"valueName":"search_term_string"}}],"inLanguage":"es"},{"@type":"Organization","@id":"https:\/\/abaa.mx\/tienda\/#organization","name":"Abaa tienda online","url":"https:\/\/abaa.mx\/tienda\/","logo":{"@type":"ImageObject","inLanguage":"es","@id":"https:\/\/abaa.mx\/tienda\/#\/schema\/logo\/image\/","url":"https:\/\/abaa.mx\/tienda\/wp-content\/uploads\/2024\/01\/abaa-metrologia-tienda.png","contentUrl":"https:\/\/abaa.mx\/tienda\/wp-content\/uploads\/2024\/01\/abaa-metrologia-tienda.png","width":300,"height":141,"caption":"Abaa tienda online"},"image":{"@id":"https:\/\/abaa.mx\/tienda\/#\/schema\/logo\/image\/"}}]}},"_links":{"self":[{"href":"https:\/\/abaa.mx\/tienda\/wp-json\/wp\/v2\/product\/10079","targetHints":{"allow":["GET"]}}],"collection":[{"href":"https:\/\/abaa.mx\/tienda\/wp-json\/wp\/v2\/product"}],"about":[{"href":"https:\/\/abaa.mx\/tienda\/wp-json\/wp\/v2\/types\/product"}],"replies":[{"embeddable":true,"href":"https:\/\/abaa.mx\/tienda\/wp-json\/wp\/v2\/comments?post=10079"}],"wp:featuredmedia":[{"embeddable":true,"href":"https:\/\/abaa.mx\/tienda\/wp-json\/wp\/v2\/media\/10081"}],"wp:attachment":[{"href":"https:\/\/abaa.mx\/tienda\/wp-json\/wp\/v2\/media?parent=10079"}],"wp:term":[{"taxonomy":"product_brand","embeddable":true,"href":"https:\/\/abaa.mx\/tienda\/wp-json\/wp\/v2\/product_brand?post=10079"},{"taxonomy":"product_cat","embeddable":true,"href":"https:\/\/abaa.mx\/tienda\/wp-json\/wp\/v2\/product_cat?post=10079"},{"taxonomy":"product_tag","embeddable":true,"href":"https:\/\/abaa.mx\/tienda\/wp-json\/wp\/v2\/product_tag?post=10079"}],"curies":[{"name":"wp","href":"https:\/\/api.w.org\/{rel}","templated":true}]}}