{"id":10073,"date":"2024-01-08T15:54:21","date_gmt":"2024-01-08T15:54:21","guid":{"rendered":"https:\/\/abaa.mx\/tienda\/?post_type=product&#038;p=10073"},"modified":"2024-01-08T15:54:21","modified_gmt":"2024-01-08T15:54:21","slug":"cm275-multiamperimetro-de-gancho-con-termografia-registro-de-datos-conectividad-inalambrica","status":"publish","type":"product","link":"https:\/\/abaa.mx\/tienda\/cm275-multiamperimetro-de-gancho-con-termografia-registro-de-datos-conectividad-inalambrica\/","title":{"rendered":"Cm275 \u2014 multiamperimetro de gancho con termograf\u00eda, registro de datos, conectividad inal\u00e1mbrica"},"content":{"rendered":"<section class=\"s_text_image o_colored_level pb0 pt4\" data-snippet=\"s_text_image\" data-name=\"Text - Image\">\n<div class=\"container\">\n<div class=\"row align-items-stretch\">\n<div class=\"pt16 pb16 o_colored_level col-lg-6\"><\/div>\n<\/div>\n<\/div>\n<\/section>\n<section class=\"s_picture bg-200 o_colored_level pb0 pt16\" data-snippet=\"s_picture\" data-name=\"Picture\">\n<div class=\"container\" style=\"text-align: left;\">Cm275 \u2014 multiamperimetro de gancho con termograf\u00eda, registro de datos, conectividad inal\u00e1mbrica<\/div>\n<\/section>\n","protected":false},"excerpt":{"rendered":"<p><span class=\"bg-white\">El medidor de pinzas FLIR CM275 combina im\u00e1genes t\u00e9rmicas con medidas el\u00e9ctricas en potentes herramientas de inspecci\u00f3n, resoluci\u00f3n de problemas y diagn\u00f3stico. Mediante la medici\u00f3n guiada por infrarrojos (IGM), el CM275 proporciona una manera fiable de identificar puntos calientes y circuitos sobrecargados a una distancia segura. Confirme sus conclusiones con la amplia gama de funciones de los medidores de tenazas m\u00e1s las lecturas de temperatura. El FLIR CM275 proporciona tambi\u00e9n conectividad inal\u00e1mbrica para poder cargar im\u00e1genes o datos a la aplicaci\u00f3n FLIR Tools.<\/span><\/p>\n","protected":false},"featured_media":10078,"comment_status":"open","ping_status":"closed","template":"","meta":{"_joinchat":[]},"product_brand":[],"product_cat":[15],"product_tag":[],"class_list":{"0":"post-10073","1":"product","2":"type-product","3":"status-publish","4":"has-post-thumbnail","6":"product_cat-sin-categorizar","8":"first","9":"instock","10":"shipping-taxable","11":"product-type-simple"},"yoast_head":"<!-- This site is optimized with the Yoast SEO plugin v26.4 - https:\/\/yoast.com\/wordpress\/plugins\/seo\/ -->\n<title>Cm275 \u2014 multiamperimetro de gancho con termograf\u00eda, registro de datos, conectividad inal\u00e1mbrica - Abaa tienda online<\/title>\n<meta name=\"robots\" content=\"index, follow, max-snippet:-1, max-image-preview:large, max-video-preview:-1\" \/>\n<link rel=\"canonical\" href=\"https:\/\/abaa.mx\/tienda\/cm275-multiamperimetro-de-gancho-con-termografia-registro-de-datos-conectividad-inalambrica\/\" \/>\n<meta property=\"og:locale\" content=\"es_MX\" \/>\n<meta property=\"og:type\" content=\"article\" \/>\n<meta property=\"og:title\" content=\"Cm275 \u2014 multiamperimetro de gancho con termograf\u00eda, registro de datos, conectividad inal\u00e1mbrica - Abaa tienda online\" \/>\n<meta property=\"og:description\" content=\"El medidor de pinzas FLIR CM275 combina im\u00e1genes t\u00e9rmicas con medidas el\u00e9ctricas en potentes herramientas de inspecci\u00f3n, resoluci\u00f3n de problemas y diagn\u00f3stico. Mediante la medici\u00f3n guiada por infrarrojos (IGM), el CM275 proporciona una manera fiable de identificar puntos calientes y circuitos sobrecargados a una distancia segura. Confirme sus conclusiones con la amplia gama de funciones de los medidores de tenazas m\u00e1s las lecturas de temperatura. El FLIR CM275 proporciona tambi\u00e9n conectividad inal\u00e1mbrica para poder cargar im\u00e1genes o datos a la aplicaci\u00f3n FLIR Tools.\" \/>\n<meta property=\"og:url\" content=\"https:\/\/abaa.mx\/tienda\/cm275-multiamperimetro-de-gancho-con-termografia-registro-de-datos-conectividad-inalambrica\/\" \/>\n<meta property=\"og:site_name\" content=\"Abaa tienda online\" \/>\n<meta property=\"og:image\" content=\"https:\/\/abaa.mx\/tienda\/wp-content\/uploads\/2024\/01\/CM275-\u2014-MULTIAMPERIMETRO-1.jpg\" \/>\n\t<meta property=\"og:image:width\" content=\"1024\" \/>\n\t<meta property=\"og:image:height\" content=\"1024\" \/>\n\t<meta property=\"og:image:type\" content=\"image\/jpeg\" \/>\n<meta name=\"twitter:card\" content=\"summary_large_image\" \/>\n<meta name=\"twitter:label1\" content=\"Tiempo de lectura\" \/>\n\t<meta name=\"twitter:data1\" content=\"1 minuto\" \/>\n<script type=\"application\/ld+json\" class=\"yoast-schema-graph\">{\"@context\":\"https:\/\/schema.org\",\"@graph\":[{\"@type\":\"WebPage\",\"@id\":\"https:\/\/abaa.mx\/tienda\/cm275-multiamperimetro-de-gancho-con-termografia-registro-de-datos-conectividad-inalambrica\/\",\"url\":\"https:\/\/abaa.mx\/tienda\/cm275-multiamperimetro-de-gancho-con-termografia-registro-de-datos-conectividad-inalambrica\/\",\"name\":\"Cm275 \u2014 multiamperimetro de gancho con termograf\u00eda, registro de datos, conectividad inal\u00e1mbrica - Abaa tienda online\",\"isPartOf\":{\"@id\":\"https:\/\/abaa.mx\/tienda\/#website\"},\"primaryImageOfPage\":{\"@id\":\"https:\/\/abaa.mx\/tienda\/cm275-multiamperimetro-de-gancho-con-termografia-registro-de-datos-conectividad-inalambrica\/#primaryimage\"},\"image\":{\"@id\":\"https:\/\/abaa.mx\/tienda\/cm275-multiamperimetro-de-gancho-con-termografia-registro-de-datos-conectividad-inalambrica\/#primaryimage\"},\"thumbnailUrl\":\"https:\/\/abaa.mx\/tienda\/wp-content\/uploads\/2024\/01\/CM275-\u2014-MULTIAMPERIMETRO-1.jpg\",\"datePublished\":\"2024-01-08T15:54:21+00:00\",\"breadcrumb\":{\"@id\":\"https:\/\/abaa.mx\/tienda\/cm275-multiamperimetro-de-gancho-con-termografia-registro-de-datos-conectividad-inalambrica\/#breadcrumb\"},\"inLanguage\":\"es\",\"potentialAction\":[{\"@type\":\"ReadAction\",\"target\":[\"https:\/\/abaa.mx\/tienda\/cm275-multiamperimetro-de-gancho-con-termografia-registro-de-datos-conectividad-inalambrica\/\"]}]},{\"@type\":\"ImageObject\",\"inLanguage\":\"es\",\"@id\":\"https:\/\/abaa.mx\/tienda\/cm275-multiamperimetro-de-gancho-con-termografia-registro-de-datos-conectividad-inalambrica\/#primaryimage\",\"url\":\"https:\/\/abaa.mx\/tienda\/wp-content\/uploads\/2024\/01\/CM275-\u2014-MULTIAMPERIMETRO-1.jpg\",\"contentUrl\":\"https:\/\/abaa.mx\/tienda\/wp-content\/uploads\/2024\/01\/CM275-\u2014-MULTIAMPERIMETRO-1.jpg\",\"width\":1024,\"height\":1024,\"caption\":\"CM275 \u2014 MULTIAMPERIMETRO\"},{\"@type\":\"BreadcrumbList\",\"@id\":\"https:\/\/abaa.mx\/tienda\/cm275-multiamperimetro-de-gancho-con-termografia-registro-de-datos-conectividad-inalambrica\/#breadcrumb\",\"itemListElement\":[{\"@type\":\"ListItem\",\"position\":1,\"name\":\"Inicio\",\"item\":\"https:\/\/abaa.mx\/tienda\/\"},{\"@type\":\"ListItem\",\"position\":2,\"name\":\"Tienda\",\"item\":\"https:\/\/abaa.mx\/tienda\/\"},{\"@type\":\"ListItem\",\"position\":3,\"name\":\"Cm275 \u2014 multiamperimetro de gancho con termograf\u00eda, registro de datos, conectividad inal\u00e1mbrica\"}]},{\"@type\":\"WebSite\",\"@id\":\"https:\/\/abaa.mx\/tienda\/#website\",\"url\":\"https:\/\/abaa.mx\/tienda\/\",\"name\":\"Abaa tienda online\",\"description\":\"Instrumentos de medici\u00f3n\",\"publisher\":{\"@id\":\"https:\/\/abaa.mx\/tienda\/#organization\"},\"potentialAction\":[{\"@type\":\"SearchAction\",\"target\":{\"@type\":\"EntryPoint\",\"urlTemplate\":\"https:\/\/abaa.mx\/tienda\/?s={search_term_string}\"},\"query-input\":{\"@type\":\"PropertyValueSpecification\",\"valueRequired\":true,\"valueName\":\"search_term_string\"}}],\"inLanguage\":\"es\"},{\"@type\":\"Organization\",\"@id\":\"https:\/\/abaa.mx\/tienda\/#organization\",\"name\":\"Abaa tienda online\",\"url\":\"https:\/\/abaa.mx\/tienda\/\",\"logo\":{\"@type\":\"ImageObject\",\"inLanguage\":\"es\",\"@id\":\"https:\/\/abaa.mx\/tienda\/#\/schema\/logo\/image\/\",\"url\":\"https:\/\/abaa.mx\/tienda\/wp-content\/uploads\/2024\/01\/abaa-metrologia-tienda.png\",\"contentUrl\":\"https:\/\/abaa.mx\/tienda\/wp-content\/uploads\/2024\/01\/abaa-metrologia-tienda.png\",\"width\":300,\"height\":141,\"caption\":\"Abaa tienda online\"},\"image\":{\"@id\":\"https:\/\/abaa.mx\/tienda\/#\/schema\/logo\/image\/\"}}]}<\/script>\n<!-- \/ Yoast SEO plugin. -->","yoast_head_json":{"title":"Cm275 \u2014 multiamperimetro de gancho con termograf\u00eda, registro de datos, conectividad inal\u00e1mbrica - Abaa tienda online","robots":{"index":"index","follow":"follow","max-snippet":"max-snippet:-1","max-image-preview":"max-image-preview:large","max-video-preview":"max-video-preview:-1"},"canonical":"https:\/\/abaa.mx\/tienda\/cm275-multiamperimetro-de-gancho-con-termografia-registro-de-datos-conectividad-inalambrica\/","og_locale":"es_MX","og_type":"article","og_title":"Cm275 \u2014 multiamperimetro de gancho con termograf\u00eda, registro de datos, conectividad inal\u00e1mbrica - Abaa tienda online","og_description":"El medidor de pinzas FLIR CM275 combina im\u00e1genes t\u00e9rmicas con medidas el\u00e9ctricas en potentes herramientas de inspecci\u00f3n, resoluci\u00f3n de problemas y diagn\u00f3stico. Mediante la medici\u00f3n guiada por infrarrojos (IGM), el CM275 proporciona una manera fiable de identificar puntos calientes y circuitos sobrecargados a una distancia segura. Confirme sus conclusiones con la amplia gama de funciones de los medidores de tenazas m\u00e1s las lecturas de temperatura. El FLIR CM275 proporciona tambi\u00e9n conectividad inal\u00e1mbrica para poder cargar im\u00e1genes o datos a la aplicaci\u00f3n FLIR Tools.","og_url":"https:\/\/abaa.mx\/tienda\/cm275-multiamperimetro-de-gancho-con-termografia-registro-de-datos-conectividad-inalambrica\/","og_site_name":"Abaa tienda online","og_image":[{"width":1024,"height":1024,"url":"https:\/\/abaa.mx\/tienda\/wp-content\/uploads\/2024\/01\/CM275-\u2014-MULTIAMPERIMETRO-1.jpg","type":"image\/jpeg"}],"twitter_card":"summary_large_image","twitter_misc":{"Tiempo de lectura":"1 minuto"},"schema":{"@context":"https:\/\/schema.org","@graph":[{"@type":"WebPage","@id":"https:\/\/abaa.mx\/tienda\/cm275-multiamperimetro-de-gancho-con-termografia-registro-de-datos-conectividad-inalambrica\/","url":"https:\/\/abaa.mx\/tienda\/cm275-multiamperimetro-de-gancho-con-termografia-registro-de-datos-conectividad-inalambrica\/","name":"Cm275 \u2014 multiamperimetro de gancho con termograf\u00eda, registro de datos, conectividad inal\u00e1mbrica - Abaa tienda online","isPartOf":{"@id":"https:\/\/abaa.mx\/tienda\/#website"},"primaryImageOfPage":{"@id":"https:\/\/abaa.mx\/tienda\/cm275-multiamperimetro-de-gancho-con-termografia-registro-de-datos-conectividad-inalambrica\/#primaryimage"},"image":{"@id":"https:\/\/abaa.mx\/tienda\/cm275-multiamperimetro-de-gancho-con-termografia-registro-de-datos-conectividad-inalambrica\/#primaryimage"},"thumbnailUrl":"https:\/\/abaa.mx\/tienda\/wp-content\/uploads\/2024\/01\/CM275-\u2014-MULTIAMPERIMETRO-1.jpg","datePublished":"2024-01-08T15:54:21+00:00","breadcrumb":{"@id":"https:\/\/abaa.mx\/tienda\/cm275-multiamperimetro-de-gancho-con-termografia-registro-de-datos-conectividad-inalambrica\/#breadcrumb"},"inLanguage":"es","potentialAction":[{"@type":"ReadAction","target":["https:\/\/abaa.mx\/tienda\/cm275-multiamperimetro-de-gancho-con-termografia-registro-de-datos-conectividad-inalambrica\/"]}]},{"@type":"ImageObject","inLanguage":"es","@id":"https:\/\/abaa.mx\/tienda\/cm275-multiamperimetro-de-gancho-con-termografia-registro-de-datos-conectividad-inalambrica\/#primaryimage","url":"https:\/\/abaa.mx\/tienda\/wp-content\/uploads\/2024\/01\/CM275-\u2014-MULTIAMPERIMETRO-1.jpg","contentUrl":"https:\/\/abaa.mx\/tienda\/wp-content\/uploads\/2024\/01\/CM275-\u2014-MULTIAMPERIMETRO-1.jpg","width":1024,"height":1024,"caption":"CM275 \u2014 MULTIAMPERIMETRO"},{"@type":"BreadcrumbList","@id":"https:\/\/abaa.mx\/tienda\/cm275-multiamperimetro-de-gancho-con-termografia-registro-de-datos-conectividad-inalambrica\/#breadcrumb","itemListElement":[{"@type":"ListItem","position":1,"name":"Inicio","item":"https:\/\/abaa.mx\/tienda\/"},{"@type":"ListItem","position":2,"name":"Tienda","item":"https:\/\/abaa.mx\/tienda\/"},{"@type":"ListItem","position":3,"name":"Cm275 \u2014 multiamperimetro de gancho con termograf\u00eda, registro de datos, conectividad inal\u00e1mbrica"}]},{"@type":"WebSite","@id":"https:\/\/abaa.mx\/tienda\/#website","url":"https:\/\/abaa.mx\/tienda\/","name":"Abaa tienda online","description":"Instrumentos de medici\u00f3n","publisher":{"@id":"https:\/\/abaa.mx\/tienda\/#organization"},"potentialAction":[{"@type":"SearchAction","target":{"@type":"EntryPoint","urlTemplate":"https:\/\/abaa.mx\/tienda\/?s={search_term_string}"},"query-input":{"@type":"PropertyValueSpecification","valueRequired":true,"valueName":"search_term_string"}}],"inLanguage":"es"},{"@type":"Organization","@id":"https:\/\/abaa.mx\/tienda\/#organization","name":"Abaa tienda online","url":"https:\/\/abaa.mx\/tienda\/","logo":{"@type":"ImageObject","inLanguage":"es","@id":"https:\/\/abaa.mx\/tienda\/#\/schema\/logo\/image\/","url":"https:\/\/abaa.mx\/tienda\/wp-content\/uploads\/2024\/01\/abaa-metrologia-tienda.png","contentUrl":"https:\/\/abaa.mx\/tienda\/wp-content\/uploads\/2024\/01\/abaa-metrologia-tienda.png","width":300,"height":141,"caption":"Abaa tienda online"},"image":{"@id":"https:\/\/abaa.mx\/tienda\/#\/schema\/logo\/image\/"}}]}},"_links":{"self":[{"href":"https:\/\/abaa.mx\/tienda\/wp-json\/wp\/v2\/product\/10073","targetHints":{"allow":["GET"]}}],"collection":[{"href":"https:\/\/abaa.mx\/tienda\/wp-json\/wp\/v2\/product"}],"about":[{"href":"https:\/\/abaa.mx\/tienda\/wp-json\/wp\/v2\/types\/product"}],"replies":[{"embeddable":true,"href":"https:\/\/abaa.mx\/tienda\/wp-json\/wp\/v2\/comments?post=10073"}],"wp:featuredmedia":[{"embeddable":true,"href":"https:\/\/abaa.mx\/tienda\/wp-json\/wp\/v2\/media\/10078"}],"wp:attachment":[{"href":"https:\/\/abaa.mx\/tienda\/wp-json\/wp\/v2\/media?parent=10073"}],"wp:term":[{"taxonomy":"product_brand","embeddable":true,"href":"https:\/\/abaa.mx\/tienda\/wp-json\/wp\/v2\/product_brand?post=10073"},{"taxonomy":"product_cat","embeddable":true,"href":"https:\/\/abaa.mx\/tienda\/wp-json\/wp\/v2\/product_cat?post=10073"},{"taxonomy":"product_tag","embeddable":true,"href":"https:\/\/abaa.mx\/tienda\/wp-json\/wp\/v2\/product_tag?post=10073"}],"curies":[{"name":"wp","href":"https:\/\/api.w.org\/{rel}","templated":true}]}}