{"id":10068,"date":"2024-01-08T15:34:08","date_gmt":"2024-01-08T15:34:08","guid":{"rendered":"https:\/\/abaa.mx\/tienda\/?post_type=product&#038;p=10068"},"modified":"2024-01-08T15:34:09","modified_gmt":"2024-01-08T15:34:09","slug":"cm57-multiamperimetro-de-gancho-flexible-18-45cm-3000amp","status":"publish","type":"product","link":"https:\/\/abaa.mx\/tienda\/cm57-multiamperimetro-de-gancho-flexible-18-45cm-3000amp\/","title":{"rendered":"Cm57 &#8211; multiamperimetro de gancho flexible (18 ) 45cm, 3000amp"},"content":{"rendered":"<p>Cm57 &#8211; multiamperimetro de gancho flexible (18 ) 45cm, 3000amp<\/p>\n","protected":false},"excerpt":{"rendered":"<p>La FLIR CM57 es una herramienta ergon\u00f3mica dise\u00f1ada para simplificar las mediciones de corriente dif\u00edciles. Hecho con una abrazadera de bobina flexible estrecha de 18 pulgadas (45,72 cm), el CM57 le permite tomar medidas f\u00e1cilmente en lugares apretados o inc\u00f3modos. Es ideal para mediciones de m\u00faltiples conductores y requisitos de doble envoltura. Mediante comunicaci\u00f3n Bluetooth para la visualizaci\u00f3n remota y la transferencia de datos a dispositivos iOS y Android a trav\u00e9s de la aplicaci\u00f3n FLIR Tools Mobile, puede analizar y compartir datos r\u00e1pidamente desde el lugar de trabajo.<\/p>\n","protected":false},"featured_media":10069,"comment_status":"open","ping_status":"closed","template":"","meta":{"_joinchat":[]},"product_brand":[],"product_cat":[15],"product_tag":[],"class_list":{"0":"post-10068","1":"product","2":"type-product","3":"status-publish","4":"has-post-thumbnail","6":"product_cat-sin-categorizar","8":"first","9":"instock","10":"shipping-taxable","11":"product-type-simple"},"yoast_head":"<!-- This site is optimized with the Yoast SEO plugin v26.4 - https:\/\/yoast.com\/wordpress\/plugins\/seo\/ -->\n<title>Cm57 - multiamperimetro de gancho flexible (18 ) 45cm, 3000amp - Abaa tienda online<\/title>\n<meta name=\"robots\" content=\"index, follow, max-snippet:-1, max-image-preview:large, max-video-preview:-1\" \/>\n<link rel=\"canonical\" href=\"https:\/\/abaa.mx\/tienda\/cm57-multiamperimetro-de-gancho-flexible-18-45cm-3000amp\/\" \/>\n<meta property=\"og:locale\" content=\"es_MX\" \/>\n<meta property=\"og:type\" content=\"article\" \/>\n<meta property=\"og:title\" content=\"Cm57 - multiamperimetro de gancho flexible (18 ) 45cm, 3000amp - Abaa tienda online\" \/>\n<meta property=\"og:description\" content=\"La FLIR CM57 es una herramienta ergon\u00f3mica dise\u00f1ada para simplificar las mediciones de corriente dif\u00edciles. Hecho con una abrazadera de bobina flexible estrecha de 18 pulgadas (45,72 cm), el CM57 le permite tomar medidas f\u00e1cilmente en lugares apretados o inc\u00f3modos. Es ideal para mediciones de m\u00faltiples conductores y requisitos de doble envoltura. Mediante comunicaci\u00f3n Bluetooth para la visualizaci\u00f3n remota y la transferencia de datos a dispositivos iOS y Android a trav\u00e9s de la aplicaci\u00f3n FLIR Tools Mobile, puede analizar y compartir datos r\u00e1pidamente desde el lugar de trabajo.\" \/>\n<meta property=\"og:url\" content=\"https:\/\/abaa.mx\/tienda\/cm57-multiamperimetro-de-gancho-flexible-18-45cm-3000amp\/\" \/>\n<meta property=\"og:site_name\" content=\"Abaa tienda online\" \/>\n<meta property=\"article:modified_time\" content=\"2024-01-08T15:34:09+00:00\" \/>\n<meta property=\"og:image\" content=\"https:\/\/abaa.mx\/tienda\/wp-content\/uploads\/2024\/01\/CM57-\u2014-MULTIAMPERIMETRO.jpg\" \/>\n\t<meta property=\"og:image:width\" content=\"1024\" \/>\n\t<meta property=\"og:image:height\" content=\"1024\" \/>\n\t<meta property=\"og:image:type\" content=\"image\/jpeg\" \/>\n<meta name=\"twitter:card\" content=\"summary_large_image\" \/>\n<meta name=\"twitter:label1\" content=\"Tiempo de lectura\" \/>\n\t<meta name=\"twitter:data1\" content=\"1 minuto\" \/>\n<script type=\"application\/ld+json\" class=\"yoast-schema-graph\">{\"@context\":\"https:\/\/schema.org\",\"@graph\":[{\"@type\":\"WebPage\",\"@id\":\"https:\/\/abaa.mx\/tienda\/cm57-multiamperimetro-de-gancho-flexible-18-45cm-3000amp\/\",\"url\":\"https:\/\/abaa.mx\/tienda\/cm57-multiamperimetro-de-gancho-flexible-18-45cm-3000amp\/\",\"name\":\"Cm57 - multiamperimetro de gancho flexible (18 ) 45cm, 3000amp - Abaa tienda online\",\"isPartOf\":{\"@id\":\"https:\/\/abaa.mx\/tienda\/#website\"},\"primaryImageOfPage\":{\"@id\":\"https:\/\/abaa.mx\/tienda\/cm57-multiamperimetro-de-gancho-flexible-18-45cm-3000amp\/#primaryimage\"},\"image\":{\"@id\":\"https:\/\/abaa.mx\/tienda\/cm57-multiamperimetro-de-gancho-flexible-18-45cm-3000amp\/#primaryimage\"},\"thumbnailUrl\":\"https:\/\/abaa.mx\/tienda\/wp-content\/uploads\/2024\/01\/CM57-\u2014-MULTIAMPERIMETRO.jpg\",\"datePublished\":\"2024-01-08T15:34:08+00:00\",\"dateModified\":\"2024-01-08T15:34:09+00:00\",\"breadcrumb\":{\"@id\":\"https:\/\/abaa.mx\/tienda\/cm57-multiamperimetro-de-gancho-flexible-18-45cm-3000amp\/#breadcrumb\"},\"inLanguage\":\"es\",\"potentialAction\":[{\"@type\":\"ReadAction\",\"target\":[\"https:\/\/abaa.mx\/tienda\/cm57-multiamperimetro-de-gancho-flexible-18-45cm-3000amp\/\"]}]},{\"@type\":\"ImageObject\",\"inLanguage\":\"es\",\"@id\":\"https:\/\/abaa.mx\/tienda\/cm57-multiamperimetro-de-gancho-flexible-18-45cm-3000amp\/#primaryimage\",\"url\":\"https:\/\/abaa.mx\/tienda\/wp-content\/uploads\/2024\/01\/CM57-\u2014-MULTIAMPERIMETRO.jpg\",\"contentUrl\":\"https:\/\/abaa.mx\/tienda\/wp-content\/uploads\/2024\/01\/CM57-\u2014-MULTIAMPERIMETRO.jpg\",\"width\":1024,\"height\":1024,\"caption\":\"CM57 \u2014 MULTIAMPERIMETRO\"},{\"@type\":\"BreadcrumbList\",\"@id\":\"https:\/\/abaa.mx\/tienda\/cm57-multiamperimetro-de-gancho-flexible-18-45cm-3000amp\/#breadcrumb\",\"itemListElement\":[{\"@type\":\"ListItem\",\"position\":1,\"name\":\"Inicio\",\"item\":\"https:\/\/abaa.mx\/tienda\/\"},{\"@type\":\"ListItem\",\"position\":2,\"name\":\"Tienda\",\"item\":\"https:\/\/abaa.mx\/tienda\/\"},{\"@type\":\"ListItem\",\"position\":3,\"name\":\"Cm57 &#8211; multiamperimetro de gancho flexible (18 ) 45cm, 3000amp\"}]},{\"@type\":\"WebSite\",\"@id\":\"https:\/\/abaa.mx\/tienda\/#website\",\"url\":\"https:\/\/abaa.mx\/tienda\/\",\"name\":\"Abaa tienda online\",\"description\":\"Instrumentos de medici\u00f3n\",\"publisher\":{\"@id\":\"https:\/\/abaa.mx\/tienda\/#organization\"},\"potentialAction\":[{\"@type\":\"SearchAction\",\"target\":{\"@type\":\"EntryPoint\",\"urlTemplate\":\"https:\/\/abaa.mx\/tienda\/?s={search_term_string}\"},\"query-input\":{\"@type\":\"PropertyValueSpecification\",\"valueRequired\":true,\"valueName\":\"search_term_string\"}}],\"inLanguage\":\"es\"},{\"@type\":\"Organization\",\"@id\":\"https:\/\/abaa.mx\/tienda\/#organization\",\"name\":\"Abaa tienda online\",\"url\":\"https:\/\/abaa.mx\/tienda\/\",\"logo\":{\"@type\":\"ImageObject\",\"inLanguage\":\"es\",\"@id\":\"https:\/\/abaa.mx\/tienda\/#\/schema\/logo\/image\/\",\"url\":\"https:\/\/abaa.mx\/tienda\/wp-content\/uploads\/2024\/01\/abaa-metrologia-tienda.png\",\"contentUrl\":\"https:\/\/abaa.mx\/tienda\/wp-content\/uploads\/2024\/01\/abaa-metrologia-tienda.png\",\"width\":300,\"height\":141,\"caption\":\"Abaa tienda online\"},\"image\":{\"@id\":\"https:\/\/abaa.mx\/tienda\/#\/schema\/logo\/image\/\"}}]}<\/script>\n<!-- \/ Yoast SEO plugin. -->","yoast_head_json":{"title":"Cm57 - multiamperimetro de gancho flexible (18 ) 45cm, 3000amp - Abaa tienda online","robots":{"index":"index","follow":"follow","max-snippet":"max-snippet:-1","max-image-preview":"max-image-preview:large","max-video-preview":"max-video-preview:-1"},"canonical":"https:\/\/abaa.mx\/tienda\/cm57-multiamperimetro-de-gancho-flexible-18-45cm-3000amp\/","og_locale":"es_MX","og_type":"article","og_title":"Cm57 - multiamperimetro de gancho flexible (18 ) 45cm, 3000amp - Abaa tienda online","og_description":"La FLIR CM57 es una herramienta ergon\u00f3mica dise\u00f1ada para simplificar las mediciones de corriente dif\u00edciles. Hecho con una abrazadera de bobina flexible estrecha de 18 pulgadas (45,72 cm), el CM57 le permite tomar medidas f\u00e1cilmente en lugares apretados o inc\u00f3modos. Es ideal para mediciones de m\u00faltiples conductores y requisitos de doble envoltura. Mediante comunicaci\u00f3n Bluetooth para la visualizaci\u00f3n remota y la transferencia de datos a dispositivos iOS y Android a trav\u00e9s de la aplicaci\u00f3n FLIR Tools Mobile, puede analizar y compartir datos r\u00e1pidamente desde el lugar de trabajo.","og_url":"https:\/\/abaa.mx\/tienda\/cm57-multiamperimetro-de-gancho-flexible-18-45cm-3000amp\/","og_site_name":"Abaa tienda online","article_modified_time":"2024-01-08T15:34:09+00:00","og_image":[{"width":1024,"height":1024,"url":"https:\/\/abaa.mx\/tienda\/wp-content\/uploads\/2024\/01\/CM57-\u2014-MULTIAMPERIMETRO.jpg","type":"image\/jpeg"}],"twitter_card":"summary_large_image","twitter_misc":{"Tiempo de lectura":"1 minuto"},"schema":{"@context":"https:\/\/schema.org","@graph":[{"@type":"WebPage","@id":"https:\/\/abaa.mx\/tienda\/cm57-multiamperimetro-de-gancho-flexible-18-45cm-3000amp\/","url":"https:\/\/abaa.mx\/tienda\/cm57-multiamperimetro-de-gancho-flexible-18-45cm-3000amp\/","name":"Cm57 - multiamperimetro de gancho flexible (18 ) 45cm, 3000amp - Abaa tienda online","isPartOf":{"@id":"https:\/\/abaa.mx\/tienda\/#website"},"primaryImageOfPage":{"@id":"https:\/\/abaa.mx\/tienda\/cm57-multiamperimetro-de-gancho-flexible-18-45cm-3000amp\/#primaryimage"},"image":{"@id":"https:\/\/abaa.mx\/tienda\/cm57-multiamperimetro-de-gancho-flexible-18-45cm-3000amp\/#primaryimage"},"thumbnailUrl":"https:\/\/abaa.mx\/tienda\/wp-content\/uploads\/2024\/01\/CM57-\u2014-MULTIAMPERIMETRO.jpg","datePublished":"2024-01-08T15:34:08+00:00","dateModified":"2024-01-08T15:34:09+00:00","breadcrumb":{"@id":"https:\/\/abaa.mx\/tienda\/cm57-multiamperimetro-de-gancho-flexible-18-45cm-3000amp\/#breadcrumb"},"inLanguage":"es","potentialAction":[{"@type":"ReadAction","target":["https:\/\/abaa.mx\/tienda\/cm57-multiamperimetro-de-gancho-flexible-18-45cm-3000amp\/"]}]},{"@type":"ImageObject","inLanguage":"es","@id":"https:\/\/abaa.mx\/tienda\/cm57-multiamperimetro-de-gancho-flexible-18-45cm-3000amp\/#primaryimage","url":"https:\/\/abaa.mx\/tienda\/wp-content\/uploads\/2024\/01\/CM57-\u2014-MULTIAMPERIMETRO.jpg","contentUrl":"https:\/\/abaa.mx\/tienda\/wp-content\/uploads\/2024\/01\/CM57-\u2014-MULTIAMPERIMETRO.jpg","width":1024,"height":1024,"caption":"CM57 \u2014 MULTIAMPERIMETRO"},{"@type":"BreadcrumbList","@id":"https:\/\/abaa.mx\/tienda\/cm57-multiamperimetro-de-gancho-flexible-18-45cm-3000amp\/#breadcrumb","itemListElement":[{"@type":"ListItem","position":1,"name":"Inicio","item":"https:\/\/abaa.mx\/tienda\/"},{"@type":"ListItem","position":2,"name":"Tienda","item":"https:\/\/abaa.mx\/tienda\/"},{"@type":"ListItem","position":3,"name":"Cm57 &#8211; multiamperimetro de gancho flexible (18 ) 45cm, 3000amp"}]},{"@type":"WebSite","@id":"https:\/\/abaa.mx\/tienda\/#website","url":"https:\/\/abaa.mx\/tienda\/","name":"Abaa tienda online","description":"Instrumentos de medici\u00f3n","publisher":{"@id":"https:\/\/abaa.mx\/tienda\/#organization"},"potentialAction":[{"@type":"SearchAction","target":{"@type":"EntryPoint","urlTemplate":"https:\/\/abaa.mx\/tienda\/?s={search_term_string}"},"query-input":{"@type":"PropertyValueSpecification","valueRequired":true,"valueName":"search_term_string"}}],"inLanguage":"es"},{"@type":"Organization","@id":"https:\/\/abaa.mx\/tienda\/#organization","name":"Abaa tienda online","url":"https:\/\/abaa.mx\/tienda\/","logo":{"@type":"ImageObject","inLanguage":"es","@id":"https:\/\/abaa.mx\/tienda\/#\/schema\/logo\/image\/","url":"https:\/\/abaa.mx\/tienda\/wp-content\/uploads\/2024\/01\/abaa-metrologia-tienda.png","contentUrl":"https:\/\/abaa.mx\/tienda\/wp-content\/uploads\/2024\/01\/abaa-metrologia-tienda.png","width":300,"height":141,"caption":"Abaa tienda online"},"image":{"@id":"https:\/\/abaa.mx\/tienda\/#\/schema\/logo\/image\/"}}]}},"_links":{"self":[{"href":"https:\/\/abaa.mx\/tienda\/wp-json\/wp\/v2\/product\/10068","targetHints":{"allow":["GET"]}}],"collection":[{"href":"https:\/\/abaa.mx\/tienda\/wp-json\/wp\/v2\/product"}],"about":[{"href":"https:\/\/abaa.mx\/tienda\/wp-json\/wp\/v2\/types\/product"}],"replies":[{"embeddable":true,"href":"https:\/\/abaa.mx\/tienda\/wp-json\/wp\/v2\/comments?post=10068"}],"wp:featuredmedia":[{"embeddable":true,"href":"https:\/\/abaa.mx\/tienda\/wp-json\/wp\/v2\/media\/10069"}],"wp:attachment":[{"href":"https:\/\/abaa.mx\/tienda\/wp-json\/wp\/v2\/media?parent=10068"}],"wp:term":[{"taxonomy":"product_brand","embeddable":true,"href":"https:\/\/abaa.mx\/tienda\/wp-json\/wp\/v2\/product_brand?post=10068"},{"taxonomy":"product_cat","embeddable":true,"href":"https:\/\/abaa.mx\/tienda\/wp-json\/wp\/v2\/product_cat?post=10068"},{"taxonomy":"product_tag","embeddable":true,"href":"https:\/\/abaa.mx\/tienda\/wp-json\/wp\/v2\/product_tag?post=10068"}],"curies":[{"name":"wp","href":"https:\/\/api.w.org\/{rel}","templated":true}]}}