{"id":10067,"date":"2024-01-08T15:40:41","date_gmt":"2024-01-08T15:40:41","guid":{"rendered":"https:\/\/abaa.mx\/tienda\/?post_type=product&#038;p=10067"},"modified":"2024-01-08T15:46:56","modified_gmt":"2024-01-08T15:46:56","slug":"380652-multiamperimetro-de-gancho-200a-ca-cd","status":"publish","type":"product","link":"https:\/\/abaa.mx\/tienda\/380652-multiamperimetro-de-gancho-200a-ca-cd\/","title":{"rendered":"380652 &#8211; Multiamperimetro de gancho 200a ca-cd"},"content":{"rendered":"<p>380652 &#8211; Multiamperimetro de gancho 200a ca-cd.<\/p>\n","protected":false},"excerpt":{"rendered":"<table>\n<tbody>\n<tr>\n<td colspan=\"2\"><strong>Funciones<\/strong><\/td>\n<\/tr>\n<tr>\n<td colspan=\"2\">\n<ul>\n<li>Rango de 200 V CC.<\/li>\n<li>Rango de 500 V ACV.<\/li>\n<li>Rango de resistencia de 200 \u03a9.<\/li>\n<li>Rango de corriente continua de 200 A.<\/li>\n<li>La pantalla indica &#8220;1&#8221; o &#8220;-1&#8221; Sobreentrada.<\/li>\n<li>Dial del medidor para el ajuste de la corriente continua a cero.<\/li>\n<li>Sensor de efecto Hall.<\/li>\n<li>Resoluci\u00f3n a 10 mA CA.<\/li>\n<li>Perilla de ajuste de cero externa para CC Mediciones de corriente.<\/li>\n<li>Mediciones de Tensi\u00f3n y Resistencia.<\/li>\n<\/ul>\n<\/td>\n<\/tr>\n<tr>\n<td colspan=\"2\"><strong>Caracter\u00edsticas t\u00e9cnicas<\/strong><\/td>\n<\/tr>\n<tr>\n<td colspan=\"2\"><strong>Especificaciones generales<\/strong><\/td>\n<\/tr>\n<tr>\n<td>Monitor<\/td>\n<td>0,5&#8243; (13 mm), LCD, 3-1\/2 d\u00edgitos (\u00b11999 recuentos)<\/td>\n<\/tr>\n<tr>\n<td>Medidas<\/td>\n<td>Voltaje\/corriente y resistencia de CA\/CC<\/td>\n<\/tr>\n<tr>\n<td>Polaridad<\/td>\n<td>Conmutaci\u00f3n autom\u00e1tica; &#8220;-&#8221; indica negativo polaridad<\/td>\n<\/tr>\n<tr>\n<td>Sensor de corriente<\/td>\n<td>Sensor de efecto Hall<\/td>\n<\/tr>\n<tr>\n<td>Ajuste cero<\/td>\n<td>Dial del medidor para corriente continua cero<\/td>\n<\/tr>\n<tr>\n<td>Entrada excesiva<\/td>\n<td>La pantalla indica &#8220;1&#8221; o &#8220;-1&#8221;<\/td>\n<\/tr>\n<tr>\n<td>Tiempo de muestreo<\/td>\n<td>Aproximadamente 0,4 segundos<\/td>\n<\/tr>\n<tr>\n<td>Base de tiempo<\/td>\n<td>Cristal de cuarzo (32768 Hz)<\/td>\n<\/tr>\n<tr>\n<td>Protecci\u00f3n de fusibles<\/td>\n<td>Fusible de 500 mA<\/td>\n<\/tr>\n<tr>\n<td>Bater\u00eda<\/td>\n<td>Bater\u00eda 006P DC 9V (tipo de servicio pesado)<\/td>\n<\/tr>\n<tr>\n<td>Consumo de energ\u00eda<\/td>\n<td>Aproximadamente 6mADC (voltaje y resistencia), Aproximadamente 12 mADC (rango de corriente)<\/td>\n<\/tr>\n<tr>\n<td>Temperatura de funcionamiento<\/td>\n<td>32 a 122 \u00b0 F (0 a 50 \u00b0 C)<\/td>\n<\/tr>\n<tr>\n<td>Humedad de funcionamiento<\/td>\n<td>Menos del 80% de humedad relativa<\/td>\n<\/tr>\n<tr>\n<td>Peso<\/td>\n<td>225 g (0,5 lb) (incluida la bater\u00eda)<\/td>\n<\/tr>\n<tr>\n<td>Dimensi\u00f3n<\/td>\n<td>7,1 x 1,9 x 1,4&#8243; (180 x 47 x 35 mm)<\/td>\n<\/tr>\n<tr>\n<td>Tama\u00f1o m\u00e1x. del conductor<\/td>\n<td>19 \u03c6 (19 mm de di\u00e1metro)<\/td>\n<\/tr>\n<tr>\n<td>Accesorios<\/td>\n<td>Manual de instrucciones, cables de prueba, estuche de transporte<\/td>\n<\/tr>\n<tr>\n<td colspan=\"2\"><strong>DCV<\/strong><\/td>\n<\/tr>\n<tr>\n<td>Gama<\/td>\n<td>200V<\/td>\n<\/tr>\n<tr>\n<td>Resoluci\u00f3n<\/td>\n<td>0.1V<\/td>\n<\/tr>\n<tr>\n<td>Exactitud<\/td>\n<td>+\/- (0.8%rdg+1d)<\/td>\n<\/tr>\n<tr>\n<td>Protecci\u00f3n contra sobrecarga<\/td>\n<td>CA 500Vrms DC+\/-500V<\/td>\n<\/tr>\n<tr>\n<td colspan=\"2\"><strong>ACV (50\/60HZ)<\/strong><\/td>\n<\/tr>\n<tr>\n<td>Gama<\/td>\n<td>500V<\/td>\n<\/tr>\n<tr>\n<td>Resoluci\u00f3n<\/td>\n<td>1V<\/td>\n<\/tr>\n<tr>\n<td>Exactitud<\/td>\n<td>+\/-(1%rdg+2d)<\/td>\n<\/tr>\n<tr>\n<td>Protecci\u00f3n contra sobrecarga<\/td>\n<td>CA 500Vrms DC+\/-500V<\/td>\n<\/tr>\n<tr>\n<td colspan=\"2\"><strong>Resistencia<\/strong><\/td>\n<\/tr>\n<tr>\n<td>Gama<\/td>\n<td>200 \u03a9<\/td>\n<\/tr>\n<tr>\n<td>Resoluci\u00f3n<\/td>\n<td>0.1 \u03a9<\/td>\n<\/tr>\n<tr>\n<td>Exactitud<\/td>\n<td>+\/-(1.2%rdg+1d)<\/td>\n<\/tr>\n<tr>\n<td>Protecci\u00f3n contra sobrecarga<\/td>\n<td>CA\/CC400V<\/td>\n<\/tr>\n<tr>\n<td colspan=\"2\"><strong>Corriente alterna (50\/60 HZ)<\/strong><\/td>\n<\/tr>\n<tr>\n<td>Gama<\/td>\n<td>20A\/200A<\/td>\n<\/tr>\n<tr>\n<td>Resoluci\u00f3n<\/td>\n<td>0,01 A \/ 0,1 A<\/td>\n<\/tr>\n<tr>\n<td>Exactitud<\/td>\n<td>+\/- (1.2%FS+5d)<\/td>\n<\/tr>\n<tr>\n<td>Protecci\u00f3n contra sobrecarga<\/td>\n<td>300 ACA (durante 1 minuto)<\/td>\n<\/tr>\n<tr>\n<td colspan=\"2\"><strong>Corriente continua<\/strong><\/td>\n<\/tr>\n<tr>\n<td>Gama<\/td>\n<td>200A<\/td>\n<\/tr>\n<tr>\n<td>Resoluci\u00f3n<\/td>\n<td>0.1A<\/td>\n<\/tr>\n<tr>\n<td>Exactitud<\/td>\n<td>+\/-(1.2%FS+5d)<\/td>\n<\/tr>\n<tr>\n<td>Protecci\u00f3n contra sobrecarga<\/td>\n<td>300 ACA (durante 1 minuto)<\/td>\n<\/tr>\n<tr>\n<td>Retenci\u00f3n de datos<\/td>\n<td>Congela la lectura mostrada. Disponible en todos los Funciones<\/td>\n<\/tr>\n<\/tbody>\n<\/table>\n","protected":false},"featured_media":10071,"comment_status":"open","ping_status":"closed","template":"","meta":{"_joinchat":[]},"product_brand":[],"product_cat":[15],"product_tag":[],"class_list":{"0":"post-10067","1":"product","2":"type-product","3":"status-publish","4":"has-post-thumbnail","6":"product_cat-sin-categorizar","8":"first","9":"instock","10":"shipping-taxable","11":"product-type-simple"},"yoast_head":"<!-- This site is optimized with the Yoast SEO plugin v26.4 - https:\/\/yoast.com\/wordpress\/plugins\/seo\/ -->\n<title>380652 - Multiamperimetro de gancho 200a ca-cd - Abaa tienda online<\/title>\n<meta name=\"robots\" content=\"index, follow, max-snippet:-1, max-image-preview:large, max-video-preview:-1\" \/>\n<link rel=\"canonical\" href=\"https:\/\/abaa.mx\/tienda\/380652-multiamperimetro-de-gancho-200a-ca-cd\/\" \/>\n<meta property=\"og:locale\" content=\"es_MX\" \/>\n<meta property=\"og:type\" content=\"article\" \/>\n<meta property=\"og:title\" content=\"380652 - Multiamperimetro de gancho 200a ca-cd - Abaa tienda online\" \/>\n<meta property=\"og:description\" content=\"Funciones      Rango de 200 V CC.  Rango de 500 V ACV.  Rango de resistencia de 200 \u03a9.  Rango de corriente continua de 200 A.  La pantalla indica &quot;1&quot; o &quot;-1&quot; Sobreentrada.  Dial del medidor para el ajuste de la corriente continua a cero.  Sensor de efecto Hall.  Resoluci\u00f3n a 10 mA CA.  Perilla de ajuste de cero externa para CC Mediciones de corriente.  Mediciones de Tensi\u00f3n y Resistencia.     Caracter\u00edsticas t\u00e9cnicas   Especificaciones generales   Monitor 0,5&quot; (13 mm), LCD, 3-1\/2 d\u00edgitos (\u00b11999 recuentos)   Medidas Voltaje\/corriente y resistencia de CA\/CC   Polaridad Conmutaci\u00f3n autom\u00e1tica; &quot;-&quot; indica negativo polaridad   Sensor de corriente Sensor de efecto Hall   Ajuste cero Dial del medidor para corriente continua cero   Entrada excesiva La pantalla indica &quot;1&quot; o &quot;-1&quot;   Tiempo de muestreo Aproximadamente 0,4 segundos   Base de tiempo Cristal de cuarzo (32768 Hz)   Protecci\u00f3n de fusibles Fusible de 500 mA   Bater\u00eda Bater\u00eda 006P DC 9V (tipo de servicio pesado)   Consumo de energ\u00eda Aproximadamente 6mADC (voltaje y resistencia), Aproximadamente 12 mADC (rango de corriente)   Temperatura de funcionamiento 32 a 122 \u00b0 F (0 a 50 \u00b0 C)   Humedad de funcionamiento Menos del 80% de humedad relativa   Peso 225 g (0,5 lb) (incluida la bater\u00eda)   Dimensi\u00f3n 7,1 x 1,9 x 1,4&quot; (180 x 47 x 35 mm)   Tama\u00f1o m\u00e1x. del conductor 19 \u03c6 (19 mm de di\u00e1metro)   Accesorios Manual de instrucciones, cables de prueba, estuche de transporte   DCV   Gama 200V   Resoluci\u00f3n 0.1V   Exactitud +\/- (0.8%rdg+1d)   Protecci\u00f3n contra sobrecarga CA 500Vrms DC+\/-500V   ACV (50\/60HZ)   Gama 500V   Resoluci\u00f3n 1V   Exactitud +\/-(1%rdg+2d)   Protecci\u00f3n contra sobrecarga CA 500Vrms DC+\/-500V   Resistencia   Gama 200 \u03a9   Resoluci\u00f3n 0.1 \u03a9   Exactitud +\/-(1.2%rdg+1d)   Protecci\u00f3n contra sobrecarga CA\/CC400V   Corriente alterna (50\/60 HZ)   Gama 20A\/200A   Resoluci\u00f3n 0,01 A \/ 0,1 A   Exactitud +\/- (1.2%FS+5d)   Protecci\u00f3n contra sobrecarga 300 ACA (durante 1 minuto)   Corriente continua   Gama 200A   Resoluci\u00f3n 0.1A   Exactitud +\/-(1.2%FS+5d)   Protecci\u00f3n contra sobrecarga 300 ACA (durante 1 minuto)   Retenci\u00f3n de datos Congela la lectura mostrada. Disponible en todos los Funciones\" \/>\n<meta property=\"og:url\" content=\"https:\/\/abaa.mx\/tienda\/380652-multiamperimetro-de-gancho-200a-ca-cd\/\" \/>\n<meta property=\"og:site_name\" content=\"Abaa tienda online\" \/>\n<meta property=\"article:modified_time\" content=\"2024-01-08T15:46:56+00:00\" \/>\n<meta property=\"og:image\" content=\"https:\/\/abaa.mx\/tienda\/wp-content\/uploads\/2024\/01\/EXTECH-380652.jpg\" \/>\n\t<meta property=\"og:image:width\" content=\"583\" \/>\n\t<meta property=\"og:image:height\" content=\"353\" \/>\n\t<meta property=\"og:image:type\" content=\"image\/jpeg\" \/>\n<meta name=\"twitter:card\" content=\"summary_large_image\" \/>\n<meta name=\"twitter:label1\" content=\"Tiempo de lectura\" \/>\n\t<meta name=\"twitter:data1\" content=\"1 minuto\" \/>\n<script type=\"application\/ld+json\" class=\"yoast-schema-graph\">{\"@context\":\"https:\/\/schema.org\",\"@graph\":[{\"@type\":\"WebPage\",\"@id\":\"https:\/\/abaa.mx\/tienda\/380652-multiamperimetro-de-gancho-200a-ca-cd\/\",\"url\":\"https:\/\/abaa.mx\/tienda\/380652-multiamperimetro-de-gancho-200a-ca-cd\/\",\"name\":\"380652 - Multiamperimetro de gancho 200a ca-cd - Abaa tienda online\",\"isPartOf\":{\"@id\":\"https:\/\/abaa.mx\/tienda\/#website\"},\"primaryImageOfPage\":{\"@id\":\"https:\/\/abaa.mx\/tienda\/380652-multiamperimetro-de-gancho-200a-ca-cd\/#primaryimage\"},\"image\":{\"@id\":\"https:\/\/abaa.mx\/tienda\/380652-multiamperimetro-de-gancho-200a-ca-cd\/#primaryimage\"},\"thumbnailUrl\":\"https:\/\/abaa.mx\/tienda\/wp-content\/uploads\/2024\/01\/EXTECH-380652.jpg\",\"datePublished\":\"2024-01-08T15:40:41+00:00\",\"dateModified\":\"2024-01-08T15:46:56+00:00\",\"breadcrumb\":{\"@id\":\"https:\/\/abaa.mx\/tienda\/380652-multiamperimetro-de-gancho-200a-ca-cd\/#breadcrumb\"},\"inLanguage\":\"es\",\"potentialAction\":[{\"@type\":\"ReadAction\",\"target\":[\"https:\/\/abaa.mx\/tienda\/380652-multiamperimetro-de-gancho-200a-ca-cd\/\"]}]},{\"@type\":\"ImageObject\",\"inLanguage\":\"es\",\"@id\":\"https:\/\/abaa.mx\/tienda\/380652-multiamperimetro-de-gancho-200a-ca-cd\/#primaryimage\",\"url\":\"https:\/\/abaa.mx\/tienda\/wp-content\/uploads\/2024\/01\/EXTECH-380652.jpg\",\"contentUrl\":\"https:\/\/abaa.mx\/tienda\/wp-content\/uploads\/2024\/01\/EXTECH-380652.jpg\",\"width\":583,\"height\":353,\"caption\":\"EXTECH-380652\"},{\"@type\":\"BreadcrumbList\",\"@id\":\"https:\/\/abaa.mx\/tienda\/380652-multiamperimetro-de-gancho-200a-ca-cd\/#breadcrumb\",\"itemListElement\":[{\"@type\":\"ListItem\",\"position\":1,\"name\":\"Inicio\",\"item\":\"https:\/\/abaa.mx\/tienda\/\"},{\"@type\":\"ListItem\",\"position\":2,\"name\":\"Tienda\",\"item\":\"https:\/\/abaa.mx\/tienda\/\"},{\"@type\":\"ListItem\",\"position\":3,\"name\":\"380652 &#8211; Multiamperimetro de gancho 200a ca-cd\"}]},{\"@type\":\"WebSite\",\"@id\":\"https:\/\/abaa.mx\/tienda\/#website\",\"url\":\"https:\/\/abaa.mx\/tienda\/\",\"name\":\"Abaa tienda online\",\"description\":\"Instrumentos de medici\u00f3n\",\"publisher\":{\"@id\":\"https:\/\/abaa.mx\/tienda\/#organization\"},\"potentialAction\":[{\"@type\":\"SearchAction\",\"target\":{\"@type\":\"EntryPoint\",\"urlTemplate\":\"https:\/\/abaa.mx\/tienda\/?s={search_term_string}\"},\"query-input\":{\"@type\":\"PropertyValueSpecification\",\"valueRequired\":true,\"valueName\":\"search_term_string\"}}],\"inLanguage\":\"es\"},{\"@type\":\"Organization\",\"@id\":\"https:\/\/abaa.mx\/tienda\/#organization\",\"name\":\"Abaa tienda online\",\"url\":\"https:\/\/abaa.mx\/tienda\/\",\"logo\":{\"@type\":\"ImageObject\",\"inLanguage\":\"es\",\"@id\":\"https:\/\/abaa.mx\/tienda\/#\/schema\/logo\/image\/\",\"url\":\"https:\/\/abaa.mx\/tienda\/wp-content\/uploads\/2024\/01\/abaa-metrologia-tienda.png\",\"contentUrl\":\"https:\/\/abaa.mx\/tienda\/wp-content\/uploads\/2024\/01\/abaa-metrologia-tienda.png\",\"width\":300,\"height\":141,\"caption\":\"Abaa tienda online\"},\"image\":{\"@id\":\"https:\/\/abaa.mx\/tienda\/#\/schema\/logo\/image\/\"}}]}<\/script>\n<!-- \/ Yoast SEO plugin. -->","yoast_head_json":{"title":"380652 - Multiamperimetro de gancho 200a ca-cd - Abaa tienda online","robots":{"index":"index","follow":"follow","max-snippet":"max-snippet:-1","max-image-preview":"max-image-preview:large","max-video-preview":"max-video-preview:-1"},"canonical":"https:\/\/abaa.mx\/tienda\/380652-multiamperimetro-de-gancho-200a-ca-cd\/","og_locale":"es_MX","og_type":"article","og_title":"380652 - Multiamperimetro de gancho 200a ca-cd - Abaa tienda online","og_description":"Funciones      Rango de 200 V CC.  Rango de 500 V ACV.  Rango de resistencia de 200 \u03a9.  Rango de corriente continua de 200 A.  La pantalla indica \"1\" o \"-1\" Sobreentrada.  Dial del medidor para el ajuste de la corriente continua a cero.  Sensor de efecto Hall.  Resoluci\u00f3n a 10 mA CA.  Perilla de ajuste de cero externa para CC Mediciones de corriente.  Mediciones de Tensi\u00f3n y Resistencia.     Caracter\u00edsticas t\u00e9cnicas   Especificaciones generales   Monitor 0,5\" (13 mm), LCD, 3-1\/2 d\u00edgitos (\u00b11999 recuentos)   Medidas Voltaje\/corriente y resistencia de CA\/CC   Polaridad Conmutaci\u00f3n autom\u00e1tica; \"-\" indica negativo polaridad   Sensor de corriente Sensor de efecto Hall   Ajuste cero Dial del medidor para corriente continua cero   Entrada excesiva La pantalla indica \"1\" o \"-1\"   Tiempo de muestreo Aproximadamente 0,4 segundos   Base de tiempo Cristal de cuarzo (32768 Hz)   Protecci\u00f3n de fusibles Fusible de 500 mA   Bater\u00eda Bater\u00eda 006P DC 9V (tipo de servicio pesado)   Consumo de energ\u00eda Aproximadamente 6mADC (voltaje y resistencia), Aproximadamente 12 mADC (rango de corriente)   Temperatura de funcionamiento 32 a 122 \u00b0 F (0 a 50 \u00b0 C)   Humedad de funcionamiento Menos del 80% de humedad relativa   Peso 225 g (0,5 lb) (incluida la bater\u00eda)   Dimensi\u00f3n 7,1 x 1,9 x 1,4\" (180 x 47 x 35 mm)   Tama\u00f1o m\u00e1x. del conductor 19 \u03c6 (19 mm de di\u00e1metro)   Accesorios Manual de instrucciones, cables de prueba, estuche de transporte   DCV   Gama 200V   Resoluci\u00f3n 0.1V   Exactitud +\/- (0.8%rdg+1d)   Protecci\u00f3n contra sobrecarga CA 500Vrms DC+\/-500V   ACV (50\/60HZ)   Gama 500V   Resoluci\u00f3n 1V   Exactitud +\/-(1%rdg+2d)   Protecci\u00f3n contra sobrecarga CA 500Vrms DC+\/-500V   Resistencia   Gama 200 \u03a9   Resoluci\u00f3n 0.1 \u03a9   Exactitud +\/-(1.2%rdg+1d)   Protecci\u00f3n contra sobrecarga CA\/CC400V   Corriente alterna (50\/60 HZ)   Gama 20A\/200A   Resoluci\u00f3n 0,01 A \/ 0,1 A   Exactitud +\/- (1.2%FS+5d)   Protecci\u00f3n contra sobrecarga 300 ACA (durante 1 minuto)   Corriente continua   Gama 200A   Resoluci\u00f3n 0.1A   Exactitud +\/-(1.2%FS+5d)   Protecci\u00f3n contra sobrecarga 300 ACA (durante 1 minuto)   Retenci\u00f3n de datos Congela la lectura mostrada. Disponible en todos los Funciones","og_url":"https:\/\/abaa.mx\/tienda\/380652-multiamperimetro-de-gancho-200a-ca-cd\/","og_site_name":"Abaa tienda online","article_modified_time":"2024-01-08T15:46:56+00:00","og_image":[{"width":583,"height":353,"url":"https:\/\/abaa.mx\/tienda\/wp-content\/uploads\/2024\/01\/EXTECH-380652.jpg","type":"image\/jpeg"}],"twitter_card":"summary_large_image","twitter_misc":{"Tiempo de lectura":"1 minuto"},"schema":{"@context":"https:\/\/schema.org","@graph":[{"@type":"WebPage","@id":"https:\/\/abaa.mx\/tienda\/380652-multiamperimetro-de-gancho-200a-ca-cd\/","url":"https:\/\/abaa.mx\/tienda\/380652-multiamperimetro-de-gancho-200a-ca-cd\/","name":"380652 - Multiamperimetro de gancho 200a ca-cd - Abaa tienda online","isPartOf":{"@id":"https:\/\/abaa.mx\/tienda\/#website"},"primaryImageOfPage":{"@id":"https:\/\/abaa.mx\/tienda\/380652-multiamperimetro-de-gancho-200a-ca-cd\/#primaryimage"},"image":{"@id":"https:\/\/abaa.mx\/tienda\/380652-multiamperimetro-de-gancho-200a-ca-cd\/#primaryimage"},"thumbnailUrl":"https:\/\/abaa.mx\/tienda\/wp-content\/uploads\/2024\/01\/EXTECH-380652.jpg","datePublished":"2024-01-08T15:40:41+00:00","dateModified":"2024-01-08T15:46:56+00:00","breadcrumb":{"@id":"https:\/\/abaa.mx\/tienda\/380652-multiamperimetro-de-gancho-200a-ca-cd\/#breadcrumb"},"inLanguage":"es","potentialAction":[{"@type":"ReadAction","target":["https:\/\/abaa.mx\/tienda\/380652-multiamperimetro-de-gancho-200a-ca-cd\/"]}]},{"@type":"ImageObject","inLanguage":"es","@id":"https:\/\/abaa.mx\/tienda\/380652-multiamperimetro-de-gancho-200a-ca-cd\/#primaryimage","url":"https:\/\/abaa.mx\/tienda\/wp-content\/uploads\/2024\/01\/EXTECH-380652.jpg","contentUrl":"https:\/\/abaa.mx\/tienda\/wp-content\/uploads\/2024\/01\/EXTECH-380652.jpg","width":583,"height":353,"caption":"EXTECH-380652"},{"@type":"BreadcrumbList","@id":"https:\/\/abaa.mx\/tienda\/380652-multiamperimetro-de-gancho-200a-ca-cd\/#breadcrumb","itemListElement":[{"@type":"ListItem","position":1,"name":"Inicio","item":"https:\/\/abaa.mx\/tienda\/"},{"@type":"ListItem","position":2,"name":"Tienda","item":"https:\/\/abaa.mx\/tienda\/"},{"@type":"ListItem","position":3,"name":"380652 &#8211; Multiamperimetro de gancho 200a ca-cd"}]},{"@type":"WebSite","@id":"https:\/\/abaa.mx\/tienda\/#website","url":"https:\/\/abaa.mx\/tienda\/","name":"Abaa tienda online","description":"Instrumentos de medici\u00f3n","publisher":{"@id":"https:\/\/abaa.mx\/tienda\/#organization"},"potentialAction":[{"@type":"SearchAction","target":{"@type":"EntryPoint","urlTemplate":"https:\/\/abaa.mx\/tienda\/?s={search_term_string}"},"query-input":{"@type":"PropertyValueSpecification","valueRequired":true,"valueName":"search_term_string"}}],"inLanguage":"es"},{"@type":"Organization","@id":"https:\/\/abaa.mx\/tienda\/#organization","name":"Abaa tienda online","url":"https:\/\/abaa.mx\/tienda\/","logo":{"@type":"ImageObject","inLanguage":"es","@id":"https:\/\/abaa.mx\/tienda\/#\/schema\/logo\/image\/","url":"https:\/\/abaa.mx\/tienda\/wp-content\/uploads\/2024\/01\/abaa-metrologia-tienda.png","contentUrl":"https:\/\/abaa.mx\/tienda\/wp-content\/uploads\/2024\/01\/abaa-metrologia-tienda.png","width":300,"height":141,"caption":"Abaa tienda online"},"image":{"@id":"https:\/\/abaa.mx\/tienda\/#\/schema\/logo\/image\/"}}]}},"_links":{"self":[{"href":"https:\/\/abaa.mx\/tienda\/wp-json\/wp\/v2\/product\/10067","targetHints":{"allow":["GET"]}}],"collection":[{"href":"https:\/\/abaa.mx\/tienda\/wp-json\/wp\/v2\/product"}],"about":[{"href":"https:\/\/abaa.mx\/tienda\/wp-json\/wp\/v2\/types\/product"}],"replies":[{"embeddable":true,"href":"https:\/\/abaa.mx\/tienda\/wp-json\/wp\/v2\/comments?post=10067"}],"wp:featuredmedia":[{"embeddable":true,"href":"https:\/\/abaa.mx\/tienda\/wp-json\/wp\/v2\/media\/10071"}],"wp:attachment":[{"href":"https:\/\/abaa.mx\/tienda\/wp-json\/wp\/v2\/media?parent=10067"}],"wp:term":[{"taxonomy":"product_brand","embeddable":true,"href":"https:\/\/abaa.mx\/tienda\/wp-json\/wp\/v2\/product_brand?post=10067"},{"taxonomy":"product_cat","embeddable":true,"href":"https:\/\/abaa.mx\/tienda\/wp-json\/wp\/v2\/product_cat?post=10067"},{"taxonomy":"product_tag","embeddable":true,"href":"https:\/\/abaa.mx\/tienda\/wp-json\/wp\/v2\/product_tag?post=10067"}],"curies":[{"name":"wp","href":"https:\/\/api.w.org\/{rel}","templated":true}]}}