{"id":10058,"date":"2024-01-08T14:49:47","date_gmt":"2024-01-08T14:49:47","guid":{"rendered":"https:\/\/abaa.mx\/tienda\/?post_type=product&#038;p=10058"},"modified":"2024-01-08T14:54:32","modified_gmt":"2024-01-08T14:54:32","slug":"ma435t-multiamperimetro-de-gancho-trms-400a-600v-acon-dc","status":"publish","type":"product","link":"https:\/\/abaa.mx\/tienda\/ma435t-multiamperimetro-de-gancho-trms-400a-600v-acon-dc\/","title":{"rendered":"Ma435t &#8211; multiamperimetro de gancho trms, 400a, 600v acon dc"},"content":{"rendered":"<p>Ma435t &#8211; multiamperimetro de gancho trms, 400a, 600v acon dc<\/p>\n","protected":false},"excerpt":{"rendered":"<p><strong>Caracter\u00edsticas:<\/strong><\/p>\n<ul style=\"font-weight: 400;\">\n<li>True RMS para una mayor precisi\u00f3n al medir formas de onda distorsionadas.<\/li>\n<li>Detector de voltaje sin contacto incorporado con alerta LED.<\/li>\n<li>Tama\u00f1o de mordaza de 1,2&#8243; (30 mm) para conductores de hasta 350 MCM.<\/li>\n<li>Pantalla LCD retroiluminada.<\/li>\n<li>Indicaci\u00f3n de retenci\u00f3n de datos, apagado autom\u00e1tico y bater\u00eda baja.<\/li>\n<li>Completo con cables de prueba, bater\u00eda de 9 V, sonda de temperatura de alambre de tal\u00f3n tipo K de uso general y estuche de transporte blando.<\/li>\n<li>Las funciones incluyen: corriente CA\/CC, voltaje CA\/CC, resistencia, frecuencia, capacitancia, temperatura, diodo y continuidad.<\/li>\n<\/ul>\n","protected":false},"featured_media":10060,"comment_status":"open","ping_status":"closed","template":"","meta":{"_joinchat":[]},"product_brand":[],"product_cat":[15],"product_tag":[],"class_list":{"0":"post-10058","1":"product","2":"type-product","3":"status-publish","4":"has-post-thumbnail","6":"product_cat-sin-categorizar","8":"first","9":"instock","10":"shipping-taxable","11":"product-type-simple"},"yoast_head":"<!-- This site is optimized with the Yoast SEO plugin v26.4 - https:\/\/yoast.com\/wordpress\/plugins\/seo\/ -->\n<title>Ma435t - multiamperimetro de gancho trms, 400a, 600v acon dc - Abaa tienda online<\/title>\n<meta name=\"robots\" content=\"index, follow, max-snippet:-1, max-image-preview:large, max-video-preview:-1\" \/>\n<link rel=\"canonical\" href=\"https:\/\/abaa.mx\/tienda\/ma435t-multiamperimetro-de-gancho-trms-400a-600v-acon-dc\/\" \/>\n<meta property=\"og:locale\" content=\"es_MX\" \/>\n<meta property=\"og:type\" content=\"article\" \/>\n<meta property=\"og:title\" content=\"Ma435t - multiamperimetro de gancho trms, 400a, 600v acon dc - Abaa tienda online\" \/>\n<meta property=\"og:description\" content=\"Caracter\u00edsticas:   True RMS para una mayor precisi\u00f3n al medir formas de onda distorsionadas.  Detector de voltaje sin contacto incorporado con alerta LED.  Tama\u00f1o de mordaza de 1,2&quot; (30 mm) para conductores de hasta 350 MCM.  Pantalla LCD retroiluminada.  Indicaci\u00f3n de retenci\u00f3n de datos, apagado autom\u00e1tico y bater\u00eda baja.  Completo con cables de prueba, bater\u00eda de 9 V, sonda de temperatura de alambre de tal\u00f3n tipo K de uso general y estuche de transporte blando.  Las funciones incluyen: corriente CA\/CC, voltaje CA\/CC, resistencia, frecuencia, capacitancia, temperatura, diodo y continuidad.\" \/>\n<meta property=\"og:url\" content=\"https:\/\/abaa.mx\/tienda\/ma435t-multiamperimetro-de-gancho-trms-400a-600v-acon-dc\/\" \/>\n<meta property=\"og:site_name\" content=\"Abaa tienda online\" \/>\n<meta property=\"article:modified_time\" content=\"2024-01-08T14:54:32+00:00\" \/>\n<meta property=\"og:image\" content=\"https:\/\/abaa.mx\/tienda\/wp-content\/uploads\/2024\/01\/Ma435t-\u2014-multiamperimetro.jpg\" \/>\n\t<meta property=\"og:image:width\" content=\"1024\" \/>\n\t<meta property=\"og:image:height\" content=\"1024\" \/>\n\t<meta property=\"og:image:type\" content=\"image\/jpeg\" \/>\n<meta name=\"twitter:card\" content=\"summary_large_image\" \/>\n<meta name=\"twitter:label1\" content=\"Tiempo de lectura\" \/>\n\t<meta name=\"twitter:data1\" content=\"1 minuto\" \/>\n<script type=\"application\/ld+json\" class=\"yoast-schema-graph\">{\"@context\":\"https:\/\/schema.org\",\"@graph\":[{\"@type\":\"WebPage\",\"@id\":\"https:\/\/abaa.mx\/tienda\/ma435t-multiamperimetro-de-gancho-trms-400a-600v-acon-dc\/\",\"url\":\"https:\/\/abaa.mx\/tienda\/ma435t-multiamperimetro-de-gancho-trms-400a-600v-acon-dc\/\",\"name\":\"Ma435t - multiamperimetro de gancho trms, 400a, 600v acon dc - Abaa tienda online\",\"isPartOf\":{\"@id\":\"https:\/\/abaa.mx\/tienda\/#website\"},\"primaryImageOfPage\":{\"@id\":\"https:\/\/abaa.mx\/tienda\/ma435t-multiamperimetro-de-gancho-trms-400a-600v-acon-dc\/#primaryimage\"},\"image\":{\"@id\":\"https:\/\/abaa.mx\/tienda\/ma435t-multiamperimetro-de-gancho-trms-400a-600v-acon-dc\/#primaryimage\"},\"thumbnailUrl\":\"https:\/\/abaa.mx\/tienda\/wp-content\/uploads\/2024\/01\/Ma435t-\u2014-multiamperimetro.jpg\",\"datePublished\":\"2024-01-08T14:49:47+00:00\",\"dateModified\":\"2024-01-08T14:54:32+00:00\",\"breadcrumb\":{\"@id\":\"https:\/\/abaa.mx\/tienda\/ma435t-multiamperimetro-de-gancho-trms-400a-600v-acon-dc\/#breadcrumb\"},\"inLanguage\":\"es\",\"potentialAction\":[{\"@type\":\"ReadAction\",\"target\":[\"https:\/\/abaa.mx\/tienda\/ma435t-multiamperimetro-de-gancho-trms-400a-600v-acon-dc\/\"]}]},{\"@type\":\"ImageObject\",\"inLanguage\":\"es\",\"@id\":\"https:\/\/abaa.mx\/tienda\/ma435t-multiamperimetro-de-gancho-trms-400a-600v-acon-dc\/#primaryimage\",\"url\":\"https:\/\/abaa.mx\/tienda\/wp-content\/uploads\/2024\/01\/Ma435t-\u2014-multiamperimetro.jpg\",\"contentUrl\":\"https:\/\/abaa.mx\/tienda\/wp-content\/uploads\/2024\/01\/Ma435t-\u2014-multiamperimetro.jpg\",\"width\":1024,\"height\":1024,\"caption\":\"Ma435t \u2014 multiamperimetro\"},{\"@type\":\"BreadcrumbList\",\"@id\":\"https:\/\/abaa.mx\/tienda\/ma435t-multiamperimetro-de-gancho-trms-400a-600v-acon-dc\/#breadcrumb\",\"itemListElement\":[{\"@type\":\"ListItem\",\"position\":1,\"name\":\"Inicio\",\"item\":\"https:\/\/abaa.mx\/tienda\/\"},{\"@type\":\"ListItem\",\"position\":2,\"name\":\"Tienda\",\"item\":\"https:\/\/abaa.mx\/tienda\/\"},{\"@type\":\"ListItem\",\"position\":3,\"name\":\"Ma435t &#8211; multiamperimetro de gancho trms, 400a, 600v acon dc\"}]},{\"@type\":\"WebSite\",\"@id\":\"https:\/\/abaa.mx\/tienda\/#website\",\"url\":\"https:\/\/abaa.mx\/tienda\/\",\"name\":\"Abaa tienda online\",\"description\":\"Instrumentos de medici\u00f3n\",\"publisher\":{\"@id\":\"https:\/\/abaa.mx\/tienda\/#organization\"},\"potentialAction\":[{\"@type\":\"SearchAction\",\"target\":{\"@type\":\"EntryPoint\",\"urlTemplate\":\"https:\/\/abaa.mx\/tienda\/?s={search_term_string}\"},\"query-input\":{\"@type\":\"PropertyValueSpecification\",\"valueRequired\":true,\"valueName\":\"search_term_string\"}}],\"inLanguage\":\"es\"},{\"@type\":\"Organization\",\"@id\":\"https:\/\/abaa.mx\/tienda\/#organization\",\"name\":\"Abaa tienda online\",\"url\":\"https:\/\/abaa.mx\/tienda\/\",\"logo\":{\"@type\":\"ImageObject\",\"inLanguage\":\"es\",\"@id\":\"https:\/\/abaa.mx\/tienda\/#\/schema\/logo\/image\/\",\"url\":\"https:\/\/abaa.mx\/tienda\/wp-content\/uploads\/2024\/01\/abaa-metrologia-tienda.png\",\"contentUrl\":\"https:\/\/abaa.mx\/tienda\/wp-content\/uploads\/2024\/01\/abaa-metrologia-tienda.png\",\"width\":300,\"height\":141,\"caption\":\"Abaa tienda online\"},\"image\":{\"@id\":\"https:\/\/abaa.mx\/tienda\/#\/schema\/logo\/image\/\"}}]}<\/script>\n<!-- \/ Yoast SEO plugin. -->","yoast_head_json":{"title":"Ma435t - multiamperimetro de gancho trms, 400a, 600v acon dc - Abaa tienda online","robots":{"index":"index","follow":"follow","max-snippet":"max-snippet:-1","max-image-preview":"max-image-preview:large","max-video-preview":"max-video-preview:-1"},"canonical":"https:\/\/abaa.mx\/tienda\/ma435t-multiamperimetro-de-gancho-trms-400a-600v-acon-dc\/","og_locale":"es_MX","og_type":"article","og_title":"Ma435t - multiamperimetro de gancho trms, 400a, 600v acon dc - Abaa tienda online","og_description":"Caracter\u00edsticas:   True RMS para una mayor precisi\u00f3n al medir formas de onda distorsionadas.  Detector de voltaje sin contacto incorporado con alerta LED.  Tama\u00f1o de mordaza de 1,2\" (30 mm) para conductores de hasta 350 MCM.  Pantalla LCD retroiluminada.  Indicaci\u00f3n de retenci\u00f3n de datos, apagado autom\u00e1tico y bater\u00eda baja.  Completo con cables de prueba, bater\u00eda de 9 V, sonda de temperatura de alambre de tal\u00f3n tipo K de uso general y estuche de transporte blando.  Las funciones incluyen: corriente CA\/CC, voltaje CA\/CC, resistencia, frecuencia, capacitancia, temperatura, diodo y continuidad.","og_url":"https:\/\/abaa.mx\/tienda\/ma435t-multiamperimetro-de-gancho-trms-400a-600v-acon-dc\/","og_site_name":"Abaa tienda online","article_modified_time":"2024-01-08T14:54:32+00:00","og_image":[{"width":1024,"height":1024,"url":"https:\/\/abaa.mx\/tienda\/wp-content\/uploads\/2024\/01\/Ma435t-\u2014-multiamperimetro.jpg","type":"image\/jpeg"}],"twitter_card":"summary_large_image","twitter_misc":{"Tiempo de lectura":"1 minuto"},"schema":{"@context":"https:\/\/schema.org","@graph":[{"@type":"WebPage","@id":"https:\/\/abaa.mx\/tienda\/ma435t-multiamperimetro-de-gancho-trms-400a-600v-acon-dc\/","url":"https:\/\/abaa.mx\/tienda\/ma435t-multiamperimetro-de-gancho-trms-400a-600v-acon-dc\/","name":"Ma435t - multiamperimetro de gancho trms, 400a, 600v acon dc - Abaa tienda online","isPartOf":{"@id":"https:\/\/abaa.mx\/tienda\/#website"},"primaryImageOfPage":{"@id":"https:\/\/abaa.mx\/tienda\/ma435t-multiamperimetro-de-gancho-trms-400a-600v-acon-dc\/#primaryimage"},"image":{"@id":"https:\/\/abaa.mx\/tienda\/ma435t-multiamperimetro-de-gancho-trms-400a-600v-acon-dc\/#primaryimage"},"thumbnailUrl":"https:\/\/abaa.mx\/tienda\/wp-content\/uploads\/2024\/01\/Ma435t-\u2014-multiamperimetro.jpg","datePublished":"2024-01-08T14:49:47+00:00","dateModified":"2024-01-08T14:54:32+00:00","breadcrumb":{"@id":"https:\/\/abaa.mx\/tienda\/ma435t-multiamperimetro-de-gancho-trms-400a-600v-acon-dc\/#breadcrumb"},"inLanguage":"es","potentialAction":[{"@type":"ReadAction","target":["https:\/\/abaa.mx\/tienda\/ma435t-multiamperimetro-de-gancho-trms-400a-600v-acon-dc\/"]}]},{"@type":"ImageObject","inLanguage":"es","@id":"https:\/\/abaa.mx\/tienda\/ma435t-multiamperimetro-de-gancho-trms-400a-600v-acon-dc\/#primaryimage","url":"https:\/\/abaa.mx\/tienda\/wp-content\/uploads\/2024\/01\/Ma435t-\u2014-multiamperimetro.jpg","contentUrl":"https:\/\/abaa.mx\/tienda\/wp-content\/uploads\/2024\/01\/Ma435t-\u2014-multiamperimetro.jpg","width":1024,"height":1024,"caption":"Ma435t \u2014 multiamperimetro"},{"@type":"BreadcrumbList","@id":"https:\/\/abaa.mx\/tienda\/ma435t-multiamperimetro-de-gancho-trms-400a-600v-acon-dc\/#breadcrumb","itemListElement":[{"@type":"ListItem","position":1,"name":"Inicio","item":"https:\/\/abaa.mx\/tienda\/"},{"@type":"ListItem","position":2,"name":"Tienda","item":"https:\/\/abaa.mx\/tienda\/"},{"@type":"ListItem","position":3,"name":"Ma435t &#8211; multiamperimetro de gancho trms, 400a, 600v acon dc"}]},{"@type":"WebSite","@id":"https:\/\/abaa.mx\/tienda\/#website","url":"https:\/\/abaa.mx\/tienda\/","name":"Abaa tienda online","description":"Instrumentos de medici\u00f3n","publisher":{"@id":"https:\/\/abaa.mx\/tienda\/#organization"},"potentialAction":[{"@type":"SearchAction","target":{"@type":"EntryPoint","urlTemplate":"https:\/\/abaa.mx\/tienda\/?s={search_term_string}"},"query-input":{"@type":"PropertyValueSpecification","valueRequired":true,"valueName":"search_term_string"}}],"inLanguage":"es"},{"@type":"Organization","@id":"https:\/\/abaa.mx\/tienda\/#organization","name":"Abaa tienda online","url":"https:\/\/abaa.mx\/tienda\/","logo":{"@type":"ImageObject","inLanguage":"es","@id":"https:\/\/abaa.mx\/tienda\/#\/schema\/logo\/image\/","url":"https:\/\/abaa.mx\/tienda\/wp-content\/uploads\/2024\/01\/abaa-metrologia-tienda.png","contentUrl":"https:\/\/abaa.mx\/tienda\/wp-content\/uploads\/2024\/01\/abaa-metrologia-tienda.png","width":300,"height":141,"caption":"Abaa tienda online"},"image":{"@id":"https:\/\/abaa.mx\/tienda\/#\/schema\/logo\/image\/"}}]}},"_links":{"self":[{"href":"https:\/\/abaa.mx\/tienda\/wp-json\/wp\/v2\/product\/10058","targetHints":{"allow":["GET"]}}],"collection":[{"href":"https:\/\/abaa.mx\/tienda\/wp-json\/wp\/v2\/product"}],"about":[{"href":"https:\/\/abaa.mx\/tienda\/wp-json\/wp\/v2\/types\/product"}],"replies":[{"embeddable":true,"href":"https:\/\/abaa.mx\/tienda\/wp-json\/wp\/v2\/comments?post=10058"}],"wp:featuredmedia":[{"embeddable":true,"href":"https:\/\/abaa.mx\/tienda\/wp-json\/wp\/v2\/media\/10060"}],"wp:attachment":[{"href":"https:\/\/abaa.mx\/tienda\/wp-json\/wp\/v2\/media?parent=10058"}],"wp:term":[{"taxonomy":"product_brand","embeddable":true,"href":"https:\/\/abaa.mx\/tienda\/wp-json\/wp\/v2\/product_brand?post=10058"},{"taxonomy":"product_cat","embeddable":true,"href":"https:\/\/abaa.mx\/tienda\/wp-json\/wp\/v2\/product_cat?post=10058"},{"taxonomy":"product_tag","embeddable":true,"href":"https:\/\/abaa.mx\/tienda\/wp-json\/wp\/v2\/product_tag?post=10058"}],"curies":[{"name":"wp","href":"https:\/\/api.w.org\/{rel}","templated":true}]}}