{"id":10024,"date":"2024-01-04T15:09:25","date_gmt":"2024-01-04T15:09:25","guid":{"rendered":"https:\/\/abaa.mx\/tienda\/?post_type=product&#038;p=10024"},"modified":"2024-01-04T15:11:22","modified_gmt":"2024-01-04T15:11:22","slug":"ma63-pinza-amperimetrica-60a-rms-ac-dc-vcn","status":"publish","type":"product","link":"https:\/\/abaa.mx\/tienda\/ma63-pinza-amperimetrica-60a-rms-ac-dc-vcn\/","title":{"rendered":"Ma63 &#8211; pinza amperim\u00e9trica 60a rms ac-dc + vcn"},"content":{"rendered":"<p>Ma63 &#8211; pinza amperim\u00e9trica 60a rms ac-dc + vcn<\/p>\n","protected":false},"excerpt":{"rendered":"<h4><strong>Caracter\u00edsticas:<\/strong><\/h4>\n<ul id=\"features\">\n<li>True RMS para lecturas precisas de formas de onda ruidosas, distorsionadas o no sinusoidales.<\/li>\n<li>El tama\u00f1o de la mand\u00edbula de 0,7 &#8220;(17 mm) permite realizar mediciones en lugares estrechos.<\/li>\n<li>Pantalla LCD retroiluminada de 6000 cuentas.<\/li>\n<li>Detector de voltaje sin contacto (NCV) integrado con indicador LED.<\/li>\n<li>Control de frecuencia variable (VFC): filtro de paso bajo para mediciones precisas de se\u00f1ales de transmisi\u00f3n de frecuencia variable.<\/li>\n<li>Las funciones incluyen: NCV, voltaje CA \/ CC, corriente CA \/ CC, resistencia, capacitancia, frecuencia, prueba de diodos, continuidad.<\/li>\n<li>Protecci\u00f3n de sobrecarga de rango completo.<\/li>\n<li>Retenci\u00f3n de datos, indicador de bater\u00eda baja, apagado autom\u00e1tico.<\/li>\n<li>Completo con cables de prueba, 2 bater\u00edas AAA y estuche de transporte.<\/li>\n<\/ul>\n","protected":false},"featured_media":10025,"comment_status":"open","ping_status":"closed","template":"","meta":{"_joinchat":[]},"product_brand":[],"product_cat":[15],"product_tag":[],"class_list":{"0":"post-10024","1":"product","2":"type-product","3":"status-publish","4":"has-post-thumbnail","6":"product_cat-sin-categorizar","8":"first","9":"instock","10":"shipping-taxable","11":"product-type-simple"},"yoast_head":"<!-- This site is optimized with the Yoast SEO plugin v26.4 - https:\/\/yoast.com\/wordpress\/plugins\/seo\/ -->\n<title>Ma63 - pinza amperim\u00e9trica 60a rms ac-dc + vcn - Abaa tienda online<\/title>\n<meta name=\"robots\" content=\"index, follow, max-snippet:-1, max-image-preview:large, max-video-preview:-1\" \/>\n<link rel=\"canonical\" href=\"https:\/\/abaa.mx\/tienda\/ma63-pinza-amperimetrica-60a-rms-ac-dc-vcn\/\" \/>\n<meta property=\"og:locale\" content=\"es_MX\" \/>\n<meta property=\"og:type\" content=\"article\" \/>\n<meta property=\"og:title\" content=\"Ma63 - pinza amperim\u00e9trica 60a rms ac-dc + vcn - Abaa tienda online\" \/>\n<meta property=\"og:description\" content=\"Caracter\u00edsticas:   True RMS para lecturas precisas de formas de onda ruidosas, distorsionadas o no sinusoidales.  El tama\u00f1o de la mand\u00edbula de 0,7 &quot;(17 mm) permite realizar mediciones en lugares estrechos.  Pantalla LCD retroiluminada de 6000 cuentas.  Detector de voltaje sin contacto (NCV) integrado con indicador LED.  Control de frecuencia variable (VFC): filtro de paso bajo para mediciones precisas de se\u00f1ales de transmisi\u00f3n de frecuencia variable.  Las funciones incluyen: NCV, voltaje CA \/ CC, corriente CA \/ CC, resistencia, capacitancia, frecuencia, prueba de diodos, continuidad.  Protecci\u00f3n de sobrecarga de rango completo.  Retenci\u00f3n de datos, indicador de bater\u00eda baja, apagado autom\u00e1tico.  Completo con cables de prueba, 2 bater\u00edas AAA y estuche de transporte.\" \/>\n<meta property=\"og:url\" content=\"https:\/\/abaa.mx\/tienda\/ma63-pinza-amperimetrica-60a-rms-ac-dc-vcn\/\" \/>\n<meta property=\"og:site_name\" content=\"Abaa tienda online\" \/>\n<meta property=\"article:modified_time\" content=\"2024-01-04T15:11:22+00:00\" \/>\n<meta property=\"og:image\" content=\"https:\/\/abaa.mx\/tienda\/wp-content\/uploads\/2024\/01\/Ma63-pinza-amperimetrica.jpg\" \/>\n\t<meta property=\"og:image:width\" content=\"1024\" \/>\n\t<meta property=\"og:image:height\" content=\"1024\" \/>\n\t<meta property=\"og:image:type\" content=\"image\/jpeg\" \/>\n<meta name=\"twitter:card\" content=\"summary_large_image\" \/>\n<meta name=\"twitter:label1\" content=\"Tiempo de lectura\" \/>\n\t<meta name=\"twitter:data1\" content=\"1 minuto\" \/>\n<script type=\"application\/ld+json\" class=\"yoast-schema-graph\">{\"@context\":\"https:\/\/schema.org\",\"@graph\":[{\"@type\":\"WebPage\",\"@id\":\"https:\/\/abaa.mx\/tienda\/ma63-pinza-amperimetrica-60a-rms-ac-dc-vcn\/\",\"url\":\"https:\/\/abaa.mx\/tienda\/ma63-pinza-amperimetrica-60a-rms-ac-dc-vcn\/\",\"name\":\"Ma63 - pinza amperim\u00e9trica 60a rms ac-dc + vcn - Abaa tienda online\",\"isPartOf\":{\"@id\":\"https:\/\/abaa.mx\/tienda\/#website\"},\"primaryImageOfPage\":{\"@id\":\"https:\/\/abaa.mx\/tienda\/ma63-pinza-amperimetrica-60a-rms-ac-dc-vcn\/#primaryimage\"},\"image\":{\"@id\":\"https:\/\/abaa.mx\/tienda\/ma63-pinza-amperimetrica-60a-rms-ac-dc-vcn\/#primaryimage\"},\"thumbnailUrl\":\"https:\/\/abaa.mx\/tienda\/wp-content\/uploads\/2024\/01\/Ma63-pinza-amperimetrica.jpg\",\"datePublished\":\"2024-01-04T15:09:25+00:00\",\"dateModified\":\"2024-01-04T15:11:22+00:00\",\"breadcrumb\":{\"@id\":\"https:\/\/abaa.mx\/tienda\/ma63-pinza-amperimetrica-60a-rms-ac-dc-vcn\/#breadcrumb\"},\"inLanguage\":\"es\",\"potentialAction\":[{\"@type\":\"ReadAction\",\"target\":[\"https:\/\/abaa.mx\/tienda\/ma63-pinza-amperimetrica-60a-rms-ac-dc-vcn\/\"]}]},{\"@type\":\"ImageObject\",\"inLanguage\":\"es\",\"@id\":\"https:\/\/abaa.mx\/tienda\/ma63-pinza-amperimetrica-60a-rms-ac-dc-vcn\/#primaryimage\",\"url\":\"https:\/\/abaa.mx\/tienda\/wp-content\/uploads\/2024\/01\/Ma63-pinza-amperimetrica.jpg\",\"contentUrl\":\"https:\/\/abaa.mx\/tienda\/wp-content\/uploads\/2024\/01\/Ma63-pinza-amperimetrica.jpg\",\"width\":1024,\"height\":1024,\"caption\":\"Ma63 - pinza amperim\u00e9trica\"},{\"@type\":\"BreadcrumbList\",\"@id\":\"https:\/\/abaa.mx\/tienda\/ma63-pinza-amperimetrica-60a-rms-ac-dc-vcn\/#breadcrumb\",\"itemListElement\":[{\"@type\":\"ListItem\",\"position\":1,\"name\":\"Inicio\",\"item\":\"https:\/\/abaa.mx\/tienda\/\"},{\"@type\":\"ListItem\",\"position\":2,\"name\":\"Tienda\",\"item\":\"https:\/\/abaa.mx\/tienda\/\"},{\"@type\":\"ListItem\",\"position\":3,\"name\":\"Ma63 &#8211; pinza amperim\u00e9trica 60a rms ac-dc + vcn\"}]},{\"@type\":\"WebSite\",\"@id\":\"https:\/\/abaa.mx\/tienda\/#website\",\"url\":\"https:\/\/abaa.mx\/tienda\/\",\"name\":\"Abaa tienda online\",\"description\":\"Instrumentos de medici\u00f3n\",\"publisher\":{\"@id\":\"https:\/\/abaa.mx\/tienda\/#organization\"},\"potentialAction\":[{\"@type\":\"SearchAction\",\"target\":{\"@type\":\"EntryPoint\",\"urlTemplate\":\"https:\/\/abaa.mx\/tienda\/?s={search_term_string}\"},\"query-input\":{\"@type\":\"PropertyValueSpecification\",\"valueRequired\":true,\"valueName\":\"search_term_string\"}}],\"inLanguage\":\"es\"},{\"@type\":\"Organization\",\"@id\":\"https:\/\/abaa.mx\/tienda\/#organization\",\"name\":\"Abaa tienda online\",\"url\":\"https:\/\/abaa.mx\/tienda\/\",\"logo\":{\"@type\":\"ImageObject\",\"inLanguage\":\"es\",\"@id\":\"https:\/\/abaa.mx\/tienda\/#\/schema\/logo\/image\/\",\"url\":\"https:\/\/abaa.mx\/tienda\/wp-content\/uploads\/2024\/01\/abaa-metrologia-tienda.png\",\"contentUrl\":\"https:\/\/abaa.mx\/tienda\/wp-content\/uploads\/2024\/01\/abaa-metrologia-tienda.png\",\"width\":300,\"height\":141,\"caption\":\"Abaa tienda online\"},\"image\":{\"@id\":\"https:\/\/abaa.mx\/tienda\/#\/schema\/logo\/image\/\"}}]}<\/script>\n<!-- \/ Yoast SEO plugin. -->","yoast_head_json":{"title":"Ma63 - pinza amperim\u00e9trica 60a rms ac-dc + vcn - Abaa tienda online","robots":{"index":"index","follow":"follow","max-snippet":"max-snippet:-1","max-image-preview":"max-image-preview:large","max-video-preview":"max-video-preview:-1"},"canonical":"https:\/\/abaa.mx\/tienda\/ma63-pinza-amperimetrica-60a-rms-ac-dc-vcn\/","og_locale":"es_MX","og_type":"article","og_title":"Ma63 - pinza amperim\u00e9trica 60a rms ac-dc + vcn - Abaa tienda online","og_description":"Caracter\u00edsticas:   True RMS para lecturas precisas de formas de onda ruidosas, distorsionadas o no sinusoidales.  El tama\u00f1o de la mand\u00edbula de 0,7 \"(17 mm) permite realizar mediciones en lugares estrechos.  Pantalla LCD retroiluminada de 6000 cuentas.  Detector de voltaje sin contacto (NCV) integrado con indicador LED.  Control de frecuencia variable (VFC): filtro de paso bajo para mediciones precisas de se\u00f1ales de transmisi\u00f3n de frecuencia variable.  Las funciones incluyen: NCV, voltaje CA \/ CC, corriente CA \/ CC, resistencia, capacitancia, frecuencia, prueba de diodos, continuidad.  Protecci\u00f3n de sobrecarga de rango completo.  Retenci\u00f3n de datos, indicador de bater\u00eda baja, apagado autom\u00e1tico.  Completo con cables de prueba, 2 bater\u00edas AAA y estuche de transporte.","og_url":"https:\/\/abaa.mx\/tienda\/ma63-pinza-amperimetrica-60a-rms-ac-dc-vcn\/","og_site_name":"Abaa tienda online","article_modified_time":"2024-01-04T15:11:22+00:00","og_image":[{"width":1024,"height":1024,"url":"https:\/\/abaa.mx\/tienda\/wp-content\/uploads\/2024\/01\/Ma63-pinza-amperimetrica.jpg","type":"image\/jpeg"}],"twitter_card":"summary_large_image","twitter_misc":{"Tiempo de lectura":"1 minuto"},"schema":{"@context":"https:\/\/schema.org","@graph":[{"@type":"WebPage","@id":"https:\/\/abaa.mx\/tienda\/ma63-pinza-amperimetrica-60a-rms-ac-dc-vcn\/","url":"https:\/\/abaa.mx\/tienda\/ma63-pinza-amperimetrica-60a-rms-ac-dc-vcn\/","name":"Ma63 - pinza amperim\u00e9trica 60a rms ac-dc + vcn - Abaa tienda online","isPartOf":{"@id":"https:\/\/abaa.mx\/tienda\/#website"},"primaryImageOfPage":{"@id":"https:\/\/abaa.mx\/tienda\/ma63-pinza-amperimetrica-60a-rms-ac-dc-vcn\/#primaryimage"},"image":{"@id":"https:\/\/abaa.mx\/tienda\/ma63-pinza-amperimetrica-60a-rms-ac-dc-vcn\/#primaryimage"},"thumbnailUrl":"https:\/\/abaa.mx\/tienda\/wp-content\/uploads\/2024\/01\/Ma63-pinza-amperimetrica.jpg","datePublished":"2024-01-04T15:09:25+00:00","dateModified":"2024-01-04T15:11:22+00:00","breadcrumb":{"@id":"https:\/\/abaa.mx\/tienda\/ma63-pinza-amperimetrica-60a-rms-ac-dc-vcn\/#breadcrumb"},"inLanguage":"es","potentialAction":[{"@type":"ReadAction","target":["https:\/\/abaa.mx\/tienda\/ma63-pinza-amperimetrica-60a-rms-ac-dc-vcn\/"]}]},{"@type":"ImageObject","inLanguage":"es","@id":"https:\/\/abaa.mx\/tienda\/ma63-pinza-amperimetrica-60a-rms-ac-dc-vcn\/#primaryimage","url":"https:\/\/abaa.mx\/tienda\/wp-content\/uploads\/2024\/01\/Ma63-pinza-amperimetrica.jpg","contentUrl":"https:\/\/abaa.mx\/tienda\/wp-content\/uploads\/2024\/01\/Ma63-pinza-amperimetrica.jpg","width":1024,"height":1024,"caption":"Ma63 - pinza amperim\u00e9trica"},{"@type":"BreadcrumbList","@id":"https:\/\/abaa.mx\/tienda\/ma63-pinza-amperimetrica-60a-rms-ac-dc-vcn\/#breadcrumb","itemListElement":[{"@type":"ListItem","position":1,"name":"Inicio","item":"https:\/\/abaa.mx\/tienda\/"},{"@type":"ListItem","position":2,"name":"Tienda","item":"https:\/\/abaa.mx\/tienda\/"},{"@type":"ListItem","position":3,"name":"Ma63 &#8211; pinza amperim\u00e9trica 60a rms ac-dc + vcn"}]},{"@type":"WebSite","@id":"https:\/\/abaa.mx\/tienda\/#website","url":"https:\/\/abaa.mx\/tienda\/","name":"Abaa tienda online","description":"Instrumentos de medici\u00f3n","publisher":{"@id":"https:\/\/abaa.mx\/tienda\/#organization"},"potentialAction":[{"@type":"SearchAction","target":{"@type":"EntryPoint","urlTemplate":"https:\/\/abaa.mx\/tienda\/?s={search_term_string}"},"query-input":{"@type":"PropertyValueSpecification","valueRequired":true,"valueName":"search_term_string"}}],"inLanguage":"es"},{"@type":"Organization","@id":"https:\/\/abaa.mx\/tienda\/#organization","name":"Abaa tienda online","url":"https:\/\/abaa.mx\/tienda\/","logo":{"@type":"ImageObject","inLanguage":"es","@id":"https:\/\/abaa.mx\/tienda\/#\/schema\/logo\/image\/","url":"https:\/\/abaa.mx\/tienda\/wp-content\/uploads\/2024\/01\/abaa-metrologia-tienda.png","contentUrl":"https:\/\/abaa.mx\/tienda\/wp-content\/uploads\/2024\/01\/abaa-metrologia-tienda.png","width":300,"height":141,"caption":"Abaa tienda online"},"image":{"@id":"https:\/\/abaa.mx\/tienda\/#\/schema\/logo\/image\/"}}]}},"_links":{"self":[{"href":"https:\/\/abaa.mx\/tienda\/wp-json\/wp\/v2\/product\/10024","targetHints":{"allow":["GET"]}}],"collection":[{"href":"https:\/\/abaa.mx\/tienda\/wp-json\/wp\/v2\/product"}],"about":[{"href":"https:\/\/abaa.mx\/tienda\/wp-json\/wp\/v2\/types\/product"}],"replies":[{"embeddable":true,"href":"https:\/\/abaa.mx\/tienda\/wp-json\/wp\/v2\/comments?post=10024"}],"wp:featuredmedia":[{"embeddable":true,"href":"https:\/\/abaa.mx\/tienda\/wp-json\/wp\/v2\/media\/10025"}],"wp:attachment":[{"href":"https:\/\/abaa.mx\/tienda\/wp-json\/wp\/v2\/media?parent=10024"}],"wp:term":[{"taxonomy":"product_brand","embeddable":true,"href":"https:\/\/abaa.mx\/tienda\/wp-json\/wp\/v2\/product_brand?post=10024"},{"taxonomy":"product_cat","embeddable":true,"href":"https:\/\/abaa.mx\/tienda\/wp-json\/wp\/v2\/product_cat?post=10024"},{"taxonomy":"product_tag","embeddable":true,"href":"https:\/\/abaa.mx\/tienda\/wp-json\/wp\/v2\/product_tag?post=10024"}],"curies":[{"name":"wp","href":"https:\/\/api.w.org\/{rel}","templated":true}]}}