{"id":10001,"date":"2024-01-03T16:46:05","date_gmt":"2024-01-03T16:46:05","guid":{"rendered":"https:\/\/abaa.mx\/tienda\/?post_type=product&#038;p=10001"},"modified":"2024-01-10T17:44:38","modified_gmt":"2024-01-10T17:44:38","slug":"tp-vap-3-10d-voltamperometria-panel-100vcde-10amp-voltaje-de-trabajo-4-5-30vcd-47-x-28-x-16mm-oferta","status":"publish","type":"product","link":"https:\/\/abaa.mx\/tienda\/tp-vap-3-10d-voltamperometria-panel-100vcde-10amp-voltaje-de-trabajo-4-5-30vcd-47-x-28-x-16mm-oferta\/","title":{"rendered":"Tp-vap-3-10d &#8211; voltamperometr\u00eda panel 100vcde 10amp, voltaje de trabajo 4.5-30vcd. 47 x 28 x 16mm oferta"},"content":{"rendered":"<p>Es un instrumento digital que nos ayudar\u00e1 tanto a la medici\u00f3n de voltaje y corriente de alg\u00fan circuito o elemento pasivo, este dispositivo puede desempe\u00f1ar algunas funciones de un mult\u00edmetro, pero por una inversi\u00f3n mucho menor, adem\u00e1s cuenta con un tama\u00f1o reducido, lo que nos permitir\u00e1 adaptarlo a nuestros proyectos de forma sencilla.<\/p>\n","protected":false},"excerpt":{"rendered":"<p>Cuenta con una pantalla display digital de dos niveles, a trav\u00e9s de los cuales se mostrar\u00e1 el valor medido tanto de voltaje (parte superior en color rojo) en volts, como la corriente (parte inferior en color azul) en Amperios; consta de 5 pines, dos de alimentaci\u00f3n del dispositivo, uno m\u00e1s que es la tierra del circuito a medir, y los sobrentes representan la corriente a medir y el voltaje a medir.<\/p>\n","protected":false},"featured_media":10222,"comment_status":"open","ping_status":"closed","template":"","meta":{"_joinchat":[]},"product_brand":[],"product_cat":[15],"product_tag":[],"class_list":{"0":"post-10001","1":"product","2":"type-product","3":"status-publish","4":"has-post-thumbnail","6":"product_cat-sin-categorizar","8":"first","9":"instock","10":"shipping-taxable","11":"product-type-simple"},"yoast_head":"<!-- This site is optimized with the Yoast SEO plugin v26.4 - https:\/\/yoast.com\/wordpress\/plugins\/seo\/ -->\n<title>Tp-vap-3-10d - voltamperometr\u00eda panel 100vcde 10amp, voltaje de trabajo 4.5-30vcd. 47 x 28 x 16mm oferta - Abaa tienda online<\/title>\n<meta name=\"robots\" content=\"index, follow, max-snippet:-1, max-image-preview:large, max-video-preview:-1\" \/>\n<link rel=\"canonical\" href=\"https:\/\/abaa.mx\/tienda\/tp-vap-3-10d-voltamperometria-panel-100vcde-10amp-voltaje-de-trabajo-4-5-30vcd-47-x-28-x-16mm-oferta\/\" \/>\n<meta property=\"og:locale\" content=\"es_MX\" \/>\n<meta property=\"og:type\" content=\"article\" \/>\n<meta property=\"og:title\" content=\"Tp-vap-3-10d - voltamperometr\u00eda panel 100vcde 10amp, voltaje de trabajo 4.5-30vcd. 47 x 28 x 16mm oferta - Abaa tienda online\" \/>\n<meta property=\"og:description\" content=\"Cuenta con una pantalla display digital de dos niveles, a trav\u00e9s de los cuales se mostrar\u00e1 el valor medido tanto de voltaje (parte superior en color rojo) en volts, como la corriente (parte inferior en color azul) en Amperios; consta de 5 pines, dos de alimentaci\u00f3n del dispositivo, uno m\u00e1s que es la tierra del circuito a medir, y los sobrentes representan la corriente a medir y el voltaje a medir.\" \/>\n<meta property=\"og:url\" content=\"https:\/\/abaa.mx\/tienda\/tp-vap-3-10d-voltamperometria-panel-100vcde-10amp-voltaje-de-trabajo-4-5-30vcd-47-x-28-x-16mm-oferta\/\" \/>\n<meta property=\"og:site_name\" content=\"Abaa tienda online\" \/>\n<meta property=\"article:modified_time\" content=\"2024-01-10T17:44:38+00:00\" \/>\n<meta property=\"og:image\" content=\"https:\/\/abaa.mx\/tienda\/wp-content\/uploads\/2024\/01\/TP-VAP-3-10D.jpg\" \/>\n\t<meta property=\"og:image:width\" content=\"800\" \/>\n\t<meta property=\"og:image:height\" content=\"800\" \/>\n\t<meta property=\"og:image:type\" content=\"image\/jpeg\" \/>\n<meta name=\"twitter:card\" content=\"summary_large_image\" \/>\n<meta name=\"twitter:label1\" content=\"Tiempo de lectura\" \/>\n\t<meta name=\"twitter:data1\" content=\"1 minuto\" \/>\n<script type=\"application\/ld+json\" class=\"yoast-schema-graph\">{\"@context\":\"https:\/\/schema.org\",\"@graph\":[{\"@type\":\"WebPage\",\"@id\":\"https:\/\/abaa.mx\/tienda\/tp-vap-3-10d-voltamperometria-panel-100vcde-10amp-voltaje-de-trabajo-4-5-30vcd-47-x-28-x-16mm-oferta\/\",\"url\":\"https:\/\/abaa.mx\/tienda\/tp-vap-3-10d-voltamperometria-panel-100vcde-10amp-voltaje-de-trabajo-4-5-30vcd-47-x-28-x-16mm-oferta\/\",\"name\":\"Tp-vap-3-10d - voltamperometr\u00eda panel 100vcde 10amp, voltaje de trabajo 4.5-30vcd. 47 x 28 x 16mm oferta - Abaa tienda online\",\"isPartOf\":{\"@id\":\"https:\/\/abaa.mx\/tienda\/#website\"},\"primaryImageOfPage\":{\"@id\":\"https:\/\/abaa.mx\/tienda\/tp-vap-3-10d-voltamperometria-panel-100vcde-10amp-voltaje-de-trabajo-4-5-30vcd-47-x-28-x-16mm-oferta\/#primaryimage\"},\"image\":{\"@id\":\"https:\/\/abaa.mx\/tienda\/tp-vap-3-10d-voltamperometria-panel-100vcde-10amp-voltaje-de-trabajo-4-5-30vcd-47-x-28-x-16mm-oferta\/#primaryimage\"},\"thumbnailUrl\":\"https:\/\/abaa.mx\/tienda\/wp-content\/uploads\/2024\/01\/TP-VAP-3-10D.jpg\",\"datePublished\":\"2024-01-03T16:46:05+00:00\",\"dateModified\":\"2024-01-10T17:44:38+00:00\",\"breadcrumb\":{\"@id\":\"https:\/\/abaa.mx\/tienda\/tp-vap-3-10d-voltamperometria-panel-100vcde-10amp-voltaje-de-trabajo-4-5-30vcd-47-x-28-x-16mm-oferta\/#breadcrumb\"},\"inLanguage\":\"es\",\"potentialAction\":[{\"@type\":\"ReadAction\",\"target\":[\"https:\/\/abaa.mx\/tienda\/tp-vap-3-10d-voltamperometria-panel-100vcde-10amp-voltaje-de-trabajo-4-5-30vcd-47-x-28-x-16mm-oferta\/\"]}]},{\"@type\":\"ImageObject\",\"inLanguage\":\"es\",\"@id\":\"https:\/\/abaa.mx\/tienda\/tp-vap-3-10d-voltamperometria-panel-100vcde-10amp-voltaje-de-trabajo-4-5-30vcd-47-x-28-x-16mm-oferta\/#primaryimage\",\"url\":\"https:\/\/abaa.mx\/tienda\/wp-content\/uploads\/2024\/01\/TP-VAP-3-10D.jpg\",\"contentUrl\":\"https:\/\/abaa.mx\/tienda\/wp-content\/uploads\/2024\/01\/TP-VAP-3-10D.jpg\",\"width\":800,\"height\":800,\"caption\":\"TP-VAP-3-10D\"},{\"@type\":\"BreadcrumbList\",\"@id\":\"https:\/\/abaa.mx\/tienda\/tp-vap-3-10d-voltamperometria-panel-100vcde-10amp-voltaje-de-trabajo-4-5-30vcd-47-x-28-x-16mm-oferta\/#breadcrumb\",\"itemListElement\":[{\"@type\":\"ListItem\",\"position\":1,\"name\":\"Inicio\",\"item\":\"https:\/\/abaa.mx\/tienda\/\"},{\"@type\":\"ListItem\",\"position\":2,\"name\":\"Tienda\",\"item\":\"https:\/\/abaa.mx\/tienda\/\"},{\"@type\":\"ListItem\",\"position\":3,\"name\":\"Tp-vap-3-10d &#8211; voltamperometr\u00eda panel 100vcde 10amp, voltaje de trabajo 4.5-30vcd. 47 x 28 x 16mm oferta\"}]},{\"@type\":\"WebSite\",\"@id\":\"https:\/\/abaa.mx\/tienda\/#website\",\"url\":\"https:\/\/abaa.mx\/tienda\/\",\"name\":\"Abaa tienda online\",\"description\":\"Instrumentos de medici\u00f3n\",\"publisher\":{\"@id\":\"https:\/\/abaa.mx\/tienda\/#organization\"},\"potentialAction\":[{\"@type\":\"SearchAction\",\"target\":{\"@type\":\"EntryPoint\",\"urlTemplate\":\"https:\/\/abaa.mx\/tienda\/?s={search_term_string}\"},\"query-input\":{\"@type\":\"PropertyValueSpecification\",\"valueRequired\":true,\"valueName\":\"search_term_string\"}}],\"inLanguage\":\"es\"},{\"@type\":\"Organization\",\"@id\":\"https:\/\/abaa.mx\/tienda\/#organization\",\"name\":\"Abaa tienda online\",\"url\":\"https:\/\/abaa.mx\/tienda\/\",\"logo\":{\"@type\":\"ImageObject\",\"inLanguage\":\"es\",\"@id\":\"https:\/\/abaa.mx\/tienda\/#\/schema\/logo\/image\/\",\"url\":\"https:\/\/abaa.mx\/tienda\/wp-content\/uploads\/2024\/01\/abaa-metrologia-tienda.png\",\"contentUrl\":\"https:\/\/abaa.mx\/tienda\/wp-content\/uploads\/2024\/01\/abaa-metrologia-tienda.png\",\"width\":300,\"height\":141,\"caption\":\"Abaa tienda online\"},\"image\":{\"@id\":\"https:\/\/abaa.mx\/tienda\/#\/schema\/logo\/image\/\"}}]}<\/script>\n<!-- \/ Yoast SEO plugin. -->","yoast_head_json":{"title":"Tp-vap-3-10d - voltamperometr\u00eda panel 100vcde 10amp, voltaje de trabajo 4.5-30vcd. 47 x 28 x 16mm oferta - Abaa tienda online","robots":{"index":"index","follow":"follow","max-snippet":"max-snippet:-1","max-image-preview":"max-image-preview:large","max-video-preview":"max-video-preview:-1"},"canonical":"https:\/\/abaa.mx\/tienda\/tp-vap-3-10d-voltamperometria-panel-100vcde-10amp-voltaje-de-trabajo-4-5-30vcd-47-x-28-x-16mm-oferta\/","og_locale":"es_MX","og_type":"article","og_title":"Tp-vap-3-10d - voltamperometr\u00eda panel 100vcde 10amp, voltaje de trabajo 4.5-30vcd. 47 x 28 x 16mm oferta - Abaa tienda online","og_description":"Cuenta con una pantalla display digital de dos niveles, a trav\u00e9s de los cuales se mostrar\u00e1 el valor medido tanto de voltaje (parte superior en color rojo) en volts, como la corriente (parte inferior en color azul) en Amperios; consta de 5 pines, dos de alimentaci\u00f3n del dispositivo, uno m\u00e1s que es la tierra del circuito a medir, y los sobrentes representan la corriente a medir y el voltaje a medir.","og_url":"https:\/\/abaa.mx\/tienda\/tp-vap-3-10d-voltamperometria-panel-100vcde-10amp-voltaje-de-trabajo-4-5-30vcd-47-x-28-x-16mm-oferta\/","og_site_name":"Abaa tienda online","article_modified_time":"2024-01-10T17:44:38+00:00","og_image":[{"width":800,"height":800,"url":"https:\/\/abaa.mx\/tienda\/wp-content\/uploads\/2024\/01\/TP-VAP-3-10D.jpg","type":"image\/jpeg"}],"twitter_card":"summary_large_image","twitter_misc":{"Tiempo de lectura":"1 minuto"},"schema":{"@context":"https:\/\/schema.org","@graph":[{"@type":"WebPage","@id":"https:\/\/abaa.mx\/tienda\/tp-vap-3-10d-voltamperometria-panel-100vcde-10amp-voltaje-de-trabajo-4-5-30vcd-47-x-28-x-16mm-oferta\/","url":"https:\/\/abaa.mx\/tienda\/tp-vap-3-10d-voltamperometria-panel-100vcde-10amp-voltaje-de-trabajo-4-5-30vcd-47-x-28-x-16mm-oferta\/","name":"Tp-vap-3-10d - voltamperometr\u00eda panel 100vcde 10amp, voltaje de trabajo 4.5-30vcd. 47 x 28 x 16mm oferta - Abaa tienda online","isPartOf":{"@id":"https:\/\/abaa.mx\/tienda\/#website"},"primaryImageOfPage":{"@id":"https:\/\/abaa.mx\/tienda\/tp-vap-3-10d-voltamperometria-panel-100vcde-10amp-voltaje-de-trabajo-4-5-30vcd-47-x-28-x-16mm-oferta\/#primaryimage"},"image":{"@id":"https:\/\/abaa.mx\/tienda\/tp-vap-3-10d-voltamperometria-panel-100vcde-10amp-voltaje-de-trabajo-4-5-30vcd-47-x-28-x-16mm-oferta\/#primaryimage"},"thumbnailUrl":"https:\/\/abaa.mx\/tienda\/wp-content\/uploads\/2024\/01\/TP-VAP-3-10D.jpg","datePublished":"2024-01-03T16:46:05+00:00","dateModified":"2024-01-10T17:44:38+00:00","breadcrumb":{"@id":"https:\/\/abaa.mx\/tienda\/tp-vap-3-10d-voltamperometria-panel-100vcde-10amp-voltaje-de-trabajo-4-5-30vcd-47-x-28-x-16mm-oferta\/#breadcrumb"},"inLanguage":"es","potentialAction":[{"@type":"ReadAction","target":["https:\/\/abaa.mx\/tienda\/tp-vap-3-10d-voltamperometria-panel-100vcde-10amp-voltaje-de-trabajo-4-5-30vcd-47-x-28-x-16mm-oferta\/"]}]},{"@type":"ImageObject","inLanguage":"es","@id":"https:\/\/abaa.mx\/tienda\/tp-vap-3-10d-voltamperometria-panel-100vcde-10amp-voltaje-de-trabajo-4-5-30vcd-47-x-28-x-16mm-oferta\/#primaryimage","url":"https:\/\/abaa.mx\/tienda\/wp-content\/uploads\/2024\/01\/TP-VAP-3-10D.jpg","contentUrl":"https:\/\/abaa.mx\/tienda\/wp-content\/uploads\/2024\/01\/TP-VAP-3-10D.jpg","width":800,"height":800,"caption":"TP-VAP-3-10D"},{"@type":"BreadcrumbList","@id":"https:\/\/abaa.mx\/tienda\/tp-vap-3-10d-voltamperometria-panel-100vcde-10amp-voltaje-de-trabajo-4-5-30vcd-47-x-28-x-16mm-oferta\/#breadcrumb","itemListElement":[{"@type":"ListItem","position":1,"name":"Inicio","item":"https:\/\/abaa.mx\/tienda\/"},{"@type":"ListItem","position":2,"name":"Tienda","item":"https:\/\/abaa.mx\/tienda\/"},{"@type":"ListItem","position":3,"name":"Tp-vap-3-10d &#8211; voltamperometr\u00eda panel 100vcde 10amp, voltaje de trabajo 4.5-30vcd. 47 x 28 x 16mm oferta"}]},{"@type":"WebSite","@id":"https:\/\/abaa.mx\/tienda\/#website","url":"https:\/\/abaa.mx\/tienda\/","name":"Abaa tienda online","description":"Instrumentos de medici\u00f3n","publisher":{"@id":"https:\/\/abaa.mx\/tienda\/#organization"},"potentialAction":[{"@type":"SearchAction","target":{"@type":"EntryPoint","urlTemplate":"https:\/\/abaa.mx\/tienda\/?s={search_term_string}"},"query-input":{"@type":"PropertyValueSpecification","valueRequired":true,"valueName":"search_term_string"}}],"inLanguage":"es"},{"@type":"Organization","@id":"https:\/\/abaa.mx\/tienda\/#organization","name":"Abaa tienda online","url":"https:\/\/abaa.mx\/tienda\/","logo":{"@type":"ImageObject","inLanguage":"es","@id":"https:\/\/abaa.mx\/tienda\/#\/schema\/logo\/image\/","url":"https:\/\/abaa.mx\/tienda\/wp-content\/uploads\/2024\/01\/abaa-metrologia-tienda.png","contentUrl":"https:\/\/abaa.mx\/tienda\/wp-content\/uploads\/2024\/01\/abaa-metrologia-tienda.png","width":300,"height":141,"caption":"Abaa tienda online"},"image":{"@id":"https:\/\/abaa.mx\/tienda\/#\/schema\/logo\/image\/"}}]}},"_links":{"self":[{"href":"https:\/\/abaa.mx\/tienda\/wp-json\/wp\/v2\/product\/10001","targetHints":{"allow":["GET"]}}],"collection":[{"href":"https:\/\/abaa.mx\/tienda\/wp-json\/wp\/v2\/product"}],"about":[{"href":"https:\/\/abaa.mx\/tienda\/wp-json\/wp\/v2\/types\/product"}],"replies":[{"embeddable":true,"href":"https:\/\/abaa.mx\/tienda\/wp-json\/wp\/v2\/comments?post=10001"}],"wp:featuredmedia":[{"embeddable":true,"href":"https:\/\/abaa.mx\/tienda\/wp-json\/wp\/v2\/media\/10222"}],"wp:attachment":[{"href":"https:\/\/abaa.mx\/tienda\/wp-json\/wp\/v2\/media?parent=10001"}],"wp:term":[{"taxonomy":"product_brand","embeddable":true,"href":"https:\/\/abaa.mx\/tienda\/wp-json\/wp\/v2\/product_brand?post=10001"},{"taxonomy":"product_cat","embeddable":true,"href":"https:\/\/abaa.mx\/tienda\/wp-json\/wp\/v2\/product_cat?post=10001"},{"taxonomy":"product_tag","embeddable":true,"href":"https:\/\/abaa.mx\/tienda\/wp-json\/wp\/v2\/product_tag?post=10001"}],"curies":[{"name":"wp","href":"https:\/\/api.w.org\/{rel}","templated":true}]}}